{"id":6574,"date":"2022-01-06T15:30:00","date_gmt":"2022-01-06T14:30:00","guid":{"rendered":"https:\/\/fengchashop.com\/hu\/product\/matcha-bio-125-g\/"},"modified":"2026-04-29T12:26:08","modified_gmt":"2026-04-29T10:26:08","slug":"matcha-bio","status":"publish","type":"product","link":"https:\/\/fengchashop.com\/hu\/product\/matcha-bio\/","title":{"rendered":"Matcha BIO 250 g"},"content":{"rendered":"<h2 style=\"text-align: justify;\"><span style=\"color: #000000;\">Matcha bio<\/span><\/h2>\n<p style=\"text-align: justify;\"><span style=\"color: #000000;\">A n\u00e9pszer\u0171 matcha val\u00f3j\u00e1ban egy<strong> por\u00edtott z\u00f6ld tea<\/strong>. A mi matcha v\u00e1ltozatunkat els\u0151sorban f\u0151z\u00e9sre sz\u00e1njuk, \u00e9s mint ilyen, kiv\u00e1l\u00f3 min\u0151s\u00e9g\u0171.<\/span><\/p>\n<p style=\"text-align: justify;\"><span style=\"color: #000000;\">A matcha a <strong>legjobb min\u0151s\u00e9g\u0171, er\u0151s karakter\u0171 tea<\/strong>. A matcha tean\u00f6v\u00e9nyt a betakar\u00edt\u00e1s el\u0151tt legal\u00e1bb egy h\u00f3napig \u00e1rny\u00e9kban termesztik, \u00e9s a tealeveleket a feldolgoz\u00e1s el\u0151tt megfosztj\u00e1k a lev\u00e9lerek \u00e9s a sz\u00e1rak elt\u00e1vol\u00edt\u00e1s\u00e1t\u00f3l. Az \u00edgy el\u0151\u00e1ll\u00edtott tealevelek rendk\u00edv\u00fcl <strong>gazdagok koffeinben \u00e9s teinben<\/strong>. A matcha hossz\u00fa \u00e9vek \u00f3ta a buddhista szerzetesek te\u00e1jak\u00e9nt ismert, akik a koncentr\u00e1ci\u00f3, az \u00f6sszpontos\u00edt\u00e1s \u00e9s az elm\u00e9j\u00fck kitiszt\u00edt\u00e1sa \u00e9rdek\u00e9ben issz\u00e1k.<\/span><\/p>\n<p style=\"text-align: justify;\"><span style=\"color: #000000;\">Sz\u00e1mos olyan \u00f6sszetev\u0151t tartalmaz, amelyek <strong>antioxid\u00e1ns<\/strong> hat\u00e1ssal vannak a szervezetre. A z\u00f6ld te\u00e1ra jellemz\u0151 m\u00f3don <strong>polifenolokat<\/strong> \u00e9s <strong>flavonoidokat<\/strong> tartalmaz. Gazdag A-, B-, C- \u00e9s E-vitaminokban is. Mindezek hozz\u00e1j\u00e1rulnak a matcha z\u00f6ld tea gyullad\u00e1scs\u00f6kkent\u0151 \u00e9s immuner\u0151s\u00edt\u0151 tulajdons\u00e1gaihoz. Emellett nem olyan keser\u0171, mint egyes z\u00f6ld te\u00e1k, k\u00f6sz\u00f6nhet\u0151en az \u00fagynevezett katechineknek, amelyek a matcha te\u00e1ban a k\u00fcl\u00f6nleges, \u00e1rny\u00e9kban termesztett termeszt\u00e9s miatt nem fordulnak el\u0151 b\u0151s\u00e9gesen. Emellett a matcha magas tein- \u00e9s koffeintartalm\u00e1nak k\u00f6sz\u00f6nhet\u0151en egyenesen tart minket, m\u00e9gsem okoz olyan jellegzetes nyugtalans\u00e1got, mint amit gyakran \u00e9reznek azok, akik t\u00fal sok k\u00e1v\u00e9t isznak.<\/span><\/p>\n<h2 style=\"text-align: justify;\"><span style=\"color: #000000;\">T\u00e1rol\u00e1s \u00e9s figyelmeztet\u00e9sek<\/span><\/h2>\n<p style=\"text-align: justify;\"><span style=\"color: #000000;\">Sz\u00e1raz, s\u00f6t\u00e9t \u00e9s h\u0171v\u00f6s helyen t\u00e1roland\u00f3. \u00dcgyeljen arra, hogy a zacsk\u00f3 vagy doboz szorosan z\u00e1rva legyen. A term\u00e9k h\u0171t\u0151szekr\u00e9nyben is t\u00e1rolhat\u00f3.<\/span><\/p>\n<h2 style=\"text-align: justify;\"><span style=\"color: #000000;\">Csomagol\u00e1s<\/span><\/h2>\n<p style=\"text-align: justify;\"><span style=\"color: #000000;\">Nem l\u00e9g\u00e1tereszt\u0151 cipz\u00e1ras zacsk\u00f3, amelyben a term\u00e9k meg\u0151rzi teljes frissess\u00e9g\u00e9t \u00e9s arom\u00e1j\u00e1t. A csomagol\u00e1s v\u00e9di a term\u00e9ket a f\u00e9nyt\u0151l \u00e9s a leveg\u0151t\u0151l, mivel t\u00f6bb r\u00e9tegb\u0151l \u00e1ll, hogy meg\u0151rizze a tartalom tulajdons\u00e1gait.<\/span><\/p>\n<p style=\"text-align: justify;\"><span style=\"color: #000000;\">A csomagol\u00e1s nagyon praktikus \u00e9s \u00fajrahasznos\u00edthat\u00f3.<\/span><\/p>\n<h2 style=\"text-align: justify;\"><span style=\"color: #000000;\">Sz\u00e1rmaz\u00e1si hely<\/span><\/h2>\n<p style=\"text-align: justify;\"><span style=\"color: #000000;\">K\u00edna. <span class=\"jCAhz ChMk0b\"><span class=\"ryNqvb\">Nagyon megb\u00edzhat\u00f3 besz\u00e1ll\u00edt\u00f3ink vannak, akik minden t\u00e9telhez r\u00e9szletes k\u00e9miai elemz\u00e9st k\u00fcldenek az \u00e9lelmiszerekr\u0151l.<\/span><\/span> <span class=\"jCAhz ChMk0b\"><span class=\"ryNqvb\">T\u00f6bb mint t\u00edz \u00e9v alatt nem volt visszah\u00edv\u00e1sunk vagy egy\u00e9b probl\u00e9ma sem ezzel a cikkel, sem az ugyanazon sz\u00e1ll\u00edt\u00f3t\u00f3l sz\u00e1rmaz\u00f3 m\u00e1s cikkekkel.<\/span><\/span><\/span><\/p>\n","protected":false},"excerpt":{"rendered":"<p>A matcha a legjobb min\u0151s\u00e9g\u0171 z\u00f6ld tea. A matcha tea a buddhista szerzetesek itala, akik az\u00e9rt issz\u00e1k, hogy koncentr\u00e1ljanak, \u00f6sszpontos\u00edtsanak \u00e9s kitiszt\u00edts\u00e1k elm\u00e9j\u00fcket. Sz\u00e1mos olyan \u00f6sszetev\u0151t tartalmaz, amelyek antioxid\u00e1ns hat\u00e1ssal vannak a szervezet\u00fcnkre. A z\u00f6ld te\u00e1ra jellemz\u0151 m\u00f3don polifenolokat \u00e9s flavonoidokat tartalmaz. Gazdag A-, B-, C- \u00e9s E-vitaminokban is. Mindezek hozz\u00e1j\u00e1rulnak a matcha z\u00f6ld tea gyullad\u00e1scs\u00f6kkent\u0151 \u00e9s immuner\u0151s\u00edt\u0151 tulajdons\u00e1gaihoz. Emellett nem olyan keser\u0171, mint egyes z\u00f6ld te\u00e1k, k\u00f6sz\u00f6nhet\u0151en az \u00fagynevezett katechineknek, amelyek a matcha te\u00e1ban a k\u00fcl\u00f6nleges, \u00e1rny\u00e9kban termesztett termeszt\u00e9s miatt nem fordulnak el\u0151 b\u0151s\u00e9gesen.<\/p>\n<p>\ud83d\udc9a Tele van antioxid\u00e1nsokkal, aminosavakkal \u00e9s egy\u00e9b j\u00f3t\u00e9kony hat\u00e1sokkal.<br \/>\n\ud83d\udc9a Organikus termeszt\u00e9s.<br \/>\n\ud83d\udc9a Pr\u00e9mium min\u0151s\u00e9g.<\/p>\n","protected":false},"featured_media":8734,"comment_status":"open","ping_status":"closed","template":"","meta":{"_acf_changed":false},"product_brand":[],"product_cat":[224,225,239,205],"product_tag":[],"class_list":{"0":"post-6574","1":"product","2":"type-product","3":"status-publish","4":"has-post-thumbnail","6":"product_cat-ajanlat","7":"product_cat-minden-termek","8":"product_cat-tea","9":"product_cat-tea-es-etelek-es-fuszerek","11":"first","12":"instock","13":"sale","14":"taxable","15":"shipping-taxable","16":"purchasable","17":"product-type-simple"},"acf":[],"_links":{"self":[{"href":"https:\/\/fengchashop.com\/hu\/wp-json\/wp\/v2\/product\/6574","targetHints":{"allow":["GET"]}}],"collection":[{"href":"https:\/\/fengchashop.com\/hu\/wp-json\/wp\/v2\/product"}],"about":[{"href":"https:\/\/fengchashop.com\/hu\/wp-json\/wp\/v2\/types\/product"}],"replies":[{"embeddable":true,"href":"https:\/\/fengchashop.com\/hu\/wp-json\/wp\/v2\/comments?post=6574"}],"wp:featuredmedia":[{"embeddable":true,"href":"https:\/\/fengchashop.com\/hu\/wp-json\/wp\/v2\/media\/8734"}],"wp:attachment":[{"href":"https:\/\/fengchashop.com\/hu\/wp-json\/wp\/v2\/media?parent=6574"}],"wp:term":[{"taxonomy":"product_brand","embeddable":true,"href":"https:\/\/fengchashop.com\/hu\/wp-json\/wp\/v2\/product_brand?post=6574"},{"taxonomy":"product_cat","embeddable":true,"href":"https:\/\/fengchashop.com\/hu\/wp-json\/wp\/v2\/product_cat?post=6574"},{"taxonomy":"product_tag","embeddable":true,"href":"https:\/\/fengchashop.com\/hu\/wp-json\/wp\/v2\/product_tag?post=6574"}],"curies":[{"name":"wp","href":"https:\/\/api.w.org\/{rel}","templated":true}]}}