{"id":6475,"date":"2022-05-28T20:36:49","date_gmt":"2022-05-28T18:36:49","guid":{"rendered":"https:\/\/fengchashop.com\/hu\/product\/citromfu-bio-250-g\/"},"modified":"2026-04-25T09:53:54","modified_gmt":"2026-04-25T07:53:54","slug":"citromfu-bio","status":"publish","type":"product","link":"https:\/\/fengchashop.com\/hu\/product\/citromfu-bio\/","title":{"rendered":"Citromf\u0171 BIO 250 g"},"content":{"rendered":"<h2 style=\"text-align: justify\"><span style=\"color: #000000\">Citromf\u0171 (gy\u00f3gytea)<\/span><\/h2>\n<p style=\"text-align: justify\"><span style=\"color: #000000\">A citromf\u0171 egy tr\u00f3pusi f\u0171, amelynek jellegzetes, nyelv alak\u00fa s\u00f6t\u00e9tz\u00f6ld levelei ak\u00e1r 180 cm magasra is megn\u0151hetnek. Er\u0151sen arom\u00e1s, f\u0151k\u00e9nt <strong>citr\u00e1l-<\/strong> \u00e9s <strong>geraniol-tartalm\u00e1nak<\/strong> k\u00f6sz\u00f6nhet\u0151en, amelyek a n\u00f6v\u00e9ny jellegzetes <strong>citrusillat\u00e1t \u00e9s \u00edz\u00e9t<\/strong> adj\u00e1k. Ill\u00f3olajk\u00e9nt az aromater\u00e1pi\u00e1ban \u00e9s a kozmetikai k\u00e9sz\u00edtm\u00e9nyekben is rendk\u00edv\u00fcl n\u00e9pszer\u0171.<\/span><\/p>\n<p style=\"text-align: justify\"><span style=\"color: #000000\">A citromf\u0171 er\u0151s <strong>antioxid\u00e1ns<\/strong> \u00e9s kiv\u00e1l\u00f3 <strong>C-vitamin-forr\u00e1s<\/strong>, \u00edgy seg\u00edthet nek\u00fcnk megf\u00e1z\u00e1s, k\u00f6h\u00f6g\u00e9s, asztma \u00e9s egy\u00e9b l\u00e9g\u00fati probl\u00e9m\u00e1k eset\u00e9n. Gyullad\u00e1scs\u00f6kkent\u0151, antibakteri\u00e1lis \u00e9s gombaellenes tulajdons\u00e1gokkal is rendelkezik.<\/span><\/p>\n<p style=\"text-align: justify\"><span style=\"color: #000000\">Haszn\u00e1lhat\u00f3 sz\u00e1r\u00edtva vagy frissen, \u00e9s n\u00e9lk\u00fcl\u00f6zhetetlen a halat, csirk\u00e9t \u00e9s sert\u00e9sh\u00fast tartalmaz\u00f3 <strong>\u00e1zsiai receptekben<\/strong>.<\/span><\/p>\n<p style=\"text-align: justify\"><span style=\"color: #000000\">Citrusos \u00edze miatt a sz\u00e1r\u00edtott leveleket f\u0151leg <strong>gy\u00f3gyte\u00e1khoz vagy te\u00e1khoz<\/strong> haszn\u00e1lj\u00e1k, de k\u00fcl\u00f6nf\u00e9le <strong>friss\u00edt\u0151 hideg italokban \u00e9s jeges te\u00e1kban<\/strong> is felhaszn\u00e1lhat\u00f3, amelyek friss\u00edt\u0151 hat\u00e1s\u00faak, \u00e9s j\u00f3t\u00e9konyan hatnak a k\u00f6z\u00e9rzetre, valamint cs\u00f6kkentik a fesz\u00fclts\u00e9get. J\u00f3l illik a gy\u00f6mb\u00e9rhez, a szegf\u0171szeghez, a citromhoz \u00e9s a lime-hoz, a ment\u00e1hoz \u00e9s a citromf\u0171h\u00f6z. A tea szab\u00e1lyozza az em\u00e9szt\u00e9st \u00e9s enyh\u00edti a kisebb em\u00e9szt\u00e9si probl\u00e9m\u00e1kat.<\/span><\/p>\n<h2 style=\"text-align: justify\"><span style=\"color: #000000\">Megjelen\u00e9s<\/span><\/h2>\n<p style=\"text-align: justify\"><span style=\"color: #000000\">Szeletelt \u00e9s sz\u00e1r\u00edtott z\u00f6ld levelek.<\/span><\/p>\n<h2 style=\"text-align: justify\"><span style=\"color: #000000\">T\u00e1rol\u00e1s:<\/span><\/h2>\n<p style=\"text-align: justify\"><span style=\"color: #000000\">Sz\u00e1raz, s\u00f6t\u00e9t \u00e9s h\u0171v\u00f6s helyen t\u00e1rolja.<\/span><\/p>\n<h2 style=\"text-align: justify\"><span style=\"color: #000000\">Csomagol\u00e1s<\/span><\/h2>\n<p><span style=\"color: #000000\">Nem \u00e1tereszt\u0151 cipz\u00e1ras zacsk\u00f3, amelyben a term\u00e9k meg\u0151rzi minden frissess\u00e9g\u00e9t \u00e9s arom\u00e1j\u00e1t. A csomagol\u00e1s v\u00e9d a f\u00e9nyt\u0151l \u00e9s a leveg\u0151t\u0151l, mivel t\u00f6bb v\u00e9d\u0151r\u00e9tegb\u0151l \u00e1ll, amelyek meg\u0151rzik a tartalom tulajdons\u00e1gait.<\/span><\/p>\n<p><span style=\"color: #000000\">A csomagol\u00e1s nagyon praktikus \u00e9s \u00fajrahasznos\u00edthat\u00f3.<\/span><\/p>\n<h2><span style=\"color: #000000\">Sz\u00e1rmaz\u00e1si hely<\/span><\/h2>\n<p><span style=\"color: #000000\">Thaif\u00f6ld vagy India<\/span><\/p>\n","protected":false},"excerpt":{"rendered":"<p>A citromf\u0171 er\u0151s antioxid\u00e1ns \u00e9s kiv\u00e1l\u00f3 C-vitamin-forr\u00e1s, \u00edgy seg\u00edthet a megf\u00e1z\u00e1s, k\u00f6h\u00f6g\u00e9s, asztma \u00e9s m\u00e1s l\u00e9g\u00fati probl\u00e9m\u00e1k eset\u00e9n. Gyullad\u00e1scs\u00f6kkent\u0151, antibakteri\u00e1lis \u00e9s gombaellenes tulajdons\u00e1gokkal is rendelkezik. Haszn\u00e1lhat\u00f3 sz\u00e1r\u00edtva vagy frissen, \u00e9s n\u00e9lk\u00fcl\u00f6zhetetlen a halat, csirk\u00e9t \u00e9s sert\u00e9sh\u00fast tartalmaz\u00f3 \u00e1zsiai receptekben. Gy\u00f6mb\u00e9rrel, szegf\u0171szeggel, citrommal \u00e9s lime-mal, ment\u00e1val \u00e9s citromf\u0171vel egy\u00fctt is haszn\u00e1lj\u00e1k. A sz\u00e1r\u00edtott leveleket els\u0151sorban a k\u00f6vetkez\u0151kre haszn\u00e1lj\u00e1k:<\/p>\n<p>\ud83d\udc9a gy\u00f3gyte\u00e1kban vagy te\u00e1ban az em\u00e9szt\u00e9s szab\u00e1lyoz\u00e1s\u00e1ra \u00e9s az em\u00e9szt\u00e9si zavarok enyh\u00edt\u00e9s\u00e9re,<br \/>\n\ud83d\udc9a friss\u00edt\u0151 hideg italok \u00e9s jeges te\u00e1k k\u00e9sz\u00edt\u00e9s\u00e9re.<\/p>\n","protected":false},"featured_media":6476,"comment_status":"open","ping_status":"closed","template":"","meta":{"_acf_changed":false},"product_brand":[],"product_cat":[224,225,205],"product_tag":[],"class_list":{"0":"post-6475","1":"product","2":"type-product","3":"status-publish","4":"has-post-thumbnail","6":"product_cat-ajanlat","7":"product_cat-minden-termek","8":"product_cat-tea-es-etelek-es-fuszerek","10":"first","11":"instock","12":"taxable","13":"shipping-taxable","14":"purchasable","15":"product-type-simple"},"acf":[],"_links":{"self":[{"href":"https:\/\/fengchashop.com\/hu\/wp-json\/wp\/v2\/product\/6475","targetHints":{"allow":["GET"]}}],"collection":[{"href":"https:\/\/fengchashop.com\/hu\/wp-json\/wp\/v2\/product"}],"about":[{"href":"https:\/\/fengchashop.com\/hu\/wp-json\/wp\/v2\/types\/product"}],"replies":[{"embeddable":true,"href":"https:\/\/fengchashop.com\/hu\/wp-json\/wp\/v2\/comments?post=6475"}],"wp:featuredmedia":[{"embeddable":true,"href":"https:\/\/fengchashop.com\/hu\/wp-json\/wp\/v2\/media\/6476"}],"wp:attachment":[{"href":"https:\/\/fengchashop.com\/hu\/wp-json\/wp\/v2\/media?parent=6475"}],"wp:term":[{"taxonomy":"product_brand","embeddable":true,"href":"https:\/\/fengchashop.com\/hu\/wp-json\/wp\/v2\/product_brand?post=6475"},{"taxonomy":"product_cat","embeddable":true,"href":"https:\/\/fengchashop.com\/hu\/wp-json\/wp\/v2\/product_cat?post=6475"},{"taxonomy":"product_tag","embeddable":true,"href":"https:\/\/fengchashop.com\/hu\/wp-json\/wp\/v2\/product_tag?post=6475"}],"curies":[{"name":"wp","href":"https:\/\/api.w.org\/{rel}","templated":true}]}}