{"id":6464,"date":"2025-06-09T10:06:38","date_gmt":"2025-06-09T08:06:38","guid":{"rendered":"https:\/\/fengchashop.com\/hu\/product\/sladki-koren-125-g\/"},"modified":"2026-05-10T23:13:16","modified_gmt":"2026-05-10T21:13:16","slug":"edesgyoker-liquorice-porban-bio","status":"publish","type":"product","link":"https:\/\/fengchashop.com\/hu\/product\/edesgyoker-liquorice-porban-bio\/","title":{"rendered":"\u00c9desgy\u00f6k\u00e9r (Liquorice) porban BIO 250 g"},"content":{"rendered":"<h2><strong>Mi az \u00e9desgy\u00f6k\u00e9r?<\/strong><\/h2>\n<p><strong>Az \u00e9desgy\u00f6k\u00e9r (Glycyrrhiza glabra)<\/strong> egy \u00e9vel\u0151 n\u00f6v\u00e9ny a h\u00fcvelyesek csal\u00e1dj\u00e1b\u00f3l, amely jellegzetesen \u00e9des \u00edz\u00e9r\u0151l ismert. A n\u00f6v\u00e9ny minden \u00e9vben f\u00e1s sz\u00e1rakat hoz, amelyek egy-k\u00e9t m\u00e9ter magasra n\u0151nek. A gy\u00f6ker\u00e9t haszn\u00e1lj\u00e1k leggyakrabban, sz\u00e1mos hat\u00f3anyagot tartalmaz, amelyek k\u00f6z\u00fcl a legh\u00edresebb a glicirrizin, amely 50-szer \u00e9desebb, mint a szachar\u00f3z (asztali cukor). A sz\u00e1r\u00edtott \u00e9s \u0151r\u00f6lt gy\u00f6keret \u00e9desgy\u00f6k\u00e9rpork\u00e9nt haszn\u00e1lj\u00e1k, amely n\u00e9pszer\u0171 a t\u00e1pl\u00e1lkoz\u00e1sban, a term\u00e9szetgy\u00f3gy\u00e1szatban \u00e9s a kozmetikumokban.<\/p>\n<p>Az \u00e9desgy\u00f6k\u00e9r felhaszn\u00e1l\u00e1s\u00e1nak hossz\u00fa t\u00f6rt\u00e9nete van, m\u00e1r az \u00f3kori egyiptomiak idej\u00e9b\u0151l ismert. Gyullad\u00e1scs\u00f6kkent\u0151, g\u00f6rcsold\u00f3 hat\u00e1s\u00fa, enyh\u00edti a gyomorprobl\u00e9m\u00e1kat (savass\u00e1g, puffad\u00e1s, em\u00e9szt\u00e9si zavarok), \u00e9s g\u00e1tolhatja a Helicobacter pylori bakt\u00e9rium n\u00f6veked\u00e9s\u00e9t, amely gyomorfek\u00e9lyt okoz. Em\u00e9szt\u00e9si el\u0151nyei mellett l\u00e9gz\u0151szervi probl\u00e9m\u00e1k (megf\u00e1z\u00e1s, torokf\u00e1j\u00e1s \u00e9s h\u00f6rghurut) eset\u00e9n is haszn\u00e1lj\u00e1k, mivel el\u0151seg\u00edti a k\u00f6ptet\u00e9st \u00e9s tiszt\u00edtja a l\u00e9gutakat. \u00c1ll\u00edt\u00f3lag pozit\u00edv hat\u00e1ssal van a m\u00e1jm\u0171k\u00f6d\u00e9sre, az immunrendszerre \u00e9s a menopauza alatti n\u0151i probl\u00e9m\u00e1kra. V\u00edzhajt\u00f3 \u00e9s hashajt\u00f3 hat\u00e1sa is lehet.<\/p>\n<p>A hagyom\u00e1nyos k\u00ednai orvosl\u00e1sban \u00e9s az \u00e1jurv\u00e9d\u00e1ban tonikk\u00e9nt haszn\u00e1lj\u00e1k a sz\u00edv \u00e9s a l\u00e9p megfiatal\u00edt\u00e1s\u00e1ra, valamint fek\u00e9lyek \u00e9s b\u0151rprobl\u00e9m\u00e1k ellen. Mivel hidrat\u00e1lja a sz\u00e1raz torkot, gyakran haszn\u00e1lj\u00e1k doh\u00e1nyosok, \u00e9nekesek \u00e9s el\u0151ad\u00f3k.<\/p>\n<p>Gyakori \u00f6sszetev\u0151je az \u00e9trend-kieg\u00e9sz\u00edt\u0151knek \u00e9s a gy\u00f3gyn\u00f6v\u00e9nyk\u00e9sz\u00edtm\u00e9nyeknek is, ahol \u00f6sszek\u00f6t\u0151 kapocsk\u00e9nt m\u0171k\u00f6dik a gy\u00f3gyn\u00f6v\u00e9nyek k\u00f6z\u00f6tt, \u00e9s fokozza azok hat\u00e1s\u00e1t.<\/p>\n<h2><strong>Gy\u00f3gyhat\u00e1sok<\/strong><\/h2>\n<p>Az \u00e9desgy\u00f6k\u00e9rpor sz\u00e1mos j\u00f3t\u00e9kony hat\u00e1ssal van a szervezetre, ez\u00e9rt gyakran haszn\u00e1lj\u00e1k az \u00e1jurv\u00e9d\u00e1ban \u00e9s a hagyom\u00e1nyos k\u00ednai orvosl\u00e1sban:<\/p>\n<p><strong>\ud83d\udc9a\u00a0 Gyullad\u00e1scs\u00f6kkent\u0151 hat\u00e1s: <\/strong>A hat\u00f3anyagok seg\u00edtenek g\u00e1tolni a gyullad\u00e1st, k\u00fcl\u00f6n\u00f6sen a gyomor-b\u00e9l traktus, a b\u0151r \u00e9s a l\u00e9gutak gyullad\u00e1sa eset\u00e9n.<\/p>\n<p><strong>\ud83d\udc9a L\u00e9gz\u00e9st\u00e1mogat\u00e1s: <\/strong> Hagyom\u00e1nyosan k\u00f6h\u00f6g\u00e9s, torokf\u00e1j\u00e1s, h\u00f6rghurut \u00e9s asztma enyh\u00edt\u00e9s\u00e9re haszn\u00e1lj\u00e1k. K\u00f6ptet\u0151k\u00e9nt m\u0171k\u00f6dik (k\u00f6nny\u00edti a k\u00f6h\u00f6g\u00e9st) \u00e9s nyugtatja a ny\u00e1lkah\u00e1rtya irrit\u00e1ci\u00f3j\u00e1t.<\/p>\n<p><strong>\ud83d\udc9a A gyomorny\u00e1lkah\u00e1rtya v\u00e9delme: <\/strong> A glicirrizin \u00e9s a flavonoidok v\u00e9dik a gyomorfalat a k\u00e1rosod\u00e1st\u00f3l, \u00e9s seg\u00edtenek olyan probl\u00e9m\u00e1k eset\u00e9n, mint a fek\u00e9lyek, gyomorhurut, reflux \u00e9s a Helicobacter pylori fert\u0151z\u00e9s.<\/p>\n<p><strong>\ud83d\udc9a Mell\u00e9kvese-t\u00e1mogat\u00e1s<\/strong>: Szab\u00e1lyozza a kortizolszintet, n\u00f6veli az energiaszintet \u00e9s adaptog\u00e9nk\u00e9nt m\u0171k\u00f6dik, ami azt jelenti, hogy t\u00e1mogatja a szervezetet a stressz, a ki\u00e9g\u00e9s \u00e9s a f\u00e1radts\u00e1g kezel\u00e9s\u00e9ben.<\/p>\n<p><strong>\ud83d\udc9a V\u00edrusellenes \u00e9s antibakteri\u00e1lis hat\u00e1s:<\/strong> Term\u00e9szetes antimikrobi\u00e1lis tulajdons\u00e1gokkal rendelkezik, \u00e9s fert\u0151z\u00e9sek (pl. herpesz, influenza, hepatitis B \u00e9s C) eset\u00e9n is haszn\u00e1lj\u00e1k.<\/p>\n<p><strong>\ud83d\udc9a Hormon\u00e1lis egyens\u00faly:<\/strong> Hagyom\u00e1nyosan a PMS \u00e9s a menopauza t\u00fcneteinek enyh\u00edt\u00e9s\u00e9re haszn\u00e1lj\u00e1k, mivel befoly\u00e1solja az \u00f6sztrog\u00e9n egyens\u00faly\u00e1t.<\/p>\n<h2><strong>T\u00e1rol\u00e1s \u00e9s figyelmeztet\u00e9sek<\/strong><\/h2>\n<p>Sz\u00e1raz \u00e9s h\u0171v\u00f6s helyen, legfeljebb 25 \u00b0C h\u0151m\u00e9rs\u00e9kleten t\u00e1roland\u00f3. Az \u00e9trend-kieg\u00e9sz\u00edt\u0151t gyermekekt\u0151l elz\u00e1rva tartand\u00f3!<\/p>\n<p>Ne feledkezzen meg a v\u00e1ltozatos \u00e9trend \u00e9s az eg\u00e9szs\u00e9ges \u00e9letm\u00f3d fontoss\u00e1g\u00e1r\u00f3l, ez\u00e9rt az \u00e9trend-kieg\u00e9sz\u00edt\u0151 nem helyettes\u00edti a kiegyens\u00falyozott \u00e9s v\u00e1ltozatos \u00e9trendet. Az aj\u00e1nlott napi mennyis\u00e9get vagy adagot nem szabad t\u00fall\u00e9pni.<\/p>\n<p>V\u00e1rand\u00f3s n\u0151knek, szoptat\u00f3 any\u00e1knak, 12 \u00e9v alatti gyermekeknek, cukorbetegeknek, magas v\u00e9rnyom\u00e1sban szenved\u0151knek \u00e9s sz\u00edvbetegeknek nem javasoljuk az \u00e9desgy\u00f6k\u00e9r fogyaszt\u00e1s\u00e1t.<\/p>\n<p>Az \u00e9desgy\u00f6k\u00e9r m\u00e1r kis mennyis\u00e9gben is j\u00f3t\u00e9kony hat\u00e1s\u00fa. Teh\u00e1t ne vigy\u00fck t\u00falz\u00e1sba. A maxim\u00e1lis napi mennyis\u00e9g 4-8 gramm (azaz 1-2 te\u00e1skan\u00e1l) k\u00f6z\u00f6tt lehet. Az \u00e9desgy\u00f6k\u00e9rnek er\u0151s \u00e9lettani hat\u00e1sa van (pl. befoly\u00e1solhatja a v\u00e9rnyom\u00e1st), ez\u00e9rt aj\u00e1nlott alacsonyabb adaggal (pl. 1\/2 te\u00e1skan\u00e1l) kezdeni \u00e9s ellen\u0151rizni a szervezet reakci\u00f3j\u00e1t, majd sz\u00fcks\u00e9g eset\u00e9n n\u00f6velni az adagok sz\u00e1m\u00e1t, de ne egyszerre n\u00f6velni a mennyis\u00e9get. Egy cs\u00e9sze te\u00e1hoz (kb. 200\u2013250 ml) 1\/2 te\u00e1skan\u00e1l az optim\u00e1lis mennyis\u00e9g. Egy nagyobb mennyis\u00e9g t\u00fal er\u0151s, s\u0171r\u0171bb vagy kellemetlen ihat\u00f3 lehet.<\/p>\n<p>Nem javasoljuk a sz\u00fcnetek n\u00e9lk\u00fcli, hossz\u00fa t\u00e1v\u00fa szed\u00e9s\u00e9t. A legjobb, ha 4-6 h\u00e9t szed\u00e9s ut\u00e1n legal\u00e1bb k\u00e9t h\u00e9t sz\u00fcnetet tartunk.<\/p>\n<p>Az \u00e9desgy\u00f6k\u00e9r cs\u00f6kkenti a v\u00e9r k\u00e1liumtartalm\u00e1t, ez\u00e9rt hossz\u00fa t\u00e1v\u00fa fogyaszt\u00e1s eset\u00e9n sz\u00fcks\u00e9ges \u00e9lelmiszerrel helyettes\u00edteni (pl. ban\u00e1n, aszalt s\u00e1rgabarack, datolya, spen\u00f3t, m\u00e1ngold, bab, lencse&#8230;).<\/p>\n<h2><strong>Csomagol\u00e1s<\/strong><\/h2>\n<p>L\u00e9gmentesen z\u00e1r\u00f3d\u00f3 cipz\u00e1ras tasak, amelyben a term\u00e9k meg\u0151rzi frissess\u00e9g\u00e9t \u00e9s arom\u00e1j\u00e1t. A csomagol\u00e1s v\u00e9d a f\u00e9nyt\u0151l \u00e9s a leveg\u0151t\u0151l, mivel t\u00f6bb v\u00e9d\u0151r\u00e9tegb\u0151l \u00e1ll, amelyek meg\u0151rzik a tartalom tulajdons\u00e1gait.<\/p>\n<p>A csomagol\u00e1s nagyon praktikus \u00e9s lehet\u0151v\u00e9 teszi az \u00fajrahasznos\u00edt\u00e1st.<\/p>\n<h2><strong>Sz\u00e1rmaz\u00e1si hely<\/strong><\/h2>\n<p>India<\/p>\n","protected":false},"excerpt":{"rendered":"<p>Az <strong>\u00e9desgy\u00f6k\u00e9r<\/strong> enyh\u00edti a sav, puffad\u00e1s, em\u00e9szt\u00e9si zavarok okozta gyomorprobl\u00e9m\u00e1kat, \u00e9s megakad\u00e1lyozhatja a heliobakt\u00e9riumok szaporod\u00e1s\u00e1t, amelyek gyomorfek\u00e9lyt okoznak. A gyomorprobl\u00e9m\u00e1k mellett az \u00e9desgy\u00f6keret l\u00e9gz\u0151szervi probl\u00e9m\u00e1kra is haszn\u00e1lj\u00e1k. Csillap\u00edtja a k\u00f6h\u00f6g\u00e9st \u00e9s tiszt\u00edtja a l\u00e9gutakat. \u00c1ll\u00edt\u00f3lag pozit\u00edv hat\u00e1ssal van a m\u00e1jra, az immunrendszerre \u00e9s a menopauza alatti n\u0151i probl\u00e9m\u00e1kra is. Gyomorfek\u00e9ly \u00e9s b\u0151rprobl\u00e9m\u00e1k ellen is haszn\u00e1lj\u00e1k. Mivel hidrat\u00e1lja a sz\u00e1raz torkot, gyakran haszn\u00e1lj\u00e1k doh\u00e1nyosok, valamint profi el\u0151ad\u00f3k \u00e9s \u00e9nekesek.<\/p>\n<p>\ud83d\udc9a A hagyom\u00e1nyos k\u00ednai orvosl\u00e1sban tonikk\u00e9nt haszn\u00e1lj\u00e1k a sz\u00edv \u00e9s a l\u00e9p megfiatal\u00edt\u00e1s\u00e1ra.<\/p>\n<p>\ud83d\udc9a Az \u00e9desgy\u00f6k\u00e9r gyullad\u00e1scs\u00f6kkent\u0151 \u00e9s g\u00f6rcsold\u00f3 tulajdons\u00e1gokkal rendelkezik.<\/p>\n<p>&nbsp;<\/p>\n","protected":false},"featured_media":6821,"comment_status":"open","ping_status":"closed","template":"","meta":{"_acf_changed":false},"product_brand":[],"product_cat":[224,225,205],"product_tag":[],"class_list":{"0":"post-6464","1":"product","2":"type-product","3":"status-publish","4":"has-post-thumbnail","6":"product_cat-ajanlat","7":"product_cat-minden-termek","8":"product_cat-tea-es-etelek-es-fuszerek","10":"first","11":"instock","12":"taxable","13":"shipping-taxable","14":"purchasable","15":"product-type-simple"},"acf":[],"_links":{"self":[{"href":"https:\/\/fengchashop.com\/hu\/wp-json\/wp\/v2\/product\/6464","targetHints":{"allow":["GET"]}}],"collection":[{"href":"https:\/\/fengchashop.com\/hu\/wp-json\/wp\/v2\/product"}],"about":[{"href":"https:\/\/fengchashop.com\/hu\/wp-json\/wp\/v2\/types\/product"}],"replies":[{"embeddable":true,"href":"https:\/\/fengchashop.com\/hu\/wp-json\/wp\/v2\/comments?post=6464"}],"wp:featuredmedia":[{"embeddable":true,"href":"https:\/\/fengchashop.com\/hu\/wp-json\/wp\/v2\/media\/6821"}],"wp:attachment":[{"href":"https:\/\/fengchashop.com\/hu\/wp-json\/wp\/v2\/media?parent=6464"}],"wp:term":[{"taxonomy":"product_brand","embeddable":true,"href":"https:\/\/fengchashop.com\/hu\/wp-json\/wp\/v2\/product_brand?post=6464"},{"taxonomy":"product_cat","embeddable":true,"href":"https:\/\/fengchashop.com\/hu\/wp-json\/wp\/v2\/product_cat?post=6464"},{"taxonomy":"product_tag","embeddable":true,"href":"https:\/\/fengchashop.com\/hu\/wp-json\/wp\/v2\/product_tag?post=6464"}],"curies":[{"name":"wp","href":"https:\/\/api.w.org\/{rel}","templated":true}]}}