{"id":6400,"date":"2022-05-24T09:40:12","date_gmt":"2022-05-24T07:40:12","guid":{"rendered":"https:\/\/fengchashop.com\/hu\/product\/cimet-cejlonski-celi-125-g\/"},"modified":"2026-05-12T07:16:20","modified_gmt":"2026-05-12T05:16:20","slug":"ceylon-fahej-egesz-bio","status":"publish","type":"product","link":"https:\/\/fengchashop.com\/hu\/product\/ceylon-fahej-egesz-bio\/","title":{"rendered":"Ceylon fah\u00e9j eg\u00e9sz BIO 125 g"},"content":{"rendered":"<h2 style=\"text-align: justify\"><span style=\"color: #000000\">Ceyloni fah\u00e9j BIO<\/span><\/h2>\n<p style=\"text-align: justify\"><span style=\"color: #000000\">A ceyloni fah\u00e9j haz\u00e1ja Sr\u00ed Lanka (egykor Ceylonnak h\u00edvt\u00e1k, innen kapta a nev\u00e9t). Ez az <strong>igazi fah\u00e9j<\/strong> ritk\u00e1bb, \u00e9s ez\u00e9rt sokkal \u00e9rt\u00e9kesebb, mint a <strong>k\u00ednai fah\u00e9j<\/strong> vagy kasszia, amelyet a legt\u00f6bben jobban ismer\u00fcnk, \u00e9s amely a legt\u00f6bb \u00fczletben kaphat\u00f3. K\u00fcl\u00f6nb\u00f6z\u0151 min\u0151s\u00e9g\u0171 fah\u00e9jat termesztenek Sr\u00ed Lank\u00e1n, a v\u00e1logatott ceyloni fah\u00e9junkat finom \u00e9s finom arom\u00e1ja jellemzi. Enyh\u00e9n \u00e9des \u00edz\u0171, \u00e9s desszertekhez, komp\u00f3tokhoz, s\u00fctem\u00e9nyekhez, pit\u00e9khez \u00e9s kekszekhez, puncshoz \u00e9s forralt borhoz adal\u00e9kanyagk\u00e9nt haszn\u00e1lj\u00e1k. M\u00e9z, csokol\u00e1d\u00e9, di\u00f3f\u00e9l\u00e9k, chili, tejterm\u00e9kek, \u00e1fonya, s\u00fclt alma \u00e9s ban\u00e1n \u00edzes\u00edt\u00e9s\u00e9re haszn\u00e1lj\u00e1k. A fah\u00e9jat megsz\u00f3rhatjuk gy\u00fcm\u00f6lcs\u00f6kkel (gy\u00fcm\u00f6lcssal\u00e1t\u00e1k, komp\u00f3tok) \u00e9s gabonapelyhekkel, adhatjuk joghurthoz, rizspudinghoz, t\u00far\u00f3hoz \u00e9s k\u00fcl\u00f6nf\u00e9le tej- \u00e9s gy\u00fcm\u00f6lcsitalokhoz. J\u00f3l illik te\u00e1hoz \u00e9s k\u00e1v\u00e9hoz, valamint kaka\u00f3hoz \u00e9s forr\u00f3 csokol\u00e1d\u00e9hoz is. A fah\u00e9j a legn\u00e9pszer\u0171bb kar\u00e1csonyi f\u0171szer. Val\u00f3j\u00e1ban a fah\u00e9j az egyik leg<strong>sokoldal\u00fabb f\u0171szer<\/strong>, amely j\u00f3l illik k\u00fcl\u00f6nf\u00e9le, n\u00e9ha szokatlan kombin\u00e1ci\u00f3khoz is, k\u00fcl\u00f6n\u00f6sen a keleti \u00e9s mexik\u00f3i konyh\u00e1ban (p\u00e9ld\u00e1ul curryben). Hagyom\u00e1nyosan <strong>az \u00e9telek feljav\u00edt\u00e1s\u00e1ra<\/strong> haszn\u00e1lj\u00e1k. <\/span><\/p>\n<p style=\"text-align: justify\"><span style=\"color: #000000\">Fah\u00e9junk biogazd\u00e1lkod\u00e1sb\u00f3l sz\u00e1rmazik.<\/span><\/p>\n<h2 style=\"text-align: justify\"><span style=\"color: #000000\">T\u00e1rol\u00e1s<\/span><\/h2>\n<p style=\"text-align: justify\"><span style=\"color: #000000\">Sz\u00e1raz, s\u00f6t\u00e9t \u00e9s h\u0171v\u00f6s helyen t\u00e1roland\u00f3. Gy\u0151z\u0151dj\u00f6n meg r\u00f3la, hogy a zacsk\u00f3 vagy doboz szorosan le van z\u00e1rva.<\/span><\/p>\n<h2 style=\"text-align: justify\"><span style=\"color: #000000\">Csomagol\u00e1s<\/span><\/h2>\n<p style=\"text-align: justify\"><span style=\"color: #000000\">L\u00e9gmentes, cipz\u00e1ras zacsk\u00f3, amelyben a term\u00e9k meg\u0151rzi frissess\u00e9g\u00e9t \u00e9s arom\u00e1j\u00e1t. A csomagol\u00e1s v\u00e9d a f\u00e9nyt\u0151l \u00e9s a leveg\u0151t\u0151l, mivel t\u00f6bb v\u00e9d\u0151r\u00e9tegb\u0151l \u00e1ll, amelyek meg\u0151rzik a tartalom tulajdons\u00e1gait.<\/span><\/p>\n<p style=\"text-align: justify\"><span style=\"color: #000000\">A csomagol\u00e1s nagyon praktikus \u00e9s lehet\u0151v\u00e9 teszi az \u00fajrahasznos\u00edt\u00e1st.<\/span><\/p>\n<h2><span style=\"color: #000000\">Sz\u00e1rmaz\u00e1si hely<\/span><\/h2>\n<p><span style=\"color: #000000\">Sr\u00ed Lanka<\/span><\/p>\n","protected":false},"excerpt":{"rendered":"<p>A fah\u00e9j kombin\u00e1lhat\u00f3 van\u00edli\u00e1val, korianderrel \u00e9s szerecsendi\u00f3val, \u00e9s k\u00fcl\u00f6n\u00f6sen \u00edzletes \u00e9s j\u00f3t\u00e9kony hat\u00e1ssal van az eg\u00e9szs\u00e9g\u00fcnkre, ha szegf\u0171szeggel vagy kurkum\u00e1val p\u00e1ros\u00edtj\u00e1k. H\u00e1zi k\u00e9sz\u00edt\u00e9s\u0171 kozmetikumokban \u00e9s \u00e9trend-kieg\u00e9sz\u00edt\u0151k\u00e9nt is haszn\u00e1lhat\u00f3, mivel sz\u00e1mos fontos \u00e9s az ember sz\u00e1m\u00e1ra hasznos \u00f6sszetev\u0151t tartalmaz, emellett aromater\u00e1pi\u00e1ban \u00e9s helyis\u00e9gek illatos\u00edt\u00e1s\u00e1ra is haszn\u00e1lj\u00e1k. Mivel a ceyloni fah\u00e9j tartalmazza a legkevesebb kumarint, amelyr\u0151l azt mondj\u00e1k, hogy rossz hat\u00e1ssal van a m\u00e1junkra \u00e9s h\u00edg\u00edtja a v\u00e9rt, sokkal alkalmasabb a rendszeres fogyaszt\u00e1sra.<\/p>\n<p>\ud83d\udc9a Er\u0151s antioxid\u00e1ns.<\/p>\n<p>\ud83d\udc9a Szab\u00e1lyozza a v\u00e9rcukorszintet.<\/p>\n<p>\ud83d\udc9a Gombaellenes \u00e9s antimikrobi\u00e1lis tulajdons\u00e1gokkal rendelkezik.<\/p>\n<p>\ud83d\udc9a Biogazd\u00e1lkod\u00e1sb\u00f3l.<\/p>\n<p>&nbsp;<\/p>\n","protected":false},"featured_media":6792,"comment_status":"open","ping_status":"closed","template":"","meta":{"_acf_changed":false},"product_brand":[],"product_cat":[224,225,205],"product_tag":[],"class_list":{"0":"post-6400","1":"product","2":"type-product","3":"status-publish","4":"has-post-thumbnail","6":"product_cat-ajanlat","7":"product_cat-minden-termek","8":"product_cat-tea-es-etelek-es-fuszerek","10":"first","11":"instock","12":"sale","13":"taxable","14":"shipping-taxable","15":"purchasable","16":"product-type-simple"},"acf":[],"_links":{"self":[{"href":"https:\/\/fengchashop.com\/hu\/wp-json\/wp\/v2\/product\/6400","targetHints":{"allow":["GET"]}}],"collection":[{"href":"https:\/\/fengchashop.com\/hu\/wp-json\/wp\/v2\/product"}],"about":[{"href":"https:\/\/fengchashop.com\/hu\/wp-json\/wp\/v2\/types\/product"}],"replies":[{"embeddable":true,"href":"https:\/\/fengchashop.com\/hu\/wp-json\/wp\/v2\/comments?post=6400"}],"wp:featuredmedia":[{"embeddable":true,"href":"https:\/\/fengchashop.com\/hu\/wp-json\/wp\/v2\/media\/6792"}],"wp:attachment":[{"href":"https:\/\/fengchashop.com\/hu\/wp-json\/wp\/v2\/media?parent=6400"}],"wp:term":[{"taxonomy":"product_brand","embeddable":true,"href":"https:\/\/fengchashop.com\/hu\/wp-json\/wp\/v2\/product_brand?post=6400"},{"taxonomy":"product_cat","embeddable":true,"href":"https:\/\/fengchashop.com\/hu\/wp-json\/wp\/v2\/product_cat?post=6400"},{"taxonomy":"product_tag","embeddable":true,"href":"https:\/\/fengchashop.com\/hu\/wp-json\/wp\/v2\/product_tag?post=6400"}],"curies":[{"name":"wp","href":"https:\/\/api.w.org\/{rel}","templated":true}]}}