{"id":6389,"date":"2022-05-23T16:36:27","date_gmt":"2022-05-23T14:36:27","guid":{"rendered":"https:\/\/fengchashop.com\/hu\/product\/cayenne-bors-por-bio-125-g\/"},"modified":"2026-04-29T18:21:18","modified_gmt":"2026-04-29T16:21:18","slug":"cayenne-bors-por-bio","status":"publish","type":"product","link":"https:\/\/fengchashop.com\/hu\/product\/cayenne-bors-por-bio\/","title":{"rendered":"Cayenne bors por BIO 250 g"},"content":{"rendered":"<div class=\"std\">\n<h2 style=\"text-align: justify\"><span style=\"color: #000000\">Cayenne bors<\/span><\/h2>\n<p style=\"text-align: justify\"><span style=\"color: #000000\">A cayenne bors D\u00e9l-Amerik\u00e1b\u00f3l sz\u00e1rmazik. Eur\u00f3p\u00e1ba a spanyol h\u00f3d\u00edt\u00f3k hozt\u00e1k be, \u00e9s termeszt\u00e9s\u00e9nek ig\u00e9nytelen jellege miatt D\u00e9l- \u00e9s D\u00e9lkelet-\u00c1zsi\u00e1ban k\u00fcl\u00f6n\u00f6sen n\u00e9pszer\u0171v\u00e9 v\u00e1lt, \u00edgy az \u0151 konyh\u00e1jukba is m\u00e9lyen be\u00e9p\u00fclt. B\u00e1r mi borsnak h\u00edvjuk, <strong>a pik\u00e1nss\u00e1g\u00e1n k\u00edv\u00fcl semmi k\u00f6ze a borshoz<\/strong>. A cayenne bors <strong>val\u00f3j\u00e1ban k\u00fcl\u00f6nb\u00f6z\u0151 t\u00edpus\u00fa chili gy\u00fcm\u00f6lcs\u00f6k kever\u00e9ke<\/strong>, amelyeket megsz\u00e1r\u00edtanak \u00e9s porr\u00e1 \u0151r\u00f6lnek. A sz\u00e1r\u00edtott cayenne bors gyeng\u00e9bb, mint a friss, de ezek a k\u00fcl\u00f6nbs\u00e9gek a f\u0151z\u00e9s sor\u00e1n jelent\u0151sen cs\u00f6kkennek. A cayenne bors a chili, a tabasco \u00e9s m\u00e1s indiai f\u0171szerkever\u00e9kek fontos \u00f6sszetev\u0151je is.<\/span><\/p>\n<h2 style=\"text-align: justify\"><span style=\"color: #000000\">Cs\u00edp\u0151ss\u00e9gi szint<\/span><\/h2>\n<p><span style=\"color: #000000\">B\u00e1r a Scoville-sk\u00e1la szerint a cayenne bors cs\u00edp\u0151ss\u00e9ge <strong>30 000<\/strong>-t\u0151l <strong>50 000<\/strong>-ig terjed, a mi\u00e9nk valamivel enyh\u00e9bb, ez\u00e9rt 1-t\u0151l 10-ig terjed\u0151 sk\u00e1l\u00e1n <strong>6\/10<\/strong>-nek \u00e9rt\u00e9kelj\u00fck.<\/span><\/p>\n<h2><span style=\"color: #000000\">T\u00e1rol\u00e1s<\/span><\/h2>\n<p><span style=\"color: #000000\">T\u00e1rolja sz\u00e1raz, s\u00f6t\u00e9t \u00e9s h\u0171v\u00f6s helyen.<\/span><\/p>\n<h2><span style=\"color: #000000\">Csomagol\u00e1s<\/span><\/h2>\n<p><span style=\"color: #000000\">L\u00e9gmentesen z\u00e1rhat\u00f3 tasak, amelyben a term\u00e9k meg\u0151rzi minden frissess\u00e9g\u00e9t \u00e9s arom\u00e1j\u00e1t. A csomagol\u00e1s v\u00e9d a f\u00e9nyt\u0151l \u00e9s a leveg\u0151t\u0151l, mivel t\u00f6bb v\u00e9d\u0151r\u00e9tegb\u0151l \u00e1ll, amelyek meg\u0151rzik a tartalom tulajdons\u00e1gait.<\/span><\/p>\n<p><span style=\"color: #000000\">A csomagol\u00e1s nagyon praktikus \u00e9s \u00fajrahasznos\u00edthat\u00f3.<\/span><\/p>\n<h2><span style=\"color: #000000\">Sz\u00e1rmaz\u00e1s<\/span><\/h2>\n<p><span style=\"color: #000000\">Spanyolorsz\u00e1g<\/span><\/p>\n<\/div>\n","protected":false},"excerpt":{"rendered":"<p>Az \u00e9get\u0151 \u00edzt okoz\u00f3 anyagot kapszaicinnek nevezik, amelynek sz\u00e1mos gy\u00f3gyhat\u00e1sa van. A Scoville-egys\u00e9ggel a cs\u00edp\u0151ss\u00e9get sk\u00e1l\u00e1n \u00e9rt\u00e9kelj\u00fck az \u00e9tel kapszaicin tartalma szerint, ami tulajdonk\u00e9ppen egy alkaloid, amit\u0151l a chili &#8222;cs\u00edp&#8221;. Ugyanazt az \u00fczenetet k\u00fcldi az agyunknak, amit akkor kapunk, amikor valami forr\u00f3t esz\u00fcnk. A cayenne borssal \u00edgy enyh\u00edthet\u00fcnk \u00e9s megsz\u00fcntethet\u00fcnk bizonyos probl\u00e9m\u00e1kat, m\u00e9gpedig bizony\u00edtottan seg\u00edti az em\u00e9szt\u00e9st, hiszen gyors\u00edtja az anyagcser\u00e9t, a v\u00e9rkering\u00e9st \u00e9s az izzad\u00e1st, valamint l\u00e9g\u00fati probl\u00e9m\u00e1k eset\u00e9n is nagy seg\u00edts\u00e9g lehet. Sok C-vitamint tartalmaz, ez\u00e9rt kiv\u00e1l\u00f3 megf\u00e1z\u00e1s \u00e9s influenza eset\u00e9n. Emellett er\u0151s\u00edti az immunrendszert, gyullad\u00e1scs\u00f6kkent\u0151 \u00e9s antibakteri\u00e1lis hat\u00e1s\u00fa. Ha te\u00e1hoz adjuk, felmeleg\u00edt minket \u00e9s el\u0171zi a depresszi\u00f3t.<\/p>\n<p>\ud83d\udc9a Biotermel\u00e9sb\u0151l.<br \/>\n\ud83d\udc9a A fogy\u00e1sban is seg\u00edt.<\/p>\n","protected":false},"featured_media":6390,"comment_status":"open","ping_status":"closed","template":"","meta":{"_acf_changed":false},"product_brand":[],"product_cat":[224,194,225,205],"product_tag":[],"class_list":{"0":"post-6389","1":"product","2":"type-product","3":"status-publish","4":"has-post-thumbnail","6":"product_cat-ajanlat","7":"product_cat-ajurveda","8":"product_cat-minden-termek","9":"product_cat-tea-es-etelek-es-fuszerek","11":"first","12":"instock","13":"sale","14":"taxable","15":"shipping-taxable","16":"purchasable","17":"product-type-simple"},"acf":[],"_links":{"self":[{"href":"https:\/\/fengchashop.com\/hu\/wp-json\/wp\/v2\/product\/6389","targetHints":{"allow":["GET"]}}],"collection":[{"href":"https:\/\/fengchashop.com\/hu\/wp-json\/wp\/v2\/product"}],"about":[{"href":"https:\/\/fengchashop.com\/hu\/wp-json\/wp\/v2\/types\/product"}],"replies":[{"embeddable":true,"href":"https:\/\/fengchashop.com\/hu\/wp-json\/wp\/v2\/comments?post=6389"}],"wp:featuredmedia":[{"embeddable":true,"href":"https:\/\/fengchashop.com\/hu\/wp-json\/wp\/v2\/media\/6390"}],"wp:attachment":[{"href":"https:\/\/fengchashop.com\/hu\/wp-json\/wp\/v2\/media?parent=6389"}],"wp:term":[{"taxonomy":"product_brand","embeddable":true,"href":"https:\/\/fengchashop.com\/hu\/wp-json\/wp\/v2\/product_brand?post=6389"},{"taxonomy":"product_cat","embeddable":true,"href":"https:\/\/fengchashop.com\/hu\/wp-json\/wp\/v2\/product_cat?post=6389"},{"taxonomy":"product_tag","embeddable":true,"href":"https:\/\/fengchashop.com\/hu\/wp-json\/wp\/v2\/product_tag?post=6389"}],"curies":[{"name":"wp","href":"https:\/\/api.w.org\/{rel}","templated":true}]}}