{"id":6379,"date":"2022-05-23T16:14:27","date_gmt":"2022-05-23T14:14:27","guid":{"rendered":"https:\/\/fengchashop.com\/hu\/product\/gorogszena-fenugreek-bio-500-g\/"},"modified":"2026-05-10T19:39:15","modified_gmt":"2026-05-10T17:39:15","slug":"gorogszena-fenugreek-bio","status":"publish","type":"product","link":"https:\/\/fengchashop.com\/hu\/product\/gorogszena-fenugreek-bio\/","title":{"rendered":"G\u00f6r\u00f6gsz\u00e9na (Fenugreek) BIO 500 g"},"content":{"rendered":"<h2 style=\"text-align: justify\"><span style=\"color: #000000\">G\u00f6r\u00f6gsz\u00e9na (fenugreek) BIO<\/span><\/h2>\n<p style=\"text-align: justify\"><span style=\"color: #000000\">A g\u00f6r\u00f6gsz\u00e9na egy egy\u00e9ves n\u00f6v\u00e9ny, amely k\u00f6r\u00fclbel\u00fcl f\u00e9l m\u00e9ter magasra n\u0151. A f\u0171szerk\u00e9nt haszn\u00e1lt magvak a n\u00f6v\u00e9ny <strong>h\u00fcvely\u00e9ben<\/strong> tal\u00e1lhat\u00f3k. Triplatnak is nevezik, angolb\u00f3l pedig fenugreeknek.<\/span><\/p>\n<p style=\"text-align: justify\"><span style=\"color: #000000\">A g\u00f6r\u00f6gsz\u00e9na gazdag feh\u00e9rj\u00e9ben, vitaminokban (f\u0151leg D-vitaminban) \u00e9s \u00e1sv\u00e1nyi anyagokban, valamint fenolos \u00e9s flavonoidos vegy\u00fcletekben. \u00c9l\u00e9nk \u00edze \u00e9s er\u0151s arom\u00e1ja van. Az egyik legr\u00e9gebbi haszn\u00e1latban l\u00e9v\u0151 n\u00f6v\u00e9nynek tartj\u00e1k <strong>az orvostudom\u00e1nyban \u00e9s a konyh\u00e1ban.<\/strong> A g\u00f6r\u00f6gsz\u00e9n\u00e1t hagyom\u00e1nyosan cukorbetegs\u00e9g, koleszterin, v\u00e9rszeg\u00e9nys\u00e9g, hasi \u00e9s em\u00e9szt\u00e9si zavarok, valamint kr\u00f3nikus k\u00f6h\u00f6g\u00e9s kezel\u00e9s\u00e9re haszn\u00e1lj\u00e1k. A hagyom\u00e1nyos k\u00ednai orvosl\u00e1sban \u00e9s az \u00e1jurv\u00e9d\u00e1ban haszn\u00e1latos. A g\u00f6r\u00f6gsz\u00e9na a szoptat\u00e1s alatti tejtermel\u00e9sre is pozit\u00edv hat\u00e1ssal van.<\/span><\/p>\n<p style=\"text-align: justify\"><span style=\"color: #000000\">Leggyakrabban a d\u00e9l-\u00e1zsiai \u00e9s az egyiptomi konyh\u00e1ban tal\u00e1lhat\u00f3 meg.\u00a0<\/span><\/p>\n<p style=\"text-align: justify\"><span style=\"color: #000000\">A magoknak \u00e9des, di\u00f3f\u00e9l\u00e9kre eml\u00e9keztet\u0151 \u00edze van.<\/span><\/p>\n<p style=\"text-align: justify\"><span style=\"color: #000000\">*Ez a f\u0171szer biotermel\u00e9sb\u0151l sz\u00e1rmazik<\/span><\/p>\n<h2><span style=\"color: #000000\">T\u00e1rol\u00e1s<\/span><\/h2>\n<p><span style=\"color: #000000\">Sz\u00e1raz, s\u00f6t\u00e9t \u00e9s h\u0171v\u00f6s helyen t\u00e1rolja. Gy\u0151z\u0151dj\u00f6n meg r\u00f3la, hogy a zacsk\u00f3 szorosan lez\u00e1rva van.<\/span><\/p>\n<h2><span style=\"color: #000000\">Csomagol\u00e1s<\/span><\/h2>\n<p><span style=\"color: #000000\">L\u00e9gmentesen z\u00e1rhat\u00f3 tasak, amelyben a term\u00e9k meg\u0151rzi minden frissess\u00e9g\u00e9t \u00e9s arom\u00e1j\u00e1t. A csomagol\u00e1s v\u00e9d a f\u00e9nyt\u0151l \u00e9s a leveg\u0151t\u0151l, mivel t\u00f6bb v\u00e9d\u0151r\u00e9tegb\u0151l \u00e1ll, amelyek meg\u0151rzik a tartalom tulajdons\u00e1gait.<\/span><\/p>\n<p><span style=\"color: #000000\">A csomagol\u00e1s nagyon praktikus \u00e9s \u00fajrahasznos\u00edthat\u00f3.<\/span><\/p>\n<h2><span style=\"color: #000000\">Sz\u00e1rmaz\u00e1s<\/span><\/h2>\n<p><span style=\"color: #000000\">Sri Lanka vagy India<\/span><\/p>\n","protected":false},"excerpt":{"rendered":"<p>A g\u00f6r\u00f6gsz\u00e9na rengeteg feh\u00e9rj\u00e9t, vitamint (f\u0151leg D-vitamint) \u00e9s \u00e1sv\u00e1nyi anyagot, valamint fenolos \u00e9s flavonoidos vegy\u00fcleteket tartalmaz. \u00c9l\u00e9nk \u00edze \u00e9s er\u0151s arom\u00e1ja van. Az egyik legr\u00e9gebbi haszn\u00e1latban l\u00e9v\u0151 n\u00f6v\u00e9nynek tartj\u00e1k <strong>az orvostudom\u00e1nyban \u00e9s a konyh\u00e1ban.<\/strong> A g\u00f6r\u00f6gsz\u00e9n\u00e1t hagyom\u00e1nyosan cukorbetegs\u00e9g, koleszterin, v\u00e9rszeg\u00e9nys\u00e9g, hasi \u00e9s em\u00e9szt\u00e9si zavarok, valamint kr\u00f3nikus k\u00f6h\u00f6g\u00e9s kezel\u00e9s\u00e9re haszn\u00e1lj\u00e1k. A hagyom\u00e1nyos k\u00ednai orvosl\u00e1sban \u00e9s az \u00e1jurv\u00e9d\u00e1ban haszn\u00e1latos.<\/p>\n<p>\ud83d\udc9a Biotermel\u00e9sb\u0151l.<br \/>\n\ud83d\udc9a Pozit\u00edv hat\u00e1ssal van a szoptat\u00e1s alatti tejtermel\u00e9sre.<\/p>\n","protected":false},"featured_media":6380,"comment_status":"open","ping_status":"closed","template":"","meta":{"_acf_changed":false},"product_brand":[],"product_cat":[224,225,205],"product_tag":[],"class_list":{"0":"post-6379","1":"product","2":"type-product","3":"status-publish","4":"has-post-thumbnail","6":"product_cat-ajanlat","7":"product_cat-minden-termek","8":"product_cat-tea-es-etelek-es-fuszerek","10":"first","11":"instock","12":"sale","13":"taxable","14":"shipping-taxable","15":"purchasable","16":"product-type-simple"},"acf":[],"_links":{"self":[{"href":"https:\/\/fengchashop.com\/hu\/wp-json\/wp\/v2\/product\/6379","targetHints":{"allow":["GET"]}}],"collection":[{"href":"https:\/\/fengchashop.com\/hu\/wp-json\/wp\/v2\/product"}],"about":[{"href":"https:\/\/fengchashop.com\/hu\/wp-json\/wp\/v2\/types\/product"}],"replies":[{"embeddable":true,"href":"https:\/\/fengchashop.com\/hu\/wp-json\/wp\/v2\/comments?post=6379"}],"wp:featuredmedia":[{"embeddable":true,"href":"https:\/\/fengchashop.com\/hu\/wp-json\/wp\/v2\/media\/6380"}],"wp:attachment":[{"href":"https:\/\/fengchashop.com\/hu\/wp-json\/wp\/v2\/media?parent=6379"}],"wp:term":[{"taxonomy":"product_brand","embeddable":true,"href":"https:\/\/fengchashop.com\/hu\/wp-json\/wp\/v2\/product_brand?post=6379"},{"taxonomy":"product_cat","embeddable":true,"href":"https:\/\/fengchashop.com\/hu\/wp-json\/wp\/v2\/product_cat?post=6379"},{"taxonomy":"product_tag","embeddable":true,"href":"https:\/\/fengchashop.com\/hu\/wp-json\/wp\/v2\/product_tag?post=6379"}],"curies":[{"name":"wp","href":"https:\/\/api.w.org\/{rel}","templated":true}]}}