{"id":6371,"date":"2022-05-23T15:20:59","date_gmt":"2022-05-23T13:20:59","guid":{"rendered":"https:\/\/fengchashop.com\/hu\/product\/gyomber-por-bio-250-g\/"},"modified":"2026-05-12T14:41:43","modified_gmt":"2026-05-12T12:41:43","slug":"gyomber-por-bio-250-g","status":"publish","type":"product","link":"https:\/\/fengchashop.com\/hu\/product\/gyomber-por-bio-250-g\/","title":{"rendered":"Gy\u00f6mb\u00e9r por BIO 250 g"},"content":{"rendered":"<h2 style=\"text-align: justify\"><span style=\"color: #000000\">Gy\u00f6mb\u00e9r por BIO<\/span><\/h2>\n<p style=\"text-align: justify\"><span style=\"color: #000000\">A gy\u00f6mb\u00e9r \u00c1zsi\u00e1b\u00f3l sz\u00e1rmaz\u00f3 n\u00f6v\u00e9ny. A fogyaszthat\u00f3 r\u00e9sze val\u00f3j\u00e1ban a <strong>f\u00f6ld alatti megvastagodott sz\u00e1r <\/strong>(riz\u00f3ma). M\u00e1r <strong>\u00e9vezredek \u00f3ta haszn\u00e1lj\u00e1k<\/strong> gy\u00f3gy\u00e1szati \u00e9s t\u00e1pl\u00e1lkoz\u00e1si c\u00e9lokra, hat\u00e9konys\u00e1ga pedig ma is meglep minket. A gy\u00f6mb\u00e9rt a gy\u00f3gy\u00e1szatban hagyom\u00e1nyosan artritis \u2013 \u00edz\u00fcleti gyullad\u00e1s \u2013 kezel\u00e9s\u00e9re haszn\u00e1lj\u00e1k. Rengeteg antioxid\u00e1nst, \u00e1sv\u00e1nyi anyagot \u00e9s egy\u00e9b olyan anyagot tartalmaz, amelyek a gyullad\u00e1sok ellen hatnak, ez\u00e9rt legt\u00f6bben citrommal \u00e9s m\u00e9zzel kombin\u00e1lva fogyassz\u00e1k az influenza, a torokf\u00e1j\u00e1s \u00e9s a megf\u00e1z\u00e1s szezonj\u00e1ban, hisz rendk\u00edv\u00fcl j\u00f3t\u00e9kony hat\u00e1ssal van ezen megbeteged\u00e9sekre. H\u00e1nyinger elleni k\u00fczdelemben is j\u00f3, mivel nyugtatja az irrit\u00e1lt gyomrot \u00e9s csillap\u00edtja a f\u00e1jdalmat, s\u0151t, nagyon kellemesen meleg\u00edti a gyomrot \u00e9s a testet. A sz\u00e1r\u00edtott gy\u00f6mb\u00e9r por \u00edze telt \u00e9s arom\u00e1s, kiss\u00e9 citromra eml\u00e9keztet, \u00e9s jellegzetes pik\u00e1ns t\u00f3nusa is van. A frisshez k\u00e9pest a sz\u00e1r\u00edtott gy\u00f6mb\u00e9r <strong>arom\u00e1sabb \u00e9s cs\u00edp\u0151sebb<\/strong>, ez\u00e9rt \u00f3vatosan kell adagolni. A k\u00f6vetkez\u0151kre haszn\u00e1ljuk:<\/span><\/p>\n<p><span style=\"color: #000000\">\u00a0 \u00a0 \u00a0\ud83d\udc9a \u00e9telek \u00e9s italok <strong>f\u0171szerez\u00e9se<\/strong>;<\/span><\/p>\n<p><span style=\"color: #000000\"><strong>\u00a0 \u00a0 \u00a0\ud83d\udc9a gyenges\u00e9g<\/strong>, <strong>h\u00e1ny\u00e1s<\/strong>, <strong>felf\u00faj\u00f3d\u00e1s<\/strong> \u00e9s <strong>rossz em\u00e9szt\u00e9s<\/strong> csillap\u00edt\u00e1sa;<\/span><\/p>\n<p><span style=\"color: #000000\"><strong>\u00a0 \u00a0 \u00a0\ud83d\udc9a immunrendszer<\/strong> <strong>er\u0151s\u00edt\u00e9se<\/strong>;<\/span><\/p>\n<p><span style=\"color: #000000\">\u00a0 \u00a0 \u00a0\ud83d\udc9a koleszterinszint, v\u00e9rcukorszint \u00e9s v\u00e9rnyom\u00e1s cs\u00f6kkent\u00e9se;<\/span><\/p>\n<p><span style=\"color: #000000\">\u00a0 \u00a0 \u00a0\ud83d\udc9a v\u00e9rh\u00edg\u00edt\u00e1s \u00e9s az art\u00e9ri\u00e1k elt\u00f6m\u0151d\u00e9s\u00e9nek megel\u0151z\u00e9se \u2013 az aszpirinhez hasonl\u00f3an m\u0171k\u00f6dik,<\/span><\/p>\n<p><span style=\"color: #000000\">\u00a0 \u00a0 \u00a0\ud83d\udc9a izom- \u00e9s \u00edz\u00fcleti f\u00e1jdalomcsillap\u00edt\u00e1s mell\u00e9khat\u00e1sok n\u00e9lk\u00fcl \u2013 <strong>menstru\u00e1ci\u00f3s f\u00e1jdalmak<\/strong> csillap\u00edt\u00e1s\u00e1ra is;<\/span><\/p>\n<p><span style=\"color: #000000\">\u00a0 \u00a0 \u00a0\ud83d\udc9a egyes kutat\u00e1sok eredm\u00e9nyei szerint r\u00e1kellenes hat\u00e1sa is van;<\/span><\/p>\n<p><span style=\"color: #000000\">\u00a0 \u00a0 \u00a0\ud83d\udc9a seg\u00edts\u00e9g <strong>fogy\u00e1shoz<\/strong>, mivel a kutat\u00e1si eredm\u00e9nyek szerint szab\u00e1lyozza a j\u00f3llakotts\u00e1g \u00e9rz\u00e9s\u00e9\u00e9rt felel\u0151s leptin szintj\u00e9t.\u00a0<\/span><\/p>\n<p><span style=\"color: #000000\">Az \u0151r\u00f6lt gy\u00f6mb\u00e9r\u00fcnk<strong>\u00a0biotermel\u00e9sb\u0151l <\/strong>sz\u00e1rmazik.<\/span><\/p>\n<h2><span style=\"color: #000000\">T\u00e1rol\u00e1s<\/span><\/h2>\n<p><span style=\"color: #000000\">Sz\u00e1raz, s\u00f6t\u00e9t \u00e9s h\u0171v\u00f6s helyen t\u00e1rolja. Gy\u0151z\u0151dj\u00f6n meg r\u00f3la, hogy a zacsk\u00f3 szorosan lez\u00e1rva van.<\/span><\/p>\n<h2><span style=\"color: #000000\">Csomagol\u00e1s<\/span><\/h2>\n<p><span style=\"color: #000000\">L\u00e9gmentesen z\u00e1rhat\u00f3 tasak, amelyben a term\u00e9k meg\u0151rzi minden frissess\u00e9g\u00e9t \u00e9s arom\u00e1j\u00e1t. A csomagol\u00e1s v\u00e9d a f\u00e9nyt\u0151l \u00e9s a leveg\u0151t\u0151l, mivel t\u00f6bb v\u00e9d\u0151r\u00e9tegb\u0151l \u00e1ll, amelyek meg\u0151rzik a tartalom tulajdons\u00e1gait.<\/span><\/p>\n<p><span style=\"color: #000000\">A csomagol\u00e1s nagyon praktikus \u00e9s \u00fajrahasznos\u00edthat\u00f3.<\/span><\/p>\n<h2><span style=\"color: #000000\">Sz\u00e1rmaz\u00e1s<\/span><\/h2>\n<p><span style=\"color: #000000\">India vagy Nig\u00e9ria<\/span><\/p>\n","protected":false},"excerpt":{"rendered":"<p>A gy\u00f6mb\u00e9rt \u00e9vezredek \u00f3ta haszn\u00e1lj\u00e1k gy\u00f3gy\u00e1szati \u00e9s t\u00e1pl\u00e1lkoz\u00e1si c\u00e9lokra, \u00e9s hat\u00e9konys\u00e1ga m\u00e9g ma is meglep\u0151. A gy\u00f6mb\u00e9rt a gy\u00f3gy\u00e1szatban hagyom\u00e1nyosan artritis \u2013 \u00edz\u00fcleti gyullad\u00e1s \u2013 kezel\u00e9s\u00e9re haszn\u00e1lj\u00e1k. Rengeteg antioxid\u00e1nst, \u00e1sv\u00e1nyi anyagot \u00e9s egy\u00e9b olyan anyagot tartalmaz, amelyek a gyullad\u00e1sok ellen hatnak, ez\u00e9rt legt\u00f6bben citrommal \u00e9s m\u00e9zzel kombin\u00e1lva fogyassz\u00e1k az influenza, a torokf\u00e1j\u00e1s \u00e9s a megf\u00e1z\u00e1s szezonj\u00e1ban, hisz rendk\u00edv\u00fcl j\u00f3t\u00e9kony hat\u00e1ssal van ezen megbeteged\u00e9sekre. H\u00e1nyinger elleni k\u00fczdelemben is j\u00f3, mivel nyugtatja az irrit\u00e1lt gyomrot \u00e9s csillap\u00edtja a f\u00e1jdalmat, s\u0151t, nagyon kellemesen meleg\u00edti a gyomrot \u00e9s a testet.<\/p>\n<p>\ud83d\udc9a Gyullad\u00e1scs\u00f6kkent\u0151.<br \/>\n\ud83d\udc9a Tiszt\u00edtja a m\u00e1jat.<br \/>\n\ud83d\udc9a Enyh\u00edti a menstru\u00e1ci\u00f3s probl\u00e9m\u00e1kat.<br \/>\n\ud83d\udc9a Er\u0151teljes antioxid\u00e1ns.<\/p>\n","protected":false},"featured_media":6372,"comment_status":"open","ping_status":"closed","template":"","meta":{"_acf_changed":false},"product_brand":[],"product_cat":[224,225,205],"product_tag":[],"class_list":{"0":"post-6371","1":"product","2":"type-product","3":"status-publish","4":"has-post-thumbnail","6":"product_cat-ajanlat","7":"product_cat-minden-termek","8":"product_cat-tea-es-etelek-es-fuszerek","10":"first","11":"instock","12":"sale","13":"taxable","14":"shipping-taxable","15":"purchasable","16":"product-type-simple"},"acf":[],"_links":{"self":[{"href":"https:\/\/fengchashop.com\/hu\/wp-json\/wp\/v2\/product\/6371","targetHints":{"allow":["GET"]}}],"collection":[{"href":"https:\/\/fengchashop.com\/hu\/wp-json\/wp\/v2\/product"}],"about":[{"href":"https:\/\/fengchashop.com\/hu\/wp-json\/wp\/v2\/types\/product"}],"replies":[{"embeddable":true,"href":"https:\/\/fengchashop.com\/hu\/wp-json\/wp\/v2\/comments?post=6371"}],"wp:featuredmedia":[{"embeddable":true,"href":"https:\/\/fengchashop.com\/hu\/wp-json\/wp\/v2\/media\/6372"}],"wp:attachment":[{"href":"https:\/\/fengchashop.com\/hu\/wp-json\/wp\/v2\/media?parent=6371"}],"wp:term":[{"taxonomy":"product_brand","embeddable":true,"href":"https:\/\/fengchashop.com\/hu\/wp-json\/wp\/v2\/product_brand?post=6371"},{"taxonomy":"product_cat","embeddable":true,"href":"https:\/\/fengchashop.com\/hu\/wp-json\/wp\/v2\/product_cat?post=6371"},{"taxonomy":"product_tag","embeddable":true,"href":"https:\/\/fengchashop.com\/hu\/wp-json\/wp\/v2\/product_tag?post=6371"}],"curies":[{"name":"wp","href":"https:\/\/api.w.org\/{rel}","templated":true}]}}