{"id":6362,"date":"2022-05-23T14:49:05","date_gmt":"2022-05-23T12:49:05","guid":{"rendered":"https:\/\/fengchashop.com\/hu\/product\/bio-hibiszkusz-250-g\/"},"modified":"2026-05-12T16:28:08","modified_gmt":"2026-05-12T14:28:08","slug":"bio-hibiszkusz","status":"publish","type":"product","link":"https:\/\/fengchashop.com\/hu\/product\/bio-hibiszkusz\/","title":{"rendered":"Bio hibiszkusz 250 g"},"content":{"rendered":"<h2 style=\"text-align: justify\"><span style=\"color: #000000\">Hibiszkusz bio<\/span><\/h2>\n<p style=\"text-align: justify\"><span style=\"color: #000000\">A hibiszkusz egy nagy piros vir\u00e1g\u00fa n\u00f6v\u00e9ny. A hibiszkusz <strong>rendk\u00edv\u00fcl j\u00f3t\u00e9kony hat\u00e1ssal van az eg\u00e9szs\u00e9gre<\/strong>. A-vitamint, C-vitamint, cinket, B-vitamint, rostot, rezet, feh\u00e9rj\u00e9t \u00e9s B2-vitamint tartalmaz. <strong>D\u00edszn\u00f6v\u00e9nyk\u00e9nt<\/strong> rendk\u00edv\u00fcl n\u00e9pszer\u0171, \u00e9s a hibiszkusz vir\u00e1ga a legt\u00f6bb \u00e9lelmiszer\u00fczlet polcain tal\u00e1lhat\u00f3 gy\u00fcm\u00f6lcstea <strong>f\u0151 \u00f6sszetev\u0151je<\/strong>.<\/span><\/p>\n<p style=\"text-align: justify\"><span style=\"color: #000000\">B\u00e1r legink\u00e1bb a te\u00e1ra gondolunk, a hibiszkuszvir\u00e1ggal sz\u00e1mos m\u00e1s dolgot is k\u00e9sz\u00edthet\u00fcnk a konyh\u00e1ban.<\/span><\/p>\n<h2 style=\"text-align: justify\"><span style=\"color: #000000\">T\u00e1rol\u00e1s:<\/span><\/h2>\n<p style=\"text-align: justify\"><span style=\"color: #000000\">Sz\u00e1raz, s\u00f6t\u00e9t \u00e9s h\u0171v\u00f6s helyen t\u00e1rolja. \u00dcgyeljen arra, hogy a zacsk\u00f3 vagy doboz szorosan z\u00e1rva legyen.<\/span><\/p>\n<h2 style=\"text-align: justify\"><span style=\"color: #000000\">Csomagol\u00e1s<\/span><\/h2>\n<p><span style=\"color: #000000\">Nem \u00e1tereszt\u0151 cipz\u00e1ras zacsk\u00f3, amelyben a term\u00e9k meg\u0151rzi minden frissess\u00e9g\u00e9t \u00e9s arom\u00e1j\u00e1t. A csomagol\u00e1s v\u00e9d a f\u00e9nyt\u0151l \u00e9s a leveg\u0151t\u0151l, mivel t\u00f6bb r\u00e9tegb\u0151l \u00e1ll, hogy meg\u0151rizze a tartalom tulajdons\u00e1gait.<\/span><\/p>\n<p><span style=\"color: #000000\">A csomagol\u00e1s nagyon praktikus \u00e9s \u00fajrahasznos\u00edthat\u00f3.<\/span><\/p>\n<h2><span style=\"color: #000000\">Sz\u00e1rmaz\u00e1si hely<\/span><\/h2>\n<p><span style=\"color: #000000\">Niger<\/span><\/p>\n","protected":false},"excerpt":{"rendered":"<p style=\"text-align: justify\">A legt\u00f6bb gy\u00fcm\u00f6lcstea f\u0151 \u00f6sszetev\u0151je a hibiszkuszvir\u00e1g. A hibiszkuszvir\u00e1got sz\u00e1mos alkoholos \u00e9s alkoholmentes italhoz is hozz\u00e1adhatjuk. A hibiszkuszb\u00f3l gin k\u00e9sz\u00edthet\u0151, amelyet a hibiszkusz gy\u00f6ny\u00f6r\u0171 r\u00f3zsasz\u00edn\u0171re sz\u00ednez, \u00e9s jellegzetes \u00edze van. A hibiszkusz f\u0171szerkever\u00e9kekben, sal\u00e1t\u00e1kban, z\u00f6lds\u00e9g- \u00e9s h\u00fas\u00e9telekben, desszertekben \u00e9s kr\u00e9mekben is felhaszn\u00e1lhat\u00f3.<\/p>\n<p>\ud83d\udc9a A hibiszkusz kiv\u00e1l\u00f3an alkalmas a magas v\u00e9rnyom\u00e1s cs\u00f6kkent\u00e9s\u00e9re.<\/p>\n<p>\ud83d\udc9a Seg\u00edt enyh\u00edteni a depresszi\u00f3 \u00e9s az idegess\u00e9g t\u00fcneteit.<\/p>\n<p>\ud83d\udc9a A C- \u00e9s A-vitamin miatt nagyszer\u0171 a b\u0151rnek.<\/p>\n<p>\ud83d\udc9a Antioxid\u00e1ns tulajdons\u00e1gokkal rendelkezik.<\/p>\n","protected":false},"featured_media":6363,"comment_status":"open","ping_status":"closed","template":"","meta":{"_acf_changed":false},"product_brand":[],"product_cat":[224,225,239,205],"product_tag":[],"class_list":{"0":"post-6362","1":"product","2":"type-product","3":"status-publish","4":"has-post-thumbnail","6":"product_cat-ajanlat","7":"product_cat-minden-termek","8":"product_cat-tea","9":"product_cat-tea-es-etelek-es-fuszerek","11":"first","12":"instock","13":"sale","14":"taxable","15":"shipping-taxable","16":"purchasable","17":"product-type-simple"},"acf":[],"_links":{"self":[{"href":"https:\/\/fengchashop.com\/hu\/wp-json\/wp\/v2\/product\/6362","targetHints":{"allow":["GET"]}}],"collection":[{"href":"https:\/\/fengchashop.com\/hu\/wp-json\/wp\/v2\/product"}],"about":[{"href":"https:\/\/fengchashop.com\/hu\/wp-json\/wp\/v2\/types\/product"}],"replies":[{"embeddable":true,"href":"https:\/\/fengchashop.com\/hu\/wp-json\/wp\/v2\/comments?post=6362"}],"wp:featuredmedia":[{"embeddable":true,"href":"https:\/\/fengchashop.com\/hu\/wp-json\/wp\/v2\/media\/6363"}],"wp:attachment":[{"href":"https:\/\/fengchashop.com\/hu\/wp-json\/wp\/v2\/media?parent=6362"}],"wp:term":[{"taxonomy":"product_brand","embeddable":true,"href":"https:\/\/fengchashop.com\/hu\/wp-json\/wp\/v2\/product_brand?post=6362"},{"taxonomy":"product_cat","embeddable":true,"href":"https:\/\/fengchashop.com\/hu\/wp-json\/wp\/v2\/product_cat?post=6362"},{"taxonomy":"product_tag","embeddable":true,"href":"https:\/\/fengchashop.com\/hu\/wp-json\/wp\/v2\/product_tag?post=6362"}],"curies":[{"name":"wp","href":"https:\/\/api.w.org\/{rel}","templated":true}]}}