{"id":6346,"date":"2022-05-23T13:50:42","date_gmt":"2022-05-23T11:50:42","guid":{"rendered":"https:\/\/fengchashop.com\/hu\/product\/jiaogulan-tea-100-g\/"},"modified":"2026-04-29T13:49:43","modified_gmt":"2026-04-29T11:49:43","slug":"jiaogulan-tea","status":"publish","type":"product","link":"https:\/\/fengchashop.com\/hu\/product\/jiaogulan-tea\/","title":{"rendered":"Jiaogulan tea 100 g"},"content":{"rendered":"<h2 style=\"text-align: justify\"><span style=\"color: #000000\">Jiaogulan (gy\u00f3gytea)<\/span><\/h2>\n<p style=\"text-align: justify\"><span style=\"color: #000000\">A Jiaogulan egy gy\u00f3gytea, m\u00e1s n\u00e9ven Jiao Gu Lan vagy <strong>Gynostemma<\/strong>. Err\u0151l a gy\u00f3gyte\u00e1r\u00f3l azt mondj\u00e1k, hogy <strong>a halhatatlans\u00e1g \u00e9s a hossz\u00fa \u00e9let te\u00e1ja<\/strong>, mivel sz\u00e1mos olyan hat\u00f3anyagot tartalmaz, amelyek meghosszabb\u00edtj\u00e1k az \u00e9letet. Az els\u0151 ismert feljegyz\u00e9sek a te\u00e1r\u00f3l a Kr.e. 14. sz\u00e1zadb\u00f3l sz\u00e1rmaznak, \u00e9s K\u00edn\u00e1ban tal\u00e1lt\u00e1k \u0151ket, ahol a n\u00f6v\u00e9ny ma is n\u00e9lk\u00fcl\u00f6zhetetlen a hagyom\u00e1nyos orvosl\u00e1sban.<\/span><\/p>\n<p style=\"text-align: justify\"><span style=\"color: #000000\">A Jiaogulan egy tudom\u00e1nyosan kutatott gy\u00f3gyn\u00f6v\u00e9ny is, amelynek sz\u00e1mos pozit\u00edv hat\u00e1st tulajdon\u00edtottak. F\u0151k\u00e9nt <strong>gyullad\u00e1s ellen hat<\/strong>, <strong>m\u00e9regtelen\u00edt<\/strong> \u00e9s <strong>\u00f6reged\u00e9sg\u00e1tl\u00f3 hat\u00e1s\u00fa<\/strong>. Ezen k\u00edv\u00fcl a jiaogulan <strong>er\u0151s antioxid\u00e1ns<\/strong> is. <strong>N\u00f6veli az energi\u00e1t<\/strong>, <strong>Egyens\u00falyba<\/strong> helyezi a testet \u00e9s <strong>jav\u00edtja az \u00e1ltal\u00e1nos k\u00f6z\u00e9rzetet<\/strong>, ak\u00e1rcsak a ginzeng. A hagyom\u00e1nyos k\u00ednai orvosl\u00e1s szerint j\u00f3t\u00e9kony hat\u00e1ssal van a kr\u00f3nikus f\u00e1radts\u00e1g szindr\u00f3m\u00e1ra \u00e9s a sz\u00edvdobog\u00e1s\u00e9rz\u00e9sre (mellkasi dobog\u00f3 \u00e9rz\u00e9s, palpit\u00e1ci\u00f3). Gyakran haszn\u00e1lj\u00e1k a <strong>cukorbetegs\u00e9g<\/strong> \u00e9s a<strong>magas koleszterin<\/strong> enyh\u00edt\u00e9s\u00e9re, valamint a stressz k\u00f6vetkezm\u00e9nyeinek megel\u0151z\u00e9s\u00e9re, amelyek <strong>szorong\u00e1shoz<\/strong> vezetnek. Rendszeres haszn\u00e1lat\u00e1val teljesen kihaszn\u00e1lhatja a gy\u00f3gytea hat\u00e1sait, m\u00edg a m\u00e9rt\u00e9kletess\u00e9g biztons\u00e1gos fogyaszt\u00e1st is biztos\u00edt mell\u00e9k- \u00e9s nemk\u00edv\u00e1natos hat\u00e1sok n\u00e9lk\u00fcl.<\/span><\/p>\n<h2 style=\"text-align: justify\"><span style=\"color: #000000\">Seg\u00edt egyens\u00falyba hozni test\u00fcnket<\/span><\/h2>\n<p style=\"text-align: justify\"><span style=\"color: #000000\">A jiaogulan <strong>adaptog\u00e9n<\/strong>. Az adaptog\u00e9n n\u00f6v\u00e9nyek seg\u00edtik a szervezetet alkalmazkodni a k\u00fcl\u00f6nf\u00e9le negat\u00edv k\u00f6rnyezeti t\u00e9nyez\u0151kh\u00f6z. K\u00e9pesek szab\u00e1lyozni \u00e9s ir\u00e1ny\u00edtani a mirigy- \u00e9s hormonrendszereket, az ideg-, sz\u00edv- \u00e9s \u00e9rrendszert, valamint az izmokat.<\/span><\/p>\n<p><span style=\"color: #000000\">Az adaptog\u00e9nek gondoskodnak a l\u00e9tfontoss\u00e1g\u00fa szervek eg\u00e9szs\u00e9g\u00e9r\u0151l \u00e9s seg\u00edtenek a v\u00e9rcukorszint szab\u00e1lyoz\u00e1s\u00e1ban, jav\u00edtj\u00e1k a m\u00e1j, a gyomor-b\u00e9l traktus \u00e9s a b\u0151r m\u0171k\u00f6d\u00e9s\u00e9t. Er\u0151s\u00edtik \u00e9s energiz\u00e1lj\u00e1k a testet. Emellett serkentik a mell\u00e9kvese m\u0171k\u00f6d\u00e9s\u00e9t, \u00e9s ez\u00e1ltal seg\u00edtik a szervezetet hat\u00e9konyan megbirk\u00f3zni a stresszel, amely fizikai t\u00e9nyez\u0151k (fert\u0151z\u00e9sek, s\u00e9r\u00fcl\u00e9sek, el\u00e9gtelen alv\u00e1s) vagy pszich\u00e9s t\u00e9nyez\u0151k (szorong\u00e1s) k\u00f6vetkezm\u00e9nye.<\/span><\/p>\n<h2 style=\"text-align: justify\"><span style=\"color: #000000\">Egy\u00e9b elnevez\u00e9sek<\/span><\/h2>\n<p style=\"text-align: justify\"><span style=\"color: #000000\"><em>Gynostemma pentalhyllum<\/em>. A ginzenghez hasonl\u00f3 hat\u00e1sa \u00e9s \u00edze miatt n\u00e9ha <em>d\u00e9li ginzengnek<\/em> is nevezik, mivel K\u00edna d\u00e9li r\u00e9szeib\u0151l sz\u00e1rmazik.<\/span><\/p>\n<h2><span style=\"color: #000000\">Kin\u00e9zet<\/span><\/h2>\n<p style=\"text-align: justify\"><span style=\"color: #000000\">Szorosan \u00f6sszecsavarodott s\u00f6t\u00e9tz\u00f6ld levelecsk\u00e9k, apr\u00f3 \u00e1gakkal.<\/span><\/p>\n<h2 style=\"text-align: justify\"><span style=\"color: #000000\">\u00cdz \u00e9s aroma<\/span><\/h2>\n<p style=\"text-align: justify\"><span style=\"color: #000000\">Jiaogul\u00e1nunkat \u00e9rintetlen term\u00e9szet\u0171 vad \u00e9l\u0151helyekr\u0151l gy\u0171jtik. \u00c9rdekes <strong>\u00e9des \u00edz\u0171<\/strong>, nagyon hasonl\u00edt a ginzenghez. A Jiaogulan hat\u00e1rozottan \u00edzletes, de mindenekel\u0151tt eg\u00e9szs\u00e9ges v\u00e1laszt\u00e1s a gy\u00f3gyte\u00e1k szerelmeseinek.<\/span><\/p>\n<h2><span style=\"color: #000000\">T\u00e1rol\u00e1s<\/span><\/h2>\n<p><span style=\"color: #000000\">T\u00e1rolja sz\u00e1raz, s\u00f6t\u00e9t \u00e9s h\u0171v\u00f6s helyen.<\/span><\/p>\n<h2><span style=\"color: #000000\">Csomagol\u00e1s<\/span><\/h2>\n<p><span style=\"color: #000000\">L\u00e9gmentesen z\u00e1rhat\u00f3 tasak, amelyben a term\u00e9k meg\u0151rzi minden frissess\u00e9g\u00e9t \u00e9s arom\u00e1j\u00e1t. A csomagol\u00e1s v\u00e9d a f\u00e9nyt\u0151l \u00e9s a leveg\u0151t\u0151l, mivel t\u00f6bb v\u00e9d\u0151r\u00e9tegb\u0151l \u00e1ll, amelyek meg\u0151rzik a tartalom tulajdons\u00e1gait.<\/span><\/p>\n<p><span style=\"color: #000000\">A csomagol\u00e1s nagyon praktikus \u00e9s \u00fajrahasznos\u00edthat\u00f3.<\/span><\/p>\n<h2><span style=\"color: #000000\">Sz\u00e1rmaz\u00e1s<\/span><\/h2>\n<p><span style=\"color: #000000\">K\u00edna. K\u00fcl\u00f6n\u00f6sen megb\u00edzhat\u00f3 besz\u00e1ll\u00edt\u00f3kkal rendelkez\u00fcnk, akik minden egyes t\u00e9telr\u0151l r\u00e9szletes k\u00e9miai elemz\u00e9st k\u00fcldenek nek\u00fcnk. T\u00f6bb mint 10 \u00e9v alatt soha nem volt reklam\u00e1ci\u00f3 vagy b\u00e1rmilyen m\u00e1s probl\u00e9m\u00e1nk ezzel a term\u00e9kkel, sem m\u00e1s term\u00e9kkel ugyanatt\u00f3l a besz\u00e1ll\u00edt\u00f3t\u00f3l.<\/span><\/p>\n","protected":false},"excerpt":{"rendered":"<p>Egy tudom\u00e1nyosan kutatott gy\u00f3gyn\u00f6v\u00e9ny, amelynek sz\u00e1mos pozit\u00edv hat\u00e1st tulajdon\u00edtottak. F\u0151k\u00e9nt <strong>gyullad\u00e1s ellen hat<\/strong>, <strong>m\u00e9regtelen\u00edt<\/strong> \u00e9s <strong>\u00f6reged\u00e9sg\u00e1tl\u00f3 hat\u00e1s\u00fa<\/strong>. A hagyom\u00e1nyos k\u00ednai orvosl\u00e1s szerint j\u00f3t\u00e9kony hat\u00e1ssal van a kr\u00f3nikus f\u00e1radts\u00e1g szindr\u00f3m\u00e1ra \u00e9s a sz\u00edvdobog\u00e1s\u00e9rz\u00e9sre (mellkasi dobog\u00f3 \u00e9rz\u00e9s, palpit\u00e1ci\u00f3). Gyakran haszn\u00e1lj\u00e1k a <strong>cukorbetegs\u00e9g<\/strong> \u00e9s a<strong>magas koleszterin<\/strong> enyh\u00edt\u00e9s\u00e9re, valamint a stressz k\u00f6vetkezm\u00e9nyeinek megel\u0151z\u00e9s\u00e9re, amelyek <strong>szorong\u00e1shoz<\/strong> vezetnek.<\/p>\n<p>\ud83d\udc9a Gy\u00f3gytea.<br \/>\n\ud83d\udc9a A halhatatlans\u00e1g \u00e9s a hossz\u00fa \u00e9let te\u00e1ja.<br \/>\n\ud83d\udc9a Adaptog\u00e9n.<br \/>\n\ud83d\udc9a Er\u0151teljes antioxid\u00e1ns.<\/p>\n","protected":false},"featured_media":6347,"comment_status":"open","ping_status":"closed","template":"","meta":{"_acf_changed":false},"product_brand":[],"product_cat":[224,225,239,205],"product_tag":[],"class_list":{"0":"post-6346","1":"product","2":"type-product","3":"status-publish","4":"has-post-thumbnail","6":"product_cat-ajanlat","7":"product_cat-minden-termek","8":"product_cat-tea","9":"product_cat-tea-es-etelek-es-fuszerek","11":"first","12":"instock","13":"sale","14":"taxable","15":"shipping-taxable","16":"purchasable","17":"product-type-simple"},"acf":[],"_links":{"self":[{"href":"https:\/\/fengchashop.com\/hu\/wp-json\/wp\/v2\/product\/6346","targetHints":{"allow":["GET"]}}],"collection":[{"href":"https:\/\/fengchashop.com\/hu\/wp-json\/wp\/v2\/product"}],"about":[{"href":"https:\/\/fengchashop.com\/hu\/wp-json\/wp\/v2\/types\/product"}],"replies":[{"embeddable":true,"href":"https:\/\/fengchashop.com\/hu\/wp-json\/wp\/v2\/comments?post=6346"}],"wp:featuredmedia":[{"embeddable":true,"href":"https:\/\/fengchashop.com\/hu\/wp-json\/wp\/v2\/media\/6347"}],"wp:attachment":[{"href":"https:\/\/fengchashop.com\/hu\/wp-json\/wp\/v2\/media?parent=6346"}],"wp:term":[{"taxonomy":"product_brand","embeddable":true,"href":"https:\/\/fengchashop.com\/hu\/wp-json\/wp\/v2\/product_brand?post=6346"},{"taxonomy":"product_cat","embeddable":true,"href":"https:\/\/fengchashop.com\/hu\/wp-json\/wp\/v2\/product_cat?post=6346"},{"taxonomy":"product_tag","embeddable":true,"href":"https:\/\/fengchashop.com\/hu\/wp-json\/wp\/v2\/product_tag?post=6346"}],"curies":[{"name":"wp","href":"https:\/\/api.w.org\/{rel}","templated":true}]}}