{"id":6285,"date":"2022-05-21T06:15:13","date_gmt":"2022-05-21T04:15:13","guid":{"rendered":"https:\/\/fengchashop.com\/hu\/product\/rooibos-bio-200-g\/"},"modified":"2026-05-12T17:17:14","modified_gmt":"2026-05-12T15:17:14","slug":"rooibos-bio","status":"publish","type":"product","link":"https:\/\/fengchashop.com\/hu\/product\/rooibos-bio\/","title":{"rendered":"Rooibos BIO 200 g"},"content":{"rendered":"<h2><span style=\"color: #000000\">Rooibos BIO<\/span><\/h2>\n<p><span style=\"color: #000000\">A rooibos egy gy\u00f3gyn\u00f6v\u00e9nyes cserje, amely a D\u00e9l-afrikai K\u00f6zt\u00e1rsas\u00e1gban vir\u00e1gzik. A helyiek v\u00f6r\u00f6s bokornak h\u00edvj\u00e1k. A gallyakat tartalmaz\u00f3 sz\u00f3r\u00f3lapokat \u00f6sszegy\u0171jtik \u00e9s napon sz\u00e1r\u00edtj\u00e1k. Itt megy v\u00e9gbe az erjed\u00e9s, ahol a z\u00f6ld levelek kipirosodnak. A tea nem tartalmaz koffeint, est\u00e9nk\u00e9nt is fogyaszthat\u00f3.<\/span><\/p>\n<p><span style=\"color: #000000\">Vil\u00e1gszerte rendk\u00edv\u00fcl n\u00e9pszer\u0171 ital, hiszen term\u00e9szetes \u00e9des \u00edz\u00e9vel \u00e9s sz\u00e1mos j\u00f3t\u00e9kony hat\u00e1s\u00e1val ny\u0171g\u00f6z le. A rooibos tea sz\u00e1mos antioxid\u00e1nst, \u00e1sv\u00e1nyi anyagot \u00e9s \u00e1sv\u00e1nyi anyagot tartalmaz. Rooibos te\u00e1nk biotermeszt\u00e9sb\u0151l sz\u00e1rmazik.<\/span><\/p>\n<h2><span style=\"color: #000000\">T\u00e1rol\u00e1s<\/span><\/h2>\n<p><span style=\"color: #000000\">A rooibost sz\u00e1raz, s\u00f6t\u00e9t \u00e9s h\u0171v\u00f6s helyen t\u00e1rolja.<\/span><\/p>\n<h2><span style=\"color: #000000\">Csomagol\u00e1s<\/span><\/h2>\n<p><span style=\"color: #000000\">L\u00e9gmentesen z\u00e1r\u00f3d\u00f3 cipz\u00e1ras t\u00e1ska, ahol a term\u00e9k meg\u0151rzi minden frissess\u00e9g\u00e9t \u00e9s arom\u00e1j\u00e1t. A csomagol\u00e1s v\u00e9d a f\u00e9nyt\u0151l \u00e9s a leveg\u0151t\u0151l. T\u00f6bb v\u00e9delmi r\u00e9tegb\u0151l \u00e1ll, amelyek meg\u0151rzik a term\u00e9k tulajdons\u00e1gait.<\/span><\/p>\n<p><span style=\"color: #000000\">A csomagol\u00e1s nagyon praktikus \u00e9s lehet\u0151v\u00e9 teszi az \u00fajrahasznos\u00edt\u00e1st.<\/span><\/p>\n<h2><span style=\"color: #000000\">Sz\u00e1rmaz\u00e1s<\/span><\/h2>\n<p><span style=\"color: #000000\">D\u00e9l-afrikai K\u00f6zt\u00e1rsas\u00e1g<\/span><\/p>\n","protected":false},"excerpt":{"rendered":"<p>A rooibos rendk\u00edv\u00fcl n\u00e9pszer\u0171 ital az eg\u00e9sz vil\u00e1gon, hiszen term\u00e9szetes \u00e9des \u00edz\u00e9vel \u00e9s sz\u00e1mos j\u00f3t\u00e9kony hat\u00e1s\u00e1val leny\u0171g\u00f6z.<\/p>\n<p>\ud83d\udc9a Rengeteg antioxid\u00e1nst, \u00e1sv\u00e1nyi anyagot \u00e9s \u00e1sv\u00e1nyi anyagot tartalmaz.<br \/>\n\ud83d\udc9a Bio termel\u00e9sb\u0151l sz\u00e1rmazik.<\/p>\n<p>&nbsp;<\/p>\n","protected":false},"featured_media":6286,"comment_status":"open","ping_status":"closed","template":"","meta":{"_acf_changed":false},"product_brand":[],"product_cat":[224,225,239,205],"product_tag":[],"class_list":{"0":"post-6285","1":"product","2":"type-product","3":"status-publish","4":"has-post-thumbnail","6":"product_cat-ajanlat","7":"product_cat-minden-termek","8":"product_cat-tea","9":"product_cat-tea-es-etelek-es-fuszerek","11":"first","12":"instock","13":"sale","14":"taxable","15":"shipping-taxable","16":"purchasable","17":"product-type-simple"},"acf":[],"_links":{"self":[{"href":"https:\/\/fengchashop.com\/hu\/wp-json\/wp\/v2\/product\/6285","targetHints":{"allow":["GET"]}}],"collection":[{"href":"https:\/\/fengchashop.com\/hu\/wp-json\/wp\/v2\/product"}],"about":[{"href":"https:\/\/fengchashop.com\/hu\/wp-json\/wp\/v2\/types\/product"}],"replies":[{"embeddable":true,"href":"https:\/\/fengchashop.com\/hu\/wp-json\/wp\/v2\/comments?post=6285"}],"wp:featuredmedia":[{"embeddable":true,"href":"https:\/\/fengchashop.com\/hu\/wp-json\/wp\/v2\/media\/6286"}],"wp:attachment":[{"href":"https:\/\/fengchashop.com\/hu\/wp-json\/wp\/v2\/media?parent=6285"}],"wp:term":[{"taxonomy":"product_brand","embeddable":true,"href":"https:\/\/fengchashop.com\/hu\/wp-json\/wp\/v2\/product_brand?post=6285"},{"taxonomy":"product_cat","embeddable":true,"href":"https:\/\/fengchashop.com\/hu\/wp-json\/wp\/v2\/product_cat?post=6285"},{"taxonomy":"product_tag","embeddable":true,"href":"https:\/\/fengchashop.com\/hu\/wp-json\/wp\/v2\/product_tag?post=6285"}],"curies":[{"name":"wp","href":"https:\/\/api.w.org\/{rel}","templated":true}]}}