{"id":6273,"date":"2022-05-21T06:02:22","date_gmt":"2022-05-21T04:02:22","guid":{"rendered":"https:\/\/fengchashop.com\/hu\/product\/earl-grey-bio-100-g\/"},"modified":"2026-05-10T18:38:52","modified_gmt":"2026-05-10T16:38:52","slug":"earl-grey-bio","status":"publish","type":"product","link":"https:\/\/fengchashop.com\/hu\/product\/earl-grey-bio\/","title":{"rendered":"Earl Grey BIO 100 g"},"content":{"rendered":"<h2><span style=\"color: #000000\">Earl Grey\u00a0 bio\u00a0<\/span><\/h2>\n<p><span style=\"color: #000000\">Indiai \u00e9s Ceylon \u00fcltetv\u00e9nyekr\u0151l sz\u00e1rmaz\u00f3 fekete tea Earl Grey kever\u00e9ke a bergamott olaj term\u00e9szetes arom\u00e1j\u00e1val. Biogazd\u00e1lkod\u00e1sb\u00f3l sz\u00e1rmazik.<\/span><\/p>\n<h2><span style=\"color: #000000\">T\u00e1rol\u00e1s<\/span><\/h2>\n<p><span style=\"color: #000000\">T\u00e1rolja sz\u00e1raz, s\u00f6t\u00e9t \u00e9s h\u0171v\u00f6s helyen.<\/span><\/p>\n<h2><span style=\"color: #000000\">Csomagol\u00e1s<\/span><\/h2>\n<p><span style=\"color: #000000\">L\u00e9gmentesen z\u00e1rhat\u00f3 tasak, amelyben a term\u00e9k meg\u0151rzi minden frissess\u00e9g\u00e9t \u00e9s arom\u00e1j\u00e1t. A csomagol\u00e1s v\u00e9d a f\u00e9nyt\u0151l \u00e9s a leveg\u0151t\u0151l, mivel t\u00f6bb v\u00e9d\u0151r\u00e9tegb\u0151l \u00e1ll, amelyek meg\u0151rzik a tartalom tulajdons\u00e1gait.<\/span><\/p>\n<p><span style=\"color: #000000\">A csomagol\u00e1s nagyon praktikus \u00e9s \u00fajrahasznos\u00edthat\u00f3.<\/span><\/p>\n","protected":false},"excerpt":{"rendered":"<p>Indiai \u00e9s Ceylon \u00fcltetv\u00e9nyekr\u0151l sz\u00e1rmaz\u00f3 fekete tea Earl Grey kever\u00e9ke a bergamott olaj term\u00e9szetes arom\u00e1j\u00e1val.<\/p>\n<p>\ud83d\udc9a Bio termel\u00e9sb\u0151l sz\u00e1rmazik.<br \/>\n\ud83d\udc9a Kellemes illat.<br \/>\n\ud83d\udc9a \u00c9breszt\u00e9shez ide\u00e1lis.<\/p>\n","protected":false},"featured_media":6274,"comment_status":"open","ping_status":"closed","template":"","meta":{"_acf_changed":false},"product_brand":[],"product_cat":[224,225,239,205],"product_tag":[],"class_list":{"0":"post-6273","1":"product","2":"type-product","3":"status-publish","4":"has-post-thumbnail","6":"product_cat-ajanlat","7":"product_cat-minden-termek","8":"product_cat-tea","9":"product_cat-tea-es-etelek-es-fuszerek","11":"first","12":"instock","13":"taxable","14":"shipping-taxable","15":"purchasable","16":"product-type-simple"},"acf":[],"_links":{"self":[{"href":"https:\/\/fengchashop.com\/hu\/wp-json\/wp\/v2\/product\/6273","targetHints":{"allow":["GET"]}}],"collection":[{"href":"https:\/\/fengchashop.com\/hu\/wp-json\/wp\/v2\/product"}],"about":[{"href":"https:\/\/fengchashop.com\/hu\/wp-json\/wp\/v2\/types\/product"}],"replies":[{"embeddable":true,"href":"https:\/\/fengchashop.com\/hu\/wp-json\/wp\/v2\/comments?post=6273"}],"wp:featuredmedia":[{"embeddable":true,"href":"https:\/\/fengchashop.com\/hu\/wp-json\/wp\/v2\/media\/6274"}],"wp:attachment":[{"href":"https:\/\/fengchashop.com\/hu\/wp-json\/wp\/v2\/media?parent=6273"}],"wp:term":[{"taxonomy":"product_brand","embeddable":true,"href":"https:\/\/fengchashop.com\/hu\/wp-json\/wp\/v2\/product_brand?post=6273"},{"taxonomy":"product_cat","embeddable":true,"href":"https:\/\/fengchashop.com\/hu\/wp-json\/wp\/v2\/product_cat?post=6273"},{"taxonomy":"product_tag","embeddable":true,"href":"https:\/\/fengchashop.com\/hu\/wp-json\/wp\/v2\/product_tag?post=6273"}],"curies":[{"name":"wp","href":"https:\/\/api.w.org\/{rel}","templated":true}]}}