{"id":6269,"date":"2022-05-21T05:51:38","date_gmt":"2022-05-21T03:51:38","guid":{"rendered":"https:\/\/fengchashop.com\/hu\/product\/autofagia-tea-bio-100-g\/"},"modified":"2026-05-11T20:03:55","modified_gmt":"2026-05-11T18:03:55","slug":"autofagia-tea-bio-100-g","status":"publish","type":"product","link":"https:\/\/fengchashop.com\/hu\/product\/autofagia-tea-bio-100-g\/","title":{"rendered":"Autof\u00e1gia tea BIO 100 g"},"content":{"rendered":"<h2><span style=\"color: #000000\">Autof\u00e1gia tea Bio<\/span><\/h2>\n<p><span style=\"color: #000000\">Az autof\u00e1gia vagy autofagocit\u00f3zis \u00f3g\u00f6r\u00f6g nyelven saj\u00e1t magunk felfal\u00e1s\u00e1t jelenti. Ez a sejt term\u00e9szetes, szab\u00e1lyozott mechanizmusa, amely elt\u00e1vol\u00edtja a sejtb\u0151l a sz\u00fcks\u00e9gtelen vagy nem m\u0171k\u00f6d\u0151 komponenseket. 2016-ban a jap\u00e1n Yoshinori Ohsum Nobel-d\u00edjat kapott az autof\u00e1gia \u00e9s annak molekul\u00e1ris mechanizmusainak felfedez\u00e9s\u00e9\u00e9rt.<\/span><\/p>\n<p><span style=\"color: #000000\">Az autof\u00e1gia seg\u00edt a sejtnek meg\u00fajulni, elt\u00e1vol\u00edtani a felesleges anyagokat \u00e9s \u00fajra felragyogni. Mi magunk is seg\u00edthet\u00fcnk az autof\u00e1gia aktiv\u00e1l\u00e1s\u00e1ban, ez\u00e1ltal szervezet\u00fcnk eg\u00e9szs\u00e9g\u00e9nek jav\u00edt\u00e1s\u00e1ban, immunrendszer\u00fcnk er\u0151s\u00edt\u00e9s\u00e9ben, a gyullad\u00e1sok cs\u00f6kkent\u00e9s\u00e9ben, t\u00f6bb energi\u00e1nk lehet, jobbat alhatunk, b\u0151r\u00fcnket \u00fajra ragyog\u00f3v\u00e1 var\u00e1zsolhatjuk, \u00e9s lass\u00edthatjuk az \u00f6reged\u00e9st.<\/span><\/p>\n<p><span style=\"color: #000000\"><strong>Az autof\u00e1gia aktiv\u00e1lhat\u00f3:<\/strong><\/span><\/p>\n<p><span style=\"color: #000000\">\ud83d\udc9a szakaszos b\u00f6jttel<\/span><\/p>\n<p><span style=\"color: #000000\">\ud83d\udc9a intervallum edz\u00e9ssel<\/span><\/p>\n<p><span style=\"color: #000000\">\ud83d\udc9a ha lefekv\u00e9s el\u0151tt legal\u00e1bb 30 percig nem haszn\u00e1lunk elektronikus eszk\u00f6z\u00f6ket<\/span><\/p>\n<p><span style=\"color: #000000\">\ud83d\udc9a ha eg\u00e9szs\u00e9ges zs\u00edrokkal kezdj\u00fck a napot<\/span><\/p>\n<p><span style=\"color: #000000\">\ud83d\udc9a autof\u00e1gia te\u00e1val.<\/span><\/p>\n<p><span style=\"color: #000000\">Az Autof\u00e1gia tea <strong>olyan \u00f6sszetev\u0151ket tartalmaz, amelyek aktiv\u00e1lj\u00e1k az autof\u00e1gia folyamat\u00e1t<\/strong> &#8211; ezek a bergamott ill\u00f3olaj, a fekete tea, a z\u00f6ld tea \u00e9s a fah\u00e9j.<\/span><\/p>\n<p><span style=\"color: #000000\">Az<strong> autof\u00e1gia tea elk\u00e9sz\u00edt\u00e9s\u00e9hez<\/strong> k\u00f3kuszolajra is sz\u00fcks\u00e9g lesz. A v\u00e9g\u00e9n, amikor m\u00e1r elk\u00e9sz\u00edtette a te\u00e1t, csak adjon hozz\u00e1 egy te\u00e1skan\u00e1l k\u00f3kuszolajat, \u00e9s \u00e9lvezze a te\u00e1z\u00e1st. A k\u00f3kuszolaj is sz\u00fcks\u00e9ges az autof\u00e1gia folyamat\u00e1nak aktiv\u00e1l\u00e1s\u00e1hoz.<\/span><\/p>\n<h2><span style=\"color: #000000\">T\u00e1rol\u00e1s<\/span><\/h2>\n<p><span style=\"color: #000000\">T\u00e1rolja sz\u00e1raz, s\u00f6t\u00e9t \u00e9s h\u0171v\u00f6s helyen.<\/span><\/p>\n<h2><span style=\"color: #000000\">Csomagol\u00e1s<\/span><\/h2>\n<p><span style=\"color: #000000\">L\u00e9gmentesen z\u00e1rhat\u00f3 tasak, amelyben a term\u00e9k meg\u0151rzi minden frissess\u00e9g\u00e9t \u00e9s arom\u00e1j\u00e1t. A csomagol\u00e1s v\u00e9d a f\u00e9nyt\u0151l \u00e9s a leveg\u0151t\u0151l, mivel t\u00f6bb v\u00e9d\u0151r\u00e9tegb\u0151l \u00e1ll, amelyek meg\u0151rzik a tartalom tulajdons\u00e1gait.<\/span><\/p>\n<p><span style=\"color: #000000\">A csomagol\u00e1s nagyon praktikus \u00e9s \u00fajrahasznos\u00edthat\u00f3.<\/span><\/p>\n<h2><span style=\"color: #000000\">Sz\u00e1rmaz\u00e1s<\/span><\/h2>\n<p><span style=\"color: #000000\">Szlov\u00e9ni\u00e1ban k\u00e9sz\u00fclt<\/span><\/p>\n","protected":false},"excerpt":{"rendered":"<p>Az autof\u00e1gia vagy autofagocit\u00f3zis \u00f3g\u00f6r\u00f6g nyelven saj\u00e1t magunk felfal\u00e1s\u00e1t jelenti. Ez a sejt term\u00e9szetes, szab\u00e1lyozott mechanizmusa, amely elt\u00e1vol\u00edtja a sejtb\u0151l a sz\u00fcks\u00e9gtelen vagy nem m\u0171k\u00f6d\u0151 komponenseket. 2016-ban a jap\u00e1n Yoshinori Ohsum Nobel-d\u00edjat kapott az autof\u00e1gia \u00e9s annak molekul\u00e1ris mechanizmusainak felfedez\u00e9s\u00e9\u00e9rt. Az autof\u00e1gia seg\u00edt a sejtnek meg\u00fajulni, elt\u00e1vol\u00edtani a felesleges anyagokat \u00e9s \u00fajra felragyogni. Mi magunk is seg\u00edthet\u00fcnk az autof\u00e1gia aktiv\u00e1l\u00e1s\u00e1ban, ez\u00e1ltal szervezet\u00fcnk eg\u00e9szs\u00e9g\u00e9nek jav\u00edt\u00e1s\u00e1ban, immunrendszer\u00fcnk er\u0151s\u00edt\u00e9s\u00e9ben, a gyullad\u00e1sok cs\u00f6kkent\u00e9s\u00e9ben, t\u00f6bb energi\u00e1nk lehet, jobbat alhatunk, b\u0151r\u00fcnket \u00fajra ragyog\u00f3v\u00e1 var\u00e1zsolhatjuk, \u00e9s lass\u00edthatjuk az \u00f6reged\u00e9st.<\/p>\n<p>\ud83d\udc9a Az autof\u00e1gia tea olyan \u00f6sszetev\u0151ket tartalmaz, amelyek aktiv\u00e1lj\u00e1k az autof\u00e1gia folyamat\u00e1t.<\/p>\n<p>\ud83d\udc9a Biotermel\u00e9sb\u0151l.<\/p>\n","protected":false},"featured_media":6270,"comment_status":"open","ping_status":"closed","template":"","meta":{"_acf_changed":false},"product_brand":[],"product_cat":[224,225,239,205],"product_tag":[],"class_list":{"0":"post-6269","1":"product","2":"type-product","3":"status-publish","4":"has-post-thumbnail","6":"product_cat-ajanlat","7":"product_cat-minden-termek","8":"product_cat-tea","9":"product_cat-tea-es-etelek-es-fuszerek","11":"first","12":"instock","13":"sale","14":"taxable","15":"shipping-taxable","16":"purchasable","17":"product-type-simple"},"acf":[],"_links":{"self":[{"href":"https:\/\/fengchashop.com\/hu\/wp-json\/wp\/v2\/product\/6269","targetHints":{"allow":["GET"]}}],"collection":[{"href":"https:\/\/fengchashop.com\/hu\/wp-json\/wp\/v2\/product"}],"about":[{"href":"https:\/\/fengchashop.com\/hu\/wp-json\/wp\/v2\/types\/product"}],"replies":[{"embeddable":true,"href":"https:\/\/fengchashop.com\/hu\/wp-json\/wp\/v2\/comments?post=6269"}],"wp:featuredmedia":[{"embeddable":true,"href":"https:\/\/fengchashop.com\/hu\/wp-json\/wp\/v2\/media\/6270"}],"wp:attachment":[{"href":"https:\/\/fengchashop.com\/hu\/wp-json\/wp\/v2\/media?parent=6269"}],"wp:term":[{"taxonomy":"product_brand","embeddable":true,"href":"https:\/\/fengchashop.com\/hu\/wp-json\/wp\/v2\/product_brand?post=6269"},{"taxonomy":"product_cat","embeddable":true,"href":"https:\/\/fengchashop.com\/hu\/wp-json\/wp\/v2\/product_cat?post=6269"},{"taxonomy":"product_tag","embeddable":true,"href":"https:\/\/fengchashop.com\/hu\/wp-json\/wp\/v2\/product_tag?post=6269"}],"curies":[{"name":"wp","href":"https:\/\/api.w.org\/{rel}","templated":true}]}}