{"id":6263,"date":"2022-05-20T18:33:35","date_gmt":"2022-05-20T16:33:35","guid":{"rendered":"https:\/\/fengchashop.com\/hu\/product\/dmso-100-ml\/"},"modified":"2026-04-29T02:18:24","modified_gmt":"2026-04-29T00:18:24","slug":"dmso","status":"publish","type":"product","link":"https:\/\/fengchashop.com\/hu\/product\/dmso\/","title":{"rendered":"DMSO 100 ml"},"content":{"rendered":"<h2><span style=\"color: #000000\">Szuper min\u0151s\u00e9g\u0171 DMSO<\/span><\/h2>\n<p><span style=\"color: #000000\">A <strong>Dimetilszulfoxidnak<\/strong>, m\u00e1s n\u00e9ven <strong>DMSO<\/strong>-nak k\u00fcl\u00f6nleges t\u00f6rt\u00e9nete van. A 19. sz\u00e1zad v\u00e9g\u00e9n \u00e9szleltek r\u00e1 erre a mell\u00e9kterm\u00e9kre N\u00e9metorsz\u00e1gban a <strong>pap\u00edrgy\u00e1rt\u00e1s sor\u00e1n<\/strong>, ugyanis old\u00f3szerk\u00e9nt haszn\u00e1lj\u00e1k, \u00e9s a f\u00e1ban tal\u00e1lhat\u00f3 vegyi anyagb\u00f3l sz\u00e1rmazik.<\/span><\/p>\n<p><span style=\"color: #000000\">Ez egy <strong>term\u00e9szetes term\u00e9k<\/strong>, amit <strong>fap\u00e9pb\u0151l<\/strong> k\u00e9sz\u00edtenek, \u00e9s helyes haszn\u00e1lat eset\u00e9n nem jelent eg\u00e9szs\u00e9g\u00fcgyi kock\u00e1zatot. A DMSO egy <strong>organikus, sz\u00edntelen, term\u00e9szetes, nem szintetiz\u00e1lt folyad\u00e9k<\/strong>, amit ligninb\u0151l nyernek, amely arr\u00f3l h\u00edres, hogy k\u00e9pes \u00e1tjutni a biol\u00f3giai membr\u00e1nokon, p\u00e9ld\u00e1ul a b\u0151r\u00f6n.<\/span><\/p>\n<p><span style=\"color: #000000\">A tud\u00f3sok a 20. sz\u00e1zad k\u00f6zep\u00e9n kezdt\u00e9k el tanulm\u00e1nyozni ennek az anyagnak a gyullad\u00e1scs\u00f6kkent\u0151 hat\u00e1s\u00e1t. Amerik\u00e1ban a DMSO egy v\u00e9nyk\u00f6teles gy\u00f3gyszer, amelyet az <strong>FDA<\/strong>\u00a0(Food and Drug Administration\/\u00c9lelmiszeri \u00e9s Gy\u00f3gyszer\u00e9szeti Hat\u00f3s\u00e1g) j\u00f3v\u00e1hagyott <strong>a f\u00e1jdalmas h\u00fagyh\u00f3lyag szindr\u00f3ma jeleinek \u00e9s t\u00fcneteinek kezel\u00e9s\u00e9re<\/strong>. Sz\u00fcks\u00e9g eset\u00e9n <strong>egy\u00e9b eg\u00e9szs\u00e9g\u00fcgyi rendelleness\u00e9gek kezel\u00e9s\u00e9re is haszn\u00e1lhat\u00f3<\/strong>. V\u00e9ny n\u00e9lk\u00fcl kaphat\u00f3, leggyakrabban g\u00e9l vagy kr\u00e9m form\u00e1j\u00e1ban.<\/span><\/p>\n<p><span style=\"color: #000000\">A DMSO egy sokoldal\u00fa old\u00f3szer. Beadhat\u00f3 <strong>intrav\u00e9n\u00e1san \u00e9s or\u00e1lisan<\/strong>, de mivel gyorsan \u00e1thatol a membr\u00e1nokon, <strong>j\u00f3l felsz\u00edv\u00f3dik a b\u0151rbe<\/strong>. Gyakran haszn\u00e1lj\u00e1k <strong>m\u00e1s gy\u00f3gyszerek felsz\u00edv\u00f3d\u00e1s\u00e1nak jav\u00edt\u00e1s\u00e1ra<\/strong> \u00e9s <strong>amiloid\u00f3zis kezel\u00e9s\u00e9re<\/strong>, ami egy olyan betegs\u00e9g, amelynek k\u00f6vetkezt\u00e9ben bizonyos feh\u00e9rj\u00e9k helytelen\u00fcl rak\u00f3dnak le a sz\u00f6vetekben \u00e9s a szervekben.<\/span><\/p>\n<h2><span style=\"color: #000000\">Milyen eg\u00e9szs\u00e9g\u00fcgyi \u00e1llapotok kezelhet\u0151k DMSO-val?<\/span><\/h2>\n<p><span style=\"color: #000000\"><em>\u00a0\ud83d\udc9a Lok\u00e1lis haszn\u00e1lattal<\/em>: <strong>sebeken, \u00e9g\u00e9si s\u00e9r\u00fcl\u00e9seken \u00e9s mozg\u00e1sszervi s\u00e9r\u00fcl\u00e9seken<\/strong> alkalmazva <strong>cs\u00f6kkenti a f\u00e1jdalmakat, felgyors\u00edtja a gy\u00f3gyul\u00e1st \u00e9s cs\u00f6kkenti a hegek l\u00e1that\u00f3s\u00e1g\u00e1t<\/strong>.<\/span><\/p>\n<p><span style=\"color: #000000\"><em>\u00a0\ud83d\udc9a Ezek gy\u00f3gy\u00edt\u00e1s\u00e1ra<\/em>: <strong>gyullad\u00e1sok, rheumatoid arthritis, osteoarthritis, sz\u00fcrkeh\u00e1lyog, z\u00f6ldh\u00e1lyog, k\u00f6r\u00f6mgomba, b\u0151rbetegs\u00e9gek<\/strong>\u00a0(scleroderma kezel\u00e9se \u2013 a b\u0151r\u00f6n hegesed\u00e9st okoz\u00f3 betegs\u00e9g), <strong>a kemoter\u00e1pia \u00e9s a fejf\u00e1j\u00e1s mell\u00e9khat\u00e1sai<\/strong>.<\/span><\/p>\n<p><span style=\"color: #000000\">Tekintettel arra, hogy a DMSO az alkalmaz\u00e1s ut\u00e1n perceken bel\u00fcl k\u00e9pes cs\u00f6kkenteni vagy megsz\u00fcntetni a f\u00e1jdalmat, amit sz\u00e1mos tanulm\u00e1ny igazolt, haszn\u00e1lata egyre n\u00e9pszer\u0171bb. A magukat DMSO-val kezel\u0151 emberek gyakran panaszkodnak a t\u00fal er\u0151s szagr\u00f3l, ami legink\u00e1bb a fokhagym\u00e1ra hasonl\u00edt.<\/span><\/p>\n<p><span style=\"color: #000000\">A DMSO utas\u00edt\u00e1s szerinti haszn\u00e1lata biztons\u00e1gos, mert a szervezetben <strong>antioxid\u00e1nsk\u00e9nt m\u0171k\u00f6dik,<\/strong>, ami semmilyen szempontb\u00f3l nem m\u00e9rgez\u0151.<\/span><\/p>\n<p><span style=\"color: #000000\"><em><strong>Hogyan m\u0171k\u00f6dik a DMSO?<\/strong><\/em><\/span><\/p>\n<p><span style=\"color: #000000\">\ud83d\udc9a v\u00e9ralvad\u00e1s ellen,<\/span><br \/>\n<span style=\"color: #000000\">\ud83d\udc9a gyullad\u00e1sok ellen,<\/span><br \/>\n<span style=\"color: #000000\">\ud83d\udc9a antivir\u00e1lis \u00e9s antibakteri\u00e1lis,<\/span><br \/>\n<span style=\"color: #000000\">\ud83d\udc9a gombaellenes,<\/span><br \/>\n<span style=\"color: #000000\">\ud83d\udc9a stimul\u00e1l\u00f3 (stimul\u00e1lja az immunrendszert),<\/span><br \/>\n<span style=\"color: #000000\">\ud83d\udc9a \u00e9rt\u00e1g\u00edt\u00f3 \u00e9s<\/span><br \/>\n<span style=\"color: #000000\">\ud83d\udc9a f\u00e1jdalomcsillap\u00edt\u00f3.<\/span><\/p>\n<h2><span style=\"color: #000000\">\u00c9rdekess\u00e9gek<\/span><\/h2>\n<p><span style=\"color: #000000\">Az 1970-es \u00e9vek v\u00e9g\u00e9n az FDA j\u00f3v\u00e1hagyta a DMSO-t mint<strong> seg\u00e9deszk\u00f6zt az interstici\u00e1lis cystitis kezel\u00e9s\u00e9ben<\/strong>\u00a0(a h\u00fagyh\u00f3lyag betegs\u00e9ge). Tov\u00e1bbra is ez az egyetlen olyan m\u00f3dja a h\u00fagyh\u00f3lyag \u00f6bl\u00edt\u00e9s\u00e9nek (vagy felk\u00e9sz\u00edt\u00e9s\u00e9nek) enn\u00e9l a betegs\u00e9gn\u00e9l, amit az FDA j\u00f3v\u00e1hagyott. A DMSO hat\u00e1sai az interstici\u00e1lis cystitisben (h\u00f3lyagf\u00e1jdalomban)<br \/>\nszenved\u0151kre a k\u00f6vetkez\u0151k:<\/span><\/p>\n<p><span style=\"color: #000000\">\ud83d\udc9a cs\u00f6kkenti a betegs\u00e9ggel j\u00e1r\u00f3 f\u00e1jdalmat,<\/span><br \/>\n<span style=\"color: #000000\">\ud83d\udc9a ellaz\u00edtja a h\u00f3lyagot \u00e9s<\/span><br \/>\n<span style=\"color: #000000\">\ud83d\udc9a n\u00f6veli a h\u00f3lyag kapacit\u00e1s\u00e1t.<\/span><\/p>\n<p><span style=\"color: #000000\">A DMSO molekul\u00e1ris szerkezete lehet\u0151v\u00e9 teszi, hogy sz\u00e1mos k\u00fcl\u00f6nf\u00e9le molekula teljesen felold\u00f3djon benne, \u00e9s \u00edgy \u00e1tjusson a sejtmembr\u00e1nokon an\u00e9lk\u00fcl, hogy k\u00e1ros\u00edtan\u00e1 azokat, m\u00e9g akkor is, ha maguk a vegy\u00fcletek nem tudnak \u00e1tjutni a membr\u00e1non. Ez az oka annak, hogy a DMSO gyakran megtal\u00e1lhat\u00f3 az antibakteri\u00e1lis kr\u00e9mekben, a szemek gy\u00f3gy\u00edt\u00e1s\u00e1ra haszn\u00e1latos gombaellenes szerekben, s\u0151t a c\u00e9lzott gyullad\u00e1scs\u00f6kkent\u0151 kezel\u00e9sekhez haszn\u00e1lt szteroidokban is.<\/span><\/p>\n<h2><span style=\"color: #000000\">Mennyis\u00e9g<\/span><\/h2>\n<p><span style=\"color: #000000\">100 ml<\/span><\/p>\n<h2><span style=\"color: #000000\">Csomagol\u00e1s<\/span><\/h2>\n<p><span style=\"color: #000000\">\u00dcveg csomagol\u00e1sban, cseppent\u0151vel a k\u00f6nnyebb adagol\u00e1s \u00e9rdek\u00e9ben.<\/span><\/p>\n<h2><span style=\"color: #000000\">T\u00e1rol\u00e1s \u00e9s figyelmeztet\u00e9sek<\/span><\/h2>\n<p><span style=\"color: #000000\">Gyermekek el\u0151l elz\u00e1rva, s\u00f6t\u00e9t helyen tartand\u00f3. Ker\u00fclje a szemmel \u00e9s ruh\u00e1zattal val\u00f3 \u00e9rintkez\u00e9st. Ha a folyad\u00e9k a szem\u00e9be ker\u00fcl, azonnal \u00f6bl\u00edtse ki v\u00edzzel. Ne t\u00e1rolja k\u00f6zvetlen napf\u00e9nyben. Terhes \u00e9s szoptat\u00f3s any\u00e1k nem haszn\u00e1lhatj\u00e1k a term\u00e9ket. Ha allergi\u00e1s reakci\u00f3 l\u00e9p fel, hagyja abba a haszn\u00e1lat\u00e1t.<\/span><\/p>\n<h2><span style=\"color: #000000\">Sz\u00e1rmaz\u00e1s<\/span><\/h2>\n<p><span style=\"color: #000000\">N\u00e9metorsz\u00e1g<\/span><\/p>\n","protected":false},"excerpt":{"rendered":"<p>Szuper min\u0151s\u00e9g\u0171 DMSO. Gyakran haszn\u00e1lj\u00e1k m\u00e1s gy\u00f3gyszerek felsz\u00edv\u00f3d\u00e1s\u00e1nak jav\u00edt\u00e1s\u00e1ra a szervezetben, valamint az amiloid\u00f3zis kezel\u00e9s\u00e9re, ami egy olyan betegs\u00e9g, melynek k\u00f6vetkezt\u00e9ben bizonyos feh\u00e9rj\u00e9k helytelen\u00fcl rak\u00f3dnak le a sz\u00f6vetekben \u00e9s a szervekben. A tud\u00f3sok a 20. sz\u00e1zad k\u00f6zep\u00e9n kezdt\u00e9k el tanulm\u00e1nyozni ennek az anyagnak a gyullad\u00e1scs\u00f6kkent\u0151 hat\u00e1s\u00e1t.<\/p>\n<p>\ud83d\udc9a Term\u00e9szetes el\u0151\u00e1ll\u00edt\u00e1s\u00fa.<br \/>\n\ud83d\udc9a Intrav\u00e9n\u00e1san \u00e9s sz\u00e1jon \u00e1t is beadhat\u00f3.<br \/>\n\ud83d\udc9a Hat\u00e9kony v\u00e9ralvad\u00e1s ellen.<br \/>\n\ud83d\udc9a N\u00f6veli a h\u00fagyh\u00f3lyag kapacit\u00e1s\u00e1t.<\/p>\n","protected":false},"featured_media":6264,"comment_status":"open","ping_status":"closed","template":"","meta":{"_acf_changed":false},"product_brand":[],"product_cat":[224,208,225,234],"product_tag":[],"class_list":{"0":"post-6263","1":"product","2":"type-product","3":"status-publish","4":"has-post-thumbnail","6":"product_cat-ajanlat","7":"product_cat-egyeb","8":"product_cat-minden-termek","9":"product_cat-ujra-raktaron","11":"first","12":"instock","13":"taxable","14":"shipping-taxable","15":"purchasable","16":"product-type-simple"},"acf":[],"_links":{"self":[{"href":"https:\/\/fengchashop.com\/hu\/wp-json\/wp\/v2\/product\/6263","targetHints":{"allow":["GET"]}}],"collection":[{"href":"https:\/\/fengchashop.com\/hu\/wp-json\/wp\/v2\/product"}],"about":[{"href":"https:\/\/fengchashop.com\/hu\/wp-json\/wp\/v2\/types\/product"}],"replies":[{"embeddable":true,"href":"https:\/\/fengchashop.com\/hu\/wp-json\/wp\/v2\/comments?post=6263"}],"wp:featuredmedia":[{"embeddable":true,"href":"https:\/\/fengchashop.com\/hu\/wp-json\/wp\/v2\/media\/6264"}],"wp:attachment":[{"href":"https:\/\/fengchashop.com\/hu\/wp-json\/wp\/v2\/media?parent=6263"}],"wp:term":[{"taxonomy":"product_brand","embeddable":true,"href":"https:\/\/fengchashop.com\/hu\/wp-json\/wp\/v2\/product_brand?post=6263"},{"taxonomy":"product_cat","embeddable":true,"href":"https:\/\/fengchashop.com\/hu\/wp-json\/wp\/v2\/product_cat?post=6263"},{"taxonomy":"product_tag","embeddable":true,"href":"https:\/\/fengchashop.com\/hu\/wp-json\/wp\/v2\/product_tag?post=6263"}],"curies":[{"name":"wp","href":"https:\/\/api.w.org\/{rel}","templated":true}]}}