{"id":6260,"date":"2022-05-20T18:28:31","date_gmt":"2022-05-20T16:28:31","guid":{"rendered":"https:\/\/fengchashop.com\/hu\/product\/lugol-oldat-50-ml\/"},"modified":"2026-04-25T16:54:24","modified_gmt":"2026-04-25T14:54:24","slug":"lugol-oldat","status":"publish","type":"product","link":"https:\/\/fengchashop.com\/hu\/product\/lugol-oldat\/","title":{"rendered":"Lugol-oldat 50 ml"},"content":{"rendered":"<h2><span style=\"color: #000000\">Lugol-oldat (szuper min\u0151s\u00e9g\u0171 j\u00f3dcseppek &#8211; 5%)<\/span><\/h2>\n<p><span style=\"color: #000000\"><strong>J\u00f3d<\/strong>\u00a0(I) \u00e9s <strong>k\u00e1lium-jodid<\/strong>\u00a0(KI), <strong>desztill\u00e1lt vizzel egy\u00fctt Lugol-oldatba vannak keverve<\/strong>, a kever\u00e9k <strong>Lugol-j\u00f3d<\/strong> n\u00e9ven is ismert. Jean Francois Coindet (1774-1834) haszn\u00e1lta el\u0151sz\u00f6r a j\u00f3dot <strong>ter\u00e1pi\u00e1s c\u00e9lokra<\/strong>.<\/span><\/p>\n<p><span style=\"color: #000000\"><strong>Jean Guillaume Auguste Lugol<\/strong> francia orvos a Lugol-oldatot <strong>1829-ben<\/strong> fedezte fel. Dr. Lugol felfedezte, hogy a k\u00e1lium-jodid n\u00f6veli a j\u00f3d v\u00edzben val\u00f3 oldhat\u00f3s\u00e1g\u00e1t. A Lugol-oldat a j\u00f3d \u00e9s a k\u00e1lium-jodid 1:2 ar\u00e1ny\u00fa kever\u00e9ke. Dr Lugol arra is r\u00e1j\u00f6tt, hogy a j\u00f3d rendk\u00edv\u00fcl hasznos lehet az emberek sz\u00e1m\u00e1ra, hisz \u00edg\u00e9retesnek bizonyult a fert\u0151z\u00e9sek kezel\u00e9s\u00e9ben. A Lugol-oldatot m\u00e1r r\u00e9g\u00f3ta kombin\u00e1lj\u00e1k m\u00e1s anyagokkal, \u00e9s k\u00fcl\u00f6nf\u00e9le dolgok alapanyagak\u00e9nt haszn\u00e1lj\u00e1k.<\/span><\/p>\n<h2><span style=\"color: #000000\">Milyen jelent\u0151s\u00e9ge van a j\u00f3dnak az eg\u00e9szs\u00e9g szempontj\u00e1b\u00f3l?<\/span><\/h2>\n<p><span style=\"color: #000000\">A j\u00f3d egy<strong>\u00a0\u00e1sv\u00e1ny<\/strong>, melyre <strong>\u00a0minden eml\u0151snek sz\u00fcks\u00e9ge van<\/strong> a t\u00fal\u00e9l\u00e9shez. Fontos \u00e9p\u00edt\u0151k\u00f6ve a <strong>pajzsmirigyhormonoknak<\/strong> is, amelyek<strong> az anyagcser\u00e9r\u0151l, a n\u00f6veked\u00e9sr\u0151l \u00e9s a fejl\u0151d\u00e9sr\u0151l<\/strong> gondoskodnak. A j\u00f3d kulcsfontoss\u00e1g\u00fa <strong>az agy fejl\u0151d\u00e9s\u00e9hez<\/strong>is, k\u00fcl\u00f6n\u00f6sen <strong>terhess\u00e9g alatt \u00e9s kora gyermekkorban<\/strong>. Sz\u00e1mos fontos biok\u00e9miai folyamatot szab\u00e1lyoz, bele\u00e9rtve a feh\u00e9rjeszint\u00e9zist \u00e9s az enzimek aktivit\u00e1s\u00e1t, <strong>amelyek n\u00e9lk\u00fcl\u00f6zhetetlenek a magzat \u00e9s a gyermek anyagcser\u00e9j\u00e9hez, valamint idegrendszer\u00e9nek \u00e9s csontjainak megfelel\u0151 n\u00f6veked\u00e9s\u00e9hez<\/strong>.<\/span><\/p>\n<p><span style=\"color: #000000\">A j\u00f3d szint\u00e9n l\u00e9tfontoss\u00e1g\u00fa <strong>az eg\u00e9szs\u00e9ges b\u0151r, haj \u00e9s k\u00f6r\u00f6m meg\u0151rz\u00e9s\u00e9hez<\/strong>, emellett <strong>a pajzsmirigy megfelel\u0151 m\u0171k\u00f6d\u00e9s\u00e9hez \u00e9s az anyagcsere sor\u00e1n megfelel\u0151en felszabadul\u00f3 energi\u00e1hoz<\/strong>, s\u0151t m\u00e9g a<strong>kognit\u00edv funkci\u00f3kra is hat<\/strong>. <strong>V\u00edrusellenes, antibakteri\u00e1lis, parazitaellenes \u00e9s r\u00e1kellenes hat\u00e1sai miatt<\/strong> is rendk\u00edv\u00fcl fontos anyag a szervezet\u00fcnk sz\u00e1m\u00e1ra.<\/span><\/p>\n<p><span style=\"color: #000000\">A Lugol-oldat elengedhetetlen <strong>a szem eg\u00e9szs\u00e9g\u00e9hez \u00e9s hidrat\u00e1l\u00e1s\u00e1hoz is<\/strong>.<\/span><\/p>\n<p><span style=\"color: #000000\">A j\u00f3d k\u00e9ts\u00e9gtelen\u00fcl <strong>fert\u0151tlen\u00edt\u0151k\u00e9nt<\/strong> a legh\u00edresebb.<\/span><\/p>\n<h2><span style=\"color: #000000\">Kinek aj\u00e1nljuk a Lugol-oldatot \u00e9s mi\u00e9rt haszn\u00e1ljuk?<\/span><\/h2>\n<p><span style=\"color: #000000\">Minden emberi sz\u00f6vet \u00e9s szerv tartalmaz j\u00f3d-elemeket nyomokban. A j\u00f3d legnagyobb mennyis\u00e9gben a pajzsmirigyben, a nagy ny\u00e1lmirigyekben, a hasny\u00e1lmirigyben, a k\u00f6nnymirigyekben, a szaporod\u00e1si sz\u00f6vetekben, p\u00e9ld\u00e1ul a mellben, a petef\u00e9szkekben \u00e9s a prosztat\u00e1ban, valamint a gyomorny\u00e1lkah\u00e1rty\u00e1ban, az agy-gerincvel\u0151i folyad\u00e9kban \u00e9s az emberi b\u0151rben tal\u00e1lhat\u00f3.<\/span><\/p>\n<p><span style=\"color: #000000\">Kulcsfontoss\u00e1g\u00fa <strong>a pajzsmirigyhormonok termel\u00e9s\u00e9hez \u00e9s az anyagcsere szab\u00e1lyoz\u00e1s\u00e1hoz<\/strong>, ami befoly\u00e1solja az energiaszintet \u00e9s a ment\u00e1lis tisztas\u00e1got. <strong>A j\u00f3dhi\u00e1ny k\u00f6vetkezm\u00e9nyei:<\/strong><\/span><\/p>\n<p><span style=\"color: #000000\">&#8211; alacsony energiaszint,<\/span><br \/>\n<span style=\"color: #000000\">&#8211; h\u00edz\u00e1s,<\/span><br \/>\n<span style=\"color: #000000\">&#8211; kopaszs\u00e1g \u00e9s<\/span><br \/>\n<span style=\"color: #000000\">&#8211; nagyobb kock\u00e1zat r\u00e1k kialakul\u00e1s\u00e1ra.<\/span><\/p>\n<p><span style=\"color: #000000\">A j\u00f3d <strong>az \u00f3lom \u00e9s a higany elt\u00e1vol\u00edt\u00e1s\u00e1ban<\/strong>\u00a0is seg\u00edti a szervezetet, \u00e9s <strong>v\u00e9d a gyakori toxinok ellen<\/strong>, mint a br\u00f3m, a fluor \u00e9s a kl\u00f3r.<\/span><\/p>\n<p><span style=\"color: #000000\"><em><strong>A j\u00f3dhi\u00e1ny t\u00fcnetei:<\/strong><\/em><\/span><\/p>\n<p><span style=\"color: #000000\">&#8211; izomg\u00f6rcs\u00f6k,<\/span><br \/>\n<span style=\"color: #000000\">&#8211; nagyobb kock\u00e1zat elh\u00edz\u00e1sra,<\/span><br \/>\n<span style=\"color: #000000\">&#8211; depresszi\u00f3,<\/span><br \/>\n<span style=\"color: #000000\">&#8211; eml\u00e9kezet-kies\u00e9s,<\/span><br \/>\n<span style=\"color: #000000\">&#8211; sz\u00e9kreked\u00e9s,<\/span><br \/>\n<span style=\"color: #000000\">&#8211; gyenges\u00e9g,<\/span><br \/>\n<span style=\"color: #000000\">&#8211; t\u00f6r\u00e9keny k\u00f6rm\u00f6k \u00e9s repedezett b\u0151r,<\/span><br \/>\n<span style=\"color: #000000\">&#8211; hideg l\u00e1bak \u00e9s kezek.<\/span><\/p>\n<p><span style=\"color: #000000\"><em><strong>A j\u00f3dfogyaszt\u00e1s megel\u0151zheti \u00e9s gy\u00f3gy\u00edthatja a k\u00f6vetkez\u0151ket:<\/strong><\/em><\/span><\/p>\n<p><span style=\"color: #000000\">\ud83d\udc9a prosztata-probl\u00e9m\u00e1k<\/span><br \/>\n<span style=\"color: #000000\">\ud83d\udc9a fibrociszt\u00e1s \u00e9s egy\u00e9b eml\u0151betegs\u00e9gek<\/span><br \/>\n<span style=\"color: #000000\">\ud83d\udc9a h\u00fcvelyi fert\u0151z\u00e9sek<\/span><br \/>\n<span style=\"color: #000000\">\ud83d\udc9a pajzsmirigy-probl\u00e9m\u00e1k,<\/span><br \/>\n<span style=\"color: #000000\">\ud83d\udc9a m\u00e1jprobl\u00e9m\u00e1k<\/span><br \/>\n<span style=\"color: #000000\">\ud83d\udc9a j\u00f3indulat\u00fa daganatok,<\/span><br \/>\n<span style=\"color: #000000\">\ud83d\udc9a a gyermekek helytelen n\u00f6veked\u00e9se \u00e9s szellemi fejl\u0151d\u00e9se,<\/span><br \/>\n<span style=\"color: #000000\">\ud83d\udc9a fejf\u00e1j\u00e1s (bele\u00e9rtve a migr\u00e9nt is),<\/span><br \/>\n<span style=\"color: #000000\">\ud83d\udc9a kopaszs\u00e1g,<\/span><br \/>\n<span style=\"color: #000000\">\ud83d\udc9a arany\u00e9r,<\/span><br \/>\n<span style=\"color: #000000\">\ud83d\udc9a hiperaktivit\u00e1s \u00e9s figyelemzavarok,<\/span><br \/>\n<span style=\"color: #000000\">\ud83d\udc9a \u00e9relmeszesed\u00e9s,<\/span><br \/>\n<span style=\"color: #000000\">\ud83d\udc9a depresszi\u00f3<\/span><br \/>\n<span style=\"color: #000000\">\ud83d\udc9a f\u00e1radts\u00e1g,&#8230;<\/span><\/p>\n<h2><span style=\"color: #000000\">\u00c9rdekess\u00e9gek<\/span><\/h2>\n<p><span style=\"color: #000000\">Magyarorsz\u00e1gon s\u00falyos j\u00f3dhi\u00e1nyt tapasztaltak gyermekekn\u00e9l \u00e9s feln\u0151ttekn\u00e9l, mivel a legt\u00f6bb \u00e9tel term\u00e9szetesen csak szer\u00e9ny mennyis\u00e9g\u0171 j\u00f3dot tartalmaz.<\/span><\/p>\n<p><span style=\"color: #000000\">A csernobili atombaleset ut\u00e1n a Lugol-oldatot arra is haszn\u00e1lt\u00e1k, hogy megv\u00e9dj\u00e9k az embereket a radioakt\u00edv sug\u00e1rz\u00e1st\u00f3l.<\/span><\/p>\n<p><span style=\"color: #000000\">Neh\u00e9z lehet j\u00f3dot tal\u00e1lni, de sok \u00e9lelmiszer term\u00e9szetesen tartalmazza. Ilyenek p\u00e9ld\u00e1ul a halak, a sert\u00e9sh\u00fas, a sajtok, a h\u00edn\u00e1r vagy a tengeri kelp.<\/span><\/p>\n<p><span style=\"color: #000000\">Napjainkban a j\u00f3dhi\u00e1ny gyakori probl\u00e9ma. R\u00e9gen gyakran adtak j\u00f3dot keny\u00e9rhez \u00e9s p\u00e9ks\u00fctem\u00e9nyekhez, de ma m\u00e1r csak n\u00e9h\u00e1ny sal\u00e1t\u00e1n\u00e1l csin\u00e1lnak ilyet. Kev\u00e9sb\u00e9 ismert t\u00e9ny, hogy a j\u00f3d elp\u00e1rolog a s\u00f3b\u00f3l, \u00e9s m\u00e9g mindig nem vil\u00e1gos, hogy az elp\u00e1rolgott j\u00f3db\u00f3l mennyi ker\u00fcl a szervezetbe. Az \u00e9trend\u00fcnk j\u00f3dtartalma korl\u00e1tozva van, mivel a t\u00falzott \u00e9s helytelen f\u00f6ldhaszn\u00e1lat miatt a legt\u00f6bb term\u0151f\u00f6ldb\u0151l elt\u0171ntek az \u00e9rt\u00e9kes anyagok.<\/span><\/p>\n<h2><span style=\"color: #000000\">Mennyis\u00e9g<\/span><\/h2>\n<p><span style=\"color: #000000\">50 ml<\/span><\/p>\n<p><span style=\"color: #000000\"><span style=\"font-family: Arial,serif\">Nyersanyagk\u00e9nt haszn\u00e1land\u00f3, saj\u00e1t felel\u0151ss\u00e9gre.<\/span><\/span><\/p>\n<h2><span style=\"color: #000000\">Csomagol\u00e1s<\/span><\/h2>\n<p><span style=\"color: #000000\"> \u00dcveg csomagol\u00e1sban, cseppent\u0151vel a k\u00f6nnyebb adagol\u00e1s \u00e9rdek\u00e9ben.<br \/>\n<\/span><\/p>\n<h2 style=\"text-align: justify\"><span style=\"color: #000000\">Figyelmeztet\u00e9sek<\/span><\/h2>\n<p style=\"text-align: justify\"><span style=\"color: #000000\">Gyermekek el\u0151l elz\u00e1rva, s\u00f6t\u00e9t helyen tartand\u00f3.<\/span><\/p>\n<h2><span style=\"color: #000000\">Sz\u00e1rmaz\u00e1s<\/span><\/h2>\n<p><span style=\"color: #000000\">EU<\/span><\/p>\n","protected":false},"excerpt":{"rendered":"<p>Lugol-oldat &#8211; 5%. Jean Guillaume Auguste Lugol francia orvos tal\u00e1lta fel a Lugol-oldatot 1829-ben. Dr. Lugol felfedezte, hogy a k\u00e1lium-jodid n\u00f6veli a j\u00f3d v\u00edzben val\u00f3 oldhat\u00f3s\u00e1g\u00e1t. A Lugol-oldat a j\u00f3d \u00e9s a k\u00e1lium-jodid 1:2 ar\u00e1ny\u00fa kever\u00e9ke. A j\u00f3d egy \u00e1sv\u00e1nyi anyag, amelyre minden eml\u0151snek sz\u00fcks\u00e9ge van a t\u00fal\u00e9l\u00e9shez. Ezenk\u00edv\u00fcl fontos r\u00e9sze a pajzsmirigyhormonoknak, amelyek befoly\u00e1solj\u00e1k az anyagcser\u00e9t, a n\u00f6veked\u00e9st \u00e9s a fejl\u0151d\u00e9st.<\/p>\n<p>\ud83d\udc9a Megel\u0151zi \u00e9s kezeli a fejf\u00e1j\u00e1st (bele\u00e9rtve a migr\u00e9nt is)<br \/>\n\ud83d\udc9a V\u00e9d a gyakori m\u00e9reganyagok ellen<br \/>\n\ud83d\udc9a Kulcsfontoss\u00e1g\u00fa a pajzsmirigyhormonok termel\u00e9s\u00e9ben \u00e9s az anyagcsere szab\u00e1lyoz\u00e1s\u00e1ban<br \/>\n\ud83d\udc9a Megakad\u00e1lyozza a r\u00e1k kialakul\u00e1s\u00e1nak nagyobb kock\u00e1zat\u00e1t<\/p>\n","protected":false},"featured_media":6261,"comment_status":"open","ping_status":"closed","template":"","meta":{"_acf_changed":false},"product_brand":[],"product_cat":[224,208,225,234],"product_tag":[],"class_list":{"0":"post-6260","1":"product","2":"type-product","3":"status-publish","4":"has-post-thumbnail","6":"product_cat-ajanlat","7":"product_cat-egyeb","8":"product_cat-minden-termek","9":"product_cat-ujra-raktaron","11":"first","12":"instock","13":"sale","14":"taxable","15":"shipping-taxable","16":"purchasable","17":"product-type-simple"},"acf":[],"_links":{"self":[{"href":"https:\/\/fengchashop.com\/hu\/wp-json\/wp\/v2\/product\/6260","targetHints":{"allow":["GET"]}}],"collection":[{"href":"https:\/\/fengchashop.com\/hu\/wp-json\/wp\/v2\/product"}],"about":[{"href":"https:\/\/fengchashop.com\/hu\/wp-json\/wp\/v2\/types\/product"}],"replies":[{"embeddable":true,"href":"https:\/\/fengchashop.com\/hu\/wp-json\/wp\/v2\/comments?post=6260"}],"wp:featuredmedia":[{"embeddable":true,"href":"https:\/\/fengchashop.com\/hu\/wp-json\/wp\/v2\/media\/6261"}],"wp:attachment":[{"href":"https:\/\/fengchashop.com\/hu\/wp-json\/wp\/v2\/media?parent=6260"}],"wp:term":[{"taxonomy":"product_brand","embeddable":true,"href":"https:\/\/fengchashop.com\/hu\/wp-json\/wp\/v2\/product_brand?post=6260"},{"taxonomy":"product_cat","embeddable":true,"href":"https:\/\/fengchashop.com\/hu\/wp-json\/wp\/v2\/product_cat?post=6260"},{"taxonomy":"product_tag","embeddable":true,"href":"https:\/\/fengchashop.com\/hu\/wp-json\/wp\/v2\/product_tag?post=6260"}],"curies":[{"name":"wp","href":"https:\/\/api.w.org\/{rel}","templated":true}]}}