{"id":6230,"date":"2022-05-20T16:26:40","date_gmt":"2022-05-20T14:26:40","guid":{"rendered":"https:\/\/fengchashop.com\/hu\/product\/zuzott-kakaobab-bio-250-g\/"},"modified":"2026-04-26T21:17:20","modified_gmt":"2026-04-26T19:17:20","slug":"zuzott-kakaobab-bio","status":"publish","type":"product","link":"https:\/\/fengchashop.com\/hu\/product\/zuzott-kakaobab-bio\/","title":{"rendered":"Z\u00fazott kaka\u00f3bab BIO 250 g"},"content":{"rendered":"<h2 style=\"text-align: justify\"><span style=\"color: #000000\">Criollo z\u00fazott kaka\u00f3bab BIO<\/span><\/h2>\n<p style=\"text-align: justify\"><span style=\"color: #000000\">A kaka\u00f3bab vagy -mag, amelyb\u0151l kaka\u00f3t nyernek, h\u00fcvelyben n\u0151 a <strong>kaka\u00f3fa<\/strong> vagy <strong><i>Theobroma cacao<\/i><\/strong> nev\u0171 f\u00e1n. A kaka\u00f3babot a m\u00faltban olyan nagyra becs\u00fclt\u00e9k, hogy a maj\u00e1k \u00e9s azt\u00e9kok K\u00f6z\u00e9p- \u00e9s D\u00e9l-Amerik\u00e1ban <strong>az arany mellett<\/strong> ezt is haszn\u00e1lt\u00e1k <strong>fizet\u0151eszk\u00f6zk\u00e9nt<\/strong>.<\/span><\/p>\n<p style=\"text-align: justify\"><span style=\"color: #000000\">A kaka\u00f3 messze t\u00f6bb <strong>antioxid\u00e1nst<\/strong> tartalmaz, mint b\u00e1rmely m\u00e1s \u00e9tel, \u00e9s m\u00e9g sok m\u00e1s <strong>\u00e1sv\u00e1nyi anyagot<\/strong>, mint a k\u00e1lium, a cink, a magn\u00e9zium, a vas \u00e9s a kalcium. Ugyanakkor gazdag <strong>feh\u00e9rje-<\/strong> \u00e9s <strong>rostforr\u00e1s is<\/strong>. Ezek mind fontosak eg\u00e9szs\u00e9g\u00fcnk meg\u0151rz\u00e9s\u00e9hez. Sz\u00e1mos olyan t\u00e1panyagot is tartalmaz, amelyek pozit\u00edv hat\u00e1ssal vannak v\u00e9rkering\u00e9s\u00fcnkre, mivel h\u00edg\u00edtja a v\u00e9rt \u00e9s megakad\u00e1lyozza a v\u00e9rr\u00f6gk\u00e9pz\u0151d\u00e9st. <strong>Jav\u00edtja a hangulatot<\/strong> az agy szerotoninszintj\u00e9nek emel\u00e9s\u00e9vel. Val\u00f3j\u00e1ban 300 k\u00fcl\u00f6nb\u00f6z\u0151 olyan vegy\u00fcletet tartalmaz, amelyek jav\u00edthatj\u00e1k hangulatunkat. Mivel a kaka\u00f3 tiszta (nyers), kicsit keser\u0171bb, mint amit megszoktunk, de \u00edgy sokkal eg\u00e9szs\u00e9gesebb. Az \u00f6sszes pozit\u00edv hat\u00e1s kiakn\u00e1z\u00e1s\u00e1hoz elegend\u0151 <strong> napi 25-30 gramm kaka\u00f3t<\/strong> fogyasztani.<\/span><\/p>\n<p style=\"text-align: justify\"><span style=\"color: #000000\">A <em>criollo<\/em> fajta kaka\u00f3<strong> a vil\u00e1g leg\u00e9rt\u00e9kesebb kaka\u00f3ja<\/strong>. R\u00e1ad\u00e1sul a mi kaka\u00f3babjaink <strong>biotermel\u00e9sb\u0151l sz\u00e1rmaznak<\/strong>.<\/span><\/p>\n<p style=\"text-align: justify\"><span style=\"color: #000000\">A k\u00f6nnyebb fogyaszt\u00e1s \u00e9rdek\u00e9ben a kem\u00e9ny kaka\u00f3bab kisebb darabokra vannak z\u00fazva.<\/span><\/p>\n<p style=\"text-align: justify\"><span style=\"color: #000000\">Egyszerre van kaka\u00f3 \u00e9s csokol\u00e1d\u00e9 \u00edz\u00e9.<\/span><\/p>\n<h2 style=\"text-align: justify\"><span style=\"color: #000000\">Mi\u00e9rt pont a mi kaka\u00f3darabjainkat v\u00e1lassza?<\/span><\/h2>\n<p style=\"text-align: justify\"><span style=\"color: #000000\">Egyszer\u0171en az\u00e9rt, mert:<\/span><\/p>\n<p style=\"text-align: justify\"><span style=\"color: #000000\">1. Ellen\u0151rz\u00f6ttek <b>biotermel\u00e9sb\u0151l<\/b> sz\u00e1rmaznak, ez\u00e9rt ez a legjobb min\u0151s\u00e9g, amit k\u00edn\u00e1lhatunk \u00d6nnek.<\/span><\/p>\n<p style=\"text-align: justify\"><span style=\"color: #000000\">2. <b>Teljes \u00e9rt\u00e9k\u0171 babokb\u00f3l<\/b> k\u00e9sz\u00fclnek. <i>De mit is jelent ez val\u00f3j\u00e1ban? <\/i>Azt jelenti, hogy a kaka\u00f3babot betakar\u00edt\u00e1s ut\u00e1n a csak alacsony h\u0151m\u00e9rs\u00e9kleten erjesztik \u00e9s sz\u00e1r\u00edtj\u00e1k. Nem p\u00f6rk\u00f6lik vagy kezelik vegyszerekkel. \u00cdgy ez <i>az istenek \u00e9tk\u00e9nek nevezett \u00e9tel<\/i> meg\u0151rzi t\u00e1p\u00e9rt\u00e9keinek t\u00f6bbs\u00e9g\u00e9t, bele\u00e9rtve a sz\u00e1munkra renk\u00edv\u00fcl fontos antioxid\u00e1nsokat is.<\/span><\/p>\n<p style=\"text-align: justify\"><span style=\"color: #000000\">3. <b>Adal\u00e9kanyagok \u00e9s egy\u00e9b felesleges \u00f6sszetev\u0151ket n\u00e9lk\u00fcl<\/b>.<\/span><\/p>\n<p style=\"text-align: justify\"><span style=\"color: #000000\">4. A<em><strong> criollo kaka\u00f3<\/strong> <\/em>a legjobb \u00e9s leg\u00e9rt\u00e9kesebb kaka\u00f3fajta a vil\u00e1gon.<\/span><\/p>\n<p style=\"text-align: justify\"><span style=\"color: #000000\">Nyer\u0151 kombin\u00e1ci\u00f3, amely m\u00e9g a legig\u00e9nyesebbeket is kiel\u00e9g\u00edti.<\/span><\/p>\n<h2><span style=\"color: #000000\">T\u00e1rol\u00e1s \u00e9s figyelmeztet\u00e9sek<\/span><\/h2>\n<p style=\"text-align: justify\"><span style=\"color: #000000\">Sz\u00e1raz, s\u00f6t\u00e9t \u00e9s h\u0171v\u00f6s helyen t\u00e1roland\u00f3. Mindig ellen\u0151rizze, hogy a zacsk\u00f3 j\u00f3l le van-e z\u00e1rva.<\/span><\/p>\n<h2><span style=\"color: #000000\">Csomagol\u00e1s<\/span><\/h2>\n<p><span style=\"color: #000000\">L\u00e9gmentesen z\u00e1rhat\u00f3 tasak, amelyben a term\u00e9k meg\u0151rzi minden frissess\u00e9g\u00e9t \u00e9s arom\u00e1j\u00e1t. A csomagol\u00e1s v\u00e9d a f\u00e9nyt\u0151l \u00e9s a leveg\u0151t\u0151l, mivel t\u00f6bb v\u00e9d\u0151r\u00e9tegb\u0151l \u00e1ll, amelyek meg\u0151rzik a tartalom tulajdons\u00e1gait.<\/span><\/p>\n<p><span style=\"color: #000000\">A csomagol\u00e1s nagyon praktikus \u00e9s \u00fajrahasznos\u00edthat\u00f3.<\/span><\/p>\n<h2><span style=\"color: #000000\">Sz\u00e1rmaz\u00e1s<\/span><\/h2>\n<p><span style=\"color: #000000\">Peru<\/span><\/p>\n","protected":false},"excerpt":{"rendered":"<p>A kaka\u00f3 messze t\u00f6bb antioxid\u00e1nst tartalmaz, mint b\u00e1rmely m\u00e1s \u00e9tel, \u00e9s m\u00e9g sok m\u00e1s \u00e1sv\u00e1nyi anyagot, mint a k\u00e1lium, a cink, a magn\u00e9zium, a vas \u00e9s a kalcium. Ugyanakkor gazdag feh\u00e9rje- \u00e9s rostforr\u00e1s is. Ezek mind fontosak eg\u00e9szs\u00e9g\u00fcnk meg\u0151rz\u00e9s\u00e9hez. Sz\u00e1mos olyan t\u00e1panyagot is tartalmaz, amelyek pozit\u00edv hat\u00e1ssal vannak v\u00e9rkering\u00e9s\u00fcnkre, mivel h\u00edg\u00edtja a v\u00e9rt \u00e9s megakad\u00e1lyozza a v\u00e9rr\u00f6gk\u00e9pz\u0151d\u00e9st. Jav\u00edtja a hangulatot az agy szerotoninszintj\u00e9nek emel\u00e9s\u00e9vel. Val\u00f3j\u00e1ban 300 k\u00fcl\u00f6nb\u00f6z\u0151 olyan vegy\u00fcletet tartalmaz, amelyek jav\u00edthatj\u00e1k hangulatunkat. Mivel a kaka\u00f3 tiszta (nyers), kicsit keser\u0171bb, mint amit megszoktunk, de \u00edgy sokkal eg\u00e9szs\u00e9gesebb. Az \u00f6sszes pozit\u00edv hat\u00e1s kiakn\u00e1z\u00e1s\u00e1hoz elegend\u0151 napi 25-30 gramm kaka\u00f3tfogyasztani.<\/p>\n<p>\ud83d\udc9a Ellen\u0151rz\u00f6tt biotermel\u00e9sb\u0151l.<br \/>\n\ud83d\udc9a Adal\u00e9kanyagokt\u00f3l mentes.<br \/>\n\ud83d\udc9a <em>Criollo<\/em> kaka\u00f3fajta, a vil\u00e1g leg\u00e9rt\u00e9kesebb kaka\u00f3ja.<\/p>\n","protected":false},"featured_media":6231,"comment_status":"open","ping_status":"closed","template":"","meta":{"_acf_changed":false},"product_brand":[],"product_cat":[224,225],"product_tag":[],"class_list":{"0":"post-6230","1":"product","2":"type-product","3":"status-publish","4":"has-post-thumbnail","6":"product_cat-ajanlat","7":"product_cat-minden-termek","9":"first","10":"instock","11":"sale","12":"taxable","13":"shipping-taxable","14":"purchasable","15":"product-type-simple"},"acf":[],"_links":{"self":[{"href":"https:\/\/fengchashop.com\/hu\/wp-json\/wp\/v2\/product\/6230","targetHints":{"allow":["GET"]}}],"collection":[{"href":"https:\/\/fengchashop.com\/hu\/wp-json\/wp\/v2\/product"}],"about":[{"href":"https:\/\/fengchashop.com\/hu\/wp-json\/wp\/v2\/types\/product"}],"replies":[{"embeddable":true,"href":"https:\/\/fengchashop.com\/hu\/wp-json\/wp\/v2\/comments?post=6230"}],"wp:featuredmedia":[{"embeddable":true,"href":"https:\/\/fengchashop.com\/hu\/wp-json\/wp\/v2\/media\/6231"}],"wp:attachment":[{"href":"https:\/\/fengchashop.com\/hu\/wp-json\/wp\/v2\/media?parent=6230"}],"wp:term":[{"taxonomy":"product_brand","embeddable":true,"href":"https:\/\/fengchashop.com\/hu\/wp-json\/wp\/v2\/product_brand?post=6230"},{"taxonomy":"product_cat","embeddable":true,"href":"https:\/\/fengchashop.com\/hu\/wp-json\/wp\/v2\/product_cat?post=6230"},{"taxonomy":"product_tag","embeddable":true,"href":"https:\/\/fengchashop.com\/hu\/wp-json\/wp\/v2\/product_tag?post=6230"}],"curies":[{"name":"wp","href":"https:\/\/api.w.org\/{rel}","templated":true}]}}