{"id":6219,"date":"2022-05-20T15:37:07","date_gmt":"2022-05-20T13:37:07","guid":{"rendered":"https:\/\/fengchashop.com\/hu\/product\/kakaopor-bio-250-g\/"},"modified":"2026-05-12T19:15:27","modified_gmt":"2026-05-12T17:15:27","slug":"kakaopor-bio","status":"publish","type":"product","link":"https:\/\/fengchashop.com\/hu\/product\/kakaopor-bio\/","title":{"rendered":"Kaka\u00f3por BIO 250 g"},"content":{"rendered":"<h2 style=\"text-align: justify\"><span style=\"color: #000000\">Kaka\u00f3por BIO<\/span><\/h2>\n<p style=\"text-align: justify\"><span style=\"color: #000000\">A kaka\u00f3bab vagy -mag, amelyb\u0151l kaka\u00f3t nyernek, h\u00fcvelyben n\u0151 a <b>kaka\u00f3fa<\/b> vagy <b><i>Theobroma cacao<\/i><\/b> nev\u0171 f\u00e1n. A kaka\u00f3 \u00e9vezredek \u00f3ta n\u00e9pszer\u0171 \u00e9tel. \u0150shonos n\u00f6v\u00e9ny D\u00e9l- \u00e9s K\u00f6z\u00e9p-Amerik\u00e1ban. Mindenf\u00e9le csokol\u00e1d\u00e9 elk\u00e9sz\u00edt\u00e9s\u00e9nek alapvet\u0151 alapanyaga.<\/span><\/p>\n<p style=\"text-align: justify\"><span style=\"color: #000000\">A kaka\u00f3 messze t\u00f6bb <b>a antioxid\u00e1nst<\/b> tartalmaz, mint b\u00e1rmely m\u00e1s \u00e9tel. H\u00e1romszor t\u00f6bbet tartalmaz, mint a z\u00f6ld tea. Sok <b>\u00e1sv\u00e1nyi anyagot<\/b> is tartalmaz, p\u00e9ld\u00e1ul k\u00e1liumot, cinket, magn\u00e9ziumot, vasat \u00e9s kalciumot. Ugyanakkor gazdag <b>feh\u00e9rje-<\/b>\u00a0\u00e9s <b>rostforr\u00e1s is<\/b>. Ezek mind fontosak eg\u00e9szs\u00e9g\u00fcnk meg\u0151rz\u00e9s\u00e9hez. Sz\u00e1mos olyan t\u00e1panyagot is tartalmaz, amelyek pozit\u00edv hat\u00e1ssal vannak v\u00e9rkering\u00e9s\u00fcnkre, mivel h\u00edg\u00edtja a v\u00e9rt \u00e9s megakad\u00e1lyozza a v\u00e9rr\u00f6gk\u00e9pz\u0151d\u00e9st. Jav\u00edtja a hangulatot az agy szerotoninszintj\u00e9nek emel\u00e9s\u00e9vel. Val\u00f3j\u00e1ban <b>300 k\u00fcl\u00f6nb\u00f6z\u0151 olyan vegy\u00fcletet<\/b> tartalmaz, amelyek jav\u00edthatj\u00e1k hangulatunkat.<\/span><\/p>\n<p style=\"text-align: justify\"><span style=\"color: #000000\">Ennek a kaka\u00f3nak a kaka\u00f3babjai k\u00e9zzel vannak szedve. A kiv\u00e1lasztott szemeket el\u0151sz\u00f6r erjesztik, hogy kiss\u00e9 tomp\u00edts\u00e1k a jellegzetes keser\u0171s\u00e9get. Ily m\u00f3don a kaka\u00f3bab meg\u0151rzi t\u00e1p\u00e9rt\u00e9k\u00e9t, sz\u00fcks\u00e9gtelen adal\u00e9kanyagok hozz\u00e1ad\u00e1sa n\u00e9lk\u00fcl. Az \u00f6sszes pozit\u00edv hat\u00e1s kiakn\u00e1z\u00e1s\u00e1hoz elegend\u0151 napi 25-30 gramm kaka\u00f3tfogyasztani.<\/span><\/p>\n<h2><span style=\"color: #000000\">Mi\u00e9rt v\u00e1lassza pont ezt a kaka\u00f3por-kever\u00e9ket?<\/span><\/h2>\n<p style=\"text-align: justify\"><span style=\"color: #000000\">Egyszer\u0171en az\u00e9rt, mert:<\/span><\/p>\n<p style=\"text-align: justify\"><span style=\"color: #000000\">1. Ellen\u0151rz\u00f6ttek <b>biotermel\u00e9sb\u0151l<\/b> sz\u00e1rmaznak, ez\u00e9rt ez a legjobb min\u0151s\u00e9g, amit k\u00edn\u00e1lhatunk \u00d6nnek.<\/span><\/p>\n<p style=\"text-align: justify\"><span style=\"color: #000000\">2. <b>D\u00edjnyertes term\u00e9k<\/b> a h\u00e1rom afrikai orsz\u00e1gb\u00f3l sz\u00e1rmaz\u00f3 \u0151r\u00f6lt kaka\u00f3bab k\u00fcl\u00f6nleges kever\u00e9k\u00e9nek k\u00f6sz\u00f6nhet\u0151en.<\/span><\/p>\n<p style=\"text-align: justify\"><span style=\"color: #000000\">3. <b>Adal\u00e9kanyagok \u00e9s egy\u00e9b felesleges \u00f6sszetev\u0151ket n\u00e9lk\u00fcl<\/b>, mint p\u00e9ld\u00e1ul a cukor \u00e9s az egy\u00e9b \u00e9des\u00edt\u0151k<\/span><\/p>\n<p style=\"text-align: justify\"><span style=\"color: #000000\">Nyer\u0151 kombin\u00e1ci\u00f3, amely m\u00e9g a legig\u00e9nyesebbeket is kiel\u00e9g\u00edti. \u00cdze se nem t\u00fal \u00e9des, se nem t\u00fal keser\u0171. Ez a kaka\u00f3 olyan v\u00e1ltozata, ami n\u00e9lk\u00fcl\u00f6zhetetlen a desszertek s\u00fct\u00e9s\u00e9hez \u00e9s a f\u0151z\u00e9shez. Kieg\u00e9sz\u00edti a gy\u00fcm\u00f6lcs\u00f6s \u00edzt <b>a p\u00f6rk\u00f6lt kaka\u00f3bab \u00edz\u00e9vel<\/b>. Kiv\u00e1l\u00f3an alkalmas kaka\u00f3ital k\u00e9sz\u00edt\u00e9s\u00e9re hagyom\u00e1nyos tejjel vagy n\u00f6v\u00e9nyi alap\u00fa italokkal.\u00a0<\/span><\/p>\n<h2><span style=\"color: #000000\">T\u00e1rol\u00e1s \u00e9s figyelmeztet\u00e9sek<\/span><\/h2>\n<p style=\"text-align: justify\"><span style=\"color: #000000\">Sz\u00e1raz, s\u00f6t\u00e9t \u00e9s h\u0171v\u00f6s helyen t\u00e1roland\u00f3. Mindig ellen\u0151rizze, hogy a zacsk\u00f3 j\u00f3l le van-e z\u00e1rva.<\/span><\/p>\n<h2><span style=\"color: #000000\">Csomagol\u00e1s<\/span><\/h2>\n<p><span style=\"color: #000000\">L\u00e9gmentesen z\u00e1rhat\u00f3 tasak, amelyben a term\u00e9k meg\u0151rzi minden frissess\u00e9g\u00e9t \u00e9s arom\u00e1j\u00e1t. A csomagol\u00e1s v\u00e9d a f\u00e9nyt\u0151l \u00e9s a leveg\u0151t\u0151l, mivel t\u00f6bb v\u00e9d\u0151r\u00e9tegb\u0151l \u00e1ll, amelyek meg\u0151rzik a tartalom tulajdons\u00e1gait.<\/span><\/p>\n<p><span style=\"color: #000000\">A csomagol\u00e1s nagyon praktikus \u00e9s \u00fajrahasznos\u00edthat\u00f3.<\/span><\/p>\n<h2><span style=\"color: #000000\">Sz\u00e1rmaz\u00e1s<\/span><\/h2>\n<p style=\"text-align: justify\"><span style=\"color: #000000\">Sierra Leone, Gh\u00e1na \u00e9s Elef\u00e1ntcsontpart<\/span><\/p>\n","protected":false},"excerpt":{"rendered":"<p>A kaka\u00f3 messze t\u00f6bb antioxid\u00e1nst tartalmaz, mint b\u00e1rmely m\u00e1s \u00e9tel. H\u00e1romszor t\u00f6bbet tartalmaz, mint a z\u00f6ld tea. Sok \u00e1sv\u00e1nyi anyagot is tartalmaz, p\u00e9ld\u00e1ul k\u00e1liumot, cinket, magn\u00e9ziumot, vasat \u00e9s kalciumot. Ugyanakkor gazdag feh\u00e9rje- \u00e9s rostforr\u00e1s is. Ezek mind fontosak eg\u00e9szs\u00e9g\u00fcnk meg\u0151rz\u00e9s\u00e9hez. Sz\u00e1mos olyan t\u00e1panyagot is tartalmaz, amelyek pozit\u00edv hat\u00e1ssal vannak v\u00e9rkering\u00e9s\u00fcnkre, mivel h\u00edg\u00edtja a v\u00e9rt \u00e9s megakad\u00e1lyozza a v\u00e9rr\u00f6gk\u00e9pz\u0151d\u00e9st. Jav\u00edtja a hangulatot az agy szerotoninszintj\u00e9nek emel\u00e9s\u00e9vel. Val\u00f3j\u00e1ban 300 k\u00fcl\u00f6nb\u00f6z\u0151 olyan vegy\u00fcletet tartalmaz, amelyek jav\u00edthatj\u00e1k hangulatunkat.<\/p>\n<p>\ud83d\udc9a Ellen\u0151rz\u00f6tt biotermel\u00e9sb\u0151l.<br \/>\n\ud83d\udc9a D\u00edjnyertes term\u00e9k a h\u00e1rom afrikai orsz\u00e1gb\u00f3l sz\u00e1rmaz\u00f3 \u0151r\u00f6lt kaka\u00f3bab k\u00fcl\u00f6nleges kever\u00e9k\u00e9nek k\u00f6sz\u00f6nhet\u0151en.<br \/>\n\ud83d\udc9a Adal\u00e9kanyagok \u00e9s egy\u00e9b felesleges \u00f6sszetev\u0151ket n\u00e9lk\u00fcl, mint p\u00e9ld\u00e1ul a cukor \u00e9s az egy\u00e9b \u00e9des\u00edt\u0151k.<\/p>\n","protected":false},"featured_media":6220,"comment_status":"open","ping_status":"closed","template":"","meta":{"_acf_changed":false},"product_brand":[],"product_cat":[224,242,225],"product_tag":[],"class_list":{"0":"post-6219","1":"product","2":"type-product","3":"status-publish","4":"has-post-thumbnail","6":"product_cat-ajanlat","7":"product_cat-jo-ajanlatok","8":"product_cat-minden-termek","10":"first","11":"instock","12":"sale","13":"taxable","14":"shipping-taxable","15":"purchasable","16":"product-type-simple"},"acf":[],"_links":{"self":[{"href":"https:\/\/fengchashop.com\/hu\/wp-json\/wp\/v2\/product\/6219","targetHints":{"allow":["GET"]}}],"collection":[{"href":"https:\/\/fengchashop.com\/hu\/wp-json\/wp\/v2\/product"}],"about":[{"href":"https:\/\/fengchashop.com\/hu\/wp-json\/wp\/v2\/types\/product"}],"replies":[{"embeddable":true,"href":"https:\/\/fengchashop.com\/hu\/wp-json\/wp\/v2\/comments?post=6219"}],"wp:featuredmedia":[{"embeddable":true,"href":"https:\/\/fengchashop.com\/hu\/wp-json\/wp\/v2\/media\/6220"}],"wp:attachment":[{"href":"https:\/\/fengchashop.com\/hu\/wp-json\/wp\/v2\/media?parent=6219"}],"wp:term":[{"taxonomy":"product_brand","embeddable":true,"href":"https:\/\/fengchashop.com\/hu\/wp-json\/wp\/v2\/product_brand?post=6219"},{"taxonomy":"product_cat","embeddable":true,"href":"https:\/\/fengchashop.com\/hu\/wp-json\/wp\/v2\/product_cat?post=6219"},{"taxonomy":"product_tag","embeddable":true,"href":"https:\/\/fengchashop.com\/hu\/wp-json\/wp\/v2\/product_tag?post=6219"}],"curies":[{"name":"wp","href":"https:\/\/api.w.org\/{rel}","templated":true}]}}