{"id":6193,"date":"2022-05-20T08:51:51","date_gmt":"2022-05-20T06:51:51","guid":{"rendered":"https:\/\/fengchashop.com\/hu\/product\/atraktilis-v-prahu-250-g\/"},"modified":"2026-04-26T15:21:18","modified_gmt":"2026-04-26T13:21:18","slug":"atractylodes-por","status":"publish","type":"product","link":"https:\/\/fengchashop.com\/hu\/product\/atractylodes-por\/","title":{"rendered":"Atractylodes por 250 g"},"content":{"rendered":"<h2><span style=\"color: #000000\"><strong>Atractilis por<\/strong><\/span><\/h2>\n<p><span style=\"color: #000000\">Az atractyls (Atractylodes macrocephala) egy \u00f6r\u00f6kz\u00f6ld n\u00f6v\u00e9ny, amely k\u00f6r\u00fclbel\u00fcl f\u00e9l m\u00e9ter magasra n\u0151. H\u00fasos gy\u00f6kerekkel \u00e9s keskenyebb sz\u00e1r\u00fa el\u00e1gaz\u00f3 levelekkel rendelkez\u0151 n\u00f6v\u00e9ny. Term\u00e9s\u00e9t ny\u00e1r v\u00e9g\u00e9n vagy \u0151sszel hozza. K\u00edn\u00e1ban bai zhu n\u00e9ven is ismert. A gy\u00f3gy\u00e1szati c\u00e9lokra haszn\u00e1lt gy\u00f6kereket t\u00e9len ki\u00e1ss\u00e1k \u00e9s megsz\u00e1r\u00edtj\u00e1k, hogy el\u0151k\u00e9sz\u00edts\u00e9k fogyaszt\u00e1sra. K\u00edn\u00e1ban hagyom\u00e1nyosan <strong>a Chi energia er\u0151s\u00edt\u00e9s\u00e9re, a szervezet er\u0151s\u00edt\u00e9s\u00e9re \u00e9s a betegs\u00e9gekkel szembeni ellen\u00e1ll\u00f3 k\u00e9pess\u00e9g n\u00f6vel\u00e9s\u00e9re haszn\u00e1lj\u00e1k.<\/strong> A hagyom\u00e1nyos k\u00ednai gy\u00f3gyn\u00f6v\u00e9nytanban<strong> sz\u00e1mos gy\u00f3gyn\u00f6v\u00e9nykever\u00e9k egyik legfontosabb \u00f6sszetev\u0151j\u00e9nek tartj\u00e1k.<\/strong> K\u00fcl\u00f6n\u00f6sen szeretik ginzenggel kombin\u00e1lni.<\/span><\/p>\n<h2><span style=\"color: #000000\"><strong>Kinek aj\u00e1nljuk fogyaszt\u00e1s\u00e1t<\/strong><\/span><\/h2>\n<p><span style=\"color: #000000\">Leggyakrabban<strong> a l\u00e9p \u00e9s a gyomor er\u0151s\u00edt\u00e9s\u00e9re haszn\u00e1lj\u00e1k.<\/strong> Az Atractilis hat\u00e9konyabb\u00e1 teheti az em\u00e9szt\u00e9st, <strong>de \u00e1ll\u00edt\u00f3lag szab\u00e1lyozza az \u00e9tv\u00e1gyat \u00e9s seg\u00edt a fogy\u00e1sban vagy a s\u00falygyarapod\u00e1sban is.<\/strong> Fizikai aktivit\u00e1s mellett hozz\u00e1j\u00e1rul az izomt\u00f6meg n\u00f6veked\u00e9s\u00e9hez \u00e9s ez\u00e1ltal a jobb fizikai er\u0151nl\u00e9thez \u00e9s \u00e1ll\u00f3k\u00e9pess\u00e9ghez.<\/span><\/p>\n<p><span style=\"color: #000000\">Az atractilis k\u00fcl\u00f6n\u00f6sen<strong> j\u00f3t\u00e9kony hat\u00e1ssal van az em\u00e9szt\u00e9sre, \u00e9s seg\u00edt azoknak, akiknek gyakori puffad\u00e1si, gyomorf\u00e1jdalmi, hasmen\u00e9si \u00e9s h\u00e1ny\u00e1si, valamint v\u00e9rszeg\u00e9nys\u00e9gi \u00e9s \u00e1jul\u00e1si panaszai vannak.<\/strong> V\u00edzhajt\u00f3k\u00e9nt is m\u0171k\u00f6dik, \u00e9s felgyors\u00edtja a felesleges v\u00edz elt\u00e1vol\u00edt\u00e1s\u00e1t a szervezetb\u0151l. Hat\u00e9konynak bizonyult a spont\u00e1n vet\u00e9l\u00e9sek megel\u0151z\u00e9s\u00e9ben is.<\/span><\/p>\n<p><span style=\"color: #000000\">Az atractilis \u00e9des \u00edz\u0171, ugyanakkor kiss\u00e9 keserny\u00e9s \u00e9s f\u0171szeres.<\/span><\/p>\n<h2><span style=\"color: #000000\"><strong>Milyen egy\u00e9b el\u0151ny\u00f6kkel j\u00e1r a fogyaszt\u00e1sa<\/strong><\/span><\/h2>\n<p><span style=\"color: #000000\">Az atractilis rendk\u00edv\u00fcl n\u00e9pszer\u0171 a k\u00ednai orvosl\u00e1sban, mivel helyre\u00e1ll\u00edtja az er\u0151t, az energi\u00e1t, er\u0151s\u00edti az immunit\u00e1st \u00e9s t\u00e1mogatja a b\u00e9lrendszer eg\u00e9szs\u00e9g\u00e9t. Gyakran kombin\u00e1lj\u00e1k m\u00e1s gy\u00f3gyn\u00f6v\u00e9nyekkel, k\u00fcl\u00f6n\u00f6sen ginzenggel, astragalusszal \u00e9s ritk\u00e1bb gy\u00f3gygomb\u00e1kkal. Az atractilis a k\u00f6vetkez\u0151 hat\u00e1sokkal rendelkezik:<\/span><\/p>\n<p><span style=\"color: #000000\">\ud83d\udc9a gondoskodik a <strong>m\u00e1j v\u00e9delemr\u0151l<\/strong>,<\/span><br \/>\n<span style=\"color: #000000\">\ud83d\udc9a<strong> v\u00e9d a m\u00e9hnyak-, eml\u0151- \u00e9s gyomorbetegs\u00e9gek ellen<\/strong>,<\/span><br \/>\n<span style=\"color: #000000\">\ud83d\udc9a <strong>fokozza a fizikai er\u0151nl\u00e9tet<\/strong>,<\/span><br \/>\n<span style=\"color: #000000\">\ud83d\udc9a er\u0151s\u00edti<strong> az immunrendszert<\/strong>;<\/span><br \/>\n<span style=\"color: #000000\">\ud83d\udc9a egyes adatok szerint szab\u00e1lyozza a v\u00e9rcukorszintet<\/span><br \/>\n<span style=\"color: #000000\">\ud83d\udc9a seg\u00edt <strong>puffad\u00e1s, gyomorf\u00e1jdalmak<\/strong> \u00e9s sz\u00e9d\u00fcl\u00e9s eset\u00e9n,<\/span><br \/>\n<span style=\"color: #000000\">\ud83d\udc9a <strong>n\u00f6veli az energiaszintet<\/strong> \u00e9s cs\u00f6kkenti a f\u00e1radts\u00e1got.<\/span><\/p>\n<h2><span style=\"color: #000000\">T\u00e1rol\u00e1s \u00e9s figyelmeztet\u00e9sek<\/span><\/h2>\n<p><span style=\"color: #000000\">H\u0171v\u00f6s, sz\u00e1raz helyen t\u00e1roland\u00f3. Gyermekek el\u0151l elz\u00e1rva tartand\u00f3 \u00e9trend-kieg\u00e9sz\u00edt\u0151!<\/span><br \/>\n<span style=\"color: #000000\">Ne feledje a v\u00e1ltozatos \u00e9trend \u00e9s az eg\u00e9szs\u00e9ges \u00e9letm\u00f3d fontoss\u00e1g\u00e1t, az \u00e9trend-kieg\u00e9sz\u00edt\u0151 nem helyettes\u00edti a kiegyens\u00falyozott \u00e9s v\u00e1ltozatos \u00e9trendet. Az aj\u00e1nlott napi mennyis\u00e9get vagy adagot nem szabad t\u00fall\u00e9pni. Terhes \u00e9s szoptat\u00f3 n\u0151k haszn\u00e1lat el\u0151tt k\u00e9rjenek tan\u00e1csot az orvosukt\u00f3l.<\/span><\/p>\n<h2><span style=\"color: #000000\">Csomagol\u00e1s<\/span><\/h2>\n<p><span style=\"color: #000000\">L\u00e9gmentesen z\u00e1rhat\u00f3 tasak, amelyben a term\u00e9k meg\u0151rzi minden frissess\u00e9g\u00e9t \u00e9s arom\u00e1j\u00e1t. A csomagol\u00e1s v\u00e9d a f\u00e9nyt\u0151l \u00e9s a leveg\u0151t\u0151l, mivel t\u00f6bb v\u00e9d\u0151r\u00e9tegb\u0151l \u00e1ll, amelyek meg\u0151rzik a tartalom tulajdons\u00e1gait.<\/span><\/p>\n<p><span style=\"color: #000000\">A csomagol\u00e1s nagyon praktikus \u00e9s \u00fajrahasznos\u00edthat\u00f3.<\/span><\/p>\n<h2><span style=\"color: #000000\">Sz\u00e1rmaz\u00e1si orsz\u00e1g<\/span><\/h2>\n<p><span style=\"color: #000000\">K\u00edna. Nagyon megb\u00edzhat\u00f3 besz\u00e1ll\u00edt\u00f3ink vannak, akik minden t\u00e9telhez r\u00e9szletes k\u00e9miai elemz\u00e9st k\u00fcldenek az \u00e9lelmiszerekr\u0151l. T\u00f6bb mint t\u00edz \u00e9v alatt nem kaptunk semmilyen reklam\u00e1ci\u00f3t vagy panaszt sem ezzel, sem az ugyanazon besz\u00e1ll\u00edt\u00f3t\u00f3l sz\u00e1rmaz\u00f3 egy\u00e9b term\u00e9kekkel kapcsolatban.<\/span><\/p>\n","protected":false},"excerpt":{"rendered":"<p>Az atractilis rendk\u00edv\u00fcl n\u00e9pszer\u0171 a k\u00ednai orvosl\u00e1sban, mivel helyre\u00e1ll\u00edtja az er\u0151t, az energi\u00e1t, er\u0151s\u00edti az immunit\u00e1st \u00e9s t\u00e1mogatja a b\u00e9lrendszer eg\u00e9szs\u00e9g\u00e9t. Gyakran kombin\u00e1lj\u00e1k m\u00e1s gy\u00f3gyn\u00f6v\u00e9nyekkel, k\u00fcl\u00f6n\u00f6sen ginzenggel, astragalusszal \u00e9s ritk\u00e1bb gy\u00f3gygomb\u00e1kkal. Az atractilis a k\u00f6vetkez\u0151 hat\u00e1sokkal rendelkezik:<\/p>\n<p>\ud83d\udc9a v\u00e9di a m\u00e1jat,<br \/>\n\ud83d\udc9a v\u00e9d a m\u00e9hnyak-, mell- \u00e9s gyomorbetegs\u00e9gek ellen,<br \/>\n\ud83d\udc9a t\u00e1mogatja az immunrendszert,<br \/>\n\ud83d\udc9a seg\u00edt puffad\u00e1s, gyomorf\u00e1jdalom \u00e9s sz\u00e9d\u00fcl\u00e9s eset\u00e9n,<br \/>\n\ud83d\udc9a n\u00f6veli az energiaszintet \u00e9s cs\u00f6kkenti a f\u00e1radts\u00e1got.<\/p>\n","protected":false},"featured_media":6194,"comment_status":"open","ping_status":"closed","template":"","meta":{"_acf_changed":false},"product_brand":[],"product_cat":[195],"product_tag":[],"class_list":{"0":"post-6193","1":"product","2":"type-product","3":"status-publish","4":"has-post-thumbnail","6":"product_cat-szuperelelmiszer","8":"first","9":"instock","10":"sale","11":"taxable","12":"shipping-taxable","13":"purchasable","14":"product-type-simple"},"acf":[],"_links":{"self":[{"href":"https:\/\/fengchashop.com\/hu\/wp-json\/wp\/v2\/product\/6193","targetHints":{"allow":["GET"]}}],"collection":[{"href":"https:\/\/fengchashop.com\/hu\/wp-json\/wp\/v2\/product"}],"about":[{"href":"https:\/\/fengchashop.com\/hu\/wp-json\/wp\/v2\/types\/product"}],"replies":[{"embeddable":true,"href":"https:\/\/fengchashop.com\/hu\/wp-json\/wp\/v2\/comments?post=6193"}],"wp:featuredmedia":[{"embeddable":true,"href":"https:\/\/fengchashop.com\/hu\/wp-json\/wp\/v2\/media\/6194"}],"wp:attachment":[{"href":"https:\/\/fengchashop.com\/hu\/wp-json\/wp\/v2\/media?parent=6193"}],"wp:term":[{"taxonomy":"product_brand","embeddable":true,"href":"https:\/\/fengchashop.com\/hu\/wp-json\/wp\/v2\/product_brand?post=6193"},{"taxonomy":"product_cat","embeddable":true,"href":"https:\/\/fengchashop.com\/hu\/wp-json\/wp\/v2\/product_cat?post=6193"},{"taxonomy":"product_tag","embeddable":true,"href":"https:\/\/fengchashop.com\/hu\/wp-json\/wp\/v2\/product_tag?post=6193"}],"curies":[{"name":"wp","href":"https:\/\/api.w.org\/{rel}","templated":true}]}}