{"id":6184,"date":"2022-12-02T09:47:47","date_gmt":"2022-12-02T08:47:47","guid":{"rendered":"https:\/\/fengchashop.com\/hu\/product\/bio-kokuszcukor-250-g\/"},"modified":"2026-05-12T07:16:20","modified_gmt":"2026-05-12T05:16:20","slug":"bio-kokuszcukor","status":"publish","type":"product","link":"https:\/\/fengchashop.com\/hu\/product\/bio-kokuszcukor\/","title":{"rendered":"Bio k\u00f3kuszcukor 250 g"},"content":{"rendered":"<h2><span style=\"color: #000000\">Bio k\u00f3kuszcukor<\/span><\/h2>\n<p><span style=\"color: #000000\">A k\u00f3kuszcukrot a <strong>k\u00f3kuszdi\u00f3 vir\u00e1gaib\u00f3l<\/strong> nyerik ki, amelyeket alacsony h\u0151m\u00e9rs\u00e9kleten t\u00f6rt\u00e9n\u0151 hev\u00edt\u00e9ssel k\u00fcl\u00f6nleges <strong>nekt\u00e1rr\u00e1<\/strong> alak\u00edtanak. Ez azut\u00e1n sz\u00e1r\u00edt\u00e1ssal krist\u00e1lyokk\u00e1 alakul. <strong>Vil\u00e1gosbarna sz\u00edn\u0171<\/strong> \u00e9s <strong>finom \u00edz\u0171<\/strong>. Legyen \u00f3vatos a k\u00f3kuszcukor v\u00e1s\u00e1rl\u00e1sakor. A t\u00fal s\u00f6t\u00e9t sz\u00edn azt jelezheti, hogy t\u00falf\u0151zt\u00e9k, \u00e9s ez\u00e9rt a feldolgoz\u00e1s sor\u00e1n ki\u00fcr\u00fclt. Alternat\u00edvak\u00e9nt a sokkal olcs\u00f3bb, finom\u00edtatlan n\u00e1dcukor is lehet, hogy hozz\u00e1adt\u00e1k.<\/span><\/p>\n<p><span style=\"color: #000000\">A k\u00f3kuszcukor \u00edze <strong>sokkal ink\u00e1bb hasonl\u00edt a<\/strong> <strong>karamell\u00e1ra<\/strong> <strong>, mint a k\u00f3kuszra<\/strong>. Enyhe \u00e9s kellemes \u00edze van, \u00e9s nem uralja az \u00e9telt vagy az italt (mint p\u00e9ld\u00e1ul a stevia eset\u00e9ben).<\/span><\/p>\n<p><span style=\"color: #000000\">A mi bio k\u00f3kuszcukorunk. Alkalmas a kedvenc italok \u00e9s \u00e9telek \u00e9des\u00edt\u00e9s\u00e9re, \u00e9s a legjobb min\u0151s\u00e9g\u0171.<\/span><\/p>\n<p><span style=\"color: #000000\">A k\u00f3kuszp\u00e1lma \u00e9des vir\u00e1gaib\u00f3l sz\u00e1rmaz\u00f3 k\u00f3kuszcukor <strong>eg\u00e9szs\u00e9gesebb alternat\u00edv\u00e1ja a feh\u00e9r cukornak<\/strong>, mert:<\/span><\/p>\n<p><span style=\"color: #000000\">\ud83d\udc9a A <strong>lacsonyabb glik\u00e9mi\u00e1s indexe<\/strong> van, mint a feh\u00e9r cukornak;<\/span><br \/>\n<span style=\"color: #000000\">\ud83d\udc9a inulint tartalmaz, amely <strong>lass\u00edtja a gl\u00fck\u00f3z felsz\u00edv\u00f3d\u00e1s\u00e1t<\/strong> a v\u00e9rbe;<\/span><br \/>\n<span style=\"color: #000000\">\ud83d\udc9a olyan <strong>t\u00e1panyagokat<\/strong> is tartalmaz, mint: vas, cink, magn\u00e9zium, kalcium \u00e9s k\u00e1lium, zs\u00edrsav-polifenolok \u00e9s antioxid\u00e1nsok, valamint B- \u00e9s C-vitamin;<\/span><br \/>\n<span style=\"color: #000000\">\ud83d\udc9a s <strong>emleges pH-\u00e9rt\u00e9kkel<\/strong> rendelkezik, ami azt jelenti, hogy nem savas\u00edtja a szervezetet;<\/span><br \/>\n<span style=\"color: #000000\">\ud83d\udc9a seg\u00edthet abban, hogy k\u00f6nnyebben megtartsuk az eg\u00e9szs\u00e9ges tests\u00falyt.<\/span><\/p>\n<p><span style=\"color: #000000\">Mivel a k\u00f3kuszcukornak alacsonyabb a glik\u00e9mi\u00e1s indexe a hagyom\u00e1nyos feh\u00e9r cukorhoz k\u00e9pest, cukorbetegek (II. t\u00edpus\u00fa) is fogyaszthatj\u00e1k. <strong>GI=35<\/strong> \u00e9rt\u00e9k\u00e9vel csak minim\u00e1lisan emeli a v\u00e9rcukorszintet. R\u00e1ad\u00e1sul olyan enzimet tartalmaz, amely el\u0151seg\u00edti a cukor lassabb \u00e1tjut\u00e1s\u00e1t a v\u00e9rbe, ami <strong>megakad\u00e1lyozza a hirtelen \u00e9s r\u00f6vid ideig tart\u00f3 v\u00e9rcukorszint-emelked\u00e9st<\/strong>.<\/span><\/p>\n<p><span style=\"color: #000000\">A k\u00f3kuszcukor azonban gazdag energia- \u00e9s kal\u00f3riaforr\u00e1s is, ez\u00e9rt csak korl\u00e1tozott mennyis\u00e9gben szabad fogyasztani. A hagyom\u00e1nyos r\u00e9pa- vagy n\u00e1dcukorhoz k\u00e9pest azonban eg\u00e9szs\u00e9gesebb v\u00e1laszt\u00e1s. A benne tal\u00e1lhat\u00f3 fontos t\u00e1panyagok, \u00e1sv\u00e1nyi anyagok \u00e9s antioxid\u00e1nsok miatt is.<\/span><\/p>\n<h2><span style=\"color: #000000\">T\u00e1rol\u00e1s<\/span><\/h2>\n<p><span style=\"color: #000000\">Sz\u00e1raz, s\u00f6t\u00e9t \u00e9s h\u0171v\u00f6s helyen t\u00e1rolja. \u00dcgyeljen arra, hogy a zacsk\u00f3 szorosan z\u00e1rva legyen.<\/span><\/p>\n<h2><span style=\"color: #000000\">Csomagol\u00e1s<\/span><\/h2>\n<p><span style=\"color: #000000\">Nem l\u00e9g\u00e1tereszt\u0151 cipz\u00e1ras zacsk\u00f3 vagy doboz, amelyben a term\u00e9k meg\u0151rzi teljes frissess\u00e9g\u00e9t \u00e9s arom\u00e1j\u00e1t. A csomagol\u00e1s v\u00e9d a f\u00e9nyt\u0151l \u00e9s a leveg\u0151t\u0151l. T\u00f6bb r\u00e9tegb\u0151l \u00e1ll, hogy meg\u0151rizze a term\u00e9k tulajdons\u00e1gait.<\/span><\/p>\n<p><span style=\"color: #000000\">A csomagol\u00e1s nagyon praktikus \u00e9s \u00fajrahasznos\u00edthat\u00f3.<\/span><\/p>\n<h2><span style=\"color: #000000\">Sz\u00e1rmaz\u00e1si hely<\/span><\/h2>\n<p><span style=\"color: #000000\">Indon\u00e9zia<\/span><\/p>\n","protected":false},"excerpt":{"rendered":"<p>A k\u00f3kuszcukrot a k\u00f3kuszdi\u00f3 vir\u00e1gaib\u00f3l nyerik ki, amelyeket alacsony h\u0151m\u00e9rs\u00e9kleten t\u00f6rt\u00e9n\u0151 hev\u00edt\u00e9ssel k\u00fcl\u00f6nleges nekt\u00e1rr\u00e1 alak\u00edtanak. Ezt azt\u00e1n sz\u00e1r\u00edt\u00e1ssal krist\u00e1lyokk\u00e1 alak\u00edtj\u00e1k. Vil\u00e1gosbarna sz\u00edn\u0171 \u00e9s finom \u00edz\u0171. Legyen \u00f3vatos a k\u00f3kuszcukor v\u00e1s\u00e1rl\u00e1sakor. A t\u00fal s\u00f6t\u00e9t sz\u00edn azt jelezheti, hogy t\u00falf\u0151zt\u00e9k, \u00e9s ez\u00e9rt a feldolgoz\u00e1s sor\u00e1n ki\u00fcr\u00fclt. Alternat\u00edvak\u00e9nt a sokkal olcs\u00f3bb, finom\u00edtatlan n\u00e1dcukor is lehet, hogy hozz\u00e1adt\u00e1k. A k\u00f3kuszp\u00e1lma \u00e9des vir\u00e1gaib\u00f3l sz\u00e1rmaz\u00f3 k\u00f3kuszcukor eg\u00e9szs\u00e9gesebb alternat\u00edv\u00e1ja a feh\u00e9r cukornak.<\/p>\n<p>\ud83d\udc9a Vil\u00e1gosbarna sz\u00edn\u0171 \u00e9s finom \u00edz\u0171.<br \/>\n\ud83d\udc9a Megakad\u00e1lyozza a hirtelen \u00e9s r\u00f6vid ideig tart\u00f3 v\u00e9rcukorszint-emelked\u00e9st.<br \/>\n\ud83d\udc9a Felhaszn\u00e1l\u00e1si ar\u00e1nya megegyezik a norm\u00e1l (feh\u00e9r) cukor\u00e9val.<\/p>\n","protected":false},"featured_media":6185,"comment_status":"open","ping_status":"closed","template":"","meta":{"_acf_changed":false},"product_brand":[],"product_cat":[224,225,205],"product_tag":[],"class_list":{"0":"post-6184","1":"product","2":"type-product","3":"status-publish","4":"has-post-thumbnail","6":"product_cat-ajanlat","7":"product_cat-minden-termek","8":"product_cat-tea-es-etelek-es-fuszerek","10":"first","11":"instock","12":"sale","13":"taxable","14":"shipping-taxable","15":"purchasable","16":"product-type-simple"},"acf":[],"_links":{"self":[{"href":"https:\/\/fengchashop.com\/hu\/wp-json\/wp\/v2\/product\/6184","targetHints":{"allow":["GET"]}}],"collection":[{"href":"https:\/\/fengchashop.com\/hu\/wp-json\/wp\/v2\/product"}],"about":[{"href":"https:\/\/fengchashop.com\/hu\/wp-json\/wp\/v2\/types\/product"}],"replies":[{"embeddable":true,"href":"https:\/\/fengchashop.com\/hu\/wp-json\/wp\/v2\/comments?post=6184"}],"wp:featuredmedia":[{"embeddable":true,"href":"https:\/\/fengchashop.com\/hu\/wp-json\/wp\/v2\/media\/6185"}],"wp:attachment":[{"href":"https:\/\/fengchashop.com\/hu\/wp-json\/wp\/v2\/media?parent=6184"}],"wp:term":[{"taxonomy":"product_brand","embeddable":true,"href":"https:\/\/fengchashop.com\/hu\/wp-json\/wp\/v2\/product_brand?post=6184"},{"taxonomy":"product_cat","embeddable":true,"href":"https:\/\/fengchashop.com\/hu\/wp-json\/wp\/v2\/product_cat?post=6184"},{"taxonomy":"product_tag","embeddable":true,"href":"https:\/\/fengchashop.com\/hu\/wp-json\/wp\/v2\/product_tag?post=6184"}],"curies":[{"name":"wp","href":"https:\/\/api.w.org\/{rel}","templated":true}]}}