{"id":6179,"date":"2022-03-15T11:18:31","date_gmt":"2022-03-15T10:18:31","guid":{"rendered":"https:\/\/fengchashop.com\/hu\/product\/kurkuma-kapszulaban-bio-240-kapszula\/"},"modified":"2026-05-10T20:28:48","modified_gmt":"2026-05-10T18:28:48","slug":"kurkuma-kapszulaban-bio","status":"publish","type":"product","link":"https:\/\/fengchashop.com\/hu\/product\/kurkuma-kapszulaban-bio\/","title":{"rendered":"Kurkuma kapszul\u00e1ban BIO 240 kapszula"},"content":{"rendered":"<h2 style=\"text-align: justify\"><span style=\"color: #000000\">Kurkuma BIO<\/span><\/h2>\n<p style=\"text-align: justify\"><span style=\"color: #000000\">A kurkuma Eur\u00f3p\u00e1ban \u0151sid\u0151k \u00f3ta, haz\u00e1nkban pedig legal\u00e1bb 4000 \u00e9ve ismert n\u00f6v\u00e9ny. Eredetileg gy\u00f3gyn\u00f6v\u00e9nyk\u00e9nt \u00e9s fest\u00e9kk\u00e9nt haszn\u00e1lt\u00e1k, de k\u00e9s\u0151bb f\u0171szerk\u00e9nt is megjelent az emberek \u00e9let\u00e9ben. A gy\u00f6mb\u00e9rhez hasonl\u00f3an a kurkuma is egy f\u0171szer, amelyet egy \u00e1zsiai \u00f6r\u00f6kz\u00f6ld n\u00f6v\u00e9ny <strong>f\u00f6ld alatti megvastagodott sz\u00e1r\u00e1b\u00f3l<\/strong> nyernek. A kurkum\u00e1t az Ayurveda hagyom\u00e1nyosan a r\u00e1k \u00e9s a pikkelys\u00f6m\u00f6r kezel\u00e9s\u00e9re haszn\u00e1lja. Kozmetikai k\u00e9sz\u00edtm\u00e9nyek \u00f6sszetev\u0151jek\u00e9nt is ismert. B\u00e1r a nyugati vil\u00e1gban egyesek csak f\u0171szerk\u00e9nt ismerik, sokkal t\u00f6bb potenci\u00e1l rejlik benne.A kurkuma \u00e1sv\u00e1nyi anyagok, B6- \u00e9s B3-vitamin, folsav, k\u00e1lium, vas \u00e9s mang\u00e1n \u00e9s omega-3 zs\u00edrsavak mellett <strong>polifenol kurkumint<\/strong> is tartalmaz, amely <strong>nagyon er\u0151s antioxid\u00e1ns<\/strong> \u00e9s hat\u00e9kony <strong>gyullad\u00e1scs\u00f6kkent\u0151 vegy\u00fclet<\/strong>. A kurkumin bizony\u00edtottan pozit\u00edv hat\u00e1ssal van a m\u00e1jra \u00e9s az erekre, enyh\u00edti az \u00edz\u00fcleti gyullad\u00e1sokat \u00e9s cs\u00f6kkenti a cukorbetegs\u00e9g kock\u00e1zati t\u00e9nyez\u0151it. Az agy eg\u00e9szs\u00e9g\u00e9re is pozit\u00edv hat\u00e1ssal van, \u00e9s cs\u00f6kkenti a r\u00e1k kock\u00e1zat\u00e1t. A kurkumin sikeresen megel\u0151z minden kr\u00f3nikus gyullad\u00e1st szervezet\u00fcnkben \u2013 \u00e9s minden betegs\u00e9g val\u00f3j\u00e1ban gyullad\u00e1ssal kezd\u0151dik. Antibakteri\u00e1lis hat\u00e1s\u00e1val <strong>megakad\u00e1lyozza a rossz bakt\u00e9riumok szaporod\u00e1s\u00e1t is<\/strong> az em\u00e9szt\u0151rendszer\u00fcnkben, mint p\u00e9ld\u00e1ul a <strong><em>heliobacter pylori<\/em><\/strong> a gyomorban \u00e9s <em>a <strong>candida<\/strong><\/em> a sz\u00e1jban \u00e9s a belekben.\u00a0<\/span><\/p>\n<p style=\"text-align: justify\"><span style=\"color: #000000\">A kurkum\u00e1ban tal\u00e1lhat\u00f3 kurkumin pozit\u00edv hat\u00e1ssal van az \u00f6reged\u00e9ssel \u00f6sszef\u00fcgg\u0151 betegs\u00e9gek (Alzheimer-k\u00f3r) kialakul\u00e1s\u00e1nak megel\u0151z\u00e9s\u00e9re is.<\/span><\/p>\n<p style=\"text-align: justify\"><span style=\"color: #000000\">A kurkuma \u00edze enyh\u00e9n keserny\u00e9s, f\u0171szeres, ugyanakkor \u00e9desk\u00e9s is \u00e9s gy\u00f6mb\u00e9rre, narancsra \u00e9s borsra eml\u00e9keztet.<\/span><\/p>\n<p style=\"text-align: justify\"><span style=\"color: #000000\">A kurkum\u00e1r\u00f3l ismert, hogy:<\/span><\/p>\n<p><span style=\"color: #000000\"><strong>\u00a0 \u00a0 \u00a0\ud83d\udc9a gyullad\u00e1scs\u00f6kkent\u0151<\/strong>, gombaellenes \u00e9s antimikrobi\u00e1lis, \u00edgy cs\u00f6kkenti a gyullad\u00e1sokat;<\/span><\/p>\n<p><span style=\"color: #000000\">\u00a0 \u00a0 \u00a0\ud83d\udc9a tiszt\u00edtja a m\u00e1jat, hisz tiszt\u00edt\u00f3 hat\u00e1s\u00fa \u00e9s<strong>megakad\u00e1lyozza a zs\u00edrsavak felhalmoz\u00f3d\u00e1s\u00e1t a m\u00e1jban<\/strong>;<\/span><\/p>\n<p><span style=\"color: #000000\">\u00a0 \u00a0 \u00a0\ud83d\udc9a megk\u00f6nny\u00edti a<strong> menstru\u00e1ci\u00f3s probl\u00e9m\u00e1kat<\/strong> \u00e9s az em\u00e9szt\u00e9ssel kapcsolatos probl\u00e9m\u00e1k;<\/span><\/p>\n<p><span style=\"color: #000000\">\u00a0 \u00a0 \u00a0\ud83d\udc9a rendszeres fogyaszt\u00e1sa megakad\u00e1lyozza a 2-es t\u00edpus\u00fa cukorbetegs\u00e9g kialakul\u00e1s\u00e1t a prediabetikusokn\u00e1l;<\/span><\/p>\n<p><span style=\"color: #000000\">\u00a0 \u00a0 \u00a0\ud83d\udc9a paszta form\u00e1ban <strong>enyh\u00edti a b\u0151r\u00f6n lev\u0151 gyullad\u00e1sokat<\/strong> \u00e9s <strong>irrit\u00e1ci\u00f3kat<\/strong>;<\/span><\/p>\n<p><span style=\"color: #000000\">\u00a0 \u00a0 \u00a0\ud83d\udc9a el\u0151seg\u00edti a zs\u00edrok gyorsabb em\u00e9szt\u00e9s\u00e9t, ami seg\u00edthet a <strong>fogy\u00e1sban<\/strong>;<\/span><\/p>\n<p><span style=\"color: #000000\">\u00a0 \u00a0 \u00a0\ud83d\udc9a j\u00f3t\u00e9konyan hat az <strong>agy hat\u00e9konys\u00e1g\u00e1ra<\/strong> \u00e9s ezzel megel\u0151zi a kapcsol\u00f3d\u00f3 betegs\u00e9geket, p\u00e9ld\u00e1ul az Alzheimer-k\u00f3rt;<\/span><\/p>\n<p><span style=\"color: #000000\"><strong>\u00a0 \u00a0 \u00a0\ud83d\udc9a jav\u00edtja a hangulatot<\/strong>;<\/span><\/p>\n<p><span style=\"color: #000000\">\u00a0 \u00a0 \u00a0\ud83d\udc9a enyh\u00edti az izom- \u00e9s \u00edz\u00fcleti f\u00e1jdalmakat;<\/span><\/p>\n<p><span style=\"color: #000000\">\u00a0 \u00a0 \u00a0\ud83d\udc9a hat\u00e9kony a rossz lehelet ellen, \u00e9s hasznos fog\u00e1gybetegs\u00e9gek ellen is;<\/span><\/p>\n<p><span style=\"color: #000000\">\u00a0 \u00a0 \u00a0\ud83d\udc9a \u00e1ll\u00edt\u00f3lag r\u00e1kellenes hat\u00e1sa is van.<\/span><\/p>\n<h2><span style=\"color: #000000\">T\u00e1rol\u00e1s<\/span><\/h2>\n<p><span style=\"color: #000000\">T\u00e1rolja sz\u00e1raz, s\u00f6t\u00e9t \u00e9s h\u0171v\u00f6s helyen. Gy\u0151z\u0151dj\u00f6n meg arr\u00f3l, hogy a zacsk\u00f3 szorosan le van z\u00e1rva.<\/span><\/p>\n<h2><span style=\"color: #000000\">Csomagol\u00e1s<\/span><\/h2>\n<p><span style=\"color: #000000\">L\u00e9gmentesen z\u00e1rhat\u00f3 tasak, amelyben a term\u00e9k meg\u0151rzi minden frissess\u00e9g\u00e9t \u00e9s arom\u00e1j\u00e1t. A csomagol\u00e1s v\u00e9d a f\u00e9nyt\u0151l \u00e9s a leveg\u0151t\u0151l, mivel t\u00f6bb v\u00e9d\u0151r\u00e9tegb\u0151l \u00e1ll, amelyek meg\u0151rzik a tartalom tulajdons\u00e1gait.<\/span><\/p>\n<p><span style=\"color: #000000\">A csomagol\u00e1s nagyon praktikus \u00e9s \u00fajrahasznos\u00edthat\u00f3.<\/span><\/p>\n<h2><span style=\"color: #000000\">Sz\u00e1rmaz\u00e1s<\/span><\/h2>\n<p><span style=\"color: #000000\">India<\/span><\/p>\n","protected":false},"excerpt":{"rendered":"<p>A kurkuma \u00e1sv\u00e1nyi anyagok, B6- \u00e9s B3-vitamin, folsav, k\u00e1lium, vas \u00e9s mang\u00e1n \u00e9s omega-3 zs\u00edrsavak mellett polifenol kurkumint is tartalmaz, amely nagyon er\u0151s antioxid\u00e1ns \u00e9s hat\u00e9kony gyullad\u00e1scs\u00f6kkent\u0151 vegy\u00fclet. A kurkumin bizony\u00edtottan pozit\u00edv hat\u00e1ssal van a m\u00e1jra \u00e9s az erekre, enyh\u00edti az \u00edz\u00fcleti gyullad\u00e1sokat \u00e9s cs\u00f6kkenti a cukorbetegs\u00e9g kock\u00e1zati t\u00e9nyez\u0151it. Az agy eg\u00e9szs\u00e9g\u00e9re is pozit\u00edv hat\u00e1ssal van, \u00e9s cs\u00f6kkenti a r\u00e1k kock\u00e1zat\u00e1t. A kurkumin sikeresen megel\u0151z minden kr\u00f3nikus gyullad\u00e1st szervezet\u00fcnkben \u2013 \u00e9s minden betegs\u00e9g val\u00f3j\u00e1ban gyullad\u00e1ssal kezd\u0151dik. Antibakteri\u00e1lis hat\u00e1s\u00e1val megakad\u00e1lyozza a rossz bakt\u00e9riumok elszaporod\u00e1s\u00e1t is em\u00e9szt\u0151rendszer\u00fcnkben, mint pl. a <em>heliobacter pylori<\/em>\u00a0a gyomorban \u00e9s a <em>candida<\/em>\u00a0a sz\u00e1jban \u00e9s a belekben. A kurkum\u00e1ban tal\u00e1lhat\u00f3 kurkumin pozit\u00edv hat\u00e1ssal van az \u00f6reged\u00e9ssel \u00f6sszef\u00fcgg\u0151 betegs\u00e9gek (Alzheimer-k\u00f3r) kialakul\u00e1s\u00e1nak megel\u0151z\u00e9s\u00e9re is.<\/p>\n<p>\ud83d\udc9a Gyullad\u00e1scs\u00f6kkent\u0151.<br \/>\n\ud83d\udc9a Tiszt\u00edtja a m\u00e1jat.<br \/>\n\ud83d\udc9a Enyh\u00edti a menstru\u00e1ci\u00f3s probl\u00e9m\u00e1kat.<br \/>\n\ud83d\udc9a Er\u0151teljes antioxid\u00e1ns.<\/p>\n","protected":false},"featured_media":6180,"comment_status":"open","ping_status":"closed","template":"","meta":{"_acf_changed":false},"product_brand":[],"product_cat":[224,194,225,195],"product_tag":[],"class_list":{"0":"post-6179","1":"product","2":"type-product","3":"status-publish","4":"has-post-thumbnail","6":"product_cat-ajanlat","7":"product_cat-ajurveda","8":"product_cat-minden-termek","9":"product_cat-szuperelelmiszer","11":"first","12":"instock","13":"sale","14":"taxable","15":"shipping-taxable","16":"purchasable","17":"product-type-simple"},"acf":[],"_links":{"self":[{"href":"https:\/\/fengchashop.com\/hu\/wp-json\/wp\/v2\/product\/6179","targetHints":{"allow":["GET"]}}],"collection":[{"href":"https:\/\/fengchashop.com\/hu\/wp-json\/wp\/v2\/product"}],"about":[{"href":"https:\/\/fengchashop.com\/hu\/wp-json\/wp\/v2\/types\/product"}],"replies":[{"embeddable":true,"href":"https:\/\/fengchashop.com\/hu\/wp-json\/wp\/v2\/comments?post=6179"}],"wp:featuredmedia":[{"embeddable":true,"href":"https:\/\/fengchashop.com\/hu\/wp-json\/wp\/v2\/media\/6180"}],"wp:attachment":[{"href":"https:\/\/fengchashop.com\/hu\/wp-json\/wp\/v2\/media?parent=6179"}],"wp:term":[{"taxonomy":"product_brand","embeddable":true,"href":"https:\/\/fengchashop.com\/hu\/wp-json\/wp\/v2\/product_brand?post=6179"},{"taxonomy":"product_cat","embeddable":true,"href":"https:\/\/fengchashop.com\/hu\/wp-json\/wp\/v2\/product_cat?post=6179"},{"taxonomy":"product_tag","embeddable":true,"href":"https:\/\/fengchashop.com\/hu\/wp-json\/wp\/v2\/product_tag?post=6179"}],"curies":[{"name":"wp","href":"https:\/\/api.w.org\/{rel}","templated":true}]}}