{"id":6159,"date":"2022-03-11T19:29:12","date_gmt":"2022-03-11T18:29:12","guid":{"rendered":"https:\/\/fengchashop.com\/hu\/product\/omega-3-zsirsavak-kapszulaban-180-kapszula\/"},"modified":"2026-04-20T12:26:21","modified_gmt":"2026-04-20T10:26:21","slug":"omega-3-zsirsavak-kapszulaban","status":"publish","type":"product","link":"https:\/\/fengchashop.com\/hu\/product\/omega-3-zsirsavak-kapszulaban\/","title":{"rendered":"Omega 3 zs\u00edrsavak kapszul\u00e1ban 180 kapszula"},"content":{"rendered":"<h2><span style=\"color: #000000\">Omega-3 zs\u00edrsavak<\/span><\/h2>\n<p><span style=\"color: #000000\">Az omega-3 zs\u00edrsavak<strong> n\u00e9lk\u00fcl\u00f6zhetetlenek<\/strong> az ember sz\u00e1m\u00e1ra, de a szervezet nem k\u00e9pes saj\u00e1t maga el\u0151\u00e1ll\u00edtani \u0151ket. Mivel a<strong> szervezetben sz\u00e1mos folyamat megfelel\u0151 m\u0171k\u00f6d\u00e9s\u00e9hez<\/strong> n\u00e9lk\u00fcl\u00f6zhetetlenek, ez\u00e9rt ezeket az \u00e9rt\u00e9kes zs\u00edrokban gazdag \u00e9trenddel kell fogyasztani. Ha azonban az \u00e9trend nem biztos\u00edt elegend\u0151 omega-3 zs\u00edrsavat, az egyik leghat\u00e9konyabb \u00e9s legegyszer\u0171bb m\u00f3dszer a t\u00e1pl\u00e1l\u00e9kkieg\u00e9sz\u00edt\u0151 szed\u00e9se. Tudnunk kell, hogy a piacon hatalmas v\u00e1laszt\u00e9k van, de nem minden halolajos (vagy n\u00f6v\u00e9nyi forr\u00e1sb\u00f3l sz\u00e1rmaz\u00f3) \u00e9trend-kieg\u00e9sz\u00edt\u0151 el\u00e9g j\u00f3. K\u00fcl\u00f6n\u00f6sen \u00f3vatosnak kell lenn\u00fcnk, ha hossz\u00fa ideig sz\u00e1nd\u00e9kozunk \u00e9trend-kieg\u00e9sz\u00edt\u0151t szedni. A szennyez\u0151d\u00e9sek \u00e9s a felesleges, s\u0151t k\u00e1ros adal\u00e9kanyagok t\u00f6bbet \u00e1rthatnak, mint haszn\u00e1lhatnak.<\/span><\/p>\n<p><span style=\"color: #000000\">Omega-3 zs\u00edrsav kapszul\u00e1ink a <strong>legtiszt\u00e1bb halolajb\u00f3l k\u00e9sz\u00fclnek<\/strong>. Vadon fogott halakb\u00f3l, megfelel\u0151en feldolgozva \u00e9s l\u00e1gyg\u00e9l kapszul\u00e1kba z\u00e1rva, amelyek kisebb m\u00e9ret\u0171ek, m\u00e9gis a k\u00f6nnyebb lenyel\u00e9s \u00e9rdek\u00e9ben form\u00e1zottak. Ezek a legkiv\u00e1l\u00f3bb \u00f6sszetev\u0151kb\u0151l k\u00e9sz\u00fclt kiv\u00e1l\u00f3 \u00e9trend-kieg\u00e9sz\u00edt\u0151k. <strong>Nem okoznak puffad\u00e1st \u00e9s nincs zavar\u00f3 hal\u00edz\u00fck.<\/strong><\/span><\/p>\n<h2><span style=\"color: #000000\">Milyen el\u0151nyei vannak az omega-3 zs\u00edrsavak szed\u00e9s\u00e9nek?<\/span><\/h2>\n<p><span style=\"color: #000000\">Az omega-3 zs\u00edrsavak legal\u00e1bb k\u00e9t fontos szerepet j\u00e1tszanak szervezet\u00fcnkben. Kutat\u00e1sok kimutatt\u00e1k, hogy befoly\u00e1solj\u00e1k a<strong> sz\u00edv- \u00e9s \u00e9rrendszer megfelel\u0151 m\u0171k\u00f6d\u00e9s\u00e9t<\/strong> \u00e9s <strong>cs\u00f6kkentik a gyullad\u00e1st<\/strong>. \u00d6sszefoglalva teh\u00e1t az omega-3 zs\u00edrsavak fogyaszt\u00e1s\u00e1nak n\u00e9h\u00e1ny hat\u00e1s\u00e1t, azt l\u00e1thatjuk, hogy:<\/span><\/p>\n<p><span style=\"color: #000000\">\ud83d\udc9a Hozz\u00e1j\u00e1rulnak a <em>sz\u00edv \u00e9s a sz\u00edv- \u00e9s \u00e9rrendszer norm\u00e1lis m\u0171k\u00f6d\u00e9s\u00e9hez<\/em>, t\u00f6bbek k\u00f6z\u00f6tt szab\u00e1lyozz\u00e1k a sz\u00edvver\u00e9st, valamint seg\u00edtenek a<strong> v\u00e9rnyom\u00e1s \u00e9s a koleszterinszint szab\u00e1lyoz\u00e1s\u00e1ban.<\/strong><\/span><br \/>\n<span style=\"color: #000000\">\ud83d\udc9a Hozz\u00e1j\u00e1rulnak a <strong>norm\u00e1l l\u00e1t\u00e1s fenntart\u00e1s\u00e1hoz.<\/strong><\/span><br \/>\n<span style=\"color: #000000\">\ud83d\udc9a Hozz\u00e1j\u00e1rulnak a<strong> norm\u00e1l agym\u0171k\u00f6d\u00e9s fenntart\u00e1s\u00e1hoz,<\/strong> bele\u00e9rtve a mem\u00f3ria m\u0171k\u00f6d\u00e9s\u00e9t, valamint a hangulat \u00e9s az \u00e9rzelmi egyens\u00faly szab\u00e1lyoz\u00e1s\u00e1t.<\/span><br \/>\n<span style=\"color: #000000\">\ud83d\udc9a Hozz\u00e1j\u00e1rulnak a<strong> v\u00e9r norm\u00e1l trigliceridszintj\u00e9nek<\/strong> fenntart\u00e1s\u00e1hoz.<\/span><br \/>\n<span style=\"color: #000000\">\ud83d\udc9a El\u0151seg\u00edtik az <strong>immunrendszer megfelel\u0151<\/strong> m\u0171k\u00f6d\u00e9s\u00e9t.<\/span><br \/>\n<span style=\"color: #000000\">\ud83d\udc9a Szab\u00e1lyozza a hangulatot \u00e9s a kognit\u00edv (viselked\u00e9si) funkci\u00f3kat.<\/span><br \/>\n<span style=\"color: #000000\">\ud83d\udc9a Rendk\u00edv\u00fcl<strong> fontosak az eg\u00e9szs\u00e9ges terhess\u00e9g \u00e9s a sz\u00fcletend\u0151 \u00e9s szoptatott baba eg\u00e9szs\u00e9ges fejl\u0151d\u00e9se szempontj\u00e1b\u00f3l.<\/strong> El\u0151seg\u00edtik a gyermek er\u0151sebb \u00e9rtelmi, motoros \u00e9s vizu\u00e1lis k\u00e9pess\u00e9geinek kialakul\u00e1s\u00e1t, jav\u00edtj\u00e1k a mem\u00f3ri\u00e1t \u00e9s a figyelmet, valamint megel\u0151zik a viselked\u00e9si zavarokat \u00e9s az \u00e9telallergi\u00e1k kialakul\u00e1s\u00e1t.<\/span><br \/>\n<span style=\"color: #000000\">\ud83d\udc9a S <strong>eg\u00edtsen jav\u00edtani az autoimmun betegs\u00e9gek<\/strong> \u00e9s az ADHD <strong>t\u00fcneteit<\/strong> a gyermekekn\u00e9l.<\/span><br \/>\n<span style=\"color: #000000\">\ud83d\udc9a Term\u00e9szetes m\u00f3don hidrat\u00e1lj\u00e1k b\u0151r\u00fcnket \u00e9s hajunkat, \u00e9s eg\u00e9szs\u00e9ges megjelen\u00e9st k\u00f6lcs\u00f6n\u00f6znek nekik.<\/span><br \/>\n<span style=\"color: #000000\">\ud83d\udc9a <strong>Cs\u00f6kkentik a gyullad\u00e1st;<\/strong> enyh\u00edtik az olyan b\u0151rprobl\u00e9m\u00e1kat, mint az ekc\u00e9ma, akne, rosacea \u00e9s pikkelys\u00f6m\u00f6r.<\/span><br \/>\n<span style=\"color: #000000\"> <strong>\ud83d\udc9a Lehet\u0151v\u00e9 teszik az izmok gyorsabb regener\u00e1l\u00f3d\u00e1s\u00e1t<\/strong> meger\u0151ltet\u0151 sportedz\u00e9s vagy m\u00e1s fizikai tev\u00e9kenys\u00e9g ut\u00e1n; megakad\u00e1lyozz\u00e1k az izomsorvad\u00e1st, ugyanakkor fokozz\u00e1k a zs\u00edrrakt\u00e1rak cs\u00f6kken\u00e9s\u00e9t.<\/span><\/p>\n<h2><span style=\"color: #000000\">Mi\u00e9rt v\u00e1lassza Omega 3 kapszul\u00e1inkat?<\/span><\/h2>\n<p><span style=\"color: #000000\">Az omega 3 zs\u00edrsavak fogyaszt\u00e1sa \u00f6nmag\u00e1ban is j\u00f3 befektet\u00e9s testi \u00e9s lelki eg\u00e9szs\u00e9g\u00fcnk \u00e9rdek\u00e9ben. De ha olyan tiszta \u00e9s a lehet\u0151 legterm\u00e9szetesebb kieg\u00e9sz\u00edt\u0151t v\u00e1lasztunk, mint a mi\u00e9nk, m\u00e1s el\u0151ny\u00f6kb\u0151l is profit\u00e1lhatunk, mint p\u00e9ld\u00e1ul:<\/span><\/p>\n<p><span style=\"color: #000000\">\ud83d\udc9a Az \u00e9trend-kieg\u00e9sz\u00edt\u0151 <strong>nem halolaj koncentr\u00e1l\u00e1s\u00e1val<\/strong> \u00e9s mesters\u00e9ges \u00f6sszetev\u0151k hozz\u00e1ad\u00e1s\u00e1val <strong>k\u00e9sz\u00fcl<\/strong>. A mi \u00e9trend-kieg\u00e9sz\u00edt\u0151nk minim\u00e1lisan feldolgozott, sokkal term\u00e9szetesebb, \u00e9s a szervezet\u00fcnk k\u00f6nnyebben r\u00e9szes\u00fcl az el\u0151nyeib\u0151l.<\/span><br \/>\n<span style=\"color: #000000\"> <strong>\ud83d\udc9a Ezek a kapszul\u00e1k a tipikus \u00edz \u00e9s szag n\u00e9lk\u00fcl<\/strong>. \u00c9s nem fogunk t\u0151l\u00fck el\u00e1julni.<\/span><br \/>\n<span style=\"color: #000000\">\ud83d\udc9a A kisebb<strong>l\u00e1gyg\u00e9l kapszul\u00e1k<\/strong> k\u00f6nnyebben lenyelhet\u0151v\u00e9 teszik.<\/span><br \/>\n<span style=\"color: #000000\">\ud83d\udc9a Legal\u00e1bb <strong>90%-ban term\u00e9szetes triglicerideket<\/strong> tartalmaznak, a koncentr\u00e1lt halolajgy\u00e1rt\u00e1sban egy\u00e9bk\u00e9nt haszn\u00e1lt etil-\u00e9szterek n\u00e9lk\u00fcl &#8211; a hagyom\u00e1nyos halolajban tal\u00e1lhat\u00f3n\u00e1l magasabb DHA \u00e9s EPA szint biztos\u00edt\u00e1sa \u00e9rdek\u00e9ben. Az ilyen \u00e9trend-kieg\u00e9sz\u00edt\u0151 mesters\u00e9gesen feljav\u00edtott, ez\u00e9rt nehezebben em\u00e9szthet\u0151, kev\u00e9sb\u00e9 term\u00e9szetes, \u00e9s ha hossz\u00fa id\u0151n kereszt\u00fcl szedj\u00fck, ak\u00e1r meg is terhelheti a szervezetet.<\/span><br \/>\n<span style=\"color: #000000\">\ud83d\udc9a Az olaj extra<strong> tiszta,<\/strong> speci\u00e1lis sz\u0171r\u00e9si, desztill\u00e1ci\u00f3s \u00e9s finom\u00edt\u00e1si elj\u00e1r\u00e1ssal k\u00e9sz\u00fclt.<\/span><br \/>\n<span style=\"color: #000000\">\ud83d\udc9a Minimum<strong> 65% dokozahexa\u00e9nsavat (DHA) \u00e9s eikozapenta\u00e9nsavat (EPA<\/strong>) tartalmaz.<\/span><br \/>\n<span style=\"color: #000000\">\ud83d\udc9a A jobb tart\u00f3ss\u00e1g \u00e9rdek\u00e9ben term\u00e9szetes antioxid\u00e1nst adunk a term\u00e9khez tokoferol (E-vitamin) form\u00e1j\u00e1ban.<\/span><br \/>\n<span style=\"color: #000000\">\ud83d\udc9a Ezenk\u00edv\u00fcl a halat a fenntarthat\u00f3 hal\u00e1szat elvei szerint fogt\u00e1k ki. Minden besz\u00e1ll\u00edt\u00f3 csomagol\u00e1sa nyomonk\u00f6vethet\u0151s\u00e9gi sz\u00e1mmal is fel van c\u00edmk\u00e9zve. A legmagasabb min\u0151s\u00e9g\u0171 olajok folyamatos sz\u00e1ll\u00edt\u00e1sa is garant\u00e1lt. Ezek k\u00f6vetkezetesen tiszt\u00e1k, biztons\u00e1gosak \u00e9s probl\u00e9mamentesek. A term\u00e9kek tisztas\u00e1ga, min\u0151s\u00e9ge \u00e9s innov\u00e1ci\u00f3ja ir\u00e1nti elk\u00f6telezetts\u00e9g biztos\u00edtja, hogy a term\u00e9kek megfelelnek a legmagasabb ipar\u00e1gi el\u0151\u00edr\u00e1soknak a biztons\u00e1g, a nyomon k\u00f6vethet\u0151s\u00e9g \u00e9s a fenntarthat\u00f3s\u00e1g tekintet\u00e9ben. A minim\u00e1lis specifik\u00e1ci\u00f3s hat\u00e1r\u00e9rt\u00e9kek biztos\u00edtj\u00e1k, hogy a term\u00e9kek megfelelnek vagy meghaladj\u00e1k az \u00f6sszes ismert glob\u00e1lis tisztas\u00e1gi szabv\u00e1nyt. Felt\u00e9tel n\u00e9lk\u00fcl garant\u00e1ljuk minden term\u00e9k konzisztenci\u00e1j\u00e1t, biztons\u00e1g\u00e1t \u00e9s tisztas\u00e1g\u00e1t.<\/span><\/p>\n<h2><span style=\"color: #000000\">T\u00e1rol\u00e1s \u00e9s figyelmeztet\u00e9sek<\/span><\/h2>\n<p><span style=\"color: #000000\">H\u0171v\u00f6s, sz\u00e1raz helyen, legfeljebb 25 \u00b0C-on t\u00e1rolja. Az \u00e9trend-kieg\u00e9sz\u00edt\u0151t gyermekek el\u0151l elz\u00e1rva tartand\u00f3!<\/span><\/p>\n<p><span style=\"color: #000000\">Ne feledje a v\u00e1ltozatos \u00e9trend \u00e9s az eg\u00e9szs\u00e9ges \u00e9letm\u00f3d fontoss\u00e1g\u00e1t, az \u00e9trend-kieg\u00e9sz\u00edt\u0151 teh\u00e1t nem helyettes\u00edti a kiegyens\u00falyozott \u00e9s v\u00e1ltozatos \u00e9trendet. Az aj\u00e1nlott napi mennyis\u00e9get vagy adagot nem szabad t\u00fall\u00e9pni.<\/span><\/p>\n<h2><span style=\"color: #000000\">Csomagol\u00e1s<\/span><\/h2>\n<p><span style=\"color: #000000\">Nem \u00e1tj\u00e1rhat\u00f3 cipz\u00e1ras tasak, amelyben a term\u00e9k meg\u0151rzi teljes frissess\u00e9g\u00e9t \u00e9s arom\u00e1j\u00e1t. A csomagol\u00e1s v\u00e9di a term\u00e9ket a f\u00e9nyt\u0151l \u00e9s a leveg\u0151t\u0151l, mivel t\u00f6bb v\u00e9d\u0151r\u00e9tegb\u0151l \u00e1ll, amelyek meg\u0151rzik a tartalom tulajdons\u00e1gait.<\/span><\/p>\n<p><span style=\"color: #000000\">A csomagol\u00e1s nagyon praktikus \u00e9s \u00fajrahasznos\u00edthat\u00f3.<\/span><\/p>\n<h2><span style=\"color: #000000\">Sz\u00e1rmaz\u00e1si hely<\/span><\/h2>\n<p><span style=\"color: #000000\">Norv\u00e9gia<\/span><\/p>\n","protected":false},"excerpt":{"rendered":"<p>Az omega-3 zs\u00edrsavak legal\u00e1bb k\u00e9t fontos szerepet j\u00e1tszanak szervezet\u00fcnkben. Kutat\u00e1sok kimutatt\u00e1k, hogy befoly\u00e1solj\u00e1k a sz\u00edv- \u00e9s \u00e9rrendszer megfelel\u0151 m\u0171k\u00f6d\u00e9s\u00e9t \u00e9s cs\u00f6kkentik a gyullad\u00e1st. Omega-3 zs\u00edrsavak:<\/p>\n<p>\ud83d\udc9a hozz\u00e1j\u00e1rulnak a sz\u00edv \u00e9s a sz\u00edv- \u00e9s \u00e9rrendszer norm\u00e1lis m\u0171k\u00f6d\u00e9s\u00e9hez, t\u00f6bbek k\u00f6z\u00f6tt szab\u00e1lyozz\u00e1k a sz\u00edvver\u00e9st, valamint seg\u00edtenek a v\u00e9rnyom\u00e1s \u00e9s a koleszterinszint szab\u00e1lyoz\u00e1s\u00e1ban,<br \/>\n\ud83d\udc9a hozz\u00e1j\u00e1rulnak a norm\u00e1l agym\u0171k\u00f6d\u00e9s fenntart\u00e1s\u00e1hoz, bele\u00e9rtve a mem\u00f3ria m\u0171k\u00f6d\u00e9s\u00e9t, valamint a hangulat \u00e9s az \u00e9rzelmi egyens\u00faly szab\u00e1lyoz\u00e1s\u00e1t,<br \/>\n\ud83d\udc9a hozz\u00e1j\u00e1rulnak a v\u00e9r norm\u00e1l trigliceridszintj\u00e9nek fenntart\u00e1s\u00e1hoz,<br \/>\n\ud83d\udc9a el\u0151seg\u00edtik az immunrendszer megfelel\u0151 m\u0171k\u00f6d\u00e9s\u00e9t,<br \/>\n\ud83d\udc9a cs\u00f6kkenti a gyullad\u00e1st.<\/p>\n","protected":false},"featured_media":6160,"comment_status":"open","ping_status":"closed","template":"","meta":{"_acf_changed":false},"product_brand":[],"product_cat":[224,203,225],"product_tag":[],"class_list":{"0":"post-6159","1":"product","2":"type-product","3":"status-publish","4":"has-post-thumbnail","6":"product_cat-ajanlat","7":"product_cat-asvanyi-anyagok-es-vitaminok","8":"product_cat-minden-termek","10":"first","11":"instock","12":"taxable","13":"shipping-taxable","14":"purchasable","15":"product-type-simple"},"acf":[],"_links":{"self":[{"href":"https:\/\/fengchashop.com\/hu\/wp-json\/wp\/v2\/product\/6159","targetHints":{"allow":["GET"]}}],"collection":[{"href":"https:\/\/fengchashop.com\/hu\/wp-json\/wp\/v2\/product"}],"about":[{"href":"https:\/\/fengchashop.com\/hu\/wp-json\/wp\/v2\/types\/product"}],"replies":[{"embeddable":true,"href":"https:\/\/fengchashop.com\/hu\/wp-json\/wp\/v2\/comments?post=6159"}],"wp:featuredmedia":[{"embeddable":true,"href":"https:\/\/fengchashop.com\/hu\/wp-json\/wp\/v2\/media\/6160"}],"wp:attachment":[{"href":"https:\/\/fengchashop.com\/hu\/wp-json\/wp\/v2\/media?parent=6159"}],"wp:term":[{"taxonomy":"product_brand","embeddable":true,"href":"https:\/\/fengchashop.com\/hu\/wp-json\/wp\/v2\/product_brand?post=6159"},{"taxonomy":"product_cat","embeddable":true,"href":"https:\/\/fengchashop.com\/hu\/wp-json\/wp\/v2\/product_cat?post=6159"},{"taxonomy":"product_tag","embeddable":true,"href":"https:\/\/fengchashop.com\/hu\/wp-json\/wp\/v2\/product_tag?post=6159"}],"curies":[{"name":"wp","href":"https:\/\/api.w.org\/{rel}","templated":true}]}}