{"id":6151,"date":"2022-03-11T10:03:16","date_gmt":"2022-03-11T09:03:16","guid":{"rendered":"https:\/\/fengchashop.com\/hu\/product\/magnezium-klorid-por-500-g\/"},"modified":"2026-04-29T18:28:25","modified_gmt":"2026-04-29T16:28:25","slug":"magnezium-klorid-por","status":"publish","type":"product","link":"https:\/\/fengchashop.com\/hu\/product\/magnezium-klorid-por\/","title":{"rendered":"Magn\u00e9zium-klorid por 500 g"},"content":{"rendered":"<h2><span style=\"color: #000000\">Magn\u00e9zium-klorid<\/span><\/h2>\n<p><span style=\"color: #000000\">A magn\u00e9zium nagyon <strong>fontos \u00e1sv\u00e1nyi anyag,<\/strong> amely t\u00f6bb mint 300 anyagcsere-reakci\u00f3\u00e9rt felel\u0151s az emberi szervezetben. A szak\u00e9rt\u0151k gyakran az &#8222;\u00e1sv\u00e1nyok kir\u00e1ly\u00e1nak&#8221; nevezik. Nagyon fontos szerepet j\u00e1tszik<strong> a csontok, az izmok \u00e9s az idegrendszer megfelel\u0151 m\u0171k\u00f6d\u00e9s\u00e9nek biztos\u00edt\u00e1s\u00e1ban.<\/strong> Gyakran fogyasztj\u00e1k <strong>g\u00f6rcs\u00f6k (a v\u00e1dli t\u00e1j\u00e9k\u00e1n), f\u00e1radts\u00e1g, kimer\u00fclts\u00e9g megel\u0151z\u00e9s\u00e9re \u00e9s a norm\u00e1l ment\u00e1lis funkcion\u00e1l\u00e1s\u00e9rt.<\/strong> A magn\u00e9zium kiegyens\u00falyozza a kalciummal val\u00f3 kapcsolatot, \u00e9s \u00edgy megakad\u00e1lyozza a szervezet elsavasod\u00e1s\u00e1t \u00e9s az \u00edz\u00fcletek &#8222;csikorg\u00e1s\u00e1t&#8221;, ami a meszesed\u00e9s k\u00f6vetkezm\u00e9nye. A modern \u00e9letm\u00f3d \u2013 alv\u00e1shi\u00e1ny, stressz, \u00e9trend \u2013 miatt gyakran folyamodunk magn\u00e9ziumtartalm\u00fa \u00e9trend-kieg\u00e9sz\u00edt\u0151kh\u00f6z. \u00c9s b\u00e1r nagy mennyis\u00e9gben megtal\u00e1lhat\u00f3 a z\u00f6ld z\u00f6lds\u00e9gekben, halakban, napraforg\u00f3- \u00e9s t\u00f6kmagokban, gy\u00fcm\u00f6lcs\u00f6kben \u00e9s di\u00f3f\u00e9l\u00e9kben, egyszer\u0171en t\u00f6bbet haszn\u00e1lunk fel bel\u0151le, mint amennyit elfogyasztunk. A sportol\u00f3k \u00e9s a nagyon akt\u00edv emberek, a terhes n\u0151k \u00e9s az id\u0151sek fokozott magn\u00e9ziumsz\u00fcks\u00e9glettel rendelkeznek. A term\u00e9szetben a magn\u00e9zium mindig m\u00e1s vegy\u00fclethez k\u00f6t\u0151dik, ami specifikus tulajdons\u00e1gokat ad neki, k\u00fcl\u00f6n\u00f6sen a felsz\u00edv\u00f3d\u00e1s \u00e9s a tov\u00e1bbi hat\u00e1sok tekintet\u00e9ben. Ez\u00e9rt fontos, hogy az ig\u00e9nyeinknek megfelel\u0151 magn\u00e9ziumot v\u00e1lasszuk.<\/span><\/p>\n<p><span style=\"color: #000000\">A magn\u00e9zium<strong> magn\u00e9zium-klorid<\/strong> form\u00e1ban az egyik legelterjedtebb forma az eur\u00f3pai piacon. A magn\u00e9ziumnak t\u00f6bb mint egy tucat k\u00fcl\u00f6nb\u00f6z\u0151 form\u00e1j\u00e1t ismerj\u00fck, \u00e9s egyes form\u00e1it nem is javasoljuk (pl. magn\u00e9zium-aszpart\u00e1t \u00e9s magn\u00e9zium-glutam\u00e1t). Nem minden magn\u00e9zium el\u00e9g\u00edti ki sz\u00fcks\u00e9gleteinket. V\u00e1lassza az \u00d6nnek megfelel\u0151, kiv\u00e1l\u00f3 min\u0151s\u00e9g\u0171 magn\u00e9ziumform\u00e1kat.<\/span><\/p>\n<p><span style=\"color: #000000\">A magn\u00e9ziumhi\u00e1ny sz\u00e1mos probl\u00e9m\u00e1val j\u00e1r, mint p\u00e9ld\u00e1ul a migr\u00e9n, a kr\u00f3nikus f\u00e1radts\u00e1g, a magas v\u00e9rnyom\u00e1s, a szorong\u00e1s \u00e9s m\u00e1s ment\u00e1lis zavarok. A magn\u00e9zium k\u00f6zvetve gondoskodik a s\u00e9r\u00fclt sejtek helyre\u00e1ll\u00edt\u00e1s\u00e1r\u00f3l, ami megakad\u00e1lyozza a<strong> sejtk\u00e1rosod\u00e1ssal<\/strong> \u00f6sszef\u00fcgg\u0151 betegs\u00e9gek kialakul\u00e1s\u00e1t \u2013 ilyen p\u00e9ld\u00e1ul a r\u00e1k is. A magn\u00e9ziumhi\u00e1ny ugyanakkor cs\u00f6kkenti a fontos D-vitamin hat\u00e1s\u00e1t.<\/span><\/p>\n<p><span style=\"color: #000000\">Magn\u00e9zium-kloridunk pr\u00e9mium min\u0151s\u00e9g\u0171.<\/span><\/p>\n<h2><span style=\"color: #000000\">Mi\u00e9rt v\u00e1lassza a magn\u00e9zium-kloridot?<\/span><\/h2>\n<p><span style=\"color: #000000\">\u00c9rdekes t\u00e9ny, hogy a szervezet<strong> a b\u0151r\u00f6n kereszt\u00fcl is k\u00e9pes besz\u00edvni a magn\u00e9ziumot.<\/strong> Ez\u00e9rt aj\u00e1nlott magn\u00e9ziumhi\u00e1ny eset\u00e9n<strong> a magn\u00e9ziumos f\u00fcrd\u0151k\u00e1d is.<\/strong> K\u00fcl\u00f6n\u00f6sen j\u00f3t tesz a kimer\u00fclt izmoknak, a magn\u00e9zium pedig a b\u0151r\u00f6n kereszt\u00fcl behatol a v\u00e9r\u00e1ramba \u00e9s \u00edgy ell\u00e1tja a bels\u0151 szerveket is. A f\u00fcrd\u0151kh\u00f6z a magn\u00e9zium legalkalmasabb form\u00e1ja a magn\u00e9zium-klorid. A porb\u00f3l <strong>magn\u00e9zium olaj is<\/strong> k\u00e9sz\u00edthet\u0151. Ez rendk\u00edv\u00fcl n\u00e9pszer\u0171 megold\u00e1s a f\u00e1radt \u00e9s f\u00e1j\u00f3 izmok gyors \u00e9s j\u00f3 regener\u00e1l\u00e1s\u00e1ra nagyobb fizikai terhel\u00e9s sor\u00e1n. A szervezet mag\u00e1ba sz\u00edvja \u00e9s gondoskodik a napi magn\u00e9ziumsz\u00fcks\u00e9gletr\u0151l. A magn\u00e9zium-klorid sz\u00e1jon \u00e1t is bevihet\u0151 \u00e9trend-kieg\u00e9sz\u00edt\u0151k\u00e9nt.<\/span><\/p>\n<p><span style=\"color: #000000\">A magn\u00e9ziumnak ez a form\u00e1ja a legmegfelel\u0151bb a f\u00e1radt izmok gyors magn\u00e9ziumell\u00e1t\u00e1s\u00e1ra, valamint az \u00edz\u00fcleti meszesed\u00e9sek felold\u00e1s\u00e1ra f\u00fcrd\u0151k \u00e9s magn\u00e9ziumolaj seg\u00edts\u00e9g\u00e9vel. R\u00e1ad\u00e1sul az \u00edgy bevitt magn\u00e9zium minim\u00e1lis hat\u00e1ssal van az em\u00e9szt\u00e9sre \u00e9s az ezzel j\u00e1r\u00f3 hasmen\u00e9s el\u0151fordul\u00e1s\u00e1ra. Ez\u00e9rt k\u00fcl\u00f6n\u00f6sen alkalmas azok sz\u00e1m\u00e1ra, akik \u00e9rz\u00e9kenyebbek a magn\u00e9zium fogyaszt\u00e1s\u00e1ra.<\/span><\/p>\n<p><span style=\"color: #000000\">A magn\u00e9zium magn\u00e9zium-klorid form\u00e1j\u00e1ban gyeng\u00e9bb \u00e9s lassabban sz\u00edv\u00f3dik fel, mint p\u00e9ld\u00e1ul a magn\u00e9zium-biszglicin\u00e1t. El\u0151nye azonban a b\u0151r\u00f6n kereszt\u00fcli bejuttat\u00e1s lehet\u0151s\u00e9ge spray vagy f\u00fcrd\u0151k\u00e1d form\u00e1j\u00e1ban.<\/span><\/p>\n<h2><span style=\"color: #000000\">Milyen hat\u00e1ssal van szervezet\u00fcnkre a magn\u00e9ziumfogyaszt\u00e1s?<\/span><\/h2>\n<p><span style=\"color: #000000\">A magn\u00e9zium fogyaszt\u00e1sa vagy a magn\u00e9ziumolaj \u00e9s f\u00fcrd\u0151k elk\u00e9sz\u00edt\u00e9se a k\u00f6vetkez\u0151 pozit\u00edv hat\u00e1sokkal j\u00e1r, amelyeket az eg\u00e9szs\u00e9g\u00fcgyi szakma is elismer:<\/span><\/p>\n<p><span style=\"color: #000000\">\ud83d\udc9a <strong>cs\u00f6kkenti a f\u00e1radts\u00e1got \u00e9s a kimer\u00fclts\u00e9get,<\/strong><\/span><br \/>\n<span style=\"color: #000000\">\ud83d\udc9a<strong> t\u00e1mogatja az elektrolit-egyens\u00falyt<\/strong>, amelyre k\u00fcl\u00f6n\u00f6sen fizikai megterhel\u00e9skor van sz\u00fcks\u00e9g\u00fcnk,<\/span><br \/>\n<span style=\"color: #000000\">\ud83d\udc9a hozz\u00e1j\u00e1rul az <strong>energia felszabadul\u00e1s\u00e1hoz anyagcsere sor\u00e1n,<\/strong><\/span><br \/>\n<span style=\"color: #000000\">\ud83d\udc9a j\u00f3t\u00e9kony hat\u00e1ssal van az <strong>idegrendszerre,<\/strong><\/span><br \/>\n<span style=\"color: #000000\">\ud83d\udc9a hozz\u00e1j\u00e1rul a<strong> norm\u00e1l izomm\u0171k\u00f6d\u00e9shez, norm\u00e1l pszichol\u00f3giai funkcion\u00e1l\u00e1shoz,<\/strong><\/span><br \/>\n<span style=\"color: #000000\">\ud83d\udc9a szerepet j\u00e1tszik a<strong> protein-szint\u00e9zisben,<\/strong><\/span><br \/>\n<span style=\"color: #000000\">\ud83d\udc9a <strong> meg\u0151rzi a csontok \u00e9s a fogak eg\u00e9szs\u00e9g\u00e9t,<\/strong><\/span><br \/>\n<span style=\"color: #000000\">\ud83d\udc9a R\u00e9szt vesz a sejtoszt\u00f3d\u00e1sban.<\/span><\/p>\n<h2><span style=\"color: #000000\">T\u00e1rol\u00e1s \u00e9s figyelmeztet\u00e9sek<\/span><\/h2>\n<p><span style=\"color: #000000\">Sz\u00e1raz \u00e9s h\u0171v\u00f6s helyen, legfeljebb 25 \u00b0C h\u0151m\u00e9rs\u00e9kleten t\u00e1roland\u00f3. A t\u00e1pl\u00e1l\u00e9k-kieg\u00e9sz\u00edt\u0151t gyermekekt\u0151l elz\u00e1rva kell tartani!<\/span><\/p>\n<p><span style=\"color: #000000\">Forduljon orvos\u00e1hoz, ha egyidej\u0171leg antibiotikumot, csontritkul\u00e1s elleni gy\u00f3gyszereket vagy magas v\u00e9rnyom\u00e1s elleni gy\u00f3gyszereket is szed, mivel a magn\u00e9zium befoly\u00e1solhatja ezek hat\u00e1s\u00e1t.<\/span><\/p>\n<h2><span style=\"color: #000000\">Csomagol\u00e1s<\/span><\/h2>\n<p><span style=\"color: #000000\">L\u00e9gmentesen z\u00e1rhat\u00f3 tasak, amelyben a term\u00e9k meg\u0151rzi minden frissess\u00e9g\u00e9t \u00e9s arom\u00e1j\u00e1t. A csomagol\u00e1s v\u00e9d a f\u00e9nyt\u0151l \u00e9s a leveg\u0151t\u0151l, mivel t\u00f6bb v\u00e9d\u0151r\u00e9tegb\u0151l \u00e1ll, amelyek meg\u0151rzik a tartalom tulajdons\u00e1gait. <\/span><\/p>\n<p><span style=\"color: #000000\">A csomagol\u00e1s nagyon praktikus \u00e9s \u00fajrahasznos\u00edthat\u00f3.<\/span><\/p>\n","protected":false},"excerpt":{"rendered":"<p align=\"JUSTIFY\">A magn\u00e9zium egy nagyon fontos \u00e1sv\u00e1nyi anyag, amely t\u00f6bb mint 300 anyagcsere-reakci\u00f3\u00e9rt felel\u0151s az emberi szervezetben. A szak\u00e9rt\u0151k gyakran az &#8222;\u00e1sv\u00e1nyok kir\u00e1ly\u00e1nak&#8221; nevezik. Nagyon fontos szerepet j\u00e1tszik a csontok, az izmok \u00e9s az idegrendszer megfelel\u0151 m\u0171k\u00f6d\u00e9s\u00e9nek biztos\u00edt\u00e1s\u00e1ban. Gyakran haszn\u00e1lj\u00e1k g\u00f6rcs\u00f6k (a v\u00e1dliban), f\u00e1radts\u00e1g, kimer\u00fclts\u00e9g megel\u0151z\u00e9s\u00e9re \u00e9s a norm\u00e1lis ment\u00e1lis funkcion\u00e1l\u00e1sra. A magn\u00e9zium kiegyens\u00falyozza a kalciummal val\u00f3 kapcsolatot, \u00e9s \u00edgy megakad\u00e1lyozza a szervezet elsavasod\u00e1s\u00e1t \u00e9s az \u00edz\u00fcletek &#8222;csikorg\u00e1s\u00e1t&#8221;, ami a meszesed\u00e9s k\u00f6vetkezm\u00e9nye.<\/p>\n<p>\ud83d\udc9a Hozz\u00e1j\u00e1rul a f\u00e1radts\u00e1g \u00e9s a kimer\u00fclts\u00e9g cs\u00f6kkent\u00e9s\u00e9hez.<br \/>\n\ud83d\udc9a T\u00e1mogatja az elektrolit-egyens\u00falyt, amire k\u00fcl\u00f6n\u00f6sen a fizikai megterhel\u00e9s sor\u00e1n van sz\u00fcks\u00e9g\u00fcnk.<br \/>\n\ud83d\udc9a Hozz\u00e1j\u00e1rul az energia felszabadul\u00e1s\u00e1hoz anyagcsere sor\u00e1n.<br \/>\n\ud83d\udc9a J\u00f3t\u00e9kony hat\u00e1ssal van az idegrendszerre.<br \/>\n\ud83d\udc9a Hozz\u00e1j\u00e1rul a norm\u00e1l izomm\u0171k\u00f6d\u00e9shez, a norm\u00e1l pszichol\u00f3giai funkci\u00f3khoz.<\/p>\n","protected":false},"featured_media":6152,"comment_status":"open","ping_status":"closed","template":"","meta":{"_acf_changed":false},"product_brand":[],"product_cat":[224,203,225],"product_tag":[],"class_list":{"0":"post-6151","1":"product","2":"type-product","3":"status-publish","4":"has-post-thumbnail","6":"product_cat-ajanlat","7":"product_cat-asvanyi-anyagok-es-vitaminok","8":"product_cat-minden-termek","10":"first","11":"instock","12":"taxable","13":"shipping-taxable","14":"purchasable","15":"product-type-simple"},"acf":[],"_links":{"self":[{"href":"https:\/\/fengchashop.com\/hu\/wp-json\/wp\/v2\/product\/6151","targetHints":{"allow":["GET"]}}],"collection":[{"href":"https:\/\/fengchashop.com\/hu\/wp-json\/wp\/v2\/product"}],"about":[{"href":"https:\/\/fengchashop.com\/hu\/wp-json\/wp\/v2\/types\/product"}],"replies":[{"embeddable":true,"href":"https:\/\/fengchashop.com\/hu\/wp-json\/wp\/v2\/comments?post=6151"}],"wp:featuredmedia":[{"embeddable":true,"href":"https:\/\/fengchashop.com\/hu\/wp-json\/wp\/v2\/media\/6152"}],"wp:attachment":[{"href":"https:\/\/fengchashop.com\/hu\/wp-json\/wp\/v2\/media?parent=6151"}],"wp:term":[{"taxonomy":"product_brand","embeddable":true,"href":"https:\/\/fengchashop.com\/hu\/wp-json\/wp\/v2\/product_brand?post=6151"},{"taxonomy":"product_cat","embeddable":true,"href":"https:\/\/fengchashop.com\/hu\/wp-json\/wp\/v2\/product_cat?post=6151"},{"taxonomy":"product_tag","embeddable":true,"href":"https:\/\/fengchashop.com\/hu\/wp-json\/wp\/v2\/product_tag?post=6151"}],"curies":[{"name":"wp","href":"https:\/\/api.w.org\/{rel}","templated":true}]}}