{"id":6132,"date":"2022-03-10T18:57:47","date_gmt":"2022-03-10T17:57:47","guid":{"rendered":"https:\/\/fengchashop.com\/hu\/product\/kokusztejpor-bio-250-g\/"},"modified":"2026-05-11T18:21:46","modified_gmt":"2026-05-11T16:21:46","slug":"kokusztejpor-bio","status":"publish","type":"product","link":"https:\/\/fengchashop.com\/hu\/product\/kokusztejpor-bio\/","title":{"rendered":"K\u00f3kusztejpor BIO 250 g"},"content":{"rendered":"<h2><span style=\"color: #000000\">K\u00f3kusztejpor BIO<\/span><\/h2>\n<p><span style=\"color: #000000\">A k\u00f3kusztejpor az \u00e1zsiai \u00e9trend egyik f\u0151 kulin\u00e1ris \u00f6sszetev\u0151je \u00e9s <strong>kiv\u00e1l\u00f3 alternat\u00edv\u00e1ja a lakt\u00f3zt tartalmaz\u00f3 tejpornak,<\/strong>, amire egyre t\u00f6bben allergi\u00e1sak.<\/span><\/p>\n<p><span style=\"color: #000000\"><strong>A k\u00f3kusztejpor k\u00f6r\u00fclbel\u00fcl 60% k\u00f3kuszzs\u00edrt \u00e9s sz\u00e1mos az emberi szervezet sz\u00e1m\u00e1ra hasznos anyagot tartalmaz:<\/strong><\/span><\/p>\n<p><span style=\"color: #000000\">\ud83d\udc9a <strong>gazdag vasforr\u00e1s<\/strong>, amely a v\u00f6r\u00f6sv\u00e9rtestek f\u0151 \u00f6sszetev\u0151je,<\/span><br \/>\n<span style=\"color: #000000\">\ud83d\udc9a <strong>j\u00f3t\u00e9kony tel\u00edtetlen omega-3 zs\u00edrok,<\/strong>amelyek seg\u00edtik a v\u00e9r koleszterinszintj\u00e9nek szab\u00e1lyoz\u00e1s\u00e1t,<\/span><br \/>\n<span style=\"color: #000000\">\ud83d\udc9a <strong>laurin-, kapril- \u00e9s kaprinzs\u00edrsavak<\/strong>, amelyek gombaellenes, antibakteri\u00e1lis \u00e9s v\u00edrusellenes hat\u00e1sukr\u00f3l ismertek.<\/span><\/p>\n<h2><span style=\"color: #000000\">A k\u00f3kusztejpor kiv\u00e1l\u00f3 hozz\u00e1val\u00f3 \u00e9telekhez vagy nat\u00farkozmetikumok alapanyagak\u00e9nt is szolg\u00e1lhat<\/span><\/h2>\n<p><span style=\"color: #000000\">A k\u00f3kusztejport a k\u00f3kusztej sz\u00e1r\u00edt\u00e1s\u00e1val \u00e1ll\u00edtj\u00e1k el\u0151, ez ut\u00f3bbit pedig a k\u00f3kuszdi\u00f3 h\u00fas\u00e1b\u00f3l. Mivel nagy sz\u00e1zal\u00e9kban tartalmaz zs\u00edrt, \u00e1ltal\u00e1ban kem\u00e9ny\u00edt\u0151vel keverik, amely k\u00f6r\u00fcl a zs\u00edr megtapadva k\u00f3kusztejport k\u00e9pez. Nem csak az \u00e1zsai konyh\u00e1ban n\u00e9lk\u00fcl\u00f6zhetetlen alapanyag sz\u00f3szokhoz, levesekhez, desszertekhez, hanem nat\u00farkozmetikumokhoz is haszn\u00e1lj\u00e1k, hiszen csod\u00e1latos \u00f6sszetev\u0151i vannak, amelyek j\u00f3t\u00e9kony hat\u00e1ssal vannak a b\u0151rre. Egyszer\u0171en keverje a port v\u00edzbe, hogy k\u00f3kusztejet vagy k\u00f3kuszkr\u00e9met kapjon, vagy hozz\u00e1adhatja k\u00f6zvetlen\u00fcl az \u00e9telekbe is, hogy fokozza t\u00e1p\u00e9rt\u00e9k\u00fcket.<\/span><\/p>\n<h2><span style=\"color: #000000\">Csomagol\u00e1s<\/span><\/h2>\n<p><span style=\"color: #000000\">L\u00e9gmentesen z\u00e1rhat\u00f3 tasak, amelyben a term\u00e9k meg\u0151rzi minden frissess\u00e9g\u00e9t \u00e9s arom\u00e1j\u00e1t. A csomagol\u00e1s v\u00e9d a f\u00e9nyt\u0151l \u00e9s a leveg\u0151t\u0151l, mivel t\u00f6bb v\u00e9d\u0151r\u00e9tegb\u0151l \u00e1ll, amelyek meg\u0151rzik a tartalom tulajdons\u00e1gait.<\/span><\/p>\n<p><span style=\"color: #000000\">A csomagol\u00e1s nagyon praktikus \u00e9s \u00fajrahasznos\u00edthat\u00f3.<\/span><\/p>\n<h2><span style=\"color: #000000\">Sz\u00e1rmaz\u00e1s<\/span><\/h2>\n<p><span style=\"color: #000000\">Vietnam<\/span><\/p>\n","protected":false},"excerpt":{"rendered":"<p>A k\u00f3kusztejpor az \u00e1zsiai \u00e9trend egyik f\u0151 kulin\u00e1ris \u00f6sszetev\u0151je, \u00e9s kiv\u00e1l\u00f3 alternat\u00edv\u00e1ja a lakt\u00f3zt tartalmaz\u00f3 tejnek. A k\u00f3kusztejpor k\u00f6r\u00fclbel\u00fcl 60% k\u00f3kuszzs\u00edrt \u00e9s sz\u00e1mos az emberi szervezet sz\u00e1m\u00e1ra hasznos anyagot tartalmaz:<\/p>\n<p>\ud83d\udc9a gazdag vasforr\u00e1s, amely a v\u00f6r\u00f6sv\u00e9rtestek f\u0151 \u00f6sszetev\u0151je,<br \/>\n\ud83d\udc9a j\u00f3t\u00e9kony tel\u00edtetlen omega 3 zs\u00edrok, amelyek seg\u00edtik a v\u00e9r koleszterinszintj\u00e9nek szab\u00e1lyoz\u00e1s\u00e1t,<br \/>\n\ud83d\udc9a Laurin-, kapril- \u00e9s kaprinzs\u00edrsavak, melyek gomba-, bakt\u00e9rium- \u00e9s v\u00edrus\u00f6l\u0151 hat\u00e1sukr\u00f3l ismertek.<\/p>\n","protected":false},"featured_media":6133,"comment_status":"open","ping_status":"closed","template":"","meta":{"_acf_changed":false},"product_brand":[],"product_cat":[224,194,225,205],"product_tag":[],"class_list":{"0":"post-6132","1":"product","2":"type-product","3":"status-publish","4":"has-post-thumbnail","6":"product_cat-ajanlat","7":"product_cat-ajurveda","8":"product_cat-minden-termek","9":"product_cat-tea-es-etelek-es-fuszerek","11":"first","12":"instock","13":"taxable","14":"shipping-taxable","15":"purchasable","16":"product-type-simple"},"acf":[],"_links":{"self":[{"href":"https:\/\/fengchashop.com\/hu\/wp-json\/wp\/v2\/product\/6132","targetHints":{"allow":["GET"]}}],"collection":[{"href":"https:\/\/fengchashop.com\/hu\/wp-json\/wp\/v2\/product"}],"about":[{"href":"https:\/\/fengchashop.com\/hu\/wp-json\/wp\/v2\/types\/product"}],"replies":[{"embeddable":true,"href":"https:\/\/fengchashop.com\/hu\/wp-json\/wp\/v2\/comments?post=6132"}],"wp:featuredmedia":[{"embeddable":true,"href":"https:\/\/fengchashop.com\/hu\/wp-json\/wp\/v2\/media\/6133"}],"wp:attachment":[{"href":"https:\/\/fengchashop.com\/hu\/wp-json\/wp\/v2\/media?parent=6132"}],"wp:term":[{"taxonomy":"product_brand","embeddable":true,"href":"https:\/\/fengchashop.com\/hu\/wp-json\/wp\/v2\/product_brand?post=6132"},{"taxonomy":"product_cat","embeddable":true,"href":"https:\/\/fengchashop.com\/hu\/wp-json\/wp\/v2\/product_cat?post=6132"},{"taxonomy":"product_tag","embeddable":true,"href":"https:\/\/fengchashop.com\/hu\/wp-json\/wp\/v2\/product_tag?post=6132"}],"curies":[{"name":"wp","href":"https:\/\/api.w.org\/{rel}","templated":true}]}}