{"id":6129,"date":"2022-03-10T18:14:36","date_gmt":"2022-03-10T17:14:36","guid":{"rendered":"https:\/\/fengchashop.com\/hu\/product\/tulsi-por-bio-250-g\/"},"modified":"2026-05-11T03:32:29","modified_gmt":"2026-05-11T01:32:29","slug":"tulsi-por-bio","status":"publish","type":"product","link":"https:\/\/fengchashop.com\/hu\/product\/tulsi-por-bio\/","title":{"rendered":"Tulsi por BIO 250 g"},"content":{"rendered":"<h2><span style=\"color: #000000\">Tulsi por BIO<\/span><\/h2>\n<p><span style=\"color: #000000\">A Tulsit vad vagy szent bazsalikomk\u00e9nt is ismerik. Latin neve Ocimum Sanctum. Az \u00e1jurv\u00e9d\u00e1ban nagyra \u00e9rt\u00e9kelt n\u00f6v\u00e9ny, amelyet a hinduk k\u00fcl\u00f6nleges ritu\u00e1l\u00e9kkal im\u00e1dnak, \u00e9s t\u00f6bb mint 5000 \u00e9ve haszn\u00e1lnak test, l\u00e9lek \u00e9s l\u00e9lek gy\u00f3gy\u00edt\u00f3 balzsamjak\u00e9nt. Leggyakrabban tea k\u00e9sz\u00edt\u00e9s\u00e9re haszn\u00e1lj\u00e1k. Gyakran haszn\u00e1lj\u00e1k adal\u00e9kk\u00e9nt (f\u0171szerk\u00e9nt) k\u00fcl\u00f6nf\u00e9le \u00e9telekhez is. B\u0151r- \u00e9s hajkozmetikai term\u00e9kekben is haszn\u00e1lj\u00e1k, mivel tiszt\u00edtja a b\u0151rt \u00e9s term\u00e9szetes fert\u0151tlen\u00edt\u0151, ami azt jelenti, hogy term\u00e9szetes m\u00f3don puszt\u00edtja \u00e9s megakad\u00e1lyozza a mikroorganizmusok kifejl\u0151d\u00e9s\u00e9t a b\u0151r\u00f6n. Ez korl\u00e1tozhatja \u00e9s megel\u0151zheti a fert\u0151z\u00e9seket. Mivel teljesen term\u00e9szetes, \u00f3tvar, ekc\u00e9ma, pattan\u00e1sok, fel\u00fcleti sebek stb. \u00e1ltal \u00e9rintett b\u0151r\u00f6n is haszn\u00e1lhat\u00f3.<\/span><\/p>\n<p><span style=\"color: #000000\">A Tulsi por nagyon er\u0151s arom\u00e1j\u00fa, cs\u00edp\u0151s \u00e9s keser\u0171 \u00edz\u0171, vil\u00e1gosz\u00f6ld sz\u00edn\u0171.<\/span><\/p>\n<p><span style=\"color: #000000\"><strong>A bazsalikom f\u0151 \u00f6sszetev\u0151i hat\u00e9konyan hatnak:<\/strong><\/span><\/p>\n<p><span style=\"color: #000000\">\ud83d\udc9a gyullad\u00e1scs\u00f6kkent\u0151,<\/span><br \/>\n<span style=\"color: #000000\">\ud83d\udc9a l\u00e1zcsillap\u00edt\u00f3 (l\u00e1zcsillap\u00edt\u00f3)<\/span><br \/>\n<span style=\"color: #000000\">\ud83d\udc9a f\u00e1jdalomcsillap\u00edt\u00f3 (f\u00e1jdalomcsillap\u00edt\u00f3),<\/span><br \/>\n<span style=\"color: #000000\">\ud83d\udc9a antimikrobi\u00e1lis,<\/span><br \/>\n<span style=\"color: #000000\">\ud83d\udc9a gombaellenes,<\/span><br \/>\n<span style=\"color: #000000\">\ud83d\udc9a izzaszt\u00f3 (fokoz\u00f3 izzad\u00e1s).<\/span><\/p>\n<h2><span style=\"color: #000000\">Mik a Tulsi n\u00f6v\u00e9nyek kir\u00e1lyn\u0151j\u00e9nek legfontosabb hat\u00e1sai az emberi szervezet eg\u00e9szs\u00e9g\u00e9re?<\/span><\/h2>\n<p><span style=\"color: #000000\">A Tulsi adaptog\u00e9n tulajdons\u00e1gainak k\u00f6sz\u00f6nhet\u0151en k\u00e9pes n\u00f6velni az \u00e9letenergi\u00e1t \u00e9s az er\u0151t, mivel sikeresen k\u00fczd a stressz, a trauma, a szorong\u00e1sos \u00e1llapotok, a depresszi\u00f3 \u00e9s a fizikai f\u00e1radts\u00e1g ellen. Elt\u00e1vol\u00edtja a felesleges leveg\u0151t a belekben, megsz\u00fcnteti a gyomorprobl\u00e9m\u00e1kat, jav\u00edtja az em\u00e9szt\u00e9st \u00e9s a t\u00e1panyagok jobb felsz\u00edv\u00f3d\u00e1s\u00e1t okozza. N\u00f6veli az \u00e1ll\u00f3k\u00e9pess\u00e9get, vitalit\u00e1st \u00e9s er\u0151s\u00edti az idegrendszert. T\u00f6k\u00e9letesen seg\u00edt fejf\u00e1j\u00e1s, \u00edz\u00fcleti gyullad\u00e1s \u00e9s reuma eset\u00e9n.<\/span><\/p>\n<p><span style=\"color: #000000\">A Tulsi gazdag antioxid\u00e1nsforr\u00e1s, amely megv\u00e9di szervezet\u00fcnket a szabad gy\u00f6k\u00f6kt\u0151l \u00e9s az oxid\u00e1ci\u00f3t\u00f3l. A r\u00e9z szerves form\u00e1it is tartalmazza, amelyek n\u00e9lk\u00fcl\u00f6zhetetlenek a szervezet vas felsz\u00edv\u00f3d\u00e1s\u00e1hoz. A Tulsit \u00e1ltal\u00e1ban biztons\u00e1gos gy\u00f3gyn\u00f6v\u00e9nynek tekintik.<\/span><\/p>\n<p><span style=\"color: #000000\">A &#8222;minden term\u00e9szetes gy\u00f3gym\u00f3d anyja&#8221;, ahogy szeretik nevezni, immunrendszer\u00fcnkre is pozit\u00edv hat\u00e1ssal van, seg\u00edt a l\u00e9g\u00fati fert\u0151z\u00e9sekn\u00e9l, tiszt\u00edtja a v\u00e9rt, gyors\u00edtja a sebgy\u00f3gyul\u00e1st. Az anyagcsere felgyors\u00edt\u00e1s\u00e1val seg\u00edti a tests\u00faly cs\u00f6kken\u00e9st \u00e9s megtart\u00e1s\u00e1t. Jav\u00edtja a mem\u00f3ri\u00e1t, a koncentr\u00e1ci\u00f3t \u00e9s az agy eg\u00e9szs\u00e9g\u00e9t. Megakad\u00e1lyozza a hajhull\u00e1st \u00e9s gondoskodik sz\u00e9p megjelen\u00e9s\u00fckr\u0151l.<\/span><\/p>\n<h2><span style=\"color: #000000\">T\u00e1rol\u00e1s \u00e9s figyelmeztet\u00e9sek<\/span><\/h2>\n<p><span style=\"color: #000000\">Sz\u00e1raz \u00e9s h\u0171v\u00f6s helyen t\u00e1roland\u00f3. A t\u00e1pl\u00e1l\u00e9k-kieg\u00e9sz\u00edt\u0151t gyermekekt\u0151l elz\u00e1rva kell tartani!<\/span><\/p>\n<p><span style=\"color: #000000\">Ne feledkezz\u00fcnk meg a v\u00e1ltozatos \u00e9trend \u00e9s az eg\u00e9szs\u00e9ges \u00e9letm\u00f3d fontoss\u00e1g\u00e1r\u00f3l, az \u00e9trend-kieg\u00e9sz\u00edt\u0151 ez\u00e9rt nem helyettes\u00edti a kiegyens\u00falyozott \u00e9s v\u00e1ltozatos \u00e9trendet. Az aj\u00e1nlott napi mennyis\u00e9get vagy adagot nem szabad t\u00fall\u00e9pni. Terhes \u00e9s szoptat\u00f3 any\u00e1knak mindig tan\u00e1csos orvoshoz fordulni haszn\u00e1lat el\u0151tt.<\/span><\/p>\n<h2><span style=\"color: #000000\">Csomagol\u00e1s<\/span><\/h2>\n<p><span style=\"color: #000000\">L\u00e9gmentesen z\u00e1rhat\u00f3 tasak, amelyben a term\u00e9k meg\u0151rzi minden frissess\u00e9g\u00e9t \u00e9s arom\u00e1j\u00e1t. A csomagol\u00e1s v\u00e9d a f\u00e9nyt\u0151l \u00e9s a leveg\u0151t\u0151l, mivel t\u00f6bb v\u00e9d\u0151r\u00e9tegb\u0151l \u00e1ll, amelyek meg\u0151rzik a tartalom tulajdons\u00e1gait.<\/span><\/p>\n<p><span style=\"color: #000000\">A csomagol\u00e1s nagyon praktikus \u00e9s \u00fajrahasznos\u00edthat\u00f3.<\/span><\/p>\n<h2><span style=\"color: #000000\">Sz\u00e1rmaz\u00e1si orsz\u00e1g<\/span><\/h2>\n<p><span style=\"color: #000000\">India<\/span><\/p>\n","protected":false},"excerpt":{"rendered":"<p>A Tulsit vad vagy szent bazsalikomk\u00e9nt is ismerik. Latin neve Ocimum Sanctum. Az \u00e1jurv\u00e9d\u00e1ban nagyra \u00e9rt\u00e9kelt n\u00f6v\u00e9ny, amelyet a hinduk k\u00fcl\u00f6nleges ritu\u00e1l\u00e9kkal im\u00e1dnak, \u00e9s t\u00f6bb mint 5000 \u00e9ve haszn\u00e1lnak test, l\u00e9lek \u00e9s l\u00e9lek gy\u00f3gy\u00edt\u00f3 balzsamjak\u00e9nt. A bazsalikom f\u0151 \u00f6sszetev\u0151i hat\u00e9konyan hatnak:<\/p>\n<p>\ud83d\udc9a gyullad\u00e1scs\u00f6kkent\u0151,<br \/>\n\ud83d\udc9a l\u00e1zcsillap\u00edt\u00f3 (l\u00e1zcsillap\u00edt\u00f3)<br \/>\n\ud83d\udc9a f\u00e1jdalomcsillap\u00edt\u00f3 (f\u00e1jdalomcsillap\u00edt\u00f3),<br \/>\n\ud83d\udc9a antimikrobi\u00e1lis,<br \/>\n\ud83d\udc9a gombaellenes,<br \/>\n\ud83d\udc9a izzaszt\u00f3 (fokoz\u00f3 izzad\u00e1s).<\/p>\n","protected":false},"featured_media":6130,"comment_status":"open","ping_status":"closed","template":"","meta":{"_acf_changed":false},"product_brand":[],"product_cat":[224,194,225,195],"product_tag":[],"class_list":{"0":"post-6129","1":"product","2":"type-product","3":"status-publish","4":"has-post-thumbnail","6":"product_cat-ajanlat","7":"product_cat-ajurveda","8":"product_cat-minden-termek","9":"product_cat-szuperelelmiszer","11":"first","12":"instock","13":"sale","14":"taxable","15":"shipping-taxable","16":"purchasable","17":"product-type-simple"},"acf":[],"_links":{"self":[{"href":"https:\/\/fengchashop.com\/hu\/wp-json\/wp\/v2\/product\/6129","targetHints":{"allow":["GET"]}}],"collection":[{"href":"https:\/\/fengchashop.com\/hu\/wp-json\/wp\/v2\/product"}],"about":[{"href":"https:\/\/fengchashop.com\/hu\/wp-json\/wp\/v2\/types\/product"}],"replies":[{"embeddable":true,"href":"https:\/\/fengchashop.com\/hu\/wp-json\/wp\/v2\/comments?post=6129"}],"wp:featuredmedia":[{"embeddable":true,"href":"https:\/\/fengchashop.com\/hu\/wp-json\/wp\/v2\/media\/6130"}],"wp:attachment":[{"href":"https:\/\/fengchashop.com\/hu\/wp-json\/wp\/v2\/media?parent=6129"}],"wp:term":[{"taxonomy":"product_brand","embeddable":true,"href":"https:\/\/fengchashop.com\/hu\/wp-json\/wp\/v2\/product_brand?post=6129"},{"taxonomy":"product_cat","embeddable":true,"href":"https:\/\/fengchashop.com\/hu\/wp-json\/wp\/v2\/product_cat?post=6129"},{"taxonomy":"product_tag","embeddable":true,"href":"https:\/\/fengchashop.com\/hu\/wp-json\/wp\/v2\/product_tag?post=6129"}],"curies":[{"name":"wp","href":"https:\/\/api.w.org\/{rel}","templated":true}]}}