{"id":6119,"date":"2022-03-10T10:15:47","date_gmt":"2022-03-10T09:15:47","guid":{"rendered":"https:\/\/fengchashop.com\/hu\/product\/goji-bogyo-bio-500-g\/"},"modified":"2026-04-27T09:32:51","modified_gmt":"2026-04-27T07:32:51","slug":"goji-bogyo-bio","status":"publish","type":"product","link":"https:\/\/fengchashop.com\/hu\/product\/goji-bogyo-bio\/","title":{"rendered":"Goji bogy\u00f3 BIO 500 g"},"content":{"rendered":"<h2><span style=\"color: #000000\">Goji bogy\u00f3 BIO<\/span><\/h2>\n<p><span style=\"color: #000000\">A goji bogy\u00f3k, amelyeket n\u00e9ha farkasbogy\u00f3nak \u00e9s v\u00f6r\u00f6s gy\u00e9m\u00e1ntnak is neveznek, szuperbogy\u00f3k, amelyek egy magas k\u00ednai bokron n\u0151nek. Alakjukban legink\u00e1bb a gr\u00e1n\u00e1talm\u00e1ra hasonl\u00edtanak. Az \u00f3kori K\u00edn\u00e1ban szuperer\u0151vel rendelkez\u0151 gy\u00fcm\u00f6lcs\u00f6knek tekintett\u00e9k, \u00e9s kir\u00e1lyok gy\u00f3gy\u00edt\u00e1s\u00e1ra \u00e9s harcosok t\u00e1pl\u00e1l\u00e1s\u00e1ra haszn\u00e1lt\u00e1k a csat\u00e1k el\u0151tt. <strong>A hagyom\u00e1nyos k\u00ednai orvosl\u00e1sban, ahol t\u00f6bb mint 2500 \u00e9ve haszn\u00e1lj\u00e1k \u0151ket<\/strong>, cukorbetegs\u00e9g, magas v\u00e9rnyom\u00e1s, valamint m\u00e1j- \u00e9s vesebetegs\u00e9gek kezel\u00e9s\u00e9re szolg\u00e1lnak. Az energia \u00e9s a libid\u00f3 n\u00f6vel\u00e9s\u00e9re is haszn\u00e1lj\u00e1k. A n\u00f6v\u00e9ny m\u00e1s r\u00e9szeit, p\u00e9ld\u00e1ul a magvakat, a vir\u00e1gokat, a gy\u00f6kereket \u00e9s a leveleket is felhaszn\u00e1lj\u00e1k gy\u00f3gy\u00e1szati c\u00e9lokra.<\/span><\/p>\n<p><span style=\"color: #000000\"><strong>Li Qing Yuen<\/strong> a ginzeng \u00e9s a reishi gomb\u00e1k mellett a goji bogy\u00f3kat is rendszeresen fogyasztotta tea form\u00e1j\u00e1ban. \u0150 az eg\u00e9sz t\u00f6rt\u00e9nelem legjobban dokument\u00e1lt p\u00e9ld\u00e1ja a hossz\u00fa \u00e9letre, hiszen a k\u00ednai f\u00e9rfi \u00e1ll\u00edt\u00f3lag 256 \u00e9vig \u00e9lt.<\/span><\/p>\n<p><span style=\"color: #000000\"><strong>A modern kutat\u00e1sok azt mutatj\u00e1k, hogy a goji bogy\u00f3k val\u00f3ban nagyon j\u00f3t tesznek eg\u00e9szs\u00e9g\u00fcnknek az eg\u00e9sz test er\u0151s\u00edt\u00e9s\u00e9vel<\/strong>. Rendk\u00edv\u00fcl<strong> sok antioxid\u00e1nst<\/strong> tartalmaznak, amelyek bizony\u00edtottan pozit\u00edv hat\u00e1ssal vannak r\u00e1nk, hiszen meg\u00f3vnak minket az oxidat\u00edv stresszt\u0151l, ami gyakran a modern betegs\u00e9gek kiv\u00e1lt\u00f3 oka.<\/span><\/p>\n<p><span style=\"color: #000000\">\u00c1ll\u00edt\u00f3lag sokkal t\u00f6bb b\u00e9ta-karotint (az A-vitamin provitaminj\u00e1t) tartalmaznak, mint b\u00e1rmely m\u00e1s n\u00f6v\u00e9ny, amelyet eddig felfedeztek vagy tanulm\u00e1nyoztak. A b\u00e9ta-karotint szervezet\u00fcnk A-vitaminn\u00e1 (retionol) szintetiz\u00e1lja, amely felel\u0151s a norm\u00e1l n\u00f6veked\u00e9s\u00e9rt, a norm\u00e1l l\u00e1t\u00e1s\u00e9rt, a vasanyagcser\u00e9\u00e9rt, \u00e9s fontos az immunrendszer norm\u00e1l m\u0171k\u00f6d\u00e9s\u00e9hez is. Terhess\u00e9g alatt \u00e9s el\u0151tt is fontos, mivel t\u00e1mogatja a szaporod\u00e1st, befoly\u00e1solja a sejtek, sz\u00f6vetek fejl\u0151d\u00e9s\u00e9t. A kutat\u00e1sok azt mutatj\u00e1k, hogy jobb \u00e9s el\u0151ny\u00f6sebb a szervezet sz\u00e1m\u00e1ra b\u00e9ta-karotinokat (f\u0151leg t\u00e1pl\u00e1l\u00e9kkal) bevinni, amit a szervezet retinoll\u00e1 alak\u00edt \u00e1t, mint mag\u00e1t a retinolt, amely \u00e1llati eredet\u0171 A-vitamin. Ezenk\u00edv\u00fcl legal\u00e1bb h\u00e1romszor t\u00f6bb antioxid\u00e1nst tartalmaznak, mint az \u00e1fonya.<\/span><\/p>\n<p><span style=\"color: #000000\"><strong>A kis piros gy\u00fcm\u00f6lcs\u00f6k teh\u00e1t a k\u00f6vetkez\u0151ket hat\u00e1sokat ny\u00fajtj\u00e1k:<\/strong><\/span><\/p>\n<p><span style=\"color: #000000\">\ud83d\udc9a csod\u00e1latos term\u00e9szetes hat\u00f3anyagok,<\/span><br \/>\n<span style=\"color: #000000\">\ud83d\udc9a karotinoidok, polifenolok, feh\u00e9rj\u00e9k,<\/span><br \/>\n<span style=\"color: #000000\">\ud83d\udc9a Poliszacharidok, amelyek er\u0151s\u00edtik az immunrendszert, fokozz\u00e1k az \u00e1sv\u00e1nyi anyagok felsz\u00edv\u00f3d\u00e1s\u00e1t \u00e9s n\u00f6velik a szervezet vitalit\u00e1s\u00e1t,<\/span><br \/>\n<span style=\"color: #000000\">\ud83d\udc9a C-, B- \u00e9s E-vitamin,<\/span><br \/>\n<span style=\"color: #000000\">\ud83d\udc9a lutein \u00e9s zeaxantin, amelyek er\u0151s\u00edtik a l\u00e1t\u00e1st \u00e9s megakad\u00e1lyozz\u00e1k annak roml\u00e1s\u00e1t,<\/span><br \/>\n<span style=\"color: #000000\">\ud83d\udc9a antioxid\u00e1nsok az eg\u00e9szs\u00e9g\u00e9rt \u00e9s a fiatalos megjelen\u00e9s\u00e9rt,<\/span><br \/>\n<span style=\"color: #000000\">\ud83d\udc9a egy\u00e9b vitaminok, amelyek sok betegs\u00e9get legy\u0151znek.<\/span><\/p>\n<p><span style=\"color: #000000\">A goji bogy\u00f3k <strong>bizony\u00edtottan er\u0151s\u00edtik az immunrendszert.<\/strong><strong>pozit\u00edv hat\u00e1ssal vannak a libid\u00f3ra \u00e9s a szexu\u00e1lis er\u0151re is.<\/strong> Egyre n\u00e9pszer\u0171bbek a <strong>gyors anyagcsere, jobb k\u00f6z\u00e9rzet, kisebb \u00e1ltal\u00e1nos f\u00e1radts\u00e1g \u00e9s nagyobb vitalit\u00e1s miatt is.<\/strong><\/span><\/p>\n<p><span style=\"color: #000000\">Goji bogy\u00f3ink <strong>biotermel\u00e9sb\u0151l sz\u00e1rmaznak.<\/strong> Az aszalt gy\u00fcm\u00f6lcs\u00f6k enyh\u00e9n nedvesek \u2013 puha \u00e9s r\u00e1g\u00f3s \u00e1llag\u00faak, amit\u0151l pr\u00e9mium min\u0151s\u00e9g\u0171 \u00e9lelmiszernek sz\u00e1m\u00edtanak. A bogy\u00f3k nagyon finomak. Nagyobbak \u00e9s \u00e9desebb \u00edz\u0171ek. Fokozz\u00e1k az \u00e9telek t\u00e1p\u00e9rt\u00e9k\u00e9t, \u00e9s \u00e9des \u00edzt k\u00f6lcs\u00f6n\u00f6znek nekik. \u00cdze nem t\u00fal intenz\u00edv, \u00edgy j\u00f3l passzol a mindennapi \u00e9telekhez.<\/span><\/p>\n<h2><span style=\"color: #000000\">Kinek alkalmasak?<\/span><\/h2>\n<p><span style=\"color: #000000\">A goji bogy\u00f3 nassolnival\u00f3k\u00e9nt vagy v\u00e1ltozatos eg\u00e9szs\u00e9ges \u00e9trend r\u00e9szek\u00e9nt fogyaszthat\u00f3. A sok pozit\u00edv hat\u00e1sa \u00e9s hat\u00f3anyaga m\u00e9g mindig meglepi a kutat\u00f3kat, akik folyamatosan tanulm\u00e1nyozz\u00e1k. A goji bogy\u00f3k:<\/span><\/p>\n<p><span style=\"color: #000000\">\ud83d\udc9a szab\u00e1lyozz\u00e1k a <strong>magas v\u00e9rnyom\u00e1ssal \u00e9s alacsonyabb koleszterinszinttel<\/strong> j\u00e1r\u00f3 probl\u00e9m\u00e1kat;<\/span><br \/>\n<span style=\"color: #000000\">\ud83d\udc9a <strong>szab\u00e1lyozz\u00e1k az em\u00e9szt\u00e9st, b\u00e1zisk\u00e9nt m\u0171k\u00f6dnek<\/strong> \u00e9s seg\u00edtik a fogy\u00e1st;<\/span><br \/>\n<span style=\"color: #000000\">\ud83d\udc9a<strong> hidrat\u00e1lj\u00e1k<\/strong> a szervezet;<\/span><br \/>\n<span style=\"color: #000000\">\ud83d\udc9a jav\u00edtj\u00e1k<strong> a b\u0151r \u00e1llapot\u00e1t<\/strong>;<\/span><br \/>\n<span style=\"color: #000000\">\ud83d\udc9a er\u0151s\u00edtik<strong> az immunrendszert<\/strong>;<\/span><br \/>\n<span style=\"color: #000000\">\ud83d\udc9a <strong>adaptog\u00e9n<\/strong> m\u00f3don m\u0171k\u00f6dnek;<\/span><br \/>\n<span style=\"color: #000000\">\ud83d\udc9a<strong> szab\u00e1lyozz\u00e1k a <\/strong>v\u00e9rcukorszintet.<\/span><\/p>\n<h2><span style=\"color: #000000\">T\u00e1rol\u00e1s<\/span><\/h2>\n<p><span style=\"color: #000000\">Sz\u00e1raz \u00e9s h\u0171v\u00f6s helyen, legfeljebb 25 \u00b0C h\u0151m\u00e9rs\u00e9kleten t\u00e1roland\u00f3. A t\u00e1pl\u00e1l\u00e9k-kieg\u00e9sz\u00edt\u0151t gyermekekt\u0151l elz\u00e1rva kell tartani!<\/span><\/p>\n<p><span style=\"color: #000000\">Ne feledkezz\u00fcnk meg a v\u00e1ltozatos \u00e9trend \u00e9s az eg\u00e9szs\u00e9ges \u00e9letm\u00f3d fontoss\u00e1g\u00e1r\u00f3l, az \u00e9trend-kieg\u00e9sz\u00edt\u0151 ez\u00e9rt nem helyettes\u00edti a kiegyens\u00falyozott \u00e9s v\u00e1ltozatos \u00e9trendet. Az aj\u00e1nlott napi mennyis\u00e9get vagy adagot nem szabad t\u00fall\u00e9pni.<\/span><\/p>\n<h2><span style=\"color: #000000\">Csomagol\u00e1s<\/span><\/h2>\n<p><span style=\"color: #000000\">L\u00e9gmentesen z\u00e1rhat\u00f3 tasak, amelyben a term\u00e9k meg\u0151rzi minden frissess\u00e9g\u00e9t \u00e9s arom\u00e1j\u00e1t. A csomagol\u00e1s v\u00e9d a f\u00e9nyt\u0151l \u00e9s a leveg\u0151t\u0151l, mivel t\u00f6bb v\u00e9d\u0151r\u00e9tegb\u0151l \u00e1ll, amelyek meg\u0151rzik a tartalom tulajdons\u00e1gait. <\/span><\/p>\n<p><span style=\"color: #000000\">A csomagol\u00e1s nagyon praktikus \u00e9s \u00fajrahasznos\u00edthat\u00f3.<\/span><\/p>\n<h2><span style=\"color: #000000\">Sz\u00e1rmaz\u00e1si orsz\u00e1g<\/span><\/h2>\n<p><span style=\"color: #000000\">K\u00edna. K\u00fcl\u00f6n\u00f6sen megb\u00edzhat\u00f3 besz\u00e1ll\u00edt\u00f3kkal rendelkez\u00fcnk, akik minden egyes t\u00e9telr\u0151l r\u00e9szletes k\u00e9miai elemz\u00e9st k\u00fcldenek nek\u00fcnk. T\u00f6bb mint 10 \u00e9v alatt soha nem volt reklam\u00e1ci\u00f3 vagy b\u00e1rmilyen m\u00e1s probl\u00e9m\u00e1nk ezzel a term\u00e9kkel, sem m\u00e1s term\u00e9kkel ugyanatt\u00f3l a besz\u00e1ll\u00edt\u00f3t\u00f3l.<\/span><\/p>\n","protected":false},"excerpt":{"rendered":"<p>A goji bogy\u00f3k, amelyeket n\u00e9ha farkasbogy\u00f3nak \u00e9s v\u00f6r\u00f6s gy\u00e9m\u00e1ntnak is neveznek, szuperbogy\u00f3k, amelyek egy magas k\u00ednai bokron n\u0151nek. Az \u00f3kori K\u00edn\u00e1ban szuperer\u0151vel rendelkez\u0151 gy\u00fcm\u00f6lcs\u00f6knek tekintett\u00e9k, \u00e9s kir\u00e1lyok gy\u00f3gy\u00edt\u00e1s\u00e1ra \u00e9s harcosok t\u00e1pl\u00e1l\u00e1s\u00e1ra haszn\u00e1lt\u00e1k a csat\u00e1k el\u0151tt. A hagyom\u00e1nyos k\u00ednai orvosl\u00e1sban, ahol t\u00f6bb mint 2500 \u00e9ve haszn\u00e1lj\u00e1k \u0151ket, cukorbetegs\u00e9g, magas v\u00e9rnyom\u00e1s, valamint m\u00e1j- \u00e9s vesebetegs\u00e9gek kezel\u00e9s\u00e9re szolg\u00e1lnak. Az energia \u00e9s a libid\u00f3 n\u00f6vel\u00e9s\u00e9re is haszn\u00e1lj\u00e1k.<\/p>\n<p>\ud83d\udc9a Szab\u00e1lyozz\u00e1k a magas v\u00e9rnyom\u00e1ssal \u00e9s a koleszterinszinttel kapcsolatos probl\u00e9m\u00e1kat.<br \/>\n\ud83d\udc9a Szab\u00e1lyozz\u00e1k az em\u00e9szt\u00e9st, b\u00e1zisk\u00e9nt hatnak \u00e9s befoly\u00e1solj\u00e1k a fogy\u00e1st.<br \/>\n\ud83d\udc9a Hidrat\u00e1lj\u00e1k a szervezetet.<br \/>\n\ud83d\udc9a Jav\u00edtj\u00e1k a b\u0151r \u00e1llapot\u00e1t.<br \/>\n\ud83d\udc9a Er\u0151s\u00edtik az immunrendszert.<\/p>\n","protected":false},"featured_media":6120,"comment_status":"open","ping_status":"closed","template":"","meta":{"_acf_changed":false},"product_brand":[],"product_cat":[224,225,195],"product_tag":[],"class_list":{"0":"post-6119","1":"product","2":"type-product","3":"status-publish","4":"has-post-thumbnail","6":"product_cat-ajanlat","7":"product_cat-minden-termek","8":"product_cat-szuperelelmiszer","10":"first","11":"instock","12":"sale","13":"taxable","14":"shipping-taxable","15":"purchasable","16":"product-type-simple"},"acf":[],"_links":{"self":[{"href":"https:\/\/fengchashop.com\/hu\/wp-json\/wp\/v2\/product\/6119","targetHints":{"allow":["GET"]}}],"collection":[{"href":"https:\/\/fengchashop.com\/hu\/wp-json\/wp\/v2\/product"}],"about":[{"href":"https:\/\/fengchashop.com\/hu\/wp-json\/wp\/v2\/types\/product"}],"replies":[{"embeddable":true,"href":"https:\/\/fengchashop.com\/hu\/wp-json\/wp\/v2\/comments?post=6119"}],"wp:featuredmedia":[{"embeddable":true,"href":"https:\/\/fengchashop.com\/hu\/wp-json\/wp\/v2\/media\/6120"}],"wp:attachment":[{"href":"https:\/\/fengchashop.com\/hu\/wp-json\/wp\/v2\/media?parent=6119"}],"wp:term":[{"taxonomy":"product_brand","embeddable":true,"href":"https:\/\/fengchashop.com\/hu\/wp-json\/wp\/v2\/product_brand?post=6119"},{"taxonomy":"product_cat","embeddable":true,"href":"https:\/\/fengchashop.com\/hu\/wp-json\/wp\/v2\/product_cat?post=6119"},{"taxonomy":"product_tag","embeddable":true,"href":"https:\/\/fengchashop.com\/hu\/wp-json\/wp\/v2\/product_tag?post=6119"}],"curies":[{"name":"wp","href":"https:\/\/api.w.org\/{rel}","templated":true}]}}