{"id":6110,"date":"2022-03-10T08:38:09","date_gmt":"2022-03-10T07:38:09","guid":{"rendered":"https:\/\/fengchashop.com\/hu\/product\/brahmi-v-prahu-bio-250-g\/"},"modified":"2026-04-18T04:59:15","modified_gmt":"2026-04-18T02:59:15","slug":"brahmi-v-prahu-bio","status":"publish","type":"product","link":"https:\/\/fengchashop.com\/hu\/product\/brahmi-v-prahu-bio\/","title":{"rendered":"Brahmi por BIO 250 g"},"content":{"rendered":"<h2><span style=\"color: #000000\">Mi az a brahmi \u00e9s honnan sz\u00e1rmazik?<\/span><\/h2>\n<p style=\"text-align: justify\"><span style=\"color: #000000\">A brahmi az egyik legelismertebb ayurv\u00e9dikus gy\u00f3gyn\u00f6v\u00e9ny, amelyet <strong>t\u00f6bb mint 3000 \u00e9ve haszn\u00e1lnak<\/strong>. Az \u00e1zsiai vizes \u00e9l\u0151helyekr\u0151l sz\u00e1rmazik, de ma m\u00e1r a vil\u00e1g sz\u00e1mos r\u00e9sz\u00e9n n\u0151. A Brahmi h\u00fasos z\u00f6ld leveleir\u0151l \u00e9s feh\u00e9r-k\u00e9kes vir\u00e1gair\u00f3l ismert. A Brahmi <strong>az idegrendszer, az elme \u00e9s a mem\u00f3ria m\u0171k\u00f6d\u00e9s\u00e9nek t\u00e1mogat\u00e1s\u00e1ra szolg\u00e1l<\/strong>. Ez egy gy\u00f3gyn\u00f6v\u00e9ny, amely <strong>levelekb\u0151l, sz\u00e1rakb\u00f3l \u00e9s gy\u00f6kerekb\u0151l k\u00e9sz\u00fcl<\/strong>, \u00e9s a keleti hagyom\u00e1nyos orvosl\u00e1sban &#8222;<strong>minden gy\u00f3gyn\u00f6v\u00e9nyek gy\u00f3gyn\u00f6v\u00e9ny\u00e9nek<\/strong>&#8221; is nevezik.<\/span><\/p>\n<h2><span style=\"color: #000000\">Mi\u00e9rt olyan k\u00fcl\u00f6nleges \u00e9s m\u00e1s a brahmi?<\/span><\/h2>\n<p style=\"text-align: justify\"><span style=\"color: #000000\">A brahmi az emberi testre gyakorolt<strong> j\u00f3t\u00e9kony hat\u00e1sair\u00f3l ismert.<\/strong> Nagyon <strong>kedvez\u0151 hat\u00e1ssal van a haj n\u00f6veked\u00e9s\u00e9re<\/strong>, er\u0151s\u00edti a hajhagym\u00e1kat \u00e9s megakad\u00e1lyozza a haj \u0151sz\u00fcl\u00e9s\u00e9t \u00e9s elveszt\u00e9s\u00e9t. J\u00f3 hat\u00e1ssal van <strong>a szorong\u00e1s \u00e9s a fesz\u00fclts\u00e9g cs\u00f6kkent\u00e9s\u00e9re stresszes helyzetekben \u00e9s depresszi\u00f3ban<\/strong>, mivel cs\u00f6kkenti a kortizol stresszhormon szintj\u00e9t. Seg\u00edt helyre\u00e1ll\u00edtani a ment\u00e1lis egyens\u00falyt <strong>az idegrendszer k\u00fcl\u00f6nb\u00f6z\u0151 betegs\u00e9gei<\/strong> eset\u00e9n, valamint az <strong>\u00e1lmatlans\u00e1gban<\/strong> \u00e9s a korai \u00f6reged\u00e9s egy\u00e9b t\u00fcneteiben, mivel <strong>nyugtatja \u00e9s er\u0151s\u00edti az idegsz\u00f6vetet<\/strong>, jav\u00edtja a v\u00e9rkering\u00e9st, megsz\u00fcnteti az elz\u00e1r\u00f3d\u00e1sokat \u00e9s biztos\u00edtja a kulcsfontoss\u00e1g\u00fa anyagok tov\u00e1bbjut\u00e1s\u00e1t. Nyugtat\u00f3 hat\u00e1ssal van <strong>a b\u0151rbetegs\u00e9gekre \u00e9s az irrit\u00e1lt b\u0151rre<\/strong>, \u00e9s lehet\u0151v\u00e9 teszi a sebek gyorsabb gy\u00f3gyul\u00e1s\u00e1t. A Brahmi pozit\u00edv hat\u00e1sai miatt kapta &#8222;<strong>a fiatals\u00e1g csodaszer\u0171 elixirje<\/strong>&#8221; c\u00edmet.<\/span><\/p>\n<h2><span style=\"color: #000000\">Pozit\u00edv hat\u00e1sok az eg\u00e9szs\u00e9g\u00fcnkre \u00e9s a test\u00fcnkre<\/span><\/h2>\n<p><span style=\"color: #000000\">\ud83d\udc9a er\u0151s\u00edti<strong> az immunrendszert<\/strong>,<\/span><\/p>\n<p><span style=\"color: #000000\"><span style=\"text-align: justify\">\ud83d\udc9a felgyors\u00edtja <\/span><strong style=\"text-align: justify\">az em\u00e9szt\u00e9st \u00e9s m\u00e9regtelen\u00edti a testet<\/strong><span style=\"text-align: justify\">,<\/span><\/span><\/p>\n<p><span style=\"color: #000000\">\ud83d\udc9a felgyors\u00edtja az agy optim\u00e1lis <strong>m\u0171k\u00f6d\u00e9s\u00e9t<\/strong><\/span><\/p>\n<p><span style=\"color: #000000\">\ud83d\udc9a <strong>el\u0151seg\u00edti az idegek eg\u00e9szs\u00e9ges m\u0171k\u00f6d\u00e9s\u00e9t<\/strong>,<\/span><\/p>\n<p><span style=\"color: #000000\">\ud83d\udc9a serkenti a <strong>ment\u00e1lis funkci\u00f3kat<\/strong> , jav\u00edtja a <strong>mem\u00f3ri\u00e1t \u00e9s a koncentr\u00e1ci\u00f3t<\/strong>,<\/span><\/p>\n<p><span style=\"color: #000000\">\ud83d\udc9a <strong>seg\u00edt az id\u0151seknek a demencia kezel\u00e9s\u00e9ben<\/strong>,<\/span><\/p>\n<p><span style=\"color: #000000\">\ud83d\udc9a seg\u00edt a <strong>hossz\u00fa \u00e9s r\u00f6vid t\u00e1v\u00fa mem\u00f3ria jav\u00edt\u00e1s\u00e1ban<\/strong>,<\/span><\/p>\n<p><span style=\"color: #000000\">\ud83d\udc9a <strong>alkalmazhat\u00f3 parkinson-k\u00f3r \u00e9s Alzheimer-k\u00f3r, ADHD, autizmus \u00e9s depresszi\u00f3 kezel\u00e9s\u00e9re<\/strong>,<\/span><\/p>\n<p><span style=\"color: #000000\"> \ud83d\udc9a <strong>daganatellenes hat\u00e1s\u00fa<\/strong>,<\/span><\/p>\n<p><span style=\"color: #000000\">\ud83d\udc9a nyugtat\u00f3 hat\u00e1s\u00fa \u00e9s <strong>cs\u00f6kkenti a szorong\u00e1st<\/strong>.<\/span><\/p>\n<p><span style=\"color: #000000\">\ud83d\udc9a enyh\u00edti a <strong>menstru\u00e1ci\u00f3s g\u00f6rcs\u00f6ket<\/strong>,<\/span><\/p>\n<p><span style=\"color: #000000\">\ud83d\udc9a seg\u00edt a <strong>stressz okozta sz\u00e9kreked\u00e9sben<\/strong>,<\/span><\/p>\n<p><span style=\"color: #000000\">\ud83d\udc9a seg\u00edt <strong>\u00e1lmatlans\u00e1g ellen,<\/strong><\/span><\/p>\n<p><span style=\"color: #000000\"> \ud83d\udc9a <strong>fiatal\u00edt\u00f3 hat\u00e1s\u00fa<\/strong> \u00e9s lelass\u00edtja az \u00f6reged\u00e9st,<\/span><\/p>\n<p><span style=\"color: #000000\">\ud83d\udc9a gy\u00f3gy\u00edtja <strong>a b\u0151rbetegs\u00e9geket<\/strong>,<\/span><\/p>\n<p><span style=\"color: #000000\">\ud83d\udc9a seg\u00edt lek\u00fczdeni <strong>a cigaretta-, cukor- \u00e9s alkoholf\u00fcgg\u0151s\u00e9get<\/strong>.<\/span><\/p>\n<p style=\"text-align: justify\"><span style=\"color: #000000\">\u00a0A brahmit b\u00e1rki haszn\u00e1lhatja, aki agyk\u00e1rosod\u00e1st szenvedett, vagy stroke ut\u00e1ni kezel\u00e9s alatt \u00e1ll. Gyermekek sz\u00e1m\u00e1ra nem alkalmas!<\/span><\/p>\n<h2><span style=\"color: #000000\">T\u00e1rol\u00e1s \u00e9s figyelmeztet\u00e9sek<\/span><\/h2>\n<p style=\"text-align: justify\"><span style=\"color: #000000\">Sz\u00e1raz \u00e9s h\u0171v\u00f6s helyen t\u00e1roland\u00f3. A t\u00e1pl\u00e1l\u00e9k-kieg\u00e9sz\u00edt\u0151t gyermekekt\u0151l elz\u00e1rva kell tartani!<\/span><\/p>\n<p style=\"text-align: justify\"><span style=\"color: #000000\">Ne feledkezz\u00fcnk meg a v\u00e1ltozatos \u00e9trend \u00e9s az eg\u00e9szs\u00e9ges \u00e9letm\u00f3d fontoss\u00e1g\u00e1r\u00f3l, az \u00e9trend-kieg\u00e9sz\u00edt\u0151 ez\u00e9rt nem helyettes\u00edti a kiegyens\u00falyozott \u00e9s v\u00e1ltozatos \u00e9trendet. Az aj\u00e1nlott napi mennyis\u00e9get vagy adagot nem szabad t\u00fall\u00e9pni. Terhes n\u0151knek, szoptat\u00f3 any\u00e1knak \u00e9s gy\u00f3gyszert szed\u0151knek mindig konzult\u00e1lniuk kell orvosukkal a haszn\u00e1lat el\u0151tt. Gyermekek sz\u00e1m\u00e1ra nem alkalmas.<\/span><\/p>\n<h2><span style=\"color: #000000\">Csomagol\u00e1s<\/span><\/h2>\n<p style=\"text-align: justify\"><span style=\"color: #000000\">L\u00e9gmentesen z\u00e1rhat\u00f3 tasak, amelyben a term\u00e9k meg\u0151rzi minden frissess\u00e9g\u00e9t \u00e9s arom\u00e1j\u00e1t. A csomagol\u00e1s v\u00e9d a f\u00e9nyt\u0151l \u00e9s a leveg\u0151t\u0151l. T\u00f6bb v\u00e9delmi r\u00e9tegb\u0151l \u00e1ll, amelyek meg\u0151rzik a term\u00e9k tulajdons\u00e1gait.<\/span><\/p>\n<p><span style=\"color: #000000\">A csomagol\u00e1s nagyon praktikus \u00e9s lehet\u0151v\u00e9 teszi az \u00fajrahasznos\u00edt\u00e1st.<\/span><\/p>\n<h2><span style=\"color: #000000\">Sz\u00e1rmaz\u00e1si orsz\u00e1g<\/span><\/h2>\n<p><span style=\"color: #000000\">India<\/span><\/p>\n","protected":false},"excerpt":{"rendered":"<p>A Brahmi az egyik legelismertebb ayurv\u00e9dikus gy\u00f3gyn\u00f6v\u00e9ny, amelyet t\u00f6bb mint 3000 \u00e9ve haszn\u00e1lnak. Az \u00e1zsiai vizes \u00e9l\u0151helyekr\u0151l sz\u00e1rmazik, de ma m\u00e1r a vil\u00e1g sz\u00e1mos r\u00e9sz\u00e9n n\u0151. A Brahmi h\u00fasos z\u00f6ld leveleir\u0151l \u00e9s feh\u00e9r-k\u00e9kes vir\u00e1gair\u00f3l ismert. A brahmi n\u00f6v\u00e9ny leveleib\u0151l, sz\u00e1r\u00e1b\u00f3l \u00e9s gy\u00f6ker\u00e9b\u0151l k\u00e9sz\u00edtett gy\u00f3gyn\u00f6v\u00e9nyk\u00e9sz\u00edtm\u00e9nyeknek a k\u00f6vetkez\u0151 elk\u00e9peszt\u0151 hat\u00e1sai vannak:<\/p>\n<p>\ud83d\udc9a felgyors\u00edtja az em\u00e9szt\u00e9st \u00e9s m\u00e9regtelen\u00edti a testet,<br \/>\n\ud83d\udc9a felgyors\u00edtja az agy optim\u00e1lis m\u0171k\u00f6d\u00e9s\u00e9t,<br \/>\n\ud83d\udc9a el\u0151seg\u00edti az idegek eg\u00e9szs\u00e9ges m\u0171k\u00f6d\u00e9s\u00e9t,<br \/>\n\ud83d\udc9a serkenti a ment\u00e1lis funkci\u00f3kat, jav\u00edtja a mem\u00f3ri\u00e1t \u00e9s a koncentr\u00e1ci\u00f3t,<br \/>\n\ud83d\udc9a j\u00f3t\u00e9kony hat\u00e1ssal van a haj n\u00f6veked\u00e9s\u00e9re.<\/p>\n","protected":false},"featured_media":6111,"comment_status":"open","ping_status":"closed","template":"","meta":{"_acf_changed":false},"product_brand":[],"product_cat":[195],"product_tag":[],"class_list":{"0":"post-6110","1":"product","2":"type-product","3":"status-publish","4":"has-post-thumbnail","6":"product_cat-szuperelelmiszer","8":"first","9":"instock","10":"sale","11":"taxable","12":"shipping-taxable","13":"purchasable","14":"product-type-simple"},"acf":[],"_links":{"self":[{"href":"https:\/\/fengchashop.com\/hu\/wp-json\/wp\/v2\/product\/6110","targetHints":{"allow":["GET"]}}],"collection":[{"href":"https:\/\/fengchashop.com\/hu\/wp-json\/wp\/v2\/product"}],"about":[{"href":"https:\/\/fengchashop.com\/hu\/wp-json\/wp\/v2\/types\/product"}],"replies":[{"embeddable":true,"href":"https:\/\/fengchashop.com\/hu\/wp-json\/wp\/v2\/comments?post=6110"}],"wp:featuredmedia":[{"embeddable":true,"href":"https:\/\/fengchashop.com\/hu\/wp-json\/wp\/v2\/media\/6111"}],"wp:attachment":[{"href":"https:\/\/fengchashop.com\/hu\/wp-json\/wp\/v2\/media?parent=6110"}],"wp:term":[{"taxonomy":"product_brand","embeddable":true,"href":"https:\/\/fengchashop.com\/hu\/wp-json\/wp\/v2\/product_brand?post=6110"},{"taxonomy":"product_cat","embeddable":true,"href":"https:\/\/fengchashop.com\/hu\/wp-json\/wp\/v2\/product_cat?post=6110"},{"taxonomy":"product_tag","embeddable":true,"href":"https:\/\/fengchashop.com\/hu\/wp-json\/wp\/v2\/product_tag?post=6110"}],"curies":[{"name":"wp","href":"https:\/\/api.w.org\/{rel}","templated":true}]}}