{"id":6101,"date":"2022-03-04T10:07:28","date_gmt":"2022-03-04T09:07:28","guid":{"rendered":"https:\/\/fengchashop.com\/hu\/product\/ceklapor-bio-250-g\/"},"modified":"2026-05-07T14:28:41","modified_gmt":"2026-05-07T12:28:41","slug":"ceklapor-bio","status":"publish","type":"product","link":"https:\/\/fengchashop.com\/hu\/product\/ceklapor-bio\/","title":{"rendered":"C\u00e9klapor BIO 250 g"},"content":{"rendered":"<h2><span style=\"color: #000000\">C\u00e9klapor BIO<\/span><\/h2>\n<p><span style=\"color: #000000\">A c\u00e9kla (Beta vulgaris) alacsony kal\u00f3riatartalm\u00fa z\u00f6lds\u00e9g, de m\u00e1s z\u00f6lds\u00e9gekhez k\u00e9pest magasabb a sz\u00e9nhidr\u00e1t- \u00e9s cukortartalma.<strong> C-vitaminban, niacinban \u00e9s folsavban<\/strong> gazdag. \u00c1sv\u00e1nyi anyagai els\u0151sorban<strong> magn\u00e9zium, vas, foszfor \u00e9s k\u00e1lium.<\/strong> Emellett<strong> b\u00e9taalint<\/strong> is tartalmaz<strong>, amely er\u0151s antioxid\u00e1nsok<\/strong>, \u00e9s intenz\u00edv piros sz\u00edn\u00e9t adja.<\/span><\/p>\n<p><span style=\"color: #000000\">C\u00e9klaporunk biogazd\u00e1lkod\u00e1sb\u00f3l sz\u00e1rmazik.<\/span><\/p>\n<h2><span style=\"color: #000000\">Milyen el\u0151nyei vannak a c\u00e9klapor fogyaszt\u00e1s\u00e1nak?<\/span><\/h2>\n<p><span style=\"color: #000000\">A c\u00e9klapor j\u00f3l helyettes\u00edti a hagyom\u00e1nyos c\u00e9kl\u00e1t, mivel tartalmazza a friss c\u00e9kl\u00e1hoz hasonl\u00f3 t\u00e1panyagok nagy r\u00e9sz\u00e9t. Hozz\u00e1adja az \u00e9telek t\u00e1p\u00e9rt\u00e9k\u00e9t, ez\u00e9rt k\u00fcl\u00f6n\u00f6sen alkalmas azok sz\u00e1m\u00e1ra, akik kev\u00e9s z\u00f6lds\u00e9get esznek, mivel k\u00f6nnyebben elrejthet\u0151 egy \u00e9telben. A c\u00e9kla els\u0151sorban folsav, k\u00e1lium \u00e9s vas gazdag forr\u00e1sa, amelyek hozz\u00e1j\u00e1rulnak a v\u00e9r j\u00f3 eg\u00e9szs\u00e9g\u00e9hez. A k\u00f6zhiedelem, miszerint a c\u00e9kla<strong> j\u00f3t tesz a v\u00e9rnek<\/strong>, tudom\u00e1nyosan is meger\u0151s\u00edt\u00e9st nyert &#8211; ez pedig magas vas-, k\u00e1lium- \u00e9s folsav- (vagy B9-vitamin-) tartalm\u00e1nak k\u00f6sz\u00f6nhet\u0151. A c\u00e9kla teh\u00e1t <strong>seg\u00edt megel\u0151zni a v\u00e9rszeg\u00e9nys\u00e9get, \u00e9s ennek k\u00f6vetkezt\u00e9ben n\u00f6veli az energi\u00e1t, a hangulatot \u00e9s az \u00e1ltal\u00e1nos k\u00f6z\u00e9rzetet<\/strong>. Mivel t\u00e1panyagokban olyan gazdag, elegend\u0151 naponta vagy hetente t\u00f6bbsz\u00f6r kis mennyis\u00e9gben fogyasztani. <strong>\u00c9lelmi rosttartalma miatt az em\u00e9szt\u0151rendszer eg\u00e9szs\u00e9g\u00e9nek is j\u00f3t tesz.<\/strong> A <strong>m\u00e1jm\u0171k\u00f6d\u00e9st<\/strong> is <strong>serkenti<\/strong>, \u00edgy ki\u00fcr\u00edti a m\u00e9reganyagokat \u00e9s a salakanyagokat a szervezetb\u0151l.<\/span><\/p>\n<h2><span style=\"color: #000000\">T\u00e1rol\u00e1s \u00e9s figyelmeztet\u00e9sek<\/span><\/h2>\n<p><span style=\"color: #000000\">H\u0171v\u00f6s, sz\u00e1raz helyen, legfeljebb 25 \u00b0C-on t\u00e1rolja. Az \u00e9trend-kieg\u00e9sz\u00edt\u0151t gyermekek el\u0151l elz\u00e1rva tartand\u00f3!<\/span><\/p>\n<p><span style=\"color: #000000\">Ne feledje a v\u00e1ltozatos \u00e9trend \u00e9s az eg\u00e9szs\u00e9ges \u00e9letm\u00f3d fontoss\u00e1g\u00e1t, az \u00e9trend-kieg\u00e9sz\u00edt\u0151 teh\u00e1t nem helyettes\u00edti a kiegyens\u00falyozott \u00e9s v\u00e1ltozatos \u00e9trendet. Az aj\u00e1nlott napi mennyis\u00e9get vagy adagot nem szabad t\u00fall\u00e9pni. Terhes \u00e9s szoptat\u00f3s n\u0151knek mindig javasolt, hogy haszn\u00e1lat el\u0151tt konzult\u00e1ljanak orvosukkal. A c\u00e9kla k\u00f6zepesen magas glik\u00e9mi\u00e1s index\u0171 z\u00f6lds\u00e9g, ez\u00e9rt cukorbetegek sz\u00e1m\u00e1ra nem alkalmas.<\/span><\/p>\n<h2><span style=\"color: #000000\">Csomagol\u00e1s<\/span><\/h2>\n<p><span style=\"color: #000000\">Nem \u00e1tereszt\u0151 cipz\u00e1ras tasak, amelyben a term\u00e9k meg\u0151rzi teljes frissess\u00e9g\u00e9t \u00e9s arom\u00e1j\u00e1t. A csomagol\u00e1s v\u00e9di a term\u00e9ket a f\u00e9nyt\u0151l \u00e9s a leveg\u0151t\u0151l, mivel t\u00f6bb r\u00e9tegb\u0151l \u00e1ll, amelyek meg\u0151rzik a tartalom tulajdons\u00e1gait.<\/span><\/p>\n<p><span style=\"color: #000000\">A csomagol\u00e1s nagyon praktikus \u00e9s \u00fajrahasznos\u00edthat\u00f3.<\/span><\/p>\n<h2><span style=\"color: #000000\">Sz\u00e1rmaz\u00e1si hely<\/span><\/h2>\n<p><span style=\"color: #000000\">K\u00edna.<\/span><\/p>\n<p>Rendk\u00edv\u00fcl megb\u00edzhat\u00f3 besz\u00e1ll\u00edt\u00f3ink vannak, akik minden t\u00e9telhez r\u00e9szletes k\u00e9miai elemz\u00e9st k\u00fcldenek a term\u00e9kr\u0151l. T\u00f6bb mint 10 \u00e9v alatt soha nem fordult el\u0151 term\u00e9kvisszah\u00edv\u00e1s vagy egy\u00e9b probl\u00e9ma ezzel a term\u00e9kkel vagy ugyanazon sz\u00e1ll\u00edt\u00f3 b\u00e1rmely m\u00e1s term\u00e9k\u00e9vel kapcsolatban.<\/p>\n<p>Ez a term\u00e9k 100%-ban bio min\u0151s\u00edt\u00e9s\u0171.<\/p>\n","protected":false},"excerpt":{"rendered":"<p>A c\u00e9kla (Beta vulgaris) alacsony kal\u00f3riatartalm\u00fa z\u00f6lds\u00e9g, de m\u00e1s z\u00f6lds\u00e9gekn\u00e9l magasabb a sz\u00e9nhidr\u00e1t- \u00e9s cukortartalma. <strong>C-vitaminban<\/strong>, <strong>niacinban<\/strong> \u00e9s<strong> folsavban<\/strong> gazdag. Kiemelked\u0151 \u00e1sv\u00e1nyi anyagai a <strong>magn\u00e9zium<\/strong>, a <strong>vas<\/strong>, a <strong>foszfor<\/strong> \u00e9s a <strong>k\u00e1lium<\/strong>. Emellett <strong>b\u00e9taalint<\/strong> is tartalmaz, amely er\u0151s antioxid\u00e1nsok, \u00e9s intenz\u00edv piros sz\u00edn\u00e9t adja.<\/p>\n<p align=\"JUSTIFY\">\ud83d\udc9a Seg\u00edt megel\u0151zni a v\u00e9rszeg\u00e9nys\u00e9get,<br \/>\n\ud83d\udc9a az em\u00e9szt\u0151rendszer eg\u00e9szs\u00e9g\u00e9nek is j\u00f3t tesz,<br \/>\n\ud83d\udc9a j\u00f3 hat\u00e1ssal van az \u00e1ltal\u00e1nos k\u00f6z\u00e9rzetre,<br \/>\n\ud83d\udc9a fokozza az energiaszintet.<\/p>\n","protected":false},"featured_media":6102,"comment_status":"open","ping_status":"closed","template":"","meta":{"_acf_changed":false},"product_brand":[],"product_cat":[224,225,195],"product_tag":[],"class_list":{"0":"post-6101","1":"product","2":"type-product","3":"status-publish","4":"has-post-thumbnail","6":"product_cat-ajanlat","7":"product_cat-minden-termek","8":"product_cat-szuperelelmiszer","10":"first","11":"instock","12":"taxable","13":"shipping-taxable","14":"purchasable","15":"product-type-simple"},"acf":[],"_links":{"self":[{"href":"https:\/\/fengchashop.com\/hu\/wp-json\/wp\/v2\/product\/6101","targetHints":{"allow":["GET"]}}],"collection":[{"href":"https:\/\/fengchashop.com\/hu\/wp-json\/wp\/v2\/product"}],"about":[{"href":"https:\/\/fengchashop.com\/hu\/wp-json\/wp\/v2\/types\/product"}],"replies":[{"embeddable":true,"href":"https:\/\/fengchashop.com\/hu\/wp-json\/wp\/v2\/comments?post=6101"}],"wp:featuredmedia":[{"embeddable":true,"href":"https:\/\/fengchashop.com\/hu\/wp-json\/wp\/v2\/media\/6102"}],"wp:attachment":[{"href":"https:\/\/fengchashop.com\/hu\/wp-json\/wp\/v2\/media?parent=6101"}],"wp:term":[{"taxonomy":"product_brand","embeddable":true,"href":"https:\/\/fengchashop.com\/hu\/wp-json\/wp\/v2\/product_brand?post=6101"},{"taxonomy":"product_cat","embeddable":true,"href":"https:\/\/fengchashop.com\/hu\/wp-json\/wp\/v2\/product_cat?post=6101"},{"taxonomy":"product_tag","embeddable":true,"href":"https:\/\/fengchashop.com\/hu\/wp-json\/wp\/v2\/product_tag?post=6101"}],"curies":[{"name":"wp","href":"https:\/\/api.w.org\/{rel}","templated":true}]}}