{"id":6098,"date":"2022-03-04T09:49:00","date_gmt":"2022-03-04T08:49:00","guid":{"rendered":"https:\/\/fengchashop.com\/hu\/product\/schisandra-bogyo-por-bio-250-g\/"},"modified":"2026-04-13T13:06:45","modified_gmt":"2026-04-13T11:06:45","slug":"schisandra-bogyo-por-bio","status":"publish","type":"product","link":"https:\/\/fengchashop.com\/hu\/product\/schisandra-bogyo-por-bio\/","title":{"rendered":"Schisandra bogy\u00f3 por BIO 250 g"},"content":{"rendered":"<h2><span style=\"color: #000000\">Schisandra bogy\u00f3 por biotermel\u00e9sb\u0151l<\/span><\/h2>\n<p><span style=\"color: #000000\">A Schisandra egy kis sz\u0151l\u0151f\u00e9le k\u00fasz\u00f3n\u00f6v\u00e9ny, amely apr\u00f3 piros bogy\u00f3kat termel, \u00e9s a hagyom\u00e1nyos k\u00ednai orvosl\u00e1s nagyra \u00e9rt\u00e9keli akt\u00edv \u00f6sszetev\u0151i miatt. A Schisandra <strong>wu wei zi n\u00e9ven is ismert, ami k\u00ednaiul \u00f6t \u00edz\u0171 gy\u00fcm\u00f6lcs\u00f6t jelent, mert a kis piros bogy\u00f3k \u00e9des, savany\u00fa, s\u00f3s, keser\u0171 \u00e9s f\u0171szeres \u00edzt rejtenek.<\/strong> Az \u00edzek egybeesnek az \u00f6t alapvet\u0151 energi\u00e1val: f\u00f6ld, fa, v\u00edz, f\u00e9m \u00e9s t\u0171z, \u00e9s az emberi test \u00f6t legfontosabb szerv\u00e9re hatnak &#8211; a sz\u00edvre, a m\u00e1jra, a t\u00fcd\u0151re, a l\u00e9pre \u00e9s a ves\u00e9re.<\/span><\/p>\n<p><span style=\"color: #000000\">A Schisandra az 50 hagyom\u00e1nyos k\u00ednai gy\u00f3gyn\u00f6v\u00e9ny egyike<strong>, amelyet m\u00e1r t\u00f6bb mint 2000 \u00e9ve haszn\u00e1lnak,<\/strong> hisz:<\/span><\/p>\n<p><span style=\"color: #000000\">\ud83d\udc9a Er\u0151s\u00edti<strong> a vitalit\u00e1st,<\/strong><\/span><br \/>\n<span style=\"color: #000000\">\ud83d\udc9a Jav\u00edtja \u00e9s er\u0151s\u00edti az<strong> immunrendszert,<\/strong><\/span><br \/>\n<span style=\"color: #000000\">\ud83d\udc9a seg\u00edt meg\u0151rizni<strong> a b\u0151r fiatals\u00e1g\u00e1t,<\/strong><\/span><br \/>\n<span style=\"color: #000000\">\ud83d\udc9a seg\u00edt <strong>\u00e1lmatlans\u00e1g, fejf\u00e1j\u00e1s, sz\u00e9d\u00fcl\u00e9s ellen,<\/strong><\/span><br \/>\n<span style=\"color: #000000\">\ud83d\udc9a serkenti az agym\u0171k\u00f6d\u00e9st,<\/span><br \/>\n<span style=\"color: #000000\">\ud83d\udc9a seg\u00edt<strong> a testnek k\u00fczdeni a stressz-okozta kimer\u00fclts\u00e9g ellen.<\/strong><\/span><\/p>\n<p><span style=\"color: #000000\">\u00c9trend-kieg\u00e9sz\u00edt\u0151k\u00e9nt fogyaszt\u00e1sra legink\u00e1bb por form\u00e1ban alkalmas.<\/span><\/p>\n<h2><span style=\"color: #000000\">Mi\u00e9rt egyre ismertebb \u00e9s n\u00e9pszer\u0171bb f\u0171szer a schisandra?<\/span><\/h2>\n<p><span style=\"color: #000000\">A schisandra sok<strong> akt\u00edv hat\u00f3anyagot tartalmaz, p\u00e9ld\u00e1ul schisandrint, ill\u00f3olajokat \u00e9s A-, C- \u00e9s E-vitamint<\/strong>, amelyek az emberi szervezet sz\u00e1mos folyamat\u00e1ban r\u00e9sztvesznek. Az eml\u00edtett \u00f6sszetev\u0151knek k\u00f6sz\u00f6nhet\u0151en bizony\u00edtottan<strong>gyullad\u00e1scs\u00f6kkent\u0151, antioxid\u00e1ns \u00e9s m\u00e9regtelen\u00edt\u0151 hat\u00e1ssal is rendelkezik.<\/strong> Az emberi testre gyakorolt pozit\u00edv hat\u00e1sai miatt sz\u00e1mos kutat\u00f3 megvizsg\u00e1lta, \u00e9s sz\u00e1mos k\u00fcl\u00f6nb\u00f6z\u0151 eg\u00e9szs\u00e9g\u00fcgyi probl\u00e9ma eset\u00e9n tal\u00e1l\u00e1t\u00e1k j\u00f3t\u00e9kony hat\u00e1s\u00fanak. A schisandra<strong> adaptog\u00e9n m\u00f3don is hat<\/strong> \u2013 ez azt jelenti, hogy megtal\u00e1lja a szervezet leggyeng\u00e9bb pontj\u00e1t, \u00e9s azon dolgozik, hogy helyre\u00e1ll\u00edtsa ott az egyens\u00falyt. <strong>Nyugtat\u00f3 hat\u00e1s\u00fa<\/strong> \u00e9s enyh\u00edti a f\u00e1jdalmat, ugyanakkor el\u0151seg\u00edti a koncentr\u00e1ci\u00f3t \u00e9s az \u00e9bers\u00e9get. A 100 napos schisandra fogyaszt\u00e1s jav\u00edtja a v\u00e9rkering\u00e9st, \u00e9les\u00edti az elm\u00e9t \u00e9s a mem\u00f3ri\u00e1t, jav\u00edtja a szexu\u00e1lis energi\u00e1t, er\u0151s\u00edti a t\u00fcd\u0151t \u00e9s a ves\u00e9t, valamint sz\u00e9p\u00edti a b\u0151rt. Mivel szab\u00e1lyozza a mell\u00e9kvese m\u0171k\u00f6d\u00e9s\u00e9t, ezzel<strong> cs\u00f6kkenti a kortizol negat\u00edv hat\u00e1sait.<\/strong> A leggyakrabban a stressz hat\u00e1s\u00e1ra megjelen\u0151 kortizolszint emelked\u00e9s sz\u00e1mos folyamatra negat\u00edvan hat szervezet\u00fcnkben \u2013 az em\u00e9szt\u00e9st\u0151l az immunrendszerig.<\/span><\/p>\n<h2><span style=\"color: #000000\">T\u00e1rol\u00e1s \u00e9s figyelmeztet\u00e9sek<\/span><\/h2>\n<p><span style=\"color: #000000\">Sz\u00e1raz \u00e9s h\u0171v\u00f6s helyen t\u00e1roland\u00f3. A t\u00e1pl\u00e1l\u00e9k-kieg\u00e9sz\u00edt\u0151t gyermekekt\u0151l elz\u00e1rva kell tartani!<\/span><\/p>\n<p><span style=\"color: #000000\">Ne feledkezz\u00fcnk meg a v\u00e1ltozatos \u00e9trend \u00e9s az eg\u00e9szs\u00e9ges \u00e9letm\u00f3d fontoss\u00e1g\u00e1r\u00f3l, az \u00e9trend-kieg\u00e9sz\u00edt\u0151 ez\u00e9rt nem helyettes\u00edti a kiegyens\u00falyozott \u00e9s v\u00e1ltozatos \u00e9trendet. Az aj\u00e1nlott napi mennyis\u00e9get vagy adagot nem szabad t\u00fall\u00e9pni. Gyermekek, terhes n\u0151k \u00e9s szoptat\u00f3 any\u00e1k sz\u00e1m\u00e1ra nem javasolt. A gy\u00f3gyszert szed\u0151knek tan\u00e1csos konzult\u00e1lniuk orvos\u00e1val a haszn\u00e1lat el\u0151tt.<\/span><\/p>\n<h2><span style=\"color: #000000\">Csomagol\u00e1s<\/span><\/h2>\n<p><span style=\"color: #000000\">L\u00e9gmentesen z\u00e1rhat\u00f3 tasak, amelyben a term\u00e9k meg\u0151rzi minden frissess\u00e9g\u00e9t \u00e9s arom\u00e1j\u00e1t. A csomagol\u00e1s v\u00e9d a f\u00e9nyt\u0151l \u00e9s a leveg\u0151t\u0151l, mivel t\u00f6bb v\u00e9d\u0151r\u00e9tegb\u0151l \u00e1ll, amelyek meg\u0151rzik a tartalom tulajdons\u00e1gait. <\/span><\/p>\n<p><span style=\"color: #000000\">A csomagol\u00e1s nagyon praktikus \u00e9s \u00fajrahasznos\u00edthat\u00f3.<\/span><\/p>\n<h2><span style=\"color: #000000\">Sz\u00e1rmaz\u00e1si orsz\u00e1g<\/span><\/h2>\n<p><span style=\"color: #000000\">K\u00edna. Nagyon megb\u00edzhat\u00f3 besz\u00e1ll\u00edt\u00f3ink vannak, akik minden t\u00e9telhez r\u00e9szletes k\u00e9miai elemz\u00e9st k\u00fcldenek az \u00e9lelmiszerekr\u0151l. T\u00f6bb mint t\u00edz \u00e9v alatt nem kaptunk semmilyen reklam\u00e1ci\u00f3t vagy panaszt sem ezzel, sem az ugyanazon besz\u00e1ll\u00edt\u00f3t\u00f3l sz\u00e1rmaz\u00f3 egy\u00e9b term\u00e9kekkel kapcsolatban. A term\u00e9k 100% bio tan\u00fas\u00edtv\u00e1nnyal rendelkezik.<\/span><\/p>\n","protected":false},"excerpt":{"rendered":"<p>A Schisandra egy kis sz\u0151l\u0151f\u00e9le k\u00fasz\u00f3n\u00f6v\u00e9ny, amely apr\u00f3 piros bogy\u00f3kat termel, \u00e9s a hagyom\u00e1nyos k\u00ednai orvosl\u00e1s nagyra \u00e9rt\u00e9keli akt\u00edv \u00f6sszetev\u0151i miatt. A Schisandra wu wei zi n\u00e9ven is ismert, ami k\u00ednaiul \u00f6t \u00edz\u0171 gy\u00fcm\u00f6lcs\u00f6t jelent, mert a kis piros bogy\u00f3k \u00e9des, savany\u00fa, s\u00f3s, keser\u0171 \u00e9s f\u0171szeres \u00edzt rejtenek. A Schisandra egyike annak az 50 hagyom\u00e1nyos k\u00ednai gy\u00f3gyn\u00f6v\u00e9nynek, amelyeket t\u00f6bb mint 2000 \u00e9ve haszn\u00e1lnak, mert:<\/p>\n<p align=\"JUSTIFY\">\ud83d\udc9a jav\u00edtja \u00e9s er\u0151s\u00edti az immunrendszert,<br \/>\n\ud83d\udc9a meg\u0151rzi a b\u0151r fiatals\u00e1g\u00e1t,<br \/>\n\ud83d\udc9a n\u00f6veli a vitalit\u00e1st,<br \/>\n\ud83d\udc9a Seg\u00edt legy\u0151zni a test stressz-okozta kimer\u00fclts\u00e9g\u00e9t.<\/p>\n","protected":false},"featured_media":6099,"comment_status":"open","ping_status":"closed","template":"","meta":{"_acf_changed":false},"product_brand":[],"product_cat":[224,225,195],"product_tag":[],"class_list":{"0":"post-6098","1":"product","2":"type-product","3":"status-publish","4":"has-post-thumbnail","6":"product_cat-ajanlat","7":"product_cat-minden-termek","8":"product_cat-szuperelelmiszer","10":"first","11":"instock","12":"sale","13":"taxable","14":"shipping-taxable","15":"purchasable","16":"product-type-simple"},"acf":[],"_links":{"self":[{"href":"https:\/\/fengchashop.com\/hu\/wp-json\/wp\/v2\/product\/6098","targetHints":{"allow":["GET"]}}],"collection":[{"href":"https:\/\/fengchashop.com\/hu\/wp-json\/wp\/v2\/product"}],"about":[{"href":"https:\/\/fengchashop.com\/hu\/wp-json\/wp\/v2\/types\/product"}],"replies":[{"embeddable":true,"href":"https:\/\/fengchashop.com\/hu\/wp-json\/wp\/v2\/comments?post=6098"}],"wp:featuredmedia":[{"embeddable":true,"href":"https:\/\/fengchashop.com\/hu\/wp-json\/wp\/v2\/media\/6099"}],"wp:attachment":[{"href":"https:\/\/fengchashop.com\/hu\/wp-json\/wp\/v2\/media?parent=6098"}],"wp:term":[{"taxonomy":"product_brand","embeddable":true,"href":"https:\/\/fengchashop.com\/hu\/wp-json\/wp\/v2\/product_brand?post=6098"},{"taxonomy":"product_cat","embeddable":true,"href":"https:\/\/fengchashop.com\/hu\/wp-json\/wp\/v2\/product_cat?post=6098"},{"taxonomy":"product_tag","embeddable":true,"href":"https:\/\/fengchashop.com\/hu\/wp-json\/wp\/v2\/product_tag?post=6098"}],"curies":[{"name":"wp","href":"https:\/\/api.w.org\/{rel}","templated":true}]}}