{"id":6094,"date":"2022-03-04T09:36:13","date_gmt":"2022-03-04T08:36:13","guid":{"rendered":"https:\/\/fengchashop.com\/hu\/product\/macskakarom-por-bio-125-g\/"},"modified":"2026-05-12T17:48:26","modified_gmt":"2026-05-12T15:48:26","slug":"macskakarom-por-bio","status":"publish","type":"product","link":"https:\/\/fengchashop.com\/hu\/product\/macskakarom-por-bio\/","title":{"rendered":"Macskakarom por 125 g"},"content":{"rendered":"<h2><span style=\"color: #000000\">Macskak\u00f6r\u00f6m por<\/span><\/h2>\n<p><span style=\"color: #000000\">Az amaz\u00f3niai tr\u00f3pusi hegym\u00e1sz\u00f3nak 2 \u00edvelt t\u00fcsk\u00e9je van minden lev\u00e9l t\u00f6v\u00e9n\u00e9l, innen ered a macskakarom n\u00e9v.<\/span><\/p>\n<p><span style=\"color: #000000\">A macskakarmot k\u00fcl\u00f6n\u00f6sen nagyra \u00e9rt\u00e9kelik az emberi szervezetre gyakorolt j\u00f3t\u00e9kony hat\u00e1sai miatt:<\/span><\/p>\n<p><span style=\"color: #000000\">\ud83d\udc9a er\u0151s\u00edti az immunrendszer<strong> m\u0171k\u00f6d\u00e9s\u00e9t,<\/strong><\/span><br \/>\n<span style=\"color: #000000\">\ud83d\udc9a<strong> enyh\u00edti \u00e9s g\u00e1tolja a gyullad\u00e1st,<\/strong><\/span><br \/>\n<span style=\"color: #000000\">\ud83d\udc9a <strong>enyh\u00edti a fert\u0151z\u00e9sekkel j\u00e1r\u00f3 f\u00e1jdalmat,<\/strong><\/span><br \/>\n<span style=\"color: #000000\">\ud83d\udc9a <strong>enyh\u00edti a kr\u00f3nikus betegs\u00e9gekkel j\u00e1r\u00f3 probl\u00e9m\u00e1kat.<\/strong><\/span><\/p>\n<h2><span style=\"color: #000000\">Hogyan m\u0171k\u00f6dik a macskak\u00f6r\u00f6m?<\/span><\/h2>\n<p><span style=\"color: #000000\">A macskakarom egy<strong> term\u00e9szetes antibiotikum<\/strong>, mivel sikeresen k\u00fczd minden t\u00edpus\u00fa mikrob\u00e1val, \u00e9s megel\u0151zi a fert\u0151z\u00e9seket \u00e9s a gyullad\u00e1sokat. Sz\u00e1mos tanulm\u00e1ny kimutatta, hogy t\u00f6bb <strong>j\u00f3t\u00e9kony hat\u00e1sa is van az emberi szervezetre<\/strong>, a legismertebb, hogy<strong>serkenti az immunrendszer m\u0171k\u00f6d\u00e9s\u00e9t az oxinol alkaloid\u00e1k tartalma miatt <\/strong>, amelyek sikeresen semleges\u00edtik a szervezetben l\u00e9v\u0151 k\u00e1ros szabad gy\u00f6k\u00f6ket. Sok m\u00e1s alkaloid a macskakaromban<strong> j\u00f3 hat\u00e1ssal van a mem\u00f3ri\u00e1ra \u00e9s a v\u00e9rnyom\u00e1s szab\u00e1lyoz\u00e1s\u00e1ra is.<\/strong> Mivel <strong>sikeresen legy\u0151zi a fert\u0151z\u00e9seket \u00e9s a gyullad\u00e1sokat, gy\u00f3gy\u00edt\u00f3 hat\u00e1ssal van a kr\u00f3nikus betegs\u00e9gek, p\u00e9ld\u00e1ul a reuma vagy az \u00edz\u00fcleti gyullad\u00e1sok f\u00e1jdalm\u00e1ra is.<\/strong><\/span><\/p>\n<h2><span style=\"color: #000000\">T\u00e1rol\u00e1s \u00e9s figyelmeztet\u00e9sek<\/span><\/h2>\n<p><span style=\"color: #000000\">Sz\u00e1raz \u00e9s h\u0171v\u00f6s helyen t\u00e1roland\u00f3. A t\u00e1pl\u00e1l\u00e9k-kieg\u00e9sz\u00edt\u0151t gyermekekt\u0151l elz\u00e1rva kell tartani!<\/span><\/p>\n<p><span style=\"color: #000000\">Ne feledkezz\u00fcnk meg a v\u00e1ltozatos \u00e9trend \u00e9s az eg\u00e9szs\u00e9ges \u00e9letm\u00f3d fontoss\u00e1g\u00e1r\u00f3l, az \u00e9trend-kieg\u00e9sz\u00edt\u0151 ez\u00e9rt nem helyettes\u00edti a kiegyens\u00falyozott \u00e9s v\u00e1ltozatos \u00e9trendet. Az aj\u00e1nlott napi mennyis\u00e9get vagy adagot nem szabad t\u00fall\u00e9pni. Terhes n\u0151knek, szoptat\u00f3 any\u00e1knak \u00e9s gy\u00f3gyszert szed\u0151knek mindig konzult\u00e1lniuk kell orvosukkal a haszn\u00e1lat el\u0151tt. Gyermekeknek nem aj\u00e1nlott.<\/span><\/p>\n<h2><span style=\"color: #000000\">Csomagol\u00e1s<\/span><\/h2>\n<p><span style=\"color: #000000\">L\u00e9gmentesen z\u00e1rhat\u00f3 tasak, amelyben a term\u00e9k meg\u0151rzi minden frissess\u00e9g\u00e9t \u00e9s arom\u00e1j\u00e1t. A csomagol\u00e1s v\u00e9d a f\u00e9nyt\u0151l \u00e9s a leveg\u0151t\u0151l, mivel t\u00f6bb v\u00e9d\u0151r\u00e9tegb\u0151l \u00e1ll, amelyek meg\u0151rzik a tartalom tulajdons\u00e1gait.<\/span><\/p>\n<p><span style=\"color: #000000\">A csomagol\u00e1s nagyon praktikus \u00e9s \u00fajrahasznos\u00edthat\u00f3.<\/span><\/p>\n<h2><span style=\"color: #000000\">Sz\u00e1rmaz\u00e1si orsz\u00e1g<\/span><\/h2>\n<p><span style=\"color: #000000\">D\u00e9l-Amerika<\/span><\/p>\n","protected":false},"excerpt":{"rendered":"<p align=\"JUSTIFY\">Az amaz\u00f3niai tr\u00f3pusi hegym\u00e1sz\u00f3nak 2 \u00edvelt t\u00fcsk\u00e9je van minden lev\u00e9l t\u00f6v\u00e9n\u00e9l, innen ered a macskakarom n\u00e9v. A macskakarom term\u00e9szetes antibiotikumnak sz\u00e1m\u00edt, mivel sikeresen k\u00fczd minden t\u00edpus\u00fa mikrob\u00e1val szemben, valamint megel\u0151zi a fert\u0151z\u00e9seket \u00e9s gyullad\u00e1sokat. A macskakarmot k\u00fcl\u00f6n\u00f6sen nagyra \u00e9rt\u00e9kelik az emberi szervezetre gyakorolt j\u00f3t\u00e9kony hat\u00e1sai miatt:<\/p>\n<p align=\"JUSTIFY\">\ud83d\udc9a er\u0151s\u00edti az immunrendszer m\u0171k\u00f6d\u00e9s\u00e9t,<br \/>\n\ud83d\udc9a enyh\u00edti \u00e9s g\u00e1tolja a gyullad\u00e1st,<br \/>\n\ud83d\udc9a csillap\u00edtja a fert\u0151z\u00e9sek okozta f\u00e1jdalmat,<br \/>\n\ud83d\udc9a enyh\u00edti a kr\u00f3nikus betegs\u00e9gek okozta probl\u00e9m\u00e1kat.<\/p>\n","protected":false},"featured_media":6095,"comment_status":"open","ping_status":"closed","template":"","meta":{"_acf_changed":false},"product_brand":[],"product_cat":[224,225,195],"product_tag":[],"class_list":{"0":"post-6094","1":"product","2":"type-product","3":"status-publish","4":"has-post-thumbnail","6":"product_cat-ajanlat","7":"product_cat-minden-termek","8":"product_cat-szuperelelmiszer","10":"first","11":"instock","12":"sale","13":"taxable","14":"shipping-taxable","15":"purchasable","16":"product-type-simple"},"acf":[],"_links":{"self":[{"href":"https:\/\/fengchashop.com\/hu\/wp-json\/wp\/v2\/product\/6094","targetHints":{"allow":["GET"]}}],"collection":[{"href":"https:\/\/fengchashop.com\/hu\/wp-json\/wp\/v2\/product"}],"about":[{"href":"https:\/\/fengchashop.com\/hu\/wp-json\/wp\/v2\/types\/product"}],"replies":[{"embeddable":true,"href":"https:\/\/fengchashop.com\/hu\/wp-json\/wp\/v2\/comments?post=6094"}],"wp:featuredmedia":[{"embeddable":true,"href":"https:\/\/fengchashop.com\/hu\/wp-json\/wp\/v2\/media\/6095"}],"wp:attachment":[{"href":"https:\/\/fengchashop.com\/hu\/wp-json\/wp\/v2\/media?parent=6094"}],"wp:term":[{"taxonomy":"product_brand","embeddable":true,"href":"https:\/\/fengchashop.com\/hu\/wp-json\/wp\/v2\/product_brand?post=6094"},{"taxonomy":"product_cat","embeddable":true,"href":"https:\/\/fengchashop.com\/hu\/wp-json\/wp\/v2\/product_cat?post=6094"},{"taxonomy":"product_tag","embeddable":true,"href":"https:\/\/fengchashop.com\/hu\/wp-json\/wp\/v2\/product_tag?post=6094"}],"curies":[{"name":"wp","href":"https:\/\/api.w.org\/{rel}","templated":true}]}}