{"id":6091,"date":"2025-12-03T10:22:14","date_gmt":"2025-12-03T09:22:14","guid":{"rendered":"https:\/\/fengchashop.com\/hu\/product\/neem-por-bio-500-g\/"},"modified":"2026-05-04T12:28:53","modified_gmt":"2026-05-04T10:28:53","slug":"neem-por-bio","status":"publish","type":"product","link":"https:\/\/fengchashop.com\/hu\/product\/neem-por-bio\/","title":{"rendered":"Neem por BIO 500 g"},"content":{"rendered":"<h2><span style=\"color: #000000\">Neem por BIO<\/span><\/h2>\n<p><span style=\"color: #000000\">A neem egy rendk\u00edv\u00fcl \u00f6r\u00f6kz\u00f6ld bokros fa Indi\u00e1b\u00f3l (Azadirachta Indica). Ennek az \u00f6r\u00f6kz\u00f6ld f\u00e1nak minden r\u00e9sze hasznos; a k\u00e9regt\u0151l, gy\u00f6k\u00e9rt\u0151l, magt\u00f3l, gy\u00fcm\u00f6lcst\u0151l a levelekig \u00e9s vir\u00e1gokig. Az \u00e1jurv\u00e9dikus n\u00e9pgy\u00f3gy\u00e1szat leggyakrabban haszn\u00e1lt n\u00f6v\u00e9nye, \u00e9s t\u00f6bb mint 2000 \u00e9ve haszn\u00e1lj\u00e1k gy\u00f3gy\u00e1szati c\u00e9lokra.<\/span><\/p>\n<p><span style=\"color: #000000\"><strong>A neemr\u0151l ismert, hogy t\u00f6bb mint 100 k\u00fcl\u00f6nb\u00f6z\u0151 betegs\u00e9g kezel\u00e9s\u00e9re alkalmas, hisz:<\/strong><\/span><\/p>\n<p><span style=\"color: #000000\">\ud83d\udc9a serkenti az immunrendszert<\/span><\/p>\n<p><span style=\"color: #000000\">\ud83d\udc9a tiszt\u00edtja a v\u00e9rt \u00e9s m\u00e9regtelen\u00edti a szervezetet,<\/span><\/p>\n<p><span style=\"color: #000000\">\ud83d\udc9a j\u00f3t\u00e9kony hat\u00e1ssal van a b\u0151rre, a hajra \u00e9s a k\u00f6rm\u00f6kre,<\/span><\/p>\n<p><span style=\"color: #000000\">\ud83d\udc9a enyh\u00edti ab\u0151rprobl\u00e9m\u00e1kat allergia, pikkelys\u00f6m\u00f6r, ekc\u00e9ma, akn\u00e9 \u00e9s nyitott sebek eset\u00e9n<\/span><\/p>\n<p><span style=\"color: #000000\">\ud83d\udc9a gyullad\u00e1scs\u00f6kkent\u0151, gombaellenes \u00e9s f\u00e1jdalomcsillap\u00edt\u00f3 hat\u00e1s\u00fa,<\/span><\/p>\n<p><span style=\"color: #000000\">\ud83d\udc9a enyh\u00edti \u00e9s megsz\u00fcnteti az em\u00e9szt\u00e9si probl\u00e9m\u00e1kat,<\/span><\/p>\n<p><span style=\"color: #000000\">\ud83d\udc9a term\u00e9szetes fert\u0151tlen\u00edt\u0151k\u00e9nt hat.<\/span><\/p>\n<p><span style=\"color: #000000\">A Neem mostan\u00e1ban \u00fan.\u00a0<strong>term\u00e9szetes riaszt\u00f3k\u00e9nt<\/strong>\u00a0is ismert rovarok \u00e9s egy\u00e9b k\u00e1rtev\u0151k ellen.<\/span><\/p>\n<p><span style=\"color: #000000\">Neem porunk \u00f6kol\u00f3giai termeszt\u00e9s\u0171, finomra \u0151r\u00f6lt \u00e9s csak a legjobb alapanyagokb\u00f3l k\u00e9sz\u00fcl.<\/span><\/p>\n<h2><span style=\"color: #000000\">Hogyan m\u0171k\u00f6dik a neem, \u00e9s milyen probl\u00e9m\u00e1kon seg\u00edt?<\/span><\/h2>\n<p><span style=\"color: #000000\">M\u00e1r az \u00e1jurv\u00e9dikus gy\u00f3gy\u00edt\u00f3k is felismert\u00e9k, hogy a neem egy kincsesb\u00e1nya, amelyben sz\u00e1mos eg\u00e9szs\u00e9g\u00fcgyi probl\u00e9ma gy\u00f3gy\u00edt\u00e1s\u00e1ra alkalmas \u00f6sszetev\u0151 megtal\u00e1lhat\u00f3, ugyanakkor nem okoz semmilyen mell\u00e9khat\u00e1st. Pontosan ez\u00e9rt az egyik\u00a0<strong>leggyakrabban haszn\u00e1lt indiai \u00e1jurv\u00e9dikus gy\u00f3gyn\u00f6v\u00e9nyek<\/strong>, de ugyanakkor egyre ink\u00e1bb v\u00e1lik tudom\u00e1nyos kutat\u00e1s t\u00e1rgy\u00e1v\u00e1 is. Bebizonyosodott, hogy sz\u00e1mos betegs\u00e9gre j\u00f3t\u00e9kony hat\u00e1ssal lehet. K\u00fcl\u00f6nleges vegy\u00fcleteket fedeztek fel a neem olajban, amelyek j\u00f3t\u00e9kony hat\u00e1ssal vannak a k\u00fcl\u00f6nb\u00f6z\u0151 eg\u00e9szs\u00e9g\u00fcgyi t\u00fcnetekre.\u00a0<strong>Gyullad\u00e1scs\u00f6kkent\u0151k\u00e9nt hat<\/strong>\u00a0minden t\u00edpus\u00fa mikroba ellen, \u00edgy az immunrendszert is seg\u00edti\u00a0<strong>a v\u00edrusos \u00e9s bakteri\u00e1lis fert\u0151z\u00e9sek elleni v\u00e9dekez\u00e9sben<\/strong>. Mivel sikeresen szab\u00e1lyozza a gyullad\u00e1st, enyh\u00edti a gyullad\u00e1ssal j\u00e1r\u00f3 f\u00e1jdalmakat is (m\u00e9g olyan kr\u00f3nikus betegs\u00e9gek eset\u00e9n is, mint a reuma vagy az artritis). Sz\u00e1mos\u00a0<strong>gomb\u00e1sod\u00e1s elleni hat\u00e1sa is van<\/strong>\u00a0\u00e9s seg\u00edt a<strong>\u00a0candid\u00e1k<\/strong>\u00a0elleni k\u00fczdelemben is.<\/span><\/p>\n<h2><span style=\"color: #000000\">Csomagol\u00e1s<\/span><\/h2>\n<p><span style=\"color: #000000\">L\u00e9gmentesen z\u00e1rhat\u00f3 tasak, amelyben a term\u00e9k meg\u0151rzi minden frissess\u00e9g\u00e9t \u00e9s arom\u00e1j\u00e1t. A csomagol\u00e1s v\u00e9d a f\u00e9nyt\u0151l \u00e9s a leveg\u0151t\u0151l, mivel t\u00f6bb v\u00e9d\u0151r\u00e9tegb\u0151l \u00e1ll, amelyek meg\u0151rzik a tartalom tulajdons\u00e1gait.<\/span><\/p>\n<p><span style=\"color: #000000\">A csomagol\u00e1s nagyon praktikus \u00e9s \u00fajrahasznos\u00edthat\u00f3.<\/span><\/p>\n<h2><span style=\"color: #000000\">T\u00e1rol\u00e1s \u00e9s figyelmeztet\u00e9sek<\/span><\/h2>\n<p><span style=\"color: #000000\">Sz\u00e1raz \u00e9s h\u0171v\u00f6s helyen t\u00e1roland\u00f3. Gyermekekt\u0151l elz\u00e1rva tartand\u00f3.<\/span><\/p>\n<p><span style=\"color: #000000\">Ne feledkezz\u00fcnk meg a v\u00e1ltozatos \u00e9trend \u00e9s az eg\u00e9szs\u00e9ges \u00e9letm\u00f3d fontoss\u00e1g\u00e1r\u00f3l, az \u00e9trend-kieg\u00e9sz\u00edt\u0151 ez\u00e9rt nem helyettes\u00edti a kiegyens\u00falyozott \u00e9s v\u00e1ltozatos \u00e9trendet. Az aj\u00e1nlott napi mennyis\u00e9get vagy adagot nem szabad t\u00fall\u00e9pni. Nem aj\u00e1nljuk a haszn\u00e1lat\u00e1t terhes \u00e9s szoptat\u00f3s any\u00e1knak, valamint terhess\u00e9get tervez\u0151 f\u00e9rfiaknak \u00e9s n\u0151knek, mivel fogamz\u00e1sg\u00e1tl\u00f3k\u00e9nt hat n\u0151k \u00e9s f\u00e9rfiak sz\u00e1m\u00e1ra egyar\u00e1nt.<\/span><\/p>\n<h2><span style=\"color: #000000\">J\u00f3 tudni<\/span><\/h2>\n<p><span style=\"color: #000000\">A term\u00e9k \u00e1llatok sz\u00e1m\u00e1ra is alkalmas. Haszn\u00e1lat el\u0151tt konzult\u00e1ljon \u00e1llatorvos\u00e1val a bevitel megfelel\u0151s\u00e9g\u00e9r\u0151l \u00e9s az aj\u00e1nlott napi mennyis\u00e9gr\u0151l.<\/span><\/p>\n<h2><span style=\"color: #000000\">Sz\u00e1rmaz\u00e1si orsz\u00e1g<\/span><\/h2>\n<p><span style=\"color: #000000\">India<\/span><\/p>\n","protected":false},"excerpt":{"rendered":"<p><span style=\"color: #000000\">A neem egy rendk\u00edv\u00fcl \u00f6r\u00f6kz\u00f6ld bokros fa Indi\u00e1b\u00f3l (Azadirachta Indica). Ennek az \u00f6r\u00f6kz\u00f6ld f\u00e1nak minden r\u00e9sze hasznos; a k\u00e9regt\u0151l, gy\u00f6k\u00e9rt\u0151l, magt\u00f3l, gy\u00fcm\u00f6lcst\u0151l a levelekig \u00e9s vir\u00e1gokig. Az \u00e1jurv\u00e9dikus n\u00e9pgy\u00f3gy\u00e1szat leggyakrabban haszn\u00e1lt n\u00f6v\u00e9nye, \u00e9s t\u00f6bb mint 2000 \u00e9ve haszn\u00e1lj\u00e1k gy\u00f3gy\u00e1szati c\u00e9lokra.<\/span><\/p>\n<p><span style=\"color: #000000\">\ud83d\udc9a El\u0151seg\u00edti az immunrendszer m\u0171k\u00f6d\u00e9s\u00e9t.<\/span><\/p>\n<p><span style=\"color: #000000\">\ud83d\udc9a Tiszt\u00edtja a v\u00e9rt \u00e9s m\u00e9regtelen\u00edti a szervezetet.<\/span><\/p>\n<p><span style=\"color: #000000\">\ud83d\udc9a J\u00f3t\u00e9kony hat\u00e1ssal van a b\u0151rre, a hajra \u00e9s a k\u00f6rm\u00f6kre.<\/span><\/p>\n<p><span style=\"color: #000000\">\ud83d\udc9a Gyullad\u00e1scs\u00f6kkent\u0151, gombaellenes \u00e9s f\u00e1jdalomcsillap\u00edt\u00f3 hat\u00e1sa van.<\/span><\/p>\n<p><span style=\"color: #000000\">\ud83d\udc9a Enyh\u00edti \u00e9s megsz\u00fcnteti az em\u00e9szt\u00e9si probl\u00e9m\u00e1kat.<\/span><\/p>\n","protected":false},"featured_media":6092,"comment_status":"open","ping_status":"closed","template":"","meta":{"_acf_changed":false},"product_brand":[],"product_cat":[224,194,228,225,195],"product_tag":[],"class_list":{"0":"post-6091","1":"product","2":"type-product","3":"status-publish","4":"has-post-thumbnail","6":"product_cat-ajanlat","7":"product_cat-ajurveda","8":"product_cat-legkeresettebb","9":"product_cat-minden-termek","10":"product_cat-szuperelelmiszer","12":"first","13":"instock","14":"sale","15":"taxable","16":"shipping-taxable","17":"purchasable","18":"product-type-simple"},"acf":[],"_links":{"self":[{"href":"https:\/\/fengchashop.com\/hu\/wp-json\/wp\/v2\/product\/6091","targetHints":{"allow":["GET"]}}],"collection":[{"href":"https:\/\/fengchashop.com\/hu\/wp-json\/wp\/v2\/product"}],"about":[{"href":"https:\/\/fengchashop.com\/hu\/wp-json\/wp\/v2\/types\/product"}],"replies":[{"embeddable":true,"href":"https:\/\/fengchashop.com\/hu\/wp-json\/wp\/v2\/comments?post=6091"}],"wp:featuredmedia":[{"embeddable":true,"href":"https:\/\/fengchashop.com\/hu\/wp-json\/wp\/v2\/media\/6092"}],"wp:attachment":[{"href":"https:\/\/fengchashop.com\/hu\/wp-json\/wp\/v2\/media?parent=6091"}],"wp:term":[{"taxonomy":"product_brand","embeddable":true,"href":"https:\/\/fengchashop.com\/hu\/wp-json\/wp\/v2\/product_brand?post=6091"},{"taxonomy":"product_cat","embeddable":true,"href":"https:\/\/fengchashop.com\/hu\/wp-json\/wp\/v2\/product_cat?post=6091"},{"taxonomy":"product_tag","embeddable":true,"href":"https:\/\/fengchashop.com\/hu\/wp-json\/wp\/v2\/product_tag?post=6091"}],"curies":[{"name":"wp","href":"https:\/\/api.w.org\/{rel}","templated":true}]}}