{"id":6076,"date":"2022-03-03T21:49:00","date_gmt":"2022-03-03T20:49:00","guid":{"rendered":"https:\/\/fengchashop.com\/hu\/product\/buzafu-por-bio-250-g\/"},"modified":"2026-04-26T21:39:56","modified_gmt":"2026-04-26T19:39:56","slug":"buzafu-por-bio","status":"publish","type":"product","link":"https:\/\/fengchashop.com\/hu\/product\/buzafu-por-bio\/","title":{"rendered":"B\u00fazaf\u0171 por BIO 250 g"},"content":{"rendered":"<h2><span style=\"color: #000000\">B\u00fazaf\u0171 por BIO<\/span><\/h2>\n<p><span style=\"color: #000000\">A b\u00fazaf\u0171 val\u00f3j\u00e1ban <strong>fiatal b\u00faza n\u00f6v\u00e9ny.<\/strong> Nem tartalmaz glut\u00e9nt, mivel a glut\u00e9n csak a b\u00fazaszemekben tal\u00e1lhat\u00f3 meg. A cs\u00edr\u00e1zott f\u00fcvet \u00e1ltal\u00e1ban valamivel t\u00f6bb mint egy h\u00e9ttel a cs\u00edr\u00e1z\u00e1s ut\u00e1n takar\u00edtj\u00e1k be, \u00e9s levet k\u00e9sz\u00edtenek bel\u0151le. A b\u00fazaf\u0171 por azonban sokkal k\u00f6nnyebben haszn\u00e1lhat\u00f3. <strong>M\u00e9regtelen\u00edt\u00e9sre \u00e9s tiszt\u00edt\u00e1sra alkalmas. <\/strong> Sok<strong> vitamint, \u00e1sv\u00e1nyi anyagot, aminosavat, enzimet, klorofillt, rostot, feh\u00e9rj\u00e9t \u00e9s fitonutrienst tartalmaz.<\/strong><\/span><\/p>\n<p><span style=\"color: #000000\">A K\u00f6zel-Keletr\u0151l a m\u00faltban a b\u00faza r\u00f6vid id\u0151 alatt elterjedt az eg\u00e9sz vil\u00e1gon, \u00e9s a b\u00fazaf\u0171 <strong>hat\u00e9kony tiszt\u00edt\u00f3 \u00e9s m\u00e9regtelen\u00edt\u0151 gy\u00f3gyn\u00f6v\u00e9nynek bizonyult az emberi szervezet sz\u00e1m\u00e1ra.<\/strong> Ez\u00e9rt rendk\u00edv\u00fcl n\u00e9pszer\u0171 eg\u00e9szs\u00e9ges \u00e9tel.<\/span><\/p>\n<p><span style=\"color: #000000\">Az b\u00fazaf\u00fcv\u00fcnk <strong>bio termel\u00e9sb\u0151l sz\u00e1rmazik.<\/strong><\/span><\/p>\n<h2><span style=\"color: #000000\">Milyen hat\u00e1sai vannak a b\u00fazaf\u0171 szed\u00e9s\u00e9nek?<\/span><\/h2>\n<p><span style=\"color: #000000\"><strong>A b\u00fazaf\u0171 sz\u00e1mos t\u00e1panyagot \u00e9s hat\u00f3anyagot tartalmaz, ez\u00e9rt:<\/strong><\/span><\/p>\n<p><span style=\"color: #000000\">\ud83d\udc9a tiszt\u00edtja \u00e9s jav\u00edtja a v\u00e9r \u00f6sszet\u00e9tel\u00e9t,<\/span><br \/>\n<span style=\"color: #000000\">\ud83d\udc9a gondoskodik az eg\u00e9szs\u00e9ges vastagb\u00e9lr\u0151l \u00e9s m\u00e9regtelen\u00edti a m\u00e1jat,<\/span><br \/>\n<span style=\"color: #000000\">\ud83d\udc9a serkenti az agym\u0171k\u00f6d\u00e9st,<\/span><br \/>\n<span style=\"color: #000000\">\ud83d\udc9a stimul\u00e1lja a pajzsmirigyet,<\/span><br \/>\n<span style=\"color: #000000\">\ud83d\udc9a sok antioxid\u00e1nst tartalmaz, amelyek k\u00fczdenek a szabad gy\u00f6k\u00f6k ellen, \u00e9s megel\u0151zik a betegs\u00e9geket \u00e9s a korai \u00f6reged\u00e9st,<\/span><br \/>\n<span style=\"color: #000000\">\ud83d\udc9a az egyik leggazdagabb klorofillforr\u00e1s, amely el\u0151seg\u00edti a sz\u00f6vetek gy\u00f3gyul\u00e1s\u00e1t, megk\u00f6ti a toxinokat \u00e9s megakad\u00e1lyozza azok felsz\u00edv\u00f3d\u00e1s\u00e1t,<\/span><br \/>\n<span style=\"color: #000000\">\ud83d\udc9a a klorofill enyh\u00edti a sz\u00e1j\u00fcreg gyullad\u00e1s\u00e1t, tiszt\u00edtja \u00e9s t\u00e1pl\u00e1lja a b\u0151rt,<\/span><br \/>\n<span style=\"color: #000000\">\ud83d\udc9a a B-vitaminok tartalma miatt enyh\u00edti a stresszt, <\/span><br \/>\n<span style=\"color: #000000\">\ud83d\udc9a a klorofill az elektronikus eszk\u00f6z\u00f6k sug\u00e1rz\u00e1sa ellen is v\u00e9delmet ny\u00fajt<\/span><br \/>\n<span style=\"color: #000000\">\ud83d\udc9a tartalmazza az emberi test sz\u00e1m\u00e1ra sz\u00fcks\u00e9ges \u00f6sszes aminosavat<\/span><\/p>\n<p><span style=\"color: #000000\">A b\u00fazaf\u0171 <strong>nagy mennyis\u00e9g\u0171 klorofillt tartalmaz<\/strong>, amely tiszt\u00edt\u00f3 \u00e9s m\u00e9regtelen\u00edt\u0151 hat\u00e1ssal van az emberi szervezetre. Szinte csod\u00e1latos tulajdons\u00e1gokkal rendelkezik a test regener\u00e1l\u00f3d\u00e1s\u00e1hoz. Ezenk\u00edv\u00fcl sz\u00e1mos t\u00e1panyagot, <strong>vitamint<\/strong> (C, E, A, B1, B2, B3, B6, K),<strong> \u00e1sv\u00e1nyi anyagot<\/strong> (vas, k\u00e1lium, kalcium, cink, szel\u00e9n, foszfor, b\u00f3r, klorid, kr\u00f3m, kobalt, r\u00e9z, j\u00f3d, vas, magn\u00e9zium, mang\u00e1n, nikkel), <strong>enzimet,<\/strong> <strong>aminosavat, fitokemik\u00e1li\u00e1t \u00e9s linolsavat tartalmaz.<\/strong> A b\u00fazaf\u0171<strong> er\u0151s\u00edti az immunrendszert, g\u00e1tolja a szabad gy\u00f6k\u00f6k kialakul\u00e1s\u00e1t, serkenti a n\u00f6veked\u00e9si hormon termel\u00e9s\u00e9t<\/strong>, ezzel seg\u00edtve a sz\u00f6vetek regener\u00e1l\u00f3d\u00e1s\u00e1t. <strong>Szab\u00e1lyozza a v\u00e9r koleszterinszintj\u00e9t \u00e9s megel\u0151zi a gyullad\u00e1st \u00e9s a fert\u0151z\u00e9st<\/strong>. A b\u0151rre t\u00f6rt\u00e9n\u0151 felvitellel enyh\u00edtheti a probl\u00e9m\u00e1s b\u0151rrel, akn\u00e9vel \u00e9s ekc\u00e9m\u00e1val kapcsolatos probl\u00e9m\u00e1kat, mivel antimikrobi\u00e1lis hat\u00e1s\u00fa \u00e9s gyorsabban gy\u00f3gy\u00edtja a sebeket. Seg\u00edt a viszket\u00e9s \u00e9s a rovarcs\u00edp\u00e9sek ellen is.<\/span><\/p>\n<h2><span style=\"color: #000000\">T\u00e1rol\u00e1s \u00e9s figyelmeztet\u00e9sek<\/span><\/h2>\n<p><span style=\"color: #000000\">Sz\u00e1raz \u00e9s h\u0171v\u00f6s helyen, legfeljebb 25 \u00b0C h\u0151m\u00e9rs\u00e9kleten t\u00e1roland\u00f3. A t\u00e1pl\u00e1l\u00e9k-kieg\u00e9sz\u00edt\u0151t gyermekekt\u0151l elz\u00e1rva kell tartani!<\/span><\/p>\n<p><span style=\"color: #000000\">Ne feledkezz\u00fcnk meg a v\u00e1ltozatos \u00e9trend \u00e9s az eg\u00e9szs\u00e9ges \u00e9letm\u00f3d fontoss\u00e1g\u00e1r\u00f3l, az \u00e9trend-kieg\u00e9sz\u00edt\u0151 ez\u00e9rt nem helyettes\u00edti a kiegyens\u00falyozott \u00e9s v\u00e1ltozatos \u00e9trendet. Az aj\u00e1nlott napi mennyis\u00e9get vagy adagot nem szabad t\u00fall\u00e9pni. Terhes \u00e9s szoptat\u00f3 n\u0151knek nem aj\u00e1nlott a haszn\u00e1lata.<\/span><\/p>\n<h2><span style=\"color: #000000\">Csomagol\u00e1s<\/span><\/h2>\n<p><span style=\"color: #000000\">L\u00e9gmentesen z\u00e1rhat\u00f3 tasak, amelyben a term\u00e9k meg\u0151rzi minden frissess\u00e9g\u00e9t \u00e9s arom\u00e1j\u00e1t. A csomagol\u00e1s v\u00e9d a f\u00e9nyt\u0151l \u00e9s a leveg\u0151t\u0151l, mivel t\u00f6bb v\u00e9delmi r\u00e9tegb\u0151l \u00e1ll, amelyek meg\u0151rzik a tartalom tulajdons\u00e1gait.<\/span><\/p>\n<p><span style=\"color: #000000\">A csomagol\u00e1s nagyon praktikus \u00e9s lehet\u0151v\u00e9 teszi az \u00fajrahasznos\u00edt\u00e1st.<\/span><\/p>\n<h2><span style=\"color: #000000\">Sz\u00e1rmaz\u00e1si orsz\u00e1g<\/span><\/h2>\n<p><span style=\"color: #000000\">EU (N\u00e9metorsz\u00e1g vagy Hollandia)<\/span><\/p>\n","protected":false},"excerpt":{"rendered":"<p>A b\u00fazaf\u0171 val\u00f3j\u00e1ban fiatal b\u00faza n\u00f6v\u00e9ny. Nem tartalmaz glut\u00e9nt, mivel a glut\u00e9n csak a b\u00fazaszemekben tal\u00e1lhat\u00f3 meg. Alkalmas a test m\u00e9regtelen\u00edt\u00e9sre \u00e9s tiszt\u00edt\u00e1s\u00e1ra. Sok vitamint, \u00e1sv\u00e1nyi anyagot, aminosavat, enzimet, klorofillt, rostot, feh\u00e9rj\u00e9t \u00e9s fitonutrienst tartalmaz.<\/p>\n<p>\ud83d\udc9a Tiszt\u00edtja \u00e9s jav\u00edtja a v\u00e9r \u00f6sszet\u00e9tel\u00e9t.<br \/>\n\ud83d\udc9a Gondoskodik az\u00a0eg\u00e9szs\u00e9ges vastagb\u00e9lr\u0151l \u00e9s\u00a0m\u00e9regtelen\u00edti a m\u00e1jat.<br \/>\n\ud83d\udc9a Sok antioxid\u00e1nst tartalmaz.<br \/>\n\ud83d\udc9a Gazdag klorofillforr\u00e1s.<\/p>\n","protected":false},"featured_media":6077,"comment_status":"open","ping_status":"closed","template":"","meta":{"_acf_changed":false},"product_brand":[],"product_cat":[224,222,225,195],"product_tag":[],"class_list":{"0":"post-6076","1":"product","2":"type-product","3":"status-publish","4":"has-post-thumbnail","6":"product_cat-ajanlat","7":"product_cat-algak-es-fuvek","8":"product_cat-minden-termek","9":"product_cat-szuperelelmiszer","11":"first","12":"instock","13":"sale","14":"taxable","15":"shipping-taxable","16":"purchasable","17":"product-type-simple"},"acf":[],"_links":{"self":[{"href":"https:\/\/fengchashop.com\/hu\/wp-json\/wp\/v2\/product\/6076","targetHints":{"allow":["GET"]}}],"collection":[{"href":"https:\/\/fengchashop.com\/hu\/wp-json\/wp\/v2\/product"}],"about":[{"href":"https:\/\/fengchashop.com\/hu\/wp-json\/wp\/v2\/types\/product"}],"replies":[{"embeddable":true,"href":"https:\/\/fengchashop.com\/hu\/wp-json\/wp\/v2\/comments?post=6076"}],"wp:featuredmedia":[{"embeddable":true,"href":"https:\/\/fengchashop.com\/hu\/wp-json\/wp\/v2\/media\/6077"}],"wp:attachment":[{"href":"https:\/\/fengchashop.com\/hu\/wp-json\/wp\/v2\/media?parent=6076"}],"wp:term":[{"taxonomy":"product_brand","embeddable":true,"href":"https:\/\/fengchashop.com\/hu\/wp-json\/wp\/v2\/product_brand?post=6076"},{"taxonomy":"product_cat","embeddable":true,"href":"https:\/\/fengchashop.com\/hu\/wp-json\/wp\/v2\/product_cat?post=6076"},{"taxonomy":"product_tag","embeddable":true,"href":"https:\/\/fengchashop.com\/hu\/wp-json\/wp\/v2\/product_tag?post=6076"}],"curies":[{"name":"wp","href":"https:\/\/api.w.org\/{rel}","templated":true}]}}