{"id":6073,"date":"2022-03-03T21:15:49","date_gmt":"2022-03-03T20:15:49","guid":{"rendered":"https:\/\/fengchashop.com\/hu\/product\/kelp-por-bio-250-g\/"},"modified":"2026-05-12T20:14:40","modified_gmt":"2026-05-12T18:14:40","slug":"kelp-por-bio","status":"publish","type":"product","link":"https:\/\/fengchashop.com\/hu\/product\/kelp-por-bio\/","title":{"rendered":"Kelp por BIO 250 g"},"content":{"rendered":"<h2><span style=\"color: #000000\">Kelp por BIO<\/span><\/h2>\n<p><span style=\"color: #000000\">A vil\u00e1g hidegebb tengereiben egy kelpnek nevezett\u00a0<strong>barna alga<\/strong>\u00a0vir\u00e1gzik. Rendk\u00edv\u00fcl gazdag \u00e1sv\u00e1nyi anyagokban, amelyeket a leghidegebb norv\u00e9g tenger tiszta tengerviz\u00e9b\u0151l sz\u00edv mag\u00e1ba. Ezek az \u00e1sv\u00e1nyi anyagok rendk\u00edv\u00fcl fontosak szervezet\u00fcnk sz\u00e1m\u00e1ra, \u00e9s m\u00e1r sokszor bebizonyosodott, hogy kell\u0151 mennyis\u00e9g hi\u00e1ny\u00e1ban szervezet\u00fcnk nem \u00fagy l\u00e1tja el a feladatait, ahogy kellene, aminek k\u00f6vetkezt\u00e9ben k\u00fcl\u00f6nb\u00f6z\u0151 testi \u00e9s lelki eredet\u0171 betegs\u00e9gek jelentkeznek.<\/span><\/p>\n<p><span style=\"color: #000000\">A kelp igazi kincsesb\u00e1ny\u00e1ja ezeknek az \u00e1sv\u00e1nyi anyagoknak, t\u00e1panyagoknak \u00e9s hat\u00f3anyagoknak, amelyek pozit\u00edvan hatnak szervezet\u00fcnkre, mert:<\/span><\/p>\n<p><span style=\"color: #000000\">\ud83d\udc9a fitokemik\u00e1li\u00e1k seg\u00edts\u00e9g\u00e9vel elt\u00e1vol\u00edtja\u00a0<strong>a radioakt\u00edv elemeke \u00e9s k\u00e1ros f\u00e9meket<\/strong>, amelyek egyre nagyobb probl\u00e9m\u00e1t jelentenek a szennyezett k\u00f6rnyezet\u00fcnkben, amelyben \u00e9l\u00fcnk;<\/span><\/p>\n<p><span style=\"color: #000000\">\ud83d\udc9a az egyik leggazdagabb\u00a0<strong>j\u00f3dforr\u00e1s, amely szab\u00e1lyozza a pajzsmirigy m\u0171k\u00f6d\u00e9s\u00e9t,<\/strong>\u00a0jav\u00edtja az anyagcser\u00e9t \u00e9s r\u00e9szt vesz a plusz kil\u00f3k elleni k\u00fczdelemben;<\/span><\/p>\n<p><span style=\"color: #000000\">\ud83d\udc9a a kelpb\u0151l sz\u00e1rmaz\u00f3 \u00e1sv\u00e1nyi anyagok\u00a0<strong>jav\u00edtj\u00e1k a szervek m\u0171k\u00f6d\u00e9s\u00e9t,<\/strong>\u00a0a kelpben tal\u00e1lhat\u00f3 \u00e1sv\u00e1nyi anyagok kever\u00e9ke k\u00fcl\u00f6n\u00f6sen j\u00f3t\u00e9kony hat\u00e1ssal van a sz\u00edvre \u00e9s az erekre;<\/span><\/p>\n<p><span style=\"color: #000000\">\ud83d\udc9a kiv\u00e1l\u00f3\u00a0<strong>prebiotikum,<\/strong>\u00a0t\u00e1pl\u00e1l\u00e9k a j\u00f3t\u00e9kony b\u00e9lbakt\u00e9riumoknak;<\/span><\/p>\n<p><span style=\"color: #000000\">\ud83d\udc9a poliszacharidja, a xil\u00f3z\u00a0<strong>semleges\u00edti a bakt\u00e9riumokat \u00e9s gomb\u00e1kat;<\/strong><\/span><\/p>\n<p><span style=\"color: #000000\">\ud83d\udc9a B\u00e1zikuss\u00e1ga miatt nagy seg\u00edts\u00e9g egy gyakori probl\u00e9m\u00e1n\u00e1l,\u00a0<strong>a szervezet savass\u00e1g\u00e1n\u00e1l,<\/strong>\u00a0ami \u00e1ltal\u00e1nos rossz k\u00f6z\u00e9rzethez vezet;<\/span><\/p>\n<p><span style=\"color: #000000\">\ud83d\udc9a\u00a0<strong>er\u0151s antioxid\u00e1ns;<\/strong><\/span><\/p>\n<p><span style=\"color: #000000\">\ud83d\udc9a A galakt\u00f3z pedig gondoskodik a\u00a0<strong>j\u00f3 mem\u00f3ri\u00e1r\u00f3l<\/strong>\u00a0\u00e9s\u00a0<strong>a sebek gy\u00f3gyul\u00e1s\u00e1nak felgyors\u00edt\u00e1s\u00e1r\u00f3l<\/strong>, valamint a csontokr\u00f3l is a kalcium jobb felsz\u00edv\u00f3d\u00e1sa miatt.<\/span><\/p>\n<h2><span style=\"color: #000000\">Mit is tartalmaz a kelp, hogy ilyen pozit\u00edv hat\u00e1ssal van szervezet\u00fcnk sz\u00e1mos rendszer\u00e9re?<\/span><\/h2>\n<p><span style=\"color: #000000\">A kelp egy barna alga, amelyet egyes helyeken hagyom\u00e1nyosan t\u00e1pl\u00e1lkoz\u00e1si c\u00e9lokra haszn\u00e1lnak, \u00e9s mivel\u00a0<strong>\u00e1sv\u00e1nyi anyagokban, aminosavakban, t\u00e1panyagokban \u00e9s hat\u00f3anyagokban gazdag,\u00a0<\/strong>ez\u00e9rt sz\u00e1mos eg\u00e9szs\u00e9g\u00fcgyi k\u00e9zik\u00f6nyvben is meg lehet tal\u00e1lni. Az \u00e1sv\u00e1nyi anyagok k\u00f6z\u00fcl minden bizonnyal kiemelkedik a kalcium \u00e9s a magn\u00e9zium, emellett a kelp k\u00e1liumot, j\u00f3dot, vasat, riboflavint, B6-vitamint \u00e9s sok rostot is tartalmaz, \u00f6sszess\u00e9g\u00e9ben 46 k\u00fcl\u00f6nb\u00f6z\u0151 \u00e1sv\u00e1nyi anyagot, 16 aminosavat \u00e9s 11 vitamint. Ez\u00e9rt nem meglep\u0151 az a t\u00e9ny, hogy az alg\u00e1k, k\u00f6zt\u00fck a kelp is gyakran v\u00e1ltak tudom\u00e1nyos kutat\u00e1sok t\u00e1rgy\u00e1v\u00e1 az elm\u00falt n\u00e9h\u00e1ny \u00e9vtizedben. A kelpben van<strong>\u00a0glutaminsav<\/strong>\u00a0is, amely l\u00e1gy\u00edtja a magas rosttartalm\u00fa \u00e9teleket \u00e9s fokozza az elfogyasztott \u00e9telek \u00edz\u00e9t. A<strong>\u00a0fitokemik\u00e1li\u00e1k<\/strong>\u00a0gondoskodnak a radioakt\u00edv anyagok \u00e9s neh\u00e9zf\u00e9mek kiv\u00e1laszt\u00e1s\u00e1r\u00f3l a szervezetben, ez\u00e9rt sug\u00e1r- \u00e9s kemoter\u00e1pia ut\u00e1n javasolt a kelp fogyaszt\u00e1sa. A fitokemik\u00e1li\u00e1k val\u00f3j\u00e1ban nem \u00e1sv\u00e1nyi anyagok \u00e9s nem is aminosavak, hanem azok a hat\u00f3anyagok, amelyek megel\u0151zik a betegs\u00e9geket, ismertebb ilyen hat\u00f3anyag p\u00e9ld\u00e1ul a fokhagym\u00e1ban tal\u00e1lhat\u00f3 allicin, amelyr\u0151l mindannyian tudjuk, hogy term\u00e9szetes antibiotikumnak sz\u00e1m\u00edt. A barna alg\u00e1k pedig k\u00e9t egy\u00e9b fontos anyagot is tartalmaznak, m\u00e9gpedig a\u00a0<strong>fukoid\u00e1nt \u00e9s a fukoxantint.<\/strong>\u00a0Az els\u0151r\u0151l kider\u00fclt, hogy prevent\u00edven hat a r\u00e1k elleni k\u00fczdelemben, a m\u00e1sodik pedig a t\u00fals\u00faly elleni k\u00fczdelemben, valamint el\u0151seg\u00edti a jobb anyagcser\u00e9t \u00e9s a zs\u00edr\u00e9get\u00e9st.<\/span><\/p>\n<p><span style=\"color: #000000\">A kelpben azonban a<strong>\u00a0j\u00f3d<\/strong>\u00a0a legdomin\u00e1nsabb anyag \u2013 egy \u00e1sv\u00e1ny, amelynek hi\u00e1ny\u00e1t\u00f3l sok (f\u0151leg) n\u0151 szenved. A j\u00f3d szab\u00e1lyozza az anyagcser\u00e9t \u00e9s a pajzsmirigy m\u0171k\u00f6d\u00e9s\u00e9t, \u00edgy seg\u00edts\u00e9g\u00e9vel jav\u00edthatjuk az anyagcser\u00e9t \u00e9s k\u00f6nnyebben kontroll\u00e1lhatjuk kil\u00f3inkat, k\u00fcl\u00f6n\u00f6sen azokat, amelyek pajzsmirigy-probl\u00e9m\u00e1k eredm\u00e9nye. Ne feledj\u00fck, hogy a pajzsmirigy olyan hormonokat v\u00e1laszt ki, amelyek szab\u00e1lyozz\u00e1k az anyagcsere-folyamatok sebess\u00e9g\u00e9t, \u00e9s k\u00f6zvetve szinte minden testi funkci\u00f3t befoly\u00e1solnak. Ebb\u0151l ad\u00f3d\u00f3an test\u00fcnk egyik legfontosabb szerve, ez\u00e9rt elengedhetetlen, hogy gondoskodjunk a norm\u00e1lis \u00e9s megfelel\u0151 m\u0171k\u00f6d\u00e9s\u00e9r\u0151l. N\u00e9ha m\u00e1r a j\u00f3d megfelel\u0151 mennyis\u00e9g\u0171 bevitele is elegend\u0151, amit a kelp, egy term\u00e9szetes \u00e9trend-kieg\u00e9sz\u00edt\u0151 rendszeres fogyaszt\u00e1s\u00e1val \u00e9rhet\u00fcnk el. Pajzsmirigy-probl\u00e9m\u00e1k eset\u00e9n a kelp szed\u00e9se el\u0151tt konzult\u00e1ljon orvos\u00e1val. A kelpben tal\u00e1lhat\u00f3 \u00e1sv\u00e1nyi anyagok m\u00e1s bels\u0151 szervek m\u0171k\u00f6d\u00e9s\u00e9re is hat\u00e1ssal vannak, hisz d\u00f6nt\u0151en befoly\u00e1solj\u00e1k a m\u00e9reganyagok \u00e9s szabadgy\u00f6k\u00f6k elleni hat\u00e9kony harcot, \u00e9s ez\u00e1ltal fiatal\u00edt\u00f3 hat\u00e1s\u00faak is.<\/span><\/p>\n<h2><span style=\"color: #000000\">T\u00e1rol\u00e1s \u00e9s figyelmeztet\u00e9sek<\/span><\/h2>\n<p><span style=\"color: #000000\">Sz\u00e1raz \u00e9s h\u0171v\u00f6s helyen, legfeljebb 25 \u00b0C h\u0151m\u00e9rs\u00e9kleten t\u00e1roland\u00f3. A t\u00e1pl\u00e1l\u00e9k-kieg\u00e9sz\u00edt\u0151t gyermekekt\u0151l elz\u00e1rva kell tartani!<\/span><\/p>\n<p><span style=\"color: #000000\">Ne feledkezz\u00fcnk meg a v\u00e1ltozatos \u00e9trend \u00e9s az eg\u00e9szs\u00e9ges \u00e9letm\u00f3d fontoss\u00e1g\u00e1r\u00f3l, az \u00e9trend-kieg\u00e9sz\u00edt\u0151 ez\u00e9rt nem helyettes\u00edti a kiegyens\u00falyozott \u00e9s v\u00e1ltozatos \u00e9trendet. Az aj\u00e1nlott napi mennyis\u00e9get vagy adagot nem szabad t\u00fall\u00e9pni. Terhes \u00e9s szoptat\u00f3 any\u00e1knak mindig tan\u00e1csos orvoshoz fordulni haszn\u00e1lat el\u0151tt.<\/span><\/p>\n<h2><span style=\"color: #000000\">Csomagol\u00e1s<\/span><\/h2>\n<p><span style=\"color: #000000\">L\u00e9gmentesen z\u00e1rhat\u00f3 tasak, amelyben a term\u00e9k meg\u0151rzi minden frissess\u00e9g\u00e9t \u00e9s arom\u00e1j\u00e1t. A csomagol\u00e1s v\u00e9d a f\u00e9nyt\u0151l \u00e9s a leveg\u0151t\u0151l, mivel t\u00f6bb v\u00e9d\u0151r\u00e9tegb\u0151l \u00e1ll, amelyek meg\u0151rzik a tartalom tulajdons\u00e1gait.<\/span><\/p>\n<p><span style=\"color: #000000\">A csomagol\u00e1s nagyon praktikus \u00e9s \u00fajrahasznos\u00edthat\u00f3.<\/span><\/p>\n<h2><span style=\"color: #000000\">Sz\u00e1rmaz\u00e1si orsz\u00e1g<\/span><\/h2>\n<p><span style=\"color: #000000\">Norv\u00e9gia vagy Kanada<\/span><\/p>\n","protected":false},"excerpt":{"rendered":"<p><span style=\"color: #000000\">A vil\u00e1g hidegebb tengereiben egy\u00a0<strong>kelpnek<\/strong>\u00a0nevezett\u00a0<strong>barna alga\u00a0<\/strong>vir\u00e1gzik. Rendk\u00edv\u00fcl gazdag \u00e1sv\u00e1nyi anyagokban, amelyeket a leghidegebb norv\u00e9g tenger tiszta tengerviz\u00e9b\u0151l sz\u00edv mag\u00e1ba. Ezek az \u00e1sv\u00e1nyi anyagok rendk\u00edv\u00fcl fontosak szervezet\u00fcnk sz\u00e1m\u00e1ra, \u00e9s m\u00e1r sokszor bebizonyosodott, hogy kell\u0151 mennyis\u00e9g hi\u00e1ny\u00e1ban szervezet\u00fcnk nem \u00fagy l\u00e1tja el a feladatait, ahogy kellene, ennek k\u00f6vetkezt\u00e9ben pedig k\u00fcl\u00f6nb\u00f6z\u0151 testi \u00e9s lelki eredet\u0171 betegs\u00e9gek t\u00f6rhetnek a felsz\u00ednre.<\/span><\/p>\n<p><span style=\"color: #000000\">\ud83d\udc9a Fitokemik\u00e1li\u00e1k seg\u00edts\u00e9g\u00e9vel elt\u00e1vol\u00edtja a szervezetb\u0151l a\u00a0<strong>radioakt\u00edv elemeket<\/strong>\u00a0\u00e9s a<strong>\u00a0k\u00e1ros f\u00e9meket.<\/strong><\/span><\/p>\n<p><span style=\"color: #000000\">\ud83d\udc9a Ez az egyik leggazdagabb\u00a0<strong>j\u00f3dforr\u00e1s<\/strong>, amely\u00a0<strong>szab\u00e1lyozza a pajzsmirigy m\u0171k\u00f6d\u00e9s\u00e9t.<\/strong><\/span><\/p>\n<p><span style=\"color: #000000\">\ud83d\udc9a Szuper\u00a0<strong>prebiotikum<\/strong>, j\u00f3t\u00e9kony b\u00e9lbakt\u00e9riumaink t\u00e1pl\u00e1l\u00e9ka.<\/span><\/p>\n<p><span style=\"color: #000000\">\ud83d\udc9a Gazdag n\u00f6v\u00e9nyi feh\u00e9rjeforr\u00e1s.<\/span><\/p>\n<p align=\"JUSTIFY\">\n","protected":false},"featured_media":6074,"comment_status":"open","ping_status":"closed","template":"","meta":{"_acf_changed":false},"product_brand":[],"product_cat":[224,222,225,195],"product_tag":[],"class_list":{"0":"post-6073","1":"product","2":"type-product","3":"status-publish","4":"has-post-thumbnail","6":"product_cat-ajanlat","7":"product_cat-algak-es-fuvek","8":"product_cat-minden-termek","9":"product_cat-szuperelelmiszer","11":"first","12":"instock","13":"taxable","14":"shipping-taxable","15":"purchasable","16":"product-type-simple"},"acf":[],"_links":{"self":[{"href":"https:\/\/fengchashop.com\/hu\/wp-json\/wp\/v2\/product\/6073","targetHints":{"allow":["GET"]}}],"collection":[{"href":"https:\/\/fengchashop.com\/hu\/wp-json\/wp\/v2\/product"}],"about":[{"href":"https:\/\/fengchashop.com\/hu\/wp-json\/wp\/v2\/types\/product"}],"replies":[{"embeddable":true,"href":"https:\/\/fengchashop.com\/hu\/wp-json\/wp\/v2\/comments?post=6073"}],"wp:featuredmedia":[{"embeddable":true,"href":"https:\/\/fengchashop.com\/hu\/wp-json\/wp\/v2\/media\/6074"}],"wp:attachment":[{"href":"https:\/\/fengchashop.com\/hu\/wp-json\/wp\/v2\/media?parent=6073"}],"wp:term":[{"taxonomy":"product_brand","embeddable":true,"href":"https:\/\/fengchashop.com\/hu\/wp-json\/wp\/v2\/product_brand?post=6073"},{"taxonomy":"product_cat","embeddable":true,"href":"https:\/\/fengchashop.com\/hu\/wp-json\/wp\/v2\/product_cat?post=6073"},{"taxonomy":"product_tag","embeddable":true,"href":"https:\/\/fengchashop.com\/hu\/wp-json\/wp\/v2\/product_tag?post=6073"}],"curies":[{"name":"wp","href":"https:\/\/api.w.org\/{rel}","templated":true}]}}