{"id":6069,"date":"2022-03-03T20:45:27","date_gmt":"2022-03-03T19:45:27","guid":{"rendered":"https:\/\/fengchashop.com\/hu\/product\/chlorella-tabletta-bio-250-g\/"},"modified":"2026-05-12T02:25:38","modified_gmt":"2026-05-12T00:25:38","slug":"chlorella-tabletta-bio","status":"publish","type":"product","link":"https:\/\/fengchashop.com\/hu\/product\/chlorella-tabletta-bio\/","title":{"rendered":"Chlorella tabletta BIO 250 g"},"content":{"rendered":"<h2><span style=\"color: #000000\">Chlorella tablett\u00e1kban BIO<\/span><\/h2>\n<p><span style=\"color: #000000\">A chlorella a klorofilban leggazdagabb n\u00f6v\u00e9ny, amely az \u00e9desvizekben \u00e9l szerte a vil\u00e1gon. A chlorella sz\u00e1mos pozit\u00edv hat\u00e1ssal van az eg\u00e9szs\u00e9gre. Jellegzetes vil\u00e1gosz\u00f6ld sz\u00edne \u00e9s sz\u00e1mos pozit\u00edv hat\u00e1sa van az eg\u00e9szs\u00e9gre. Els\u0151sorban algak\u00e9nt ismert, amely<strong> rendk\u00edv\u00fcl nagy mennyis\u00e9g\u0171 feh\u00e9rj\u00e9t <\/strong>tartalmaz, valamint gazdag \u00e9s mindenekel\u0151tt kiegyens\u00falyozott egy\u00e9b t\u00e1panyagokban. B\u00e9ta-karotin tartalma miatt <strong>kiv\u00e1l\u00f3 m\u00e9regtelen\u00edt\u0151nek is tekinthet\u0151.<\/strong> <strong>Megtiszt\u00edt minket a szennyezett k\u00f6rnyezet \u00e9s az \u00e1ltalunk fogyasztott \u00e9lelmiszerek<\/strong> (peszticidek, gyomirt\u00f3k, neh\u00e9zf\u00e9mek) miatt benn\u00fcnk l\u00e9v\u0151 k\u00e1ros anyagokt\u00f3l.<\/span><\/p>\n<p><span style=\"color: #000000\">Mikroszkopikusan kis z\u00f6ld alga kiegyens\u00falyozott \u00f6sszet\u00e9tellel, ez\u00e9rt sz\u00e1mos el\u0151nye van:<\/span><\/p>\n<p><span style=\"color: #000000\">\ud83d\udc9a<strong> a nagy mennyis\u00e9g\u0171 klorofill <\/strong>fontos szerepet j\u00e1tszik a szervezet m\u00e9regtelen\u00edt\u00e9s\u00e9ben,<\/span><br \/>\n<span style=\"color: #000000\">\ud83d\udc9a el\u0151\u00e1ll\u00edtja <strong>az immunrendszer optim\u00e1lis m\u0171k\u00f6d\u00e9s\u00e9hez sz\u00fcks\u00e9ges interferon feh\u00e9rj\u00e9t,<\/strong><\/span><br \/>\n<span style=\"color: #000000\">\ud83d\udc9a <strong>magas feh\u00e9rjetartalommal rendelkezik<\/strong> \u2013 k\u00f6r\u00fclbel\u00fcl 55%,<\/span><br \/>\n<span style=\"color: #000000\">\ud83d\udc9a l\u00e9tfontoss\u00e1g\u00fa <strong>sz\u00e9nhidr\u00e1tokat, feh\u00e9rj\u00e9ket, enzimeket, \u00e1sv\u00e1nyi anyagokat \u00e9s vitaminokat<\/strong> tartalmaz.<\/span><\/p>\n<p><span style=\"color: #000000\">A chlorell\u00e1t \u00e9s m\u00e1s alg\u00e1kat leggyakrabban por form\u00e1j\u00e1ban fogyasztj\u00e1k. K\u00edn\u00e1latunkban chlorella tablett\u00e1k is kaphat\u00f3k.<\/span><\/p>\n<p><span style=\"color: #000000\">A n\u00e1lunk kaphat\u00f3 chlorella biogazd\u00e1lkod\u00e1sb\u00f3l sz\u00e1rmazik.<\/span><\/p>\n<h2><span style=\"color: #000000\">A chlorella mi\u00e9rt van olyan j\u00f3 hat\u00e1ssal az emberi testre?<\/span><\/h2>\n<p><span style=\"color: #000000\">A chlorella magas antioxid\u00e1ns \u00e9s klorofill<strong> tartalommal rendelkezik,<\/strong> amelyek megk\u00f6tik a szervezetben l\u00e9v\u0151 toxinokat, ez\u00e9rt rendk\u00edv\u00fcl tiszt\u00edt\u00f3 \u00e9s m\u00e9regtelen\u00edt\u0151 hat\u00e1s\u00faak. Tiszt\u00edtja a v\u00e9rt, a m\u00e1jat \u00e9s az eg\u00e9sz em\u00e9szt\u0151rendszert. Ennek k\u00f6sz\u00f6nhet\u0151en az em\u00e9szt\u00e9s is javul, \u00e9s ehhez a chlorell\u00e1ban k\u00e9pz\u0151d\u0151 \u00e9s az em\u00e9szt\u00e9si folyamatban fontos szerepet j\u00e1tsz\u00f3<strong> pepszin enzim<\/strong> is hozz\u00e1j\u00e1rul. A chlorella 18 aminosavat tartalmaz, amelyek k\u00f6z\u00fcl 8 n\u00e9lk\u00fcl\u00f6zhetetlen, ami azt jelenti, hogy ide\u00e1lis feh\u00e9rjekompoz\u00edci\u00f3val rendelkezik. Ezenk\u00edv\u00fcl tele van vitaminokkal \u00e9s \u00e1sv\u00e1nyi anyagokkal, mint p\u00e9ld\u00e1ul a B-vitaminok, a C-, E- \u00e9s K-vitaminok, valamint a vas, a kalcium, a magn\u00e9zium, a foszfor \u00e9s persze a j\u00f3d.<\/span><\/p>\n<p><span style=\"color: #000000\"><strong>Em\u00e9szt\u00e9st szab\u00e1lyoz\u00f3 algak\u00e9nt is ismert<\/strong>, mivel gondoskodik a j\u00f3 bakt\u00e9riumok terjed\u00e9s\u00e9r\u0151l a b\u00e9lben \u00e9s az eg\u00e9szs\u00e9ges b\u00e9lfl\u00f3ra kialakul\u00e1s\u00e1r\u00f3l. Magas klorofilltartalm\u00e1nak k\u00f6sz\u00f6nhet\u0151en<strong> tiszt\u00edtja a beleket, a m\u00e1jat \u00e9s a v\u00e9rt.<\/strong> M\u00e9regtelen\u00edti az eg\u00e9sz testet \u00e9s seg\u00edt sz\u00e9kreked\u00e9s eset\u00e9n is. A tiszta v\u00e9r \u00e9s a j\u00f3 em\u00e9szt\u00e9s a b\u0151r\u00fcnk, a legnagyobb szerv\u00fcnk eg\u00e9szs\u00e9g\u00e9re \u00e9s megjelen\u00e9s\u00e9re is j\u00f3 hat\u00e1ssal vannak. A chlorella seg\u00edthet a<strong> candida <\/strong>elleni k\u00fczdelemben is.<\/span><\/p>\n<p><span style=\"color: #000000\">A clorella <strong>sok vasat tartalmaz,<\/strong> amelyet a szervezet gyorsan felsz\u00edv, \u00e9s v\u00f6r\u00f6sv\u00e9rtestek k\u00e9pz\u00e9s\u00e9hez \u00e9s fenntart\u00e1s\u00e1hoz haszn\u00e1l fel. Ez\u00e9rt pozit\u00edv hat\u00e1ssal van a v\u00e9rszeg\u00e9nys\u00e9ggel, f\u00e1radts\u00e1ggal, kimer\u00fclts\u00e9ggel \u00e9s rossz k\u00f6z\u00e9rzettel kapcsolatos probl\u00e9m\u00e1kra. J\u00f3t\u00e9kony hat\u00e1ssal van a hossz\u00fa t\u00e1v\u00fa betegs\u00e9gekb\u0151l fel\u00e9p\u00fcl\u0151 emberekre is.<\/span><\/p>\n<p><span style=\"color: #000000\">A klorella n\u00f6veked\u00e9si faktorja <strong> felgyors\u00edtja a sejtek regener\u00e1l\u00f3d\u00e1s\u00e1t<\/strong>, \u00edgy a sebek gyorsabban fognak gy\u00f3gyulni, a szervezet pedig ellen\u00e1ll\u00f3bb lesz a fert\u0151z\u00e9sekkel szemben, \u00e9s t\u00f6bb energi\u00e1ja is lesz.<\/span><\/p>\n<h2><span style=\"color: #000000\">Kinek aj\u00e1nlott a chlorella?<\/span><\/h2>\n<p><span style=\"color: #000000\">A chlorella, ak\u00e1rcsak a spirulina, kiv\u00e1l\u00f3 t\u00e1pl\u00e1l\u00e9kkieg\u00e9sz\u00edt\u0151 mindenki sz\u00e1m\u00e1ra, \u00e9s k\u00fcl\u00f6n\u00f6sen hasznos azoknak, akik nem fogyasztanak h\u00fast \u00e9s h\u00fask\u00e9sz\u00edtm\u00e9nyeket, az alult\u00e1pl\u00e1lt embereknek, az id\u0151seknek \u00e9s a betegeknek. Alkalmas azok sz\u00e1m\u00e1ra is, akik nem fogyasztanak el\u00e9g min\u0151s\u00e9gi friss z\u00f6lds\u00e9get. Alkalmas terhes \u00e9s szoptat\u00f3 n\u0151k sz\u00e1m\u00e1ra is, akiket gyakran v\u00e9rszeg\u00e9nys\u00e9g vagy vashi\u00e1ny fenyeget. Sportol\u00f3knak is alkalmas, mert seg\u00edts\u00e9g\u00e9vel k\u00f6nnyebben felsz\u00edv\u00f3dnak a t\u00e1panyagok.<\/span><\/p>\n<p><span style=\"color: #000000\">Alkalmas azoknak is, akik t\u00falzott stressznek vannak kit\u00e9ve, \u00e9s ez\u00e9rt koncentr\u00e1ci\u00f3s probl\u00e9m\u00e1kkal k\u00fczdenek.<\/span><\/p>\n<p><span style=\"color: #000000\">Olyan emberek sz\u00e1m\u00e1ra is aj\u00e1nlott, akik tests\u00falyukat szeretn\u00e9k megtartani vagy n\u00e9h\u00e1ny kilogrammot fogyni, hisz a chlorella kiv\u00e1l\u00f3 t\u00e1rsa a k\u00fcl\u00f6nb\u00f6z\u0151 (fogy\u00f3k\u00far\u00e1s) \u00e9trendeknek. Szab\u00e1lyozza az em\u00e9szt\u00e9st \u00e9s<strong> fontos t\u00e1panyagokkal t\u00f6lt fel minket.<\/strong><\/span><\/p>\n<h2><span style=\"color: #000000\">T\u00e1rol\u00e1s \u00e9s figyelmeztet\u00e9sek<\/span><\/h2>\n<p><span style=\"color: #000000\">Sz\u00e1raz \u00e9s h\u0171v\u00f6s helyen, legfeljebb 25 \u00b0C h\u0151m\u00e9rs\u00e9kleten t\u00e1roland\u00f3. A t\u00e1pl\u00e1l\u00e9k-kieg\u00e9sz\u00edt\u0151t gyermekekt\u0151l elz\u00e1rva kell tartani!<\/span><\/p>\n<p><span style=\"color: #000000\">Ne feledkezz\u00fcnk meg a v\u00e1ltozatos \u00e9trend \u00e9s az eg\u00e9szs\u00e9ges \u00e9letm\u00f3d fontoss\u00e1g\u00e1r\u00f3l, az \u00e9trend-kieg\u00e9sz\u00edt\u0151 ez\u00e9rt nem helyettes\u00edti a kiegyens\u00falyozott \u00e9s v\u00e1ltozatos \u00e9trendet. Az aj\u00e1nlott napi mennyis\u00e9get vagy adagot nem szabad t\u00fall\u00e9pni. Terhes \u00e9s szoptat\u00f3 any\u00e1knak mindig tan\u00e1csos orvoshoz fordulni haszn\u00e1lat el\u0151tt.<\/span><\/p>\n<p><span style=\"color: #000000\">A chlorella szulfitokat tartalmazhat, amelyek term\u00e9szetesen jelen vannak az alg\u00e1kban.<\/span><\/p>\n<h2><span style=\"color: #000000\">Csomagol\u00e1s<\/span><\/h2>\n<p><span style=\"color: #000000\">L\u00e9gmentesen z\u00e1rhat\u00f3 tasak, amelyben a term\u00e9k meg\u0151rzi minden frissess\u00e9g\u00e9t \u00e9s arom\u00e1j\u00e1t. A csomagol\u00e1s v\u00e9d a f\u00e9nyt\u0151l \u00e9s a leveg\u0151t\u0151l, mivel t\u00f6bb v\u00e9delmi r\u00e9tegb\u0151l \u00e1ll, amelyek meg\u0151rzik a tartalom tulajdons\u00e1gait.<\/span><\/p>\n<p><span style=\"color: #000000\">A csomagol\u00e1s nagyon praktikus \u00e9s lehet\u0151v\u00e9 teszi az \u00fajrahasznos\u00edt\u00e1st.<\/span><\/p>\n<h2><span style=\"color: #000000\">Sz\u00e1rmaz\u00e1si orsz\u00e1g<\/span><\/h2>\n<p><span style=\"color: #000000\">K\u00edna<\/span><\/p>\n<p><span style=\"color: #000000\">Nagyon megb\u00edzhat\u00f3 besz\u00e1ll\u00edt\u00f3ink vannak, akik minden t\u00e9telhez r\u00e9szletes k\u00e9miai elemz\u00e9st k\u00fcldenek az \u00e9lelmiszerekr\u0151l. T\u00f6bb mint t\u00edz \u00e9v alatt nem kaptunk semmilyen reklam\u00e1ci\u00f3t vagy panaszt sem ezzel, sem az ugyanazon besz\u00e1ll\u00edt\u00f3t\u00f3l sz\u00e1rmaz\u00f3 egy\u00e9b term\u00e9kekkel kapcsolatban.<\/span><\/p>\n<p><span style=\"color: #000000\">A term\u00e9k 100% bio tan\u00fas\u00edtv\u00e1nnyal rendelkezik.<\/span><\/p>\n","protected":false},"excerpt":{"rendered":"<p>A chlorella a klorofilban leggazdagabb n\u00f6v\u00e9ny, amely az \u00e9desvizekben \u00e9l szerte a vil\u00e1gon. A chlorella sz\u00e1mos pozit\u00edv hat\u00e1ssal van az eg\u00e9szs\u00e9gre. Els\u0151sorban algak\u00e9nt ismert, amely rendk\u00edv\u00fcl nagy mennyis\u00e9g\u0171 feh\u00e9rj\u00e9t tartalmaz, valamint gazdag \u00e9s mindenekel\u0151tt kiegyens\u00falyozott egy\u00e9b t\u00e1panyagokban. B\u00e9ta-karotin tartalma miatt kiv\u00e1l\u00f3 m\u00e9regtelen\u00edt\u0151k\u00e9nt is ismert. Megtiszt\u00edt minket a k\u00e1ros anyagokt\u00f3l, amelyek a szennyezett k\u00f6rnyezet \u00e9s az \u00e1ltalunk fogyasztott \u00e9lelmiszerek (peszticidek, gyomirt\u00f3k, neh\u00e9zf\u00e9mek) k\u00f6vetkezm\u00e9nyei.<\/p>\n<p>\ud83d\udc9a Seg\u00edt a test m\u00e9regtelen\u00edt\u00e9s\u00e9ben.<br \/>\n\ud83d\udc9a Magas antioxid\u00e1ns- \u00e9s klorofilltartalommal rendelkezik.<br \/>\n\ud83d\udc9a Tiszt\u00edtja a beleket, a m\u00e1jat \u00e9s a v\u00e9rt.<br \/>\n\ud83d\udc9a Gazdag n\u00f6v\u00e9nyi feh\u00e9rjeforr\u00e1s.<\/p>\n","protected":false},"featured_media":6070,"comment_status":"open","ping_status":"closed","template":"","meta":{"_acf_changed":false},"product_brand":[],"product_cat":[224,222,242,225,195],"product_tag":[],"class_list":{"0":"post-6069","1":"product","2":"type-product","3":"status-publish","4":"has-post-thumbnail","6":"product_cat-ajanlat","7":"product_cat-algak-es-fuvek","8":"product_cat-jo-ajanlatok","9":"product_cat-minden-termek","10":"product_cat-szuperelelmiszer","12":"first","13":"instock","14":"sale","15":"taxable","16":"shipping-taxable","17":"purchasable","18":"product-type-simple"},"acf":[],"_links":{"self":[{"href":"https:\/\/fengchashop.com\/hu\/wp-json\/wp\/v2\/product\/6069","targetHints":{"allow":["GET"]}}],"collection":[{"href":"https:\/\/fengchashop.com\/hu\/wp-json\/wp\/v2\/product"}],"about":[{"href":"https:\/\/fengchashop.com\/hu\/wp-json\/wp\/v2\/types\/product"}],"replies":[{"embeddable":true,"href":"https:\/\/fengchashop.com\/hu\/wp-json\/wp\/v2\/comments?post=6069"}],"wp:featuredmedia":[{"embeddable":true,"href":"https:\/\/fengchashop.com\/hu\/wp-json\/wp\/v2\/media\/6070"}],"wp:attachment":[{"href":"https:\/\/fengchashop.com\/hu\/wp-json\/wp\/v2\/media?parent=6069"}],"wp:term":[{"taxonomy":"product_brand","embeddable":true,"href":"https:\/\/fengchashop.com\/hu\/wp-json\/wp\/v2\/product_brand?post=6069"},{"taxonomy":"product_cat","embeddable":true,"href":"https:\/\/fengchashop.com\/hu\/wp-json\/wp\/v2\/product_cat?post=6069"},{"taxonomy":"product_tag","embeddable":true,"href":"https:\/\/fengchashop.com\/hu\/wp-json\/wp\/v2\/product_tag?post=6069"}],"curies":[{"name":"wp","href":"https:\/\/api.w.org\/{rel}","templated":true}]}}