{"id":6063,"date":"2022-03-03T20:05:37","date_gmt":"2022-03-03T19:05:37","guid":{"rendered":"https:\/\/fengchashop.com\/hu\/product\/maca-por-bio-500-g\/"},"modified":"2026-05-01T16:55:15","modified_gmt":"2026-05-01T14:55:15","slug":"mac-por-bio","status":"publish","type":"product","link":"https:\/\/fengchashop.com\/hu\/product\/mac-por-bio\/","title":{"rendered":"Maca por BIO 500 g"},"content":{"rendered":"<h2><span style=\"color: #000000;\">Maca por BIO<\/span><\/h2>\n<p><span style=\"color: #000000;\">A maca egy gy\u00f6k\u00e9rn\u00f6v\u00e9ny, amely a perui Andok magaslatain vir\u00e1gzik, ellen\u00e1lva a sz\u00e9ls\u0151s\u00e9ges id\u0151j\u00e1r\u00e1si viszonyoknak \u00e9s a nagy h\u0151m\u00e9rs\u00e9klet-v\u00e1ltoz\u00e1soknak a nappalok \u00e9s \u00e9jszak\u00e1k k\u00f6z\u00f6tt. <strong>Perui ginzeng<\/strong> n\u00e9ven is ismert. Mivel a t\u00fal\u00e9l\u00e9s szempontj\u00e1b\u00f3l gyakorlatilag legy\u0151zhetetlen, m\u00e1r az \u00f3kori ink\u00e1k is haszn\u00e1lt\u00e1k hat\u00f3anyagait, amelyek k\u00fcl\u00f6n\u00f6sen j\u00f3l hatnak a f\u00e9rfi libid\u00f3ra \u00e9s az \u00e1ltal\u00e1nos eg\u00e9szs\u00e9gi \u00e1llapotra. \u00c9ppen ez ut\u00f3bbi miatt tartj\u00e1k rendk\u00edv\u00fcl \u00e9rt\u00e9kes szuper\u00e9lelmiszernek.<\/span><\/p>\n<p><span style=\"color: #000000;\">A maca gy\u00f3gyhat\u00e1s\u00fa r\u00e9sze a gum\u00f3, amelyben nagy mennyis\u00e9gben jelen vannak<strong>a vitaminok, az \u00e1sv\u00e1nyi anyagok \u00e9s az aminosavak<\/strong>. A hormonokhoz hasonl\u00f3an hat\u00f3 anyagoknak k\u00f6sz\u00f6nhet\u0151en szab\u00e1lyozza az \u00f6sztrog\u00e9n, a progeszteron \u00e9s a tesztoszteron szintj\u00e9t, ami j\u00f3t\u00e9kony hat\u00e1ssal van k\u00f6z\u00e9rzet\u00fcnkre, er\u0151t \u00e9s kitart\u00e1st ad. Az olyan fontos vitaminok, mint a B1, B12, C \u00e9s E vitamin, valamint a zs\u00edrsavak, \u00e1sv\u00e1nyi anyagok \u00e9s aminosavak (k\u00f6zt\u00fck 7 esszenci\u00e1lis \u2013 amelyekre szervezet\u00fcnknek felt\u00e9tlen\u00fcl sz\u00fcks\u00e9ge van) tartalma miatt a maca az egyik leghat\u00e9konyabb, legk\u00edv\u00e1natosabb \u00e9s legaj\u00e1nlottabb szuper\u00e9lelmiszer, mely t\u00f6bb ezer \u00e9ves hagyom\u00e1nnyal rendelkezik.<\/span><\/p>\n<p><span style=\"color: #000000;\">Egy <strong>adaptog\u00e9n n\u00f6v\u00e9ny<\/strong>, amely <strong>n\u00f6veli az energiaszintet, az \u00e1ll\u00f3k\u00e9pess\u00e9get, a vitalit\u00e1st \u00e9s a fizikai er\u0151t<\/strong>. Seg\u00edt reag\u00e1lni a stresszre, \u00e9s k\u00f6nnyebben alkalmazkodunk a v\u00e1ltoz\u00e1sokhoz. Legink\u00e1bb Peru k\u00f6z\u00e9ps\u0151 r\u00e9sz\u00e9n, az Andokban n\u0151l, neh\u00e9z k\u00f6r\u00fclm\u00e9nyek k\u00f6z\u00f6tt \u00e9s nagyon nagy magass\u00e1gban &#8211; 4000 m\u00e9ter felett. Ez egy keresztesvir\u00e1g\u00fa z\u00f6lds\u00e9g, mint a brokkoli, a karfiol, a feh\u00e9rr\u00e9pa, a k\u00e1poszta, a kelk\u00e1poszta \u00e9s a retek. A n\u00f6v\u00e9ny legehet\u0151bb r\u00e9sze a gy\u00f6k\u00e9r (gum\u00f3). T\u00f6bb sz\u00ednben l\u00e9tezik, feh\u00e9rt\u0151l feket\u00e9ig. A legn\u00e9pszer\u0171bbek a <strong>s\u00e1rga, a piros \u00e9s a fekete.<\/strong> A szok\u00e1sos s\u00e1rga mac\u00e1t minden nap \u00e9s hosszan tart\u00f3 fogyaszt\u00e1sra haszn\u00e1lj\u00e1k. A v\u00f6r\u00f6s \u00e9s fekete maca szent fajt\u00e1nak sz\u00e1m\u00edt, \u00e9s kr\u00f3nikus ter\u00e1pi\u00e1s probl\u00e9m\u00e1kra haszn\u00e1lj\u00e1k.<\/span><\/p>\n<p><span style=\"color: #000000;\">Nagyon \u00e9des \u00edz\u0171 \u00e9s sz\u00e9les k\u00f6r\u0171 felhaszn\u00e1l\u00e1si lehet\u0151s\u00e9geket ny\u00fajt.<\/span><\/p>\n<p><span style=\"color: #000000;\">A mi v\u00f6r\u00f6s mac\u00e1nk<strong> 100% bio<\/strong>. <\/span><\/p>\n<h2><span style=\"color: #000000;\">Melyek a legfontosabb el\u0151ny\u00f6k, amelyeket a maca k\u00edn\u00e1l nek\u00fcnk?<\/span><\/h2>\n<p><span style=\"color: #000000;\"><strong>Nagyon t\u00e1pl\u00e1l\u00f3<\/strong><\/span><\/p>\n<p><span style=\"color: #000000;\">A Maca sz\u00e1mos fontos vitamin \u00e9s \u00e1sv\u00e1nyi anyag, p\u00e9ld\u00e1ul C-vitamin, A, E, B2, B6, B12, r\u00e9z, magn\u00e9zium, szel\u00e9n, kalcium, k\u00e1lium, n\u00e1trium, foszfor, mang\u00e1n \u00e9s vas kiv\u00e1l\u00f3 forr\u00e1sa. J\u00f3 sz\u00e9nhidr\u00e1t-, aminosav-, zs\u00edrforr\u00e1s, sok rostot \u00e9s egy\u00e9b fitonutrienst tartalmaz. K\u00fcl\u00f6nb\u00f6z\u0151 n\u00f6v\u00e9nyi vegy\u00fcleteket is tartalmaz, p\u00e9ld\u00e1ul gl\u00fckozinol\u00e1tokat, polifenolokat \u00e9s fitoszterolokat, amelyek g\u00e1tolj\u00e1k a koleszterin felsz\u00edv\u00f3d\u00e1s\u00e1t, \u00e9s m\u00e9g cs\u00f6kkenthetik is annak \u00e9rt\u00e9k\u00e9t a v\u00e9rben.<\/span><\/p>\n<p><span style=\"color: #000000;\"><strong>N\u00f6veli a libid\u00f3t<\/strong><\/span><\/p>\n<p><span style=\"color: #000000;\">N\u00f6veli a nemi v\u00e1gyat f\u00e9rfiakn\u00e1l \u00e9s n\u0151kn\u00e9l. Term\u00e9szetes afrodizi\u00e1kum. Megsz\u00fcnteti az erekci\u00f3s diszfunkci\u00f3t. A maca hat\u00e9konyan jav\u00edtja a szexu\u00e1lis v\u00e1gyat, \u00e9s ezt az \u00e1ll\u00edt\u00e1st k\u00fcl\u00f6nb\u00f6z\u0151 tanulm\u00e1nyok is al\u00e1t\u00e1masztj\u00e1k. Egy n\u00e9gy klinikai vizsg\u00e1latb\u00f3l \u00e1ll\u00f3 2010-es tanulm\u00e1ny, amelyben \u00f6sszesen 131 r\u00e9sztvev\u0151 vett r\u00e9szt, azt mutatta, hogy a maca legal\u00e1bb hat h\u00e9t fogyaszt\u00e1st k\u00f6vet\u0151en jav\u00edtotta a szexu\u00e1lis v\u00e1gyat. Egy m\u00e1sik tanulm\u00e1ny meg\u00e1llap\u00edtotta, hogy a maca cs\u00f6kkenti a depresszi\u00f3 kezel\u00e9s\u00e9re szolg\u00e1l\u00f3 gy\u00f3gyszerek \u00e1ltal okozott szexu\u00e1lis diszfunkci\u00f3t.<\/span><\/p>\n<p><span style=\"color: #000000;\"><strong>N\u00f6veli a term\u00e9kenys\u00e9get<\/strong><\/span><\/p>\n<p><span style=\"color: #000000;\">A maca n\u00f6veli a f\u00e9rfiak \u00e9s a n\u0151k term\u00e9kenys\u00e9g\u00e9t. \u00d6t kisebb tanulm\u00e1ny \u00e1ttekint\u00e9se kimutatta, hogy a maca n\u00f6veli a spermatermel\u00e9st \u00e9s jav\u00edtja a sperma min\u0151s\u00e9g\u00e9t a term\u00e9ketlen, de egy\u00e9bk\u00e9nt eg\u00e9szs\u00e9ges f\u00e9rfiakn\u00e1l. N\u00e9gy h\u00f3napos macafogyaszt\u00e1s ut\u00e1n a sperma mennyis\u00e9ge, sz\u00e1ma \u00e9s mozg\u00e1sa n\u0151tt. N\u0151kn\u00e9l szab\u00e1lyozza a menstru\u00e1ci\u00f3s ciklust, valamint enyh\u00edti a PMS \u00e9s a menstru\u00e1ci\u00f3s f\u00e1jdalom t\u00fcneteit.<\/span><\/p>\n<p><span style=\"color: #000000;\"><strong>Cs\u00f6kkenti a prosztata m\u00e9ret\u00e9t<\/strong><\/span><\/p>\n<p><span style=\"color: #000000;\">Egyes tanulm\u00e1nyok kimutatt\u00e1k, hogy a v\u00f6r\u00f6s maca cs\u00f6kkenti a prosztata m\u00e9ret\u00e9t, mert nagy mennyis\u00e9g\u0171 gl\u00fckozinol\u00e1tot tartalmaz. Cs\u00f6kkenti a prosztatar\u00e1k kialakul\u00e1s\u00e1nak kock\u00e1zat\u00e1t, \u00e9s hozz\u00e1j\u00e1rul az eg\u00e9szs\u00e9gesebb prosztat\u00e1hoz.<\/span><\/p>\n<p><span style=\"color: #000000;\"><strong>Hormon\u00e1lis egyens\u00faly<\/strong><\/span><\/p>\n<p><span style=\"color: #000000;\">T\u00e1mogatja az endokrin-rendszert, amely t\u00f6bbek k\u00f6z\u00f6tt gondoskodik az oxig\u00e9n sz\u00e1ll\u00edt\u00e1s\u00e1r\u00f3l a szervezetben. Serkenti a mirigyek megfelel\u0151 m\u0171k\u00f6d\u00e9s\u00e9t (hypothalamus, agyalapi mirigy, mell\u00e9kvese, pajzsmirigy), ez\u00e1ltal serkenti a hormonok (progeszteron, tesztoszteron, DHEA) termel\u00e9s\u00e9t \u00e9s szab\u00e1lyozza a teljes hormonrendszer m\u0171k\u00f6d\u00e9s\u00e9t. Az endokrin-rendszer megfelel\u0151 m\u0171k\u00f6d\u00e9se az immunrendszer megfelel\u0151 m\u0171k\u00f6d\u00e9s\u00e9vel is \u00f6sszef\u00fcgg. Ha az egyens\u00faly b\u00e1rhol megzavarodik az endokrin-rendszerben, cs\u00f6kken a v\u00e9dekez\u0151 mechanizmusunk k\u00e9pess\u00e9ge.<\/span><\/p>\n<p><span style=\"color: #000000;\"><strong>Enyh\u00edti a menopauza \u00e9s az andropauza (f\u00e9rfi menopauza) t\u00fcneteit<\/strong><\/span><\/p>\n<p><span style=\"color: #000000;\">A menopauza sor\u00e1n fell\u00e9p\u0151 term\u00e9szetes \u00f6sztrog\u00e9ncs\u00f6kken\u00e9s sz\u00e1mos kellemetlen t\u00fcnetet okozhat, p\u00e9ld\u00e1ul h\u0151hull\u00e1mokat, h\u00fcvelysz\u00e1razs\u00e1got, hangulatingadoz\u00e1sokat, alv\u00e1si probl\u00e9m\u00e1kat \u00e9s ingerl\u00e9kenys\u00e9get. Egy menopauz\u00e1s n\u0151k\u00f6n v\u00e9gzett vizsg\u00e1lat kimutatta, hogy a maca seg\u00edtett enyh\u00edteni a menopauza t\u00fcneteit, bele\u00e9rtve a h\u0151hull\u00e1mokat \u00e9s az alv\u00e1si probl\u00e9m\u00e1kat. A maca a csontok eg\u00e9szs\u00e9g\u00e9t is v\u00e9di, \u00e9s cs\u00f6kkenti a csontritkul\u00e1s kock\u00e1zat\u00e1t. Lelass\u00edtja az \u00f6reged\u00e9si folyamatot.<\/span><\/p>\n<p><span style=\"color: #000000;\"><strong>Jav\u00edtja a hangulatot<\/strong><\/span><\/p>\n<p><span style=\"color: #000000;\">Sz\u00e1mos tanulm\u00e1ny kimutatta m\u00e1r, hogy a maca jav\u00edthatja a hangulatot \u00e9s a ment\u00e1lis j\u00f3l\u00e9tet, mivel flavonidokat tartalmaz. Cs\u00f6kkenti a szorong\u00e1st \u00e9s a depresszi\u00f3 t\u00fcneteit is, k\u00fcl\u00f6n\u00f6sen a menopauz\u00e1lis n\u0151kn\u00e9l. Seg\u00edt cs\u00f6kkenteni a stresszt \u00e9s az idegfesz\u00fclts\u00e9get, mivel n\u00f6veli az oxig\u00e9n mennyis\u00e9g\u00e9t a v\u00e9rben.<\/span><\/p>\n<p><span style=\"color: #000000;\"><strong>N\u00f6veli az energi\u00e1t \u00e9s a sportteljes\u00edtm\u00e9nyt<\/strong><\/span><\/p>\n<p><span style=\"color: #000000;\">A sportol\u00f3k nagyon szeretik a mac\u00e1t. Seg\u00edt az izomt\u00f6meg n\u00f6vel\u00e9s\u00e9ben, az er\u0151, az energia, az \u00e1ll\u00f3k\u00e9pess\u00e9g n\u00f6vel\u00e9s\u00e9ben \u00e9s az edz\u00e9s hat\u00e9konys\u00e1g\u00e1nak jav\u00edt\u00e1s\u00e1ban. A maca fogyaszt\u00e1sa jav\u00edthatja a testmozg\u00e1s teljes\u00edtm\u00e9ny\u00e9t, k\u00fcl\u00f6n\u00f6sen az \u00e1ll\u00f3k\u00e9pess\u00e9gi edz\u00e9sek sor\u00e1n. Seg\u00edt a kr\u00f3nikus f\u00e1radts\u00e1g ellen. N\u00f6veli a test vitalit\u00e1s\u00e1t, valamint a ment\u00e1lis \u00e9s fizikai energi\u00e1t.<\/span><\/p>\n<p><span style=\"color: #000000;\"><strong>J\u00f3 hat\u00e1ssal van a tanul\u00e1sra \u00e9s a mem\u00f3ri\u00e1ra.<\/strong><\/span><\/p>\n<p><span style=\"color: #000000;\">A maca jav\u00edthatja az agy m\u0171k\u00f6d\u00e9s\u00e9t, j\u00f3t\u00e9kony hat\u00e1ssal van a tanul\u00e1sra, a koncentr\u00e1ci\u00f3ra \u00e9s a mem\u00f3ri\u00e1ra is. Hagyom\u00e1nyosan Peruban haszn\u00e1lt\u00e1k a helyiek, hogy jav\u00edts\u00e1k a gyerekek iskolai teljes\u00edtm\u00e9ny\u00e9t. Ebben az esetben a fekete maca bizonyult a leghat\u00e9konyabbnak.<\/span><\/p>\n<h2><span style=\"color: #000000;\">Milyen probl\u00e9m\u00e1kon seg\u00edt, \u00e9s kinek aj\u00e1nljuk?<\/span><\/h2>\n<p><span style=\"color: #000000;\">A maca egy adaptog\u00e9n n\u00f6v\u00e9ny, ami azt jelenti, hogy alkalmazkodik az egy\u00e9n ig\u00e9nyeihez. Az adaptog\u00e9nek er\u0151s\u00edtik a szervrendszereket (l\u00e9gz\u0151szervi, gasztrointesztin\u00e1lis, h\u00fagy\u00fati&#8230;), de ugyanakkor nem stimul\u00e1lj\u00e1k \u0151ket t\u00falzottan, \u00e9s m\u00e1s m\u00f3don sem zavarj\u00e1k m\u0171k\u00f6d\u00e9s\u00fcket. Azoknak aj\u00e1nljuk, akiknek seg\u00edts\u00e9gre van sz\u00fcks\u00e9g\u00fck a k\u00f6vetkez\u0151kkel kapcsolatban:<\/span><\/p>\n<p><span style=\"color: #000000;\">\ud83d\udc9a <strong>hangulatv\u00e1ltoz\u00e1sokkal kapcsolatos probl\u00e9m\u00e1k lek\u00fczd\u00e9se,<\/strong><\/span><br \/>\n<span style=\"color: #000000;\">\ud83d\udc9a medd\u0151s\u00e9g \u00e9s<strong> menopauz\u00e1lis probl\u00e9m\u00e1k,<\/strong><\/span><br \/>\n<span style=\"color: #000000;\">\ud83d\udc9a <strong>fizikai \u00e9s ment\u00e1lis teljes\u00edtm\u00e9ny jav\u00edt\u00e1sa,<\/strong><\/span><br \/>\n<span style=\"color: #000000;\">\ud83d\udc9a fokozott <strong>szexu\u00e1lis er\u0151,<\/strong><\/span><br \/>\n<span style=\"color: #000000;\">\ud83d\udc9a sok m\u00e1s eg\u00e9szs\u00e9g\u00fcgyi probl\u00e9ma.<\/span><\/p>\n<h2><span style=\"color: #000000;\">Mi\u00e9rt pont a mi mac\u00e1nkat v\u00e1lassza?<\/span><\/h2>\n<p><span style=\"color: #000000;\">A maca porunk <strong>ellen\u0151rz\u00f6tt biotermel\u00e9sb\u0151l sz\u00e1rmazik<\/strong>, gondosan meg van sz\u00e1r\u00edtva \u00e9s lisztszer\u0171 porr\u00e1 van \u0151r\u00f6lve. Emellett rendszeresen gondoskodunk arr\u00f3l, hogy maca k\u00e9szleteink <strong>mindig frissek legyenek!<\/strong>Ez\u00e9rt is k\u00e9sz\u00edtj\u00fck gondosan saj\u00e1t magunk a kever\u00e9ket, hiszen csak \u00edgy tudjuk biztos\u00edtani a s\u00e9rtetlens\u00e9g\u00e9t a megfelel\u0151 ar\u00e1ny\u00fa friss alapanyagokkal.<\/span><\/p>\n<p><span style=\"color: #000000;\">A mi mac\u00e1nk<strong> Peru hegyvid\u00e9ki biogazdas\u00e1gaib\u00f3l sz\u00e1rmazik.<\/strong> Minden t\u00e9telhez rendelkez\u00fcnk vizsg\u00e1latokkal \u00e9s \u00e9rv\u00e9nyes tan\u00fas\u00edtv\u00e1nnyal.<\/span><\/p>\n<h2><span style=\"color: #000000;\">T\u00e1p\u00e9rt\u00e9k<\/span><\/h2>\n<p><span style=\"color: #000000;\">\u00c1tlagos t\u00e1p\u00e9rt\u00e9k 100 g maca porban: energiatartalom: 1431 kJ\/342 kcal; zs\u00edr: 1 g, ebb\u0151l tel\u00edtett: 1 g; sz\u00e9nhidr\u00e1tok: 69,8 g, ebb\u0151l cukrok: 30 g; feh\u00e9rje: 13,72 g \u00e9s s\u00f3: &lt;0,1 g.<\/span><\/p>\n<h2><span style=\"color: #000000;\">T\u00e1rol\u00e1s \u00e9s figyelmeztet\u00e9sek<\/span><\/h2>\n<p><span style=\"color: #000000;\">Sz\u00e1raz \u00e9s h\u0171v\u00f6s helyen, legfeljebb 25 \u00b0C h\u0151m\u00e9rs\u00e9kleten t\u00e1roland\u00f3. A t\u00e1pl\u00e1l\u00e9k-kieg\u00e9sz\u00edt\u0151t gyermekekt\u0151l elz\u00e1rva kell tartani!<\/span><\/p>\n<p><span style=\"color: #000000;\">Ne feledkezz\u00fcnk meg a v\u00e1ltozatos \u00e9trend \u00e9s az eg\u00e9szs\u00e9ges \u00e9letm\u00f3d fontoss\u00e1g\u00e1r\u00f3l, az \u00e9trend-kieg\u00e9sz\u00edt\u0151 ez\u00e9rt nem helyettes\u00edti a kiegyens\u00falyozott \u00e9s v\u00e1ltozatos \u00e9trendet. Az aj\u00e1nlott napi mennyis\u00e9get vagy adagot nem szabad t\u00fall\u00e9pni. Terhes \u00e9s szoptat\u00f3 any\u00e1knak mindig tan\u00e1csos orvoshoz fordulni haszn\u00e1lat el\u0151tt.<\/span><\/p>\n<h2><span style=\"color: #000000;\">Csomagol\u00e1s<\/span><\/h2>\n<p><span style=\"color: #000000;\">L\u00e9gmentesen z\u00e1rhat\u00f3 tasak, amelyben a term\u00e9k meg\u0151rzi minden frissess\u00e9g\u00e9t \u00e9s arom\u00e1j\u00e1t. A csomagol\u00e1s v\u00e9d a f\u00e9nyt\u0151l \u00e9s a leveg\u0151t\u0151l, mivel t\u00f6bb v\u00e9delmi r\u00e9tegb\u0151l \u00e1ll, amelyek meg\u0151rzik a tartalom tulajdons\u00e1gait.<\/span><\/p>\n<p><span style=\"color: #000000;\">A csomagol\u00e1s nagyon praktikus \u00e9s lehet\u0151v\u00e9 teszi az \u00fajrahasznos\u00edt\u00e1st.<\/span><\/p>\n<h2><span style=\"color: #000000;\">Sz\u00e1rmaz\u00e1si orsz\u00e1g<\/span><\/h2>\n<p><span style=\"color: #000000;\">Peru<\/span><\/p>\n","protected":false},"excerpt":{"rendered":"<p>A maca egy gy\u00f6k\u00e9rn\u00f6v\u00e9ny, amely a perui Andok magaslatain vir\u00e1gzik, ellen\u00e1lva a sz\u00e9ls\u0151s\u00e9ges id\u0151j\u00e1r\u00e1si viszonyoknak \u00e9s a nagy h\u0151m\u00e9rs\u00e9klet-v\u00e1ltoz\u00e1soknak a nappalok \u00e9s \u00e9jszak\u00e1k k\u00f6z\u00f6tt. A maca gy\u00f3gyhat\u00e1s\u00fa r\u00e9sze a gum\u00f3, mely sok vitamint, \u00e1sv\u00e1nyi anyagot \u00e9s aminosavat tartalmaz. Az olyan fontos vitaminok, mint a B1, B12, C \u00e9s E vitamin, valamint a zs\u00edrsavak, \u00e1sv\u00e1nyi anyagok \u00e9s aminosavak tartalma miatt a maca az egyik leghat\u00e9konyabb, legk\u00edv\u00e1natosabb \u00e9s legaj\u00e1nlottabb szuper\u00e9lelmiszer, mely t\u00f6bb ezer \u00e9ves hagyom\u00e1nnyal rendelkezik.<\/p>\n<p>\ud83d\udc9a N\u00f6veli a libid\u00f3t.<br \/>\n\ud83d\udc9a Enyh\u00edti a menopauza \u00e9s az andropauza t\u00fcneteit.<br \/>\n\ud83d\udc9a Jav\u00edtja a hangulatot, oldja a stresszt \u00e9s a szorong\u00e1st.<br \/>\n\ud83d\udc9a N\u00f6veli az energi\u00e1t.<\/p>\n","protected":false},"featured_media":6064,"comment_status":"open","ping_status":"closed","template":"","meta":{"_acf_changed":false},"product_brand":[],"product_cat":[224,225,195],"product_tag":[],"class_list":{"0":"post-6063","1":"product","2":"type-product","3":"status-publish","4":"has-post-thumbnail","6":"product_cat-ajanlat","7":"product_cat-minden-termek","8":"product_cat-szuperelelmiszer","10":"first","11":"instock","12":"sale","13":"taxable","14":"shipping-taxable","15":"purchasable","16":"product-type-simple"},"acf":[],"_links":{"self":[{"href":"https:\/\/fengchashop.com\/hu\/wp-json\/wp\/v2\/product\/6063","targetHints":{"allow":["GET"]}}],"collection":[{"href":"https:\/\/fengchashop.com\/hu\/wp-json\/wp\/v2\/product"}],"about":[{"href":"https:\/\/fengchashop.com\/hu\/wp-json\/wp\/v2\/types\/product"}],"replies":[{"embeddable":true,"href":"https:\/\/fengchashop.com\/hu\/wp-json\/wp\/v2\/comments?post=6063"}],"wp:featuredmedia":[{"embeddable":true,"href":"https:\/\/fengchashop.com\/hu\/wp-json\/wp\/v2\/media\/6064"}],"wp:attachment":[{"href":"https:\/\/fengchashop.com\/hu\/wp-json\/wp\/v2\/media?parent=6063"}],"wp:term":[{"taxonomy":"product_brand","embeddable":true,"href":"https:\/\/fengchashop.com\/hu\/wp-json\/wp\/v2\/product_brand?post=6063"},{"taxonomy":"product_cat","embeddable":true,"href":"https:\/\/fengchashop.com\/hu\/wp-json\/wp\/v2\/product_cat?post=6063"},{"taxonomy":"product_tag","embeddable":true,"href":"https:\/\/fengchashop.com\/hu\/wp-json\/wp\/v2\/product_tag?post=6063"}],"curies":[{"name":"wp","href":"https:\/\/api.w.org\/{rel}","templated":true}]}}