{"id":6057,"date":"2022-03-03T19:31:11","date_gmt":"2022-03-03T18:31:11","guid":{"rendered":"https:\/\/fengchashop.com\/hu\/product\/spirulina-por-bio-250-g\/"},"modified":"2026-04-18T13:37:57","modified_gmt":"2026-04-18T11:37:57","slug":"spirulina-por-bio","status":"publish","type":"product","link":"https:\/\/fengchashop.com\/hu\/product\/spirulina-por-bio\/","title":{"rendered":"Spirulina por BIO 250 g"},"content":{"rendered":"<h2><span style=\"color: #000000\">Spirulina por BIO<\/span><\/h2>\n<p><span style=\"color: #000000\">A meleg tr\u00f3pusi tenger \u00e1sv\u00e1nyi anyagokban gazdag vizeiben \u00e9l a term\u00e9szetes szuper\u00e9telk\u00e9nt ismert spirulina alga. Nev\u00e9t spir\u00e1lis alakj\u00e1r\u00f3l kapta, \u00e9s a F\u00f6ld egyik els\u0151 \u00e9letform\u00e1jak\u00e9nt tartj\u00e1k sz\u00e1mon. <strong>Az azt\u00e9kok k\u00f6r\u00e9ben is nagyon n\u00e9pszer\u0171 \u00e9s nagyra \u00e9rt\u00e9kelt volt.<\/strong> Hagyom\u00e1nyosan egyt\u00e1l\u00e9telek \u00e9s k\u00fcl\u00f6nf\u00e9le s\u00fctem\u00e9nyek k\u00e9sz\u00edt\u00e9s\u00e9re haszn\u00e1lt\u00e1k, mert nagy ment\u00e1lis \u00e9s fizikai er\u0151t adott nekik. A spirulina az elm\u00falt \u00e9vekben visszanyerte n\u00e9pszer\u0171s\u00e9g\u00e9t. \u00c9vek \u00f3ta ez az egyik legjobb \u00e9s legn\u00e9pszer\u0171bb szuper\u00e9tel. Az FDA \u00e9s a WHO is j\u00f3v\u00e1hagyta, \u00e9s az \u0171rhaj\u00f3sok is szokt\u00e1k fogyasztani. A spirulina tele van \u00e1sv\u00e1nyi anyagokkal \u00e9s tengeri, \u00f3ce\u00e1ni s\u00f3val. Az alg\u00e1k ugyanazokat az \u00e1sv\u00e1nyi anyagokat tartalmazz\u00e1k, mint az emberi v\u00e9r. Az alg\u00e1k term\u00e9szetes <strong>vitaminokat \u00e9s \u00e1sv\u00e1nyi anyagokat tartalmaznak<\/strong>, amelyeket a szervezet<strong> k\u00f6nnyen megem\u00e9szt.<\/strong><\/span><\/p>\n<p><span style=\"color: #000000\">A spirulin\u00e1t \u00e9s m\u00e1s alg\u00e1kat leggyakrabban por form\u00e1j\u00e1ban fogyasztj\u00e1k. K\u00edn\u00e1latunkban spirulina tablett\u00e1k is kaphat\u00f3k.<\/span><\/p>\n<p><span style=\"color: #000000\">A n\u00e1lunk kaphat\u00f3 spirulina biogazd\u00e1lkod\u00e1sb\u00f3l sz\u00e1rmazik.<\/span><\/p>\n<h2><span style=\"color: #000000\">Milyen el\u0151nyei vannak a spirulin\u00e1nak?<\/span><\/h2>\n<p><span style=\"color: #000000\">Tartalmaz <strong>klorofillt,<\/strong> nagy sz\u00e1zal\u00e9kban feh\u00e9rj\u00e9t, minden <strong>esszenci\u00e1lis aminosavat<\/strong> \u00e9s csak n\u00e9h\u00e1ny sz\u00e1zal\u00e9kban f\u0151leg tel\u00edtetlen zs\u00edrokat. A klorofillt n\u00e9ha z\u00f6ld v\u00e9rnek is nevezik, mert molekul\u00e1ris \u00f6sszet\u00e9tele rendk\u00edv\u00fcl hasonl\u00f3 a hemoglobinhoz, ez\u00e9rt alkalmas sz\u00e1munkra \u2013 jav\u00edtja a v\u00e9rk\u00e9pet. A spirulina a sejtfal miatt is nagyon j\u00f3l em\u00e9szthet\u0151, amely em\u00e9szthet\u0151 mukopoliszacharidokb\u00f3l \u00e1ll (\u00e9s nem cellul\u00f3zb\u00f3l, mint m\u00e1s n\u00f6v\u00e9nyekn\u00e9l). Az aminosavak k\u00f6z\u00fcl a legfontosabb a <strong>gamma-linol\u00e9nsav<\/strong> (GLA), amely csak az anyatejben, a parlagi-ligetsz\u00e9pe-olajban, a kendermagban \u00e9s n\u00e9h\u00e1ny m\u00e1s alg\u00e1ban tal\u00e1lhat\u00f3. Gyullad\u00e1scs\u00f6kkent\u0151 hat\u00e1s\u00fa, seg\u00edt cs\u00f6kkenteni a v\u00e9rnyom\u00e1st \u00e9s jav\u00edtja az idegrendszer m\u0171k\u00f6d\u00e9s\u00e9t, valamint az allergi\u00e1k kialakul\u00e1sa ellen hat, mivel el\u0151seg\u00edti az allerg\u00e9nekre adott eg\u00e9szs\u00e9ges v\u00e1laszt. <strong>Fikocianint<\/strong> is tartalmaz, amely serkenti az \u0151ssejtek termel\u00e9s\u00e9t.<\/span><\/p>\n<p><span style=\"color: #000000\">J\u00f3t\u00e9kony hat\u00e1ssal van az em\u00e9szt\u00e9sre is, serkenti a j\u00f3 bakt\u00e9riumok n\u00f6veked\u00e9s\u00e9t a b\u00e9lben \u00e9s jav\u00edtja a b\u00e9lfl\u00f3r\u00e1t. A Spirulina kiv\u00e1l\u00f3an t\u00e1mogatja az eg\u00e9szs\u00e9ges \u00e9trendet \u00e9s a k\u00fcl\u00f6nb\u00f6z\u0151 (fogy\u00f3k\u00far\u00e1s) di\u00e9t\u00e1kat.<\/span><\/p>\n<p><span style=\"color: #000000\">A spirulina gazdag term\u00e9szetes k\u00e1lium, vas, kalcium, cink, n\u00e1trium, mang\u00e1n, magn\u00e9zium, szel\u00e9n, j\u00f3d, kr\u00f3m \u00e9s k\u00e9n forr\u00e1s. B\u00e9ta-karotint \u00e9s elektrolitokat is tartalmaz. A legfontosabb vitaminok k\u00f6z\u00e9 tartoznak az A1, B1, B2, B3, B6, B9, B12, C, D \u00e9s E vitaminok.<\/span><\/p>\n<p><span style=\"color: #000000\">A fentiek mellett \u00e9rdemes megjegyezni, hogy a spirulina a hajra \u00e9s a b\u0151rre is j\u00f3l hat. Megakad\u00e1lyozza a t\u00falzott hajhull\u00e1st, er\u0151s\u00edti a hajhagym\u00e1kat \u00e9s megsz\u00fcnteti a korp\u00e1sod\u00e1st. Nyugtatja a b\u0151rt, helyre\u00e1ll\u00edtja rugalmass\u00e1g\u00e1t \u00e9s lelass\u00edtja az \u00f6reged\u00e9st. Negyed te\u00e1skan\u00e1l spirulin\u00e1val \u00e9s n\u00e9h\u00e1ny csepp v\u00edzzel arcmaszkot k\u00e9sz\u00edthet, amelyet az arc megtiszt\u00edtott b\u0151r\u00e9re kell felvinni \u00e9s 20 percig rajta hagyni. Ezut\u00e1n alaposan \u00f6bl\u00edtse le \u00e9s hidrat\u00e1lja kr\u00e9mmel. Az elj\u00e1r\u00e1st hetente 2\u20133 alkalommal megism\u00e9telheti.<\/span><\/p>\n<h2><span style=\"color: #000000\">Mi\u00e9rt h\u00edvj\u00e1k a spirulin\u00e1t szuper\u00e9telnek, \u00e9s mi\u00e9rt j\u00f3 fogyasztani?<\/span><\/h2>\n<p><span style=\"color: #000000\">A spirulina saj\u00e1tos \u00f6sszet\u00e9tel\u0171, nagy mennyis\u00e9g\u0171 n\u00f6v\u00e9nyi feh\u00e9rj\u00e9t (bele\u00e9rtve az esszenci\u00e1lis feh\u00e9rj\u00e9ket \u00e9s aminosavakat), vitaminokat, \u00e1sv\u00e1nyi anyagokat \u00e9s egy\u00e9b fontos hat\u00f3anyagokat tartalmaz. Egyedi \u00f6sszet\u00e9tele teljesen felt\u00e1pl\u00e1lja az emberi szervezet sejtjeit. Emellett el\u0151seg\u00edti az immunrendszer er\u0151s\u00f6d\u00e9s\u00e9t \u00e9s enyh\u00edti az allergia t\u00fcneteit, mivel cs\u00f6kkenti a hisztamin kiv\u00e1laszt\u00f3d\u00e1s\u00e1t, v\u00e9d a k\u00fcl\u00f6nb\u00f6z\u0151 mikrob\u00e1kkal val\u00f3 fert\u0151z\u00e9sek ellen, \u00e9s probiotikus tulajdons\u00e1gokkal rendelkezik. Elt\u00e1vol\u00edtja a neh\u00e9zf\u00e9meket \u00e9s m\u00e9regtelen\u00edti a szervezetet.<\/span><\/p>\n<p><span style=\"color: #000000\">Az\u00e9rt is nevezik szuper\u00e9telnek, mert magas a feh\u00e9rje-hat\u00e9konys\u00e1gi-ar\u00e1nya, mert a spirulina feh\u00e9rj\u00e9k j\u00f3l em\u00e9szthet\u0151ek, \u00e9s a szervezet hat\u00e9konyan tudja felhaszn\u00e1lni a folyamataiban.<\/span><\/p>\n<p><span style=\"color: #000000\">A Spirulina egy k\u00e9k-z\u00f6ld mikroszkopikusan kicsi n\u00f6v\u00e9ny, amelyet a k\u00f6vetkez\u0151 el\u0151ny\u00f6k miatt j\u00f3 fogyasztani:<\/span><\/p>\n<p><span style=\"color: #000000\">\ud83d\udc9a tartalmazza a testet \u00e9s lelket t\u00e1pl\u00e1l\u00f3 mikrot\u00e1panyagok teljes spektrum\u00e1t,<\/span><br \/>\n<span style=\"color: #000000\">\ud83d\udc9a <strong>er\u0151s\u00edti az immunrendszert<\/strong>, mivel er\u0151s antioxid\u00e1ns,<\/span><br \/>\n<span style=\"color: #000000\">\ud83d\udc9a <strong>m\u00e9regtelen\u00edti a testet<\/strong>, mert mag\u00e1hoz k\u00f6ti a m\u00e9rgeket,<\/span><br \/>\n<span style=\"color: #000000\">\ud83d\udc9a szab\u00e1lyozza az \u00e9tv\u00e1gyat \u00e9s a tests\u00falyt,<\/span><br \/>\n<span style=\"color: #000000\">\ud83d\udc9a<strong> gazdag n\u00f6v\u00e9nyi feh\u00e9rjeforr\u00e1s<\/strong>, mivel 60-70% feh\u00e9rj\u00e9kb\u0151l \u00e1ll \u00f6ssze.<\/span><\/p>\n<h2><span style=\"color: #000000\">T\u00e1rol\u00e1s \u00e9s figyelmeztet\u00e9sek<\/span><\/h2>\n<p><span style=\"color: #000000\">Sz\u00e1raz \u00e9s h\u0171v\u00f6s helyen, legfeljebb 25 \u00b0C h\u0151m\u00e9rs\u00e9kleten t\u00e1roland\u00f3. A t\u00e1pl\u00e1l\u00e9k-kieg\u00e9sz\u00edt\u0151t gyermekekt\u0151l elz\u00e1rva kell tartani!<\/span><\/p>\n<p><span style=\"color: #000000\">Ne feledkezz\u00fcnk meg a v\u00e1ltozatos \u00e9trend \u00e9s az eg\u00e9szs\u00e9ges \u00e9letm\u00f3d fontoss\u00e1g\u00e1r\u00f3l, az \u00e9trend-kieg\u00e9sz\u00edt\u0151 ez\u00e9rt nem helyettes\u00edti a kiegyens\u00falyozott \u00e9s v\u00e1ltozatos \u00e9trendet. Az aj\u00e1nlott napi mennyis\u00e9get vagy adagot nem szabad t\u00fall\u00e9pni. Terhes \u00e9s szoptat\u00f3 any\u00e1knak mindig tan\u00e1csos orvoshoz fordulni haszn\u00e1lat el\u0151tt.<\/span><\/p>\n<p><span style=\"color: #000000\">A spirulina szulfitokat tartalmazhat, amelyek term\u00e9szetesen jelen vannak az alg\u00e1kban.<\/span><\/p>\n<h2><span style=\"color: #000000\">Csomagol\u00e1s<\/span><\/h2>\n<p><span style=\"color: #000000\">L\u00e9gmentesen z\u00e1rhat\u00f3 tasak, amelyben a term\u00e9k meg\u0151rzi minden frissess\u00e9g\u00e9t \u00e9s arom\u00e1j\u00e1t. A csomagol\u00e1s v\u00e9d a f\u00e9nyt\u0151l \u00e9s a leveg\u0151t\u0151l, mivel t\u00f6bb v\u00e9delmi r\u00e9tegb\u0151l \u00e1ll, amelyek meg\u0151rzik a tartalom tulajdons\u00e1gait.<\/span><\/p>\n<p><span style=\"color: #000000\">A csomagol\u00e1s nagyon praktikus \u00e9s lehet\u0151v\u00e9 teszi az \u00fajrahasznos\u00edt\u00e1st.<\/span><\/p>\n<h2><span style=\"color: #000000\">Sz\u00e1rmaz\u00e1si orsz\u00e1g<\/span><\/h2>\n<p><span style=\"color: #000000\">K\u00edna<\/span><\/p>\n<p><span style=\"color: #000000\">Nagyon megb\u00edzhat\u00f3 besz\u00e1ll\u00edt\u00f3ink vannak, akik minden t\u00e9telhez r\u00e9szletes k\u00e9miai elemz\u00e9st k\u00fcldenek az \u00e9lelmiszerekr\u0151l. T\u00f6bb mint t\u00edz \u00e9v alatt nem kaptunk semmilyen reklam\u00e1ci\u00f3t vagy panaszt sem ezzel, sem az ugyanazon besz\u00e1ll\u00edt\u00f3t\u00f3l sz\u00e1rmaz\u00f3 egy\u00e9b term\u00e9kekkel kapcsolatban.<\/span><\/p>\n<p><span style=\"color: #000000\">A term\u00e9k 100% bio tan\u00fas\u00edtv\u00e1nnyal rendelkezik.<\/span><\/p>\n","protected":false},"excerpt":{"rendered":"<p>A meleg tr\u00f3pusi tenger \u00e1sv\u00e1nyi anyagokban gazdag vizeiben \u00e9l a term\u00e9szetes szuper\u00e9telk\u00e9nt ismert spirulina alga. A spirulina tele van \u00e1sv\u00e1nyi anyagokkal \u00e9s s\u00f3kkal a tengerb\u0151l, \u00f3ce\u00e1nokb\u00f3l. Az alg\u00e1k ugyanazokat az \u00e1sv\u00e1nyi anyagokat tartalmazz\u00e1k, mint az emberi v\u00e9r. Ennek k\u00f6sz\u00f6nhet\u0151en az alg\u00e1k is term\u00e9szetes vitaminokat \u00e9s \u00e1sv\u00e1nyi anyagokat tartalmaznak, amelyeket a szervezet k\u00f6nnyen em\u00e9szt.<\/p>\n<p>\ud83d\udc9a Er\u0151s antioxid\u00e1ns, amely er\u0151s\u00edti az immunrendszert<br \/>\n\ud83d\udc9a M\u00e9regtelen\u00edti a testet, mert mag\u00e1hoz k\u00f6ti a toxinokat.<br \/>\n\ud83d\udc9a Szab\u00e1lyozza az \u00e9tv\u00e1gyat \u00e9s seg\u00edt a tests\u00faly szab\u00e1lyoz\u00e1s\u00e1ban.<br \/>\n\ud83d\udc9a Gazdag n\u00f6v\u00e9nyi feh\u00e9rjeforr\u00e1s.<\/p>\n","protected":false},"featured_media":6058,"comment_status":"open","ping_status":"closed","template":"","meta":{"_acf_changed":false},"product_brand":[],"product_cat":[224,222,242,225,195],"product_tag":[],"class_list":{"0":"post-6057","1":"product","2":"type-product","3":"status-publish","4":"has-post-thumbnail","6":"product_cat-ajanlat","7":"product_cat-algak-es-fuvek","8":"product_cat-jo-ajanlatok","9":"product_cat-minden-termek","10":"product_cat-szuperelelmiszer","12":"first","13":"instock","14":"sale","15":"taxable","16":"shipping-taxable","17":"purchasable","18":"product-type-simple"},"acf":[],"_links":{"self":[{"href":"https:\/\/fengchashop.com\/hu\/wp-json\/wp\/v2\/product\/6057","targetHints":{"allow":["GET"]}}],"collection":[{"href":"https:\/\/fengchashop.com\/hu\/wp-json\/wp\/v2\/product"}],"about":[{"href":"https:\/\/fengchashop.com\/hu\/wp-json\/wp\/v2\/types\/product"}],"replies":[{"embeddable":true,"href":"https:\/\/fengchashop.com\/hu\/wp-json\/wp\/v2\/comments?post=6057"}],"wp:featuredmedia":[{"embeddable":true,"href":"https:\/\/fengchashop.com\/hu\/wp-json\/wp\/v2\/media\/6058"}],"wp:attachment":[{"href":"https:\/\/fengchashop.com\/hu\/wp-json\/wp\/v2\/media?parent=6057"}],"wp:term":[{"taxonomy":"product_brand","embeddable":true,"href":"https:\/\/fengchashop.com\/hu\/wp-json\/wp\/v2\/product_brand?post=6057"},{"taxonomy":"product_cat","embeddable":true,"href":"https:\/\/fengchashop.com\/hu\/wp-json\/wp\/v2\/product_cat?post=6057"},{"taxonomy":"product_tag","embeddable":true,"href":"https:\/\/fengchashop.com\/hu\/wp-json\/wp\/v2\/product_tag?post=6057"}],"curies":[{"name":"wp","href":"https:\/\/api.w.org\/{rel}","templated":true}]}}