{"id":6054,"date":"2022-03-03T18:32:00","date_gmt":"2022-03-03T17:32:00","guid":{"rendered":"https:\/\/fengchashop.com\/hu\/product\/acai-bogyo-por-bio-125-g\/"},"modified":"2025-07-22T20:28:36","modified_gmt":"2025-07-22T18:28:36","slug":"acai-bogyo-por-bio","status":"publish","type":"product","link":"https:\/\/fengchashop.com\/hu\/product\/acai-bogyo-por-bio\/","title":{"rendered":"Acai bogy\u00f3 por BIO 125 g"},"content":{"rendered":"<h2><span style=\"color: #000000;\">Acai bogy\u00f3 por (fagyasztva sz\u00e1r\u00edtott) BIO<\/span><\/h2>\n<p><span style=\"color: #000000;\">A d\u00e9l-amerikaiak \u00e9vsz\u00e1zadok \u00f3ta haszn\u00e1lj\u00e1k az acai bogy\u00f3t a konyh\u00e1jukban, \u00e9s a hagyom\u00e1nyos \u00e9teleik fele tartalmaz legal\u00e1bb egy csipetnyi acai bogy\u00f3t. Az Amazonas vid\u00e9k\u00e9n magas p\u00e1lmaf\u00e1kon n\u0151nek, \u00e9s <strong>sz\u00e1mos, az ember sz\u00e1m\u00e1ra hasznos t\u00e1panyagot<\/strong> &#8211; vitaminokat, \u00e1sv\u00e1nyi anyagokat, antioxid\u00e1nsokat \u00e9s fitonutrienseket &#8211; <strong>tartalmaznak<\/strong>. Kiv\u00e1l\u00f3 vas- \u00e9s \u00e9lelmi rostforr\u00e1s. Az acai bogy\u00f3por hatalmas mennyis\u00e9g\u0171 antioxid\u00e1nst tartalmaz. Ezek gondoskodnak a szabad gy\u00f6k\u00f6kr\u0151l az emberi szervezetben, \u00e9s sz\u00e1mos betegs\u00e9get elh\u00e1r\u00edtanak, valamint seg\u00edtenek a felesleges kil\u00f3k lead\u00e1s\u00e1ban.<\/span><\/p>\n<p><span style=\"color: #000000;\"><strong>A brazil fekete acai bogy\u00f3 rengeteg gy\u00f3gy\u00edt\u00f3 anyagot tartalmaz, amelyek:<\/strong><\/span><\/p>\n<p><span style=\"color: #000000;\">\ud83d\udc9a seg\u00edti az em\u00e9szt\u00e9st,<\/span><br \/>\n<span style=\"color: #000000;\">\ud83d\udc9a tiszt\u00edtj\u00e1k a szervezetet,<\/span><br \/>\n<span style=\"color: #000000;\">\ud83d\udc9a n\u00f6velik az energi\u00e1t \u00e9s<\/span><br \/>\n<span style=\"color: #000000;\">\ud83d\udc9a jav\u00edtj\u00e1k az alv\u00e1st.<\/span><\/p>\n<p><span style=\"color: #000000;\">Az acai bogy\u00f3 porunk biotermeszt\u00e9sb\u0151l sz\u00e1rmazik. Nagyon t\u00f6m\u00f6r szerkezet\u0171, ez\u00e9rt pr\u00e9mium min\u0151s\u00e9g\u0171nek min\u0151s\u00edtj\u00fck.<\/span><\/p>\n<h2><span style=\"color: #000000;\">Csomagol\u00e1s<\/span><\/h2>\n<p><span style=\"color: #000000;\">\u00c1tereszt\u00e9smentes cipz\u00e1ras tasakban, ahol a term\u00e9k meg\u0151rzi minden frissess\u00e9g\u00e9t \u00e9s arom\u00e1j\u00e1t. A csomagol\u00e1s v\u00e9d a f\u00e9nyt\u0151l \u00e9s a leveg\u0151t\u0151l, mivel t\u00f6bb v\u00e9d\u0151r\u00e9tegb\u0151l \u00e1ll, amelyek meg\u0151rzik a tartalom tulajdons\u00e1gait.<\/span><\/p>\n<p><span style=\"color: #000000;\">A csomagol\u00e1s nagyon praktikus \u00e9s \u00fajrahasznos\u00edthat\u00f3.<\/span><\/p>\n<h2><span style=\"color: #000000;\">T\u00e1rol\u00e1s \u00e9s figyelmeztet\u00e9sek<\/span><\/h2>\n<p><span style=\"color: #000000;\">H\u0171v\u00f6s, sz\u00e1raz helyen t\u00e1roland\u00f3. Gyermekek el\u0151l elz\u00e1rva tartand\u00f3.<\/span><\/p>\n<p><span style=\"color: #000000;\">Ne feledje a v\u00e1ltozatos \u00e9trend \u00e9s az eg\u00e9szs\u00e9ges \u00e9letm\u00f3d fontoss\u00e1g\u00e1t, az \u00e9trend-kieg\u00e9sz\u00edt\u0151 teh\u00e1t nem helyettes\u00edti a kiegyens\u00falyozott \u00e9s v\u00e1ltozatos \u00e9trendet. Az aj\u00e1nlott napi mennyis\u00e9get vagy adagot nem szabad t\u00fall\u00e9pni. Terhes \u00e9s szoptat\u00f3s n\u0151knek haszn\u00e1lat el\u0151tt mindig javasolt orvoshoz fordulni.<\/span><\/p>\n<h2><span style=\"color: #000000;\">Forr\u00e1s: B:<\/span><\/h2>\n<p><span style=\"color: #000000;\">Braz\u00edlia vagy Kolumbia<\/span><\/p>\n","protected":false},"excerpt":{"rendered":"<p align=\"JUSTIFY\">A d\u00e9l-amerikaiak \u00e9vsz\u00e1zadok \u00f3ta haszn\u00e1lj\u00e1k az acai bogy\u00f3kat a konyh\u00e1jukban, \u00e9s a hagyom\u00e1nyos \u00e9teleik fele tartalmaz legal\u00e1bb egy csipetnyi acai bogy\u00f3t. Az Amazonas vid\u00e9k\u00e9n magas p\u00e1lmaf\u00e1kon n\u0151nek, \u00e9s <strong>sz\u00e1mos, az ember sz\u00e1m\u00e1ra hasznos t\u00e1panyagot<\/strong> &#8211; vitaminokat, \u00e1sv\u00e1nyi anyagokat, antioxid\u00e1nsokat \u00e9s fitonutrienseket &#8211; <strong>tartalmaznak<\/strong>. Kiv\u00e1l\u00f3 vas- \u00e9s \u00e9lelmi rostforr\u00e1s. Az acai bogy\u00f3por hatalmas mennyis\u00e9g\u0171 antioxid\u00e1nst tartalmaz.<\/p>\n<p align=\"JUSTIFY\"><span style=\"color: #000000;\">\ud83d\udc9a Er\u0151s\u00edtik az immunrendszert.<\/span><br \/>\n<span style=\"color: #000000;\">\ud83d\udc9a N\u00f6velik az energiaszintet.<\/span><br \/>\n<span style=\"color: #000000;\">\ud83d\udc9a Seg\u00edtik az em\u00e9szt\u00e9st.<\/span><br \/>\n<span style=\"color: #000000;\">\ud83d\udc9a Jav\u00edtj\u00e1k az alv\u00e1st.<\/span><\/p>\n<p align=\"JUSTIFY\">\n","protected":false},"featured_media":6055,"comment_status":"open","ping_status":"closed","template":"","meta":{"_acf_changed":false},"product_brand":[],"product_cat":[224,225,195],"product_tag":[],"class_list":{"0":"post-6054","1":"product","2":"type-product","3":"status-publish","4":"has-post-thumbnail","6":"product_cat-ajanlat","7":"product_cat-minden-termek","8":"product_cat-szuperelelmiszer","10":"first","11":"outofstock","12":"sale","13":"taxable","14":"shipping-taxable","15":"purchasable","16":"product-type-simple"},"acf":[],"_links":{"self":[{"href":"https:\/\/fengchashop.com\/hu\/wp-json\/wp\/v2\/product\/6054","targetHints":{"allow":["GET"]}}],"collection":[{"href":"https:\/\/fengchashop.com\/hu\/wp-json\/wp\/v2\/product"}],"about":[{"href":"https:\/\/fengchashop.com\/hu\/wp-json\/wp\/v2\/types\/product"}],"replies":[{"embeddable":true,"href":"https:\/\/fengchashop.com\/hu\/wp-json\/wp\/v2\/comments?post=6054"}],"wp:featuredmedia":[{"embeddable":true,"href":"https:\/\/fengchashop.com\/hu\/wp-json\/wp\/v2\/media\/6055"}],"wp:attachment":[{"href":"https:\/\/fengchashop.com\/hu\/wp-json\/wp\/v2\/media?parent=6054"}],"wp:term":[{"taxonomy":"product_brand","embeddable":true,"href":"https:\/\/fengchashop.com\/hu\/wp-json\/wp\/v2\/product_brand?post=6054"},{"taxonomy":"product_cat","embeddable":true,"href":"https:\/\/fengchashop.com\/hu\/wp-json\/wp\/v2\/product_cat?post=6054"},{"taxonomy":"product_tag","embeddable":true,"href":"https:\/\/fengchashop.com\/hu\/wp-json\/wp\/v2\/product_tag?post=6054"}],"curies":[{"name":"wp","href":"https:\/\/api.w.org\/{rel}","templated":true}]}}