{"id":6050,"date":"2022-03-03T10:33:34","date_gmt":"2022-03-03T09:33:34","guid":{"rendered":"https:\/\/fengchashop.com\/hu\/product\/mucuna-pruriens-bio-250-g\/"},"modified":"2026-05-01T16:49:24","modified_gmt":"2026-05-01T14:49:24","slug":"mucuna-pruriens-bio","status":"publish","type":"product","link":"https:\/\/fengchashop.com\/hu\/product\/mucuna-pruriens-bio\/","title":{"rendered":"Mucuna pruriens BIO 250 g"},"content":{"rendered":"<h2><span style=\"color: #000000\">Mucuna pruriens BIO por<\/span><\/h2>\n<p><span style=\"color: #000000\">A Mucuna pruriens egy tr\u00f3pusi h\u00fcvelyes, amely Afrik\u00e1ban \u00e9s \u00c1zsi\u00e1ban \u0151shonos. N\u00e1lunk b\u00e1rsonybab n\u00e9ven is ismert. A n\u00f6v\u00e9ny magas l-dopa- vagy levodopa-tartalm\u00e1r\u00f3l ismert, amely a dopamin metabolikus form\u00e1ja. M\u00e1s szavakkal, a dopamin nev\u0171 neurotranszmitter el\u0151fut\u00e1ra. A Parkinson-k\u00f3r t\u00fcneteit a dopamin el\u00e9gtelen termel\u00e9se okozza. Ezt gyakran dopamin prekurzort tartalmaz\u00f3 gy\u00f3gyszerek seg\u00edts\u00e9g\u00e9vel enyh\u00edtik, mivel a dopaminnal ellent\u00e9tben k\u00e9pes \u00e1tjutni a v\u00e9r-agy g\u00e1ton, \u00e9s ez\u00e1ltal enyh\u00edteni a Parkinson-k\u00f3r t\u00fcneteit.<\/span><\/p>\n<p><span style=\"color: #000000\">A h\u00fcvelyes n\u00f6v\u00e9ny t\u00f6bb mint 4500 \u00e9ve n\u00e9pszer\u0171 az Ayurv\u00e9d\u00e1ban, ahol arr\u00f3l ismert, hogy jelent\u0151sen cs\u00f6kkenti a Parkinson-k\u00f3r okozta neurotoxicit\u00e1st. Egyes helyeken hagyom\u00e1nyosan egyes m\u00e9rges k\u00edgy\u00f3k harap\u00e1s\u00e1nak ellenszerek\u00e9nt is haszn\u00e1lj\u00e1k.<\/span><\/p>\n<p><span style=\"color: #000000\">A Mucuna pruriens azonban egy m\u00e1sik \u00e9rdekes ter\u00fcletet is \u00e9rint, nevezetesen az egy\u00e9bk\u00e9nt medd\u0151 f\u00e9rfiak spermiummin\u0151s\u00e9g\u00e9re gyakorolt \u200b\u200bhat\u00e1s\u00e1t. Az eddigi bizony\u00edt\u00e9kok azt mutatj\u00e1k, hogy befoly\u00e1solhatja a spermiumok mozg\u00e9konys\u00e1g\u00e1t \u00e9s koncentr\u00e1ci\u00f3j\u00e1t, \u00e9s ez\u00e1ltal jav\u00edthatja a term\u00e9kenys\u00e9get. Seg\u00edt a n\u0151k szexu\u00e1lis probl\u00e9m\u00e1inak megold\u00e1s\u00e1ban is.<\/span><\/p>\n<h2><span style=\"color: #000000\">Kinek aj\u00e1nlott a mucuna pruriens szed\u00e9se?<\/span><\/h2>\n<p><span style=\"color: #000000\">Mivel a mucuna pruriens az l-dopa term\u00e9szetes forr\u00e1sa, mindenkinek aj\u00e1nlhatjuk, aki Parkinson-k\u00f3rral k\u00fczd. E s\u00falyos betegs\u00e9g t\u00fcneteinek kieg\u00e9sz\u00edt\u0151 vagy kezdeti enyh\u00edt\u00e9sek\u00e9nt. Term\u00e9szetesen ezekben az esetekben mindig orvos tan\u00e1cs\u00e1ra \u00e9s fel\u00fcgyelete mellett.<\/span><\/p>\n<p><span style=\"color: #000000\">F\u00e9rfi medd\u0151s\u00e9g eset\u00e9n is seg\u00edthet, mivel befoly\u00e1solja a spermiumok mennyis\u00e9g\u00e9t \u00e9s min\u0151s\u00e9g\u00e9t.<\/span><\/p>\n<p><span style=\"color: #000000\">Kiv\u00e1l\u00f3 seg\u00edts\u00e9g az endokrin rendszernek is, mivel seg\u00edt helyre\u00e1ll\u00edtani a hormon\u00e1lis egyens\u00falyt.<\/span><\/p>\n<p><span style=\"color: #000000\">Jav\u00edtja a lelki k\u00f6z\u00e9rzetet \u00e9s a hangulatot.<\/span><\/p>\n<p><span style=\"color: #000000\">Er\u0151s antioxid\u00e1ns hat\u00e1sa van. Az l-dopa mellett el\u0151seg\u00edti az agy eg\u00e9szs\u00e9g\u00e9t, \u00e9s seg\u00edt n\u00f6velni a dopamin szintj\u00e9t az agyban, ami a hangulatszab\u00e1lyoz\u00e1shoz \u00e9s a megismer\u00e9shez is kapcsol\u00f3dik. Ugyanakkor befoly\u00e1solja az agym\u0171k\u00f6d\u00e9s javul\u00e1s\u00e1t, n\u00f6veli a koncentr\u00e1ci\u00f3t \u00e9s az intellektu\u00e1lis kapacit\u00e1st.<\/span><\/p>\n<p><span style=\"color: #000000\">Az \u00e1jurv\u00e9dikus hagyom\u00e1ny a b\u00e1rsonybabot is haszn\u00e1lja a ment\u00e1lis eg\u00e9szs\u00e9g pozit\u00edv el\u0151mozd\u00edt\u00e1s\u00e1ra \u00e9s a stresszre val\u00f3 jobb reag\u00e1l\u00e1sra.<\/span><\/p>\n<p><span style=\"color: #000000\">Sz\u00e1mos tanulm\u00e1ny vizsg\u00e1lja a mucuno prurensist is a v\u00e9rcukorszint cs\u00f6kkent\u00e9s\u00e9re \u00e9s ez\u00e1ltal a cukorbetegs\u00e9g megel\u0151z\u00e9s\u00e9re.<\/span><\/p>\n<p><span style=\"color: #000000\">A szerotonin \u00e9s a levodopa jelenl\u00e9te jav\u00edtja az alv\u00e1s-\u00e9brenl\u00e9t ciklust, \u00e9s el\u0151seg\u00edti a m\u00e9ly alv\u00e1st \u00e9s a relax\u00e1ci\u00f3t.<\/span><\/p>\n<h2><span style=\"color: #000000\">T\u00e1rol\u00e1s \u00e9s figyelmeztet\u00e9sek<\/span><\/h2>\n<p><span style=\"color: #000000\">Sz\u00e1raz \u00e9s h\u0171v\u00f6s helyen t\u00e1roland\u00f3. A t\u00e1pl\u00e1l\u00e9k-kieg\u00e9sz\u00edt\u0151t gyermekekt\u0151l\u00a0elz\u00e1rva kell tartani! <\/span><\/p>\n<p><span style=\"color: #000000\">Ne feledkezz\u00fcnk meg a v\u00e1ltozatos \u00e9trend \u00e9s az eg\u00e9szs\u00e9ges \u00e9letm\u00f3d fontoss\u00e1g\u00e1r\u00f3l, az \u00e9trend-kieg\u00e9sz\u00edt\u0151 ez\u00e9rt nem helyettes\u00edti a kiegyens\u00falyozott \u00e9s v\u00e1ltozatos \u00e9trendet. Az aj\u00e1nlott napi mennyis\u00e9get vagy adagot nem szabad t\u00fall\u00e9pni.<\/span><\/p>\n<p><span style=\"color: #000000\">Terhes \u00e9s szoptat\u00f3s any\u00e1knak nem javasolt a haszn\u00e1lata, mert negat\u00edv hat\u00e1ssal lehet a m\u00e9hre \u00e9s a magzatra. A Parkinson-k\u00f3r kezel\u00e9s\u00e9re szolg\u00e1l\u00f3 gy\u00f3gyszerek (pl. MAO-g\u00e1tl\u00f3k) szed\u00e9sekor is \u00f3vatosan tan\u00e1csoljuk \u2013 ebben az esetben csak orvos fel\u00fcgyelete mellett haszn\u00e1lja a term\u00e9ket.Ritka esetekben a term\u00e9k \u00e9melyg\u00e9st, h\u00e1ny\u00e1st vagy hasmen\u00e9st okozhat \u00e9rz\u00e9keny szem\u00e9lyekn\u00e9l. Ebben az esetben nem javasoljuk a haszn\u00e1lat\u00e1t.<\/span><\/p>\n<h2><span style=\"color: #000000\">Csomagol\u00e1s<\/span><\/h2>\n<p><span style=\"color: #000000\">L\u00e9gmentesen z\u00e1rhat\u00f3 tasak, amelyben a term\u00e9k meg\u0151rzi minden frissess\u00e9g\u00e9t \u00e9s\u00a0arom\u00e1j\u00e1t. A csomagol\u00e1s v\u00e9d a f\u00e9nyt\u0151l \u00e9s a leveg\u0151t\u0151l, mivel t\u00f6bb\u00a0v\u00e9d\u0151r\u00e9tegb\u0151l \u00e1ll, amelyek meg\u0151rzik a tartalom tulajdons\u00e1gait. A csomagol\u00e1s\u00a0nagyon praktikus \u00e9s \u00fajrahasznos\u00edthat\u00f3.<\/span><\/p>\n<h2><span style=\"color: #000000\">Sz\u00e1rmaz\u00e1si orsz\u00e1g<\/span><\/h2>\n<p><span style=\"color: #000000\">India<\/span><\/p>\n","protected":false},"excerpt":{"rendered":"<p>A Mucuna pruriens egy tr\u00f3pusi h\u00fcvelyes, amely Afrik\u00e1ban \u00e9s \u00c1zsi\u00e1ban \u0151shonos. N\u00e1lunk b\u00e1rsonybab n\u00e9ven is ismert.<\/p>\n<p>\ud83d\udc9a Ez az l-dopa term\u00e9szetes forr\u00e1sa.<br \/>\n\ud83d\udc9a Seg\u00edt helyre\u00e1ll\u00edtani a hormon\u00e1lis egyens\u00falyt.<br \/>\n\ud83d\udc9a Jav\u00edtja a lelki k\u00f6z\u00e9rzetet \u00e9s a hangulatot.<br \/>\n\ud83d\udc9a Antioxid\u00e1ns hat\u00e1sa van.<\/p>\n<p align=\"JUSTIFY\">\n","protected":false},"featured_media":6051,"comment_status":"open","ping_status":"closed","template":"","meta":{"_acf_changed":false},"product_brand":[],"product_cat":[224,194,228,225,195],"product_tag":[],"class_list":{"0":"post-6050","1":"product","2":"type-product","3":"status-publish","4":"has-post-thumbnail","6":"product_cat-ajanlat","7":"product_cat-ajurveda","8":"product_cat-legkeresettebb","9":"product_cat-minden-termek","10":"product_cat-szuperelelmiszer","12":"first","13":"instock","14":"sale","15":"taxable","16":"shipping-taxable","17":"purchasable","18":"product-type-simple"},"acf":[],"_links":{"self":[{"href":"https:\/\/fengchashop.com\/hu\/wp-json\/wp\/v2\/product\/6050","targetHints":{"allow":["GET"]}}],"collection":[{"href":"https:\/\/fengchashop.com\/hu\/wp-json\/wp\/v2\/product"}],"about":[{"href":"https:\/\/fengchashop.com\/hu\/wp-json\/wp\/v2\/types\/product"}],"replies":[{"embeddable":true,"href":"https:\/\/fengchashop.com\/hu\/wp-json\/wp\/v2\/comments?post=6050"}],"wp:featuredmedia":[{"embeddable":true,"href":"https:\/\/fengchashop.com\/hu\/wp-json\/wp\/v2\/media\/6051"}],"wp:attachment":[{"href":"https:\/\/fengchashop.com\/hu\/wp-json\/wp\/v2\/media?parent=6050"}],"wp:term":[{"taxonomy":"product_brand","embeddable":true,"href":"https:\/\/fengchashop.com\/hu\/wp-json\/wp\/v2\/product_brand?post=6050"},{"taxonomy":"product_cat","embeddable":true,"href":"https:\/\/fengchashop.com\/hu\/wp-json\/wp\/v2\/product_cat?post=6050"},{"taxonomy":"product_tag","embeddable":true,"href":"https:\/\/fengchashop.com\/hu\/wp-json\/wp\/v2\/product_tag?post=6050"}],"curies":[{"name":"wp","href":"https:\/\/api.w.org\/{rel}","templated":true}]}}