{"id":6048,"date":"2022-03-03T10:14:54","date_gmt":"2022-03-03T09:14:54","guid":{"rendered":"https:\/\/fengchashop.com\/hu\/product\/bio-mariatovis-por-250-g\/"},"modified":"2026-05-12T01:51:30","modified_gmt":"2026-05-11T23:51:30","slug":"bio-mariatovis-por","status":"publish","type":"product","link":"https:\/\/fengchashop.com\/hu\/product\/bio-mariatovis-por\/","title":{"rendered":"Bio m\u00e1riat\u00f6vis por 250 g"},"content":{"rendered":"<h2><span style=\"color: #000000\">Bio m\u00e1riat\u00f6vis por<\/span><\/h2>\n<p><span style=\"color: #000000\">A <strong>Bio m\u00e1riat\u00f6vis<\/strong> (Silybum marianum) por, amely \u00f6kol\u00f3giai termeszt\u00e9sb\u0151l sz\u00e1rmazik \u00e9s pr\u00e9mium min\u0151s\u00e9g\u0171.<\/span><\/p>\n<p><span style=\"color: #000000\">A m\u00e1riat\u00f6vis, amelyet n\u00e9ha M\u00e1ria bog\u00e1ncsnak is neveznek, a m\u00e1jbetegs\u00e9gek kezel\u00e9s\u00e9ben ny\u00fajt hat\u00e9kony seg\u00edts\u00e9get. M\u00e1r az \u00f3kori G\u00f6r\u00f6gorsz\u00e1gban \u00e9s R\u00f3m\u00e1ban is termesztett\u00e9k. Sz\u00e1mos eur\u00f3pai \u00e9s \u00e1zsiai r\u00e9gi\u00f3ban is megterem.<\/span><\/p>\n<p><span style=\"color: #000000\">A m\u00e1riat\u00f6vist mindenki fogyaszthatja, aki szeretn\u00e9 v\u00e9deni m\u00e1j\u00e1t, eg\u00e9szs\u00e9gtelen \u00e9tkez\u00e9si szok\u00e1sokat folytat, gyomor\u00e9g\u00e9ssel, em\u00e9szt\u00e9si probl\u00e9m\u00e1kkal k\u00fczd, vagy \u00e1lland\u00f3an stresszben van. Fontos megjegyezni, hogy minden, amit megesz\u00fcnk vagy megiszunk, \u00e1thalad a m\u00e1junkon. Mint sz\u0171r\u0151, kisz\u0171rik a testb\u0151l a m\u00e9rgez\u0151 anyagokat.<\/span><\/p>\n<p><span style=\"color: #000000\">A m\u00e1riat\u00f6vis els\u0151sorban a m\u00e1jat v\u00e9dik a m\u00e9rgez\u0151 anyagokt\u00f3l \u00e9s seg\u00edtenek a m\u00e9regtelen\u00edt\u00e9sben. Seg\u00edtenek a daganatos betegs\u00e9gek kezel\u00e9se sor\u00e1n keletkezett m\u00e1jprobl\u00e9m\u00e1kn\u00e1l is. Kulcsfontoss\u00e1g\u00fa \u00f6sszetev\u0151j\u00fck a szilimarin, amely v\u00e9di a sejtfalat a k\u00e1ros anyagok behatol\u00e1s\u00e1t\u00f3l, valamint regener\u00e1lja \u00e9s serkenti a m\u00e1jsejteket. Hat\u00e9konyan m\u0171k\u00f6dik a m\u00e1jprobl\u00e9m\u00e1kkal \u00e9s a m\u00e1jgyullad\u00e1sokkal, \u00e9s seg\u00edt a m\u00e1jcirr\u00f3zis \u00e9s a hepatitis eset\u00e9ben is.<\/span><\/p>\n<p><span style=\"color: #000000\">Emellett seg\u00edt az em\u00e9szt\u00e9si probl\u00e9m\u00e1kn\u00e1l, a bels\u0151 szervek g\u00f6rcsein\u00e9l, megakad\u00e1lyozza az epek\u00f6vek kialakul\u00e1s\u00e1t \u00e9s serkenti az epe\u00e1raml\u00e1st.<\/span><\/p>\n<h2><span style=\"color: #000000\">Hogyan m\u0171k\u00f6dik a m\u00e1riat\u00f6vis?<\/span><\/h2>\n<p><span style=\"color: #000000\">A m\u00e1j az egyik legfontosabb szerv\u00fcnk, amikor a test tiszt\u00edt\u00e1s\u00e1r\u00f3l \u00e9s m\u00e9regtelen\u00edt\u00e9s\u00e9r\u0151l van sz\u00f3. A modern vil\u00e1gban \u2013 tele feldolgozott \u00e9telekkel \u00e9s stresszel \u2013 a m\u00e1j gyakran t\u00falzottan elzs\u00edrosodik, ami t\u00f6bbek k\u00f6z\u00f6tt rossz hat\u00e1ssal van az eg\u00e9szs\u00e9g\u00fcnkre. A m\u00e1j nem k\u00e9pes, vagy csak nehezen v\u00e9gzi a munk\u00e1j\u00e1t. Ennek jelei lehetnek a rossz k\u00f6z\u00e9rzet, puffad\u00e1s \u00e9s f\u00e1radts\u00e1g. Gyakran \u00e9szlelhet\u0151 az is, hogy t\u00falzottan felhalmoz\u00f3dik a zs\u00edr a der\u00e9kt\u00e1jon \u00e9s t\u00fals\u00falyosak vagyunk. Egy\u00e9bk\u00e9nt a helyzet \u00e1ltal\u00e1ban nem j\u00e1r egy\u00e9rtelm\u0171 t\u00fcnetekkel, de s\u00falyos probl\u00e9m\u00e1khoz \u00e9s betegs\u00e9gekhez vezethet.<\/span><\/p>\n<p><span style=\"color: #000000\">A m\u00e1riat\u00f6vis bizony\u00edtottan seg\u00edt megv\u00e9deni a m\u00e1jat \u00e9s m\u00e9regtelen\u00edti a testet.<\/span><\/p>\n<p><span style=\"color: #000000\">Az akt\u00edv \u00f6sszetev\u0151 (szilimarin) miatt a m\u00e1riat\u00f6visnek \u00e1ll\u00edt\u00f3lag van antioxid\u00e1ns hat\u00e1sa, mivel antioxid\u00e1ns hat\u00e1s\u00e1nak k\u00f6sz\u00f6nhet\u0151en n\u00f6veli a term\u00e9szetes v\u00e9delmi anyagokat \u00e9s megk\u00f6t\u0151 szabad gy\u00f6k\u00f6ket.<\/span><\/p>\n<h2><span style=\"color: #000000\">Kinek aj\u00e1nljuk a m\u00e1riat\u00f6vis por bevitel\u00e9t?<\/span><\/h2>\n<p><span style=\"color: #000000\">A m\u00e1riat\u00f6vis por fogyaszt\u00e1s\u00e1t els\u0151sorban azoknak aj\u00e1nljuk, akik m\u00e1jprobl\u00e9m\u00e1kkal, m\u00e1jzs\u00edrosod\u00e1ssal, puffad\u00e1ssal \u00e9s a bord\u00e1k k\u00f6rny\u00e9k\u00e9n \u00e9rzett sz\u00far\u00f3 f\u00e1jdalommal k\u00fczdenek. A m\u00e1riat\u00f6vis por bev\u00e9tele kiv\u00e1l\u00f3 m\u00e9regtelen\u00edt\u0151 k\u00fara is. A k\u00f6rnyezetszennyez\u00e9s, a t\u00fals\u00faly vagy elh\u00edz\u00e1s, a feldolgozott \u00e9s zs\u00edros \u00e9telek, valamint az alkohol fogyaszt\u00e1sa, valamint a t\u00falzottan \u00fcl\u0151 \u00e9letm\u00f3d mind hozz\u00e1j\u00e1rulhatnak a m\u00e1jzs\u00edrosod\u00e1shoz. Mivel a t\u00fcnetek ritk\u00e1n mutatkoznak, vagy csak akkor, amikor a betegs\u00e9g m\u00e1r el\u0151rehaladott \u00e1llapotban van, fontos, hogy megel\u0151z\u0151 int\u00e9zked\u00e9seket tegy\u00fcnk.<\/span><\/p>\n<h2><span style=\"color: #000000\">T\u00e1rol\u00e1s \u00e9s figyelmeztet\u00e9sek<\/span><\/h2>\n<p><span style=\"color: #000000\">T\u00e1rolja sz\u00e1raz \u00e9s h\u0171v\u00f6s helyen, legfeljebb 25 \u00b0C h\u0151m\u00e9rs\u00e9kleten. Az \u00e9trend-kieg\u00e9sz\u00edt\u0151t tartsa gyermekekt\u0151l elz\u00e1rva!<\/span><\/p>\n<p><span style=\"color: #000000\">Ne feledje a v\u00e1ltozatos \u00e9trend \u00e9s az eg\u00e9szs\u00e9ges \u00e9letm\u00f3d fontoss\u00e1g\u00e1t, az \u00e9trend-kieg\u00e9sz\u00edt\u0151 nem helyettes\u00edti az egyens\u00falyt \u00e9s a v\u00e1ltozatoss\u00e1got biztos\u00edt\u00f3 \u00e9trendet. A javasolt napi adagot vagy mennyis\u00e9get ne l\u00e9pje t\u00fal. Terhes \u00e9s szoptat\u00f3 any\u00e1knak nem aj\u00e1nlott a haszn\u00e1lata. Gondoskodjon a megfelel\u0151 \u00f3vatoss\u00e1gr\u00f3l n\u00e9h\u00e1ny cukorbetegs\u00e9g elleni gy\u00f3gyszer szed\u00e9se eset\u00e9n is.<\/span><\/p>\n<h2><span style=\"color: #000000\">Csomagol\u00e1s<\/span><\/h2>\n<p><span style=\"color: #000000\">L\u00e9gmentesen z\u00e1rhat\u00f3 tasak, amelyben a term\u00e9k meg\u0151rzi minden frissess\u00e9g\u00e9t \u00e9s\u00a0arom\u00e1j\u00e1t. A csomagol\u00e1s v\u00e9d a f\u00e9nyt\u0151l \u00e9s a leveg\u0151t\u0151l, mivel t\u00f6bb\u00a0v\u00e9d\u0151r\u00e9tegb\u0151l \u00e1ll, amelyek meg\u0151rzik a tartalom tulajdons\u00e1gait. A csomagol\u00e1s\u00a0nagyon praktikus \u00e9s \u00fajrahasznos\u00edthat\u00f3.<\/span><\/p>\n<h2><span style=\"color: #000000\">Sz\u00e1rmaz\u00e1si orsz\u00e1g<\/span><\/h2>\n<p><span style=\"color: #000000\">EU<\/span><\/p>\n","protected":false},"excerpt":{"rendered":"<p>A m\u00e1riat\u00f6vist n\u00e9ha M\u00e1ria bog\u00e1ncsnak is nevezik, \u00e9s ez az egyik legismertebb gy\u00f3gyn\u00f6v\u00e9ny a m\u00e1jbetegs\u00e9gek kezel\u00e9s\u00e9re, mert:<\/p>\n<p>\ud83d\udc9a v\u00e9d a m\u00e1jat a m\u00e9rgek ellen,<\/p>\n<p>\ud83d\udc9a seg\u00edt a m\u00e9regtelen\u00edt\u00e9sben,<\/p>\n<p>\ud83d\udc9a antioxid\u00e1ns hat\u00e1s\u00fa,<\/p>\n<p>\ud83d\udc9a enyh\u00edti a m\u00e1jbetegs\u00e9gekkel j\u00e1r\u00f3 probl\u00e9m\u00e1kat.<\/p>\n","protected":false},"featured_media":6049,"comment_status":"open","ping_status":"closed","template":"","meta":{"_acf_changed":false},"product_brand":[],"product_cat":[224,194,225,195],"product_tag":[],"class_list":{"0":"post-6048","1":"product","2":"type-product","3":"status-publish","4":"has-post-thumbnail","6":"product_cat-ajanlat","7":"product_cat-ajurveda","8":"product_cat-minden-termek","9":"product_cat-szuperelelmiszer","11":"first","12":"instock","13":"sale","14":"taxable","15":"shipping-taxable","16":"purchasable","17":"product-type-simple"},"acf":[],"_links":{"self":[{"href":"https:\/\/fengchashop.com\/hu\/wp-json\/wp\/v2\/product\/6048","targetHints":{"allow":["GET"]}}],"collection":[{"href":"https:\/\/fengchashop.com\/hu\/wp-json\/wp\/v2\/product"}],"about":[{"href":"https:\/\/fengchashop.com\/hu\/wp-json\/wp\/v2\/types\/product"}],"replies":[{"embeddable":true,"href":"https:\/\/fengchashop.com\/hu\/wp-json\/wp\/v2\/comments?post=6048"}],"wp:featuredmedia":[{"embeddable":true,"href":"https:\/\/fengchashop.com\/hu\/wp-json\/wp\/v2\/media\/6049"}],"wp:attachment":[{"href":"https:\/\/fengchashop.com\/hu\/wp-json\/wp\/v2\/media?parent=6048"}],"wp:term":[{"taxonomy":"product_brand","embeddable":true,"href":"https:\/\/fengchashop.com\/hu\/wp-json\/wp\/v2\/product_brand?post=6048"},{"taxonomy":"product_cat","embeddable":true,"href":"https:\/\/fengchashop.com\/hu\/wp-json\/wp\/v2\/product_cat?post=6048"},{"taxonomy":"product_tag","embeddable":true,"href":"https:\/\/fengchashop.com\/hu\/wp-json\/wp\/v2\/product_tag?post=6048"}],"curies":[{"name":"wp","href":"https:\/\/api.w.org\/{rel}","templated":true}]}}