{"id":6044,"date":"2022-03-03T09:39:04","date_gmt":"2022-03-03T08:39:04","guid":{"rendered":"https:\/\/fengchashop.com\/hu\/product\/tribulus-terrestris-bio-250-g\/"},"modified":"2026-04-29T02:37:03","modified_gmt":"2026-04-29T00:37:03","slug":"tribulus-terrestris-bio","status":"publish","type":"product","link":"https:\/\/fengchashop.com\/hu\/product\/tribulus-terrestris-bio\/","title":{"rendered":"Tribulus terrestris BIO 250 g"},"content":{"rendered":"<h2><span style=\"color: #000000;\">Tribulus terrestris BIO por<\/span><\/h2>\n<p><span style=\"color: #000000;\">A Tribulus terrestris (m\u00e1s n\u00e9ven <strong>gokshura<\/strong>) egy haz\u00e1nkban is term\u0151 n\u00f6v\u00e9ny, b\u00e1r ritk\u00e1bban tal\u00e1lkozhatunk vele. <strong>Fogf\u0171<\/strong> n\u00e9ven ismert. Mivel a vil\u00e1gon meglehet\u0151sen elterjedt gy\u00f3gyn\u00f6v\u00e9ny, n\u00e9ha gyomn\u00f6v\u00e9nynek tekintik. Haz\u00e1nkban leggyakrabban az utak ment\u00e9n vagy a vas\u00fati s\u00ednek ment\u00e9n n\u0151. Alacsonyra n\u00f6v\u0151 n\u00f6v\u00e9ny, apr\u00f3 s\u00e1rga vir\u00e1gokkal. A n\u00f6v\u00e9ny rendk\u00edv\u00fcl kem\u00e9ny \u00e9s sz\u00far\u00f3s term\u00e9s\u00e9b\u0151l k\u00fcl\u00f6nf\u00e9le t\u00e1pl\u00e1l\u00e9kkieg\u00e9sz\u00edt\u0151ket k\u00e9sz\u00edtenek, amelyek<strong> fokozz\u00e1k a szexu\u00e1lis potenci\u00e1t \u00e9s n\u00f6velik a szervezet tesztoszteronszintj\u00e9t.<\/strong> Ez\u00e9rt k\u00fcl\u00f6nleges helyet foglal el a hagyom\u00e1nyos k\u00ednai orvosl\u00e1sban \u00e9s az Ayurv\u00e9d\u00e1ban, mivel <strong>term\u00e9szetes afrodizi\u00e1kumnak<\/strong> tartj\u00e1k. Emellett m\u00e1s el\u0151nyei is vannak, amelyek els\u0151sorban a f\u00e9rfiakra hatnak. <strong>Szexu\u00e1lis zavarok, t\u00f6bbek k\u00f6z\u00f6tt mereved\u00e9si zavarok eset\u00e9n alkalmazz\u00e1k.<\/strong><\/span><\/p>\n<p><span style=\"color: #000000;\">Mivel a fogpiszk\u00e1l\u00f3 megemeli a tesztoszteron hormon szintj\u00e9t, gyakran haszn\u00e1lj\u00e1k azok is, akik n\u00f6velni szeretn\u00e9k izomt\u00f3nusukat, p\u00e9ld\u00e1ul a test\u00e9p\u00edt\u0151k \u00e9s a sportol\u00f3k. A sportol\u00f3k a m\u00e1riat\u00f6visre esk\u00fcsznek anabolikus hat\u00e1sa miatt. A tesztoszteron hormon magas szintje ugyanis serkenti a feh\u00e9rjeszint\u00e9zist. Ez a sportol\u00f3kn\u00e1l n\u00f6veli az izomt\u00f6meget, k\u00f6vetkez\u00e9sk\u00e9ppen az \u00e1ll\u00f3k\u00e9pess\u00e9get, az energi\u00e1t \u00e9s az er\u0151t.<\/span><\/p>\n<h2><span style=\"color: #000000;\">Kinek lehet el\u0151ny\u00f6s a tribulus terrestris szed\u00e9se?<\/span><\/h2>\n<p><span style=\"color: #000000;\">A tribulus terrestrisben tal\u00e1lhat\u00f3 hat\u00f3anyagok k\u00f6z\u00e9 tartoznak a<strong> szaponinok, flavonoidok, alkaloidok, glikozidok \u00e9s ligninamidok.<\/strong> A k\u00f6z\u00f6ns\u00e9ges fogf\u0171 <strong>luteiniz\u00e1l\u00f3 hormont<\/strong> tartalmaz, <strong>amely<\/strong> feltehet\u0151en serkenti a her\u00e9ket a tesztoszteron hormon termel\u00e9s\u00e9re. Ez szab\u00e1lyozza a f\u00e9rfiakn\u00e1l a her\u00e9k, a n\u0151kn\u00e9l pedig a petef\u00e9szkek m\u0171k\u00f6d\u00e9s\u00e9t. Ez\u00e9rt fontos szerepet j\u00e1tszik a n\u0151k menstru\u00e1ci\u00f3s ciklus\u00e1ban.<\/span><\/p>\n<p><span style=\"color: #000000;\">A k\u00f6z\u00e9pkor\u00fa f\u00e9rfiakn\u00e1l a menopauz\u00e1ban l\u00e9v\u0151 n\u0151kh\u00f6z hasonl\u00f3 hormon\u00e1lis v\u00e1ltoz\u00e1sok k\u00f6vetkeznek be. A cs\u00f6kken\u0151 tesztoszteronszint k\u00f6vetkezt\u00e9ben a nemi hormonok egyens\u00falya felborul, ami a f\u00e9rfiakn\u00e1l hasonl\u00f3 probl\u00e9m\u00e1kat okoz, mint a klimaxos n\u0151kn\u00e9l. Ezt a jelens\u00e9get <strong>andropauz\u00e1nak<\/strong> vagy f\u00e9rfi menopauz\u00e1nak nevezik. Az andropauza gyakran felel\u0151s a f\u00e9rfiakn\u00e1l k\u00f6z\u00e9pkorban (valamikor 40 \u00e9ves kor ut\u00e1n) jelentkez\u0151 probl\u00e9m\u00e1k\u00e9rt. Az alacsony tesztoszteronszint az energia cs\u00f6kken\u00e9s\u00e9t, a koleszterinszint \u00e9s a v\u00e9rcukorszint emelked\u00e9s\u00e9t, a mem\u00f3ria \u00e9s a koncentr\u00e1ci\u00f3 roml\u00e1s\u00e1t, nyugtalan alv\u00e1st, magas v\u00e9rnyom\u00e1st \u00e9s m\u00e1s hasonl\u00f3 probl\u00e9m\u00e1kat, p\u00e9ld\u00e1ul ingerl\u00e9kenys\u00e9get, nyugtalans\u00e1got \u00e9s a der\u00e9k k\u00f6r\u00fcli zs\u00edrp\u00e1rn\u00e1k felhalmoz\u00f3d\u00e1s\u00e1nak n\u00f6veked\u00e9s\u00e9t okozhatja. A f\u00e9rfiak norm\u00e1lis, azaz magasabb tesztoszteronszintje az eg\u00e9szs\u00e9ges sz\u00edv \u00e9s erek szempontj\u00e1b\u00f3l is fontos.<\/span><\/p>\n<p><span style=\"color: #000000;\">A tribulus terrestris szed\u00e9se teh\u00e1t a f\u00e9rfiak eg\u00e9szs\u00e9g\u00e9nek \u00e9s j\u00f3ll\u00e9t\u00e9nek sz\u00e1mos ter\u00fclet\u00e9n el\u0151ny\u00f6s. K\u00fcl\u00f6n\u00f6sen alkalmas azonban a k\u00f6z\u00e9pkor\u00fa \u00e9s id\u0151sebb emberek sz\u00e1m\u00e1ra, akik m\u00e1r tapasztalj\u00e1k a cs\u00f6kken\u0151 szexu\u00e1lis potenci\u00e1l \u00e9s nemi v\u00e1gy hat\u00e1sait. B\u00e1r ink\u00e1bb a f\u00e9rfiaknak sz\u00e1nj\u00e1k, mivel n\u00f6veli a f\u00e9rfi nemi hormon, a tesztoszteron szintj\u00e9t, a<strong> n\u0151k is haszn\u00e1lhatj\u00e1k<\/strong> term\u00e9szetes afrodizi\u00e1kumk\u00e9nt. N\u00f6velheti a n\u0151i term\u00e9kenys\u00e9get is, seg\u00edthet a menstru\u00e1ci\u00f3s probl\u00e9m\u00e1kon \u00e9s a klimaxos panaszokon. Mivel seg\u00edtheti a n\u0151i hormon term\u00e9szetes egyens\u00faly\u00e1t, a ment\u00e1lis j\u00f3l\u00e9t\u00fcnkre is pozit\u00edv hat\u00e1ssal van.<\/span><\/p>\n<h2><span style=\"color: #000000;\">T\u00e1rol\u00e1s \u00e9s figyelmeztet\u00e9sek<\/span><\/h2>\n<p><span style=\"color: #000000;\">H\u0171v\u00f6s, sz\u00e1raz helyen t\u00e1roland\u00f3. Tartsa az \u00e9trend-kieg\u00e9sz\u00edt\u0151t gyermekek el\u0151l elz\u00e1rva!<\/span><\/p>\n<p><span style=\"color: #000000;\">Ne feledje a v\u00e1ltozatos \u00e9trend \u00e9s az eg\u00e9szs\u00e9ges \u00e9letm\u00f3d fontoss\u00e1g\u00e1t, az \u00e9trend-kieg\u00e9sz\u00edt\u0151 teh\u00e1t nem helyettes\u00edti a kiegyens\u00falyozott \u00e9s v\u00e1ltozatos \u00e9trendet. Az aj\u00e1nlott napi mennyis\u00e9get vagy adagot nem szabad t\u00fall\u00e9pni. Nem alkalmas gyermekek, terhes n\u0151k \u00e9s szoptat\u00f3s any\u00e1k sz\u00e1m\u00e1ra.<\/span><\/p>\n<p><span style=\"color: #000000;\">Mivel n\u00f6velheti a prosztata m\u00e9ret\u00e9t, nem aj\u00e1nlott a haszn\u00e1lata megnagyobbodott prosztat\u00e1val rendelkez\u0151 f\u00e9rfiaknak. Ugyancsak nem aj\u00e1nlott olyan n\u0151kn\u00e9l, akiknek eml\u0151- vagy m\u00e9hr\u00e1kjuk volt.<\/span><\/p>\n<h2><span style=\"color: #000000;\">Csomagol\u00e1s<\/span><\/h2>\n<p><span style=\"color: #000000;\">Nem \u00e1tj\u00e1rhat\u00f3 cipz\u00e1ras tasak, amelyben a term\u00e9k meg\u0151rzi minden frissess\u00e9g\u00e9t \u00e9s arom\u00e1j\u00e1t. A csomagol\u00e1s v\u00e9di a term\u00e9ket a f\u00e9nyt\u0151l \u00e9s a leveg\u0151t\u0151l, mivel t\u00f6bb r\u00e9tegb\u0151l \u00e1ll, hogy meg\u0151rizze a tartalom tulajdons\u00e1gait.<\/span><\/p>\n<p><span style=\"color: #000000;\">A csomagol\u00e1s nagyon praktikus \u00e9s \u00fajrahasznos\u00edthat\u00f3.<\/span><\/p>\n<h2><span style=\"color: #000000;\">Sz\u00e1rmaz\u00e1si hely<\/span><\/h2>\n<p><span style=\"color: #000000;\">India<\/span><\/p>\n","protected":false},"excerpt":{"rendered":"<p align=\"JUSTIFY\"><span style=\"color: #000000;\">Tribulus terrestris (szint\u00e9n <strong><em>gokshura<\/em><\/strong>) is n\u0151 itt, b\u00e1r ritk\u00e1bban tal\u00e1lkozhatunk vele.<strong> K\u00f6zismert a k\u00f6z\u00f6ns\u00e9ges fogf\u0171<\/strong> n\u00e9ven. N\u00e1lunk leggyakrabban az utak ment\u00e9n vagy a vas\u00fati s\u00ednek ment\u00e9n n\u0151. Alacsonyra n\u00f6v\u0151 n\u00f6v\u00e9ny, apr\u00f3 s\u00e1rga vir\u00e1gokkal. A n\u00f6v\u00e9ny rendk\u00edv\u00fcl kem\u00e9ny \u00e9s t\u00fcsk\u00e9s term\u00e9s\u00e9b\u0151l k\u00fcl\u00f6nf\u00e9le szexualit\u00e1st fokoz\u00f3 t\u00e1pl\u00e1l\u00e9kkieg\u00e9sz\u00edt\u0151ket \u00e9s:<\/span><\/p>\n<p align=\"JUSTIFY\"><span style=\"color: #000000;\">\ud83d\udc9a term\u00e9szetes afrodizi\u00e1kum,<\/span><br \/>\n<span style=\"color: #000000;\">\ud83d\udc9a n\u00f6veli a tesztoszteronszintet a szervezetben,<\/span><br \/>\n<span style=\"color: #000000;\">\ud83d\udc9a enyh\u00edti az andropauza t\u00fcneteit,<\/span><br \/>\n<span style=\"color: #000000;\">\ud83d\udc9a cs\u00f6kkenti a szexu\u00e1lis diszfunkci\u00f3val kapcsolatos probl\u00e9m\u00e1kat.<\/span><\/p>\n","protected":false},"featured_media":6045,"comment_status":"open","ping_status":"closed","template":"","meta":{"_acf_changed":false},"product_brand":[],"product_cat":[224,228,225,195],"product_tag":[],"class_list":{"0":"post-6044","1":"product","2":"type-product","3":"status-publish","4":"has-post-thumbnail","6":"product_cat-ajanlat","7":"product_cat-legkeresettebb","8":"product_cat-minden-termek","9":"product_cat-szuperelelmiszer","11":"first","12":"instock","13":"sale","14":"taxable","15":"shipping-taxable","16":"purchasable","17":"product-type-simple"},"acf":[],"_links":{"self":[{"href":"https:\/\/fengchashop.com\/hu\/wp-json\/wp\/v2\/product\/6044","targetHints":{"allow":["GET"]}}],"collection":[{"href":"https:\/\/fengchashop.com\/hu\/wp-json\/wp\/v2\/product"}],"about":[{"href":"https:\/\/fengchashop.com\/hu\/wp-json\/wp\/v2\/types\/product"}],"replies":[{"embeddable":true,"href":"https:\/\/fengchashop.com\/hu\/wp-json\/wp\/v2\/comments?post=6044"}],"wp:featuredmedia":[{"embeddable":true,"href":"https:\/\/fengchashop.com\/hu\/wp-json\/wp\/v2\/media\/6045"}],"wp:attachment":[{"href":"https:\/\/fengchashop.com\/hu\/wp-json\/wp\/v2\/media?parent=6044"}],"wp:term":[{"taxonomy":"product_brand","embeddable":true,"href":"https:\/\/fengchashop.com\/hu\/wp-json\/wp\/v2\/product_brand?post=6044"},{"taxonomy":"product_cat","embeddable":true,"href":"https:\/\/fengchashop.com\/hu\/wp-json\/wp\/v2\/product_cat?post=6044"},{"taxonomy":"product_tag","embeddable":true,"href":"https:\/\/fengchashop.com\/hu\/wp-json\/wp\/v2\/product_tag?post=6044"}],"curies":[{"name":"wp","href":"https:\/\/api.w.org\/{rel}","templated":true}]}}