{"id":6029,"date":"2022-03-03T08:52:04","date_gmt":"2022-03-03T07:52:04","guid":{"rendered":"https:\/\/fengchashop.com\/hu\/product\/moringa-bio-250-g\/"},"modified":"2026-05-01T09:34:07","modified_gmt":"2026-05-01T07:34:07","slug":"moringa-bio","status":"publish","type":"product","link":"https:\/\/fengchashop.com\/hu\/product\/moringa-bio\/","title":{"rendered":"Moringa BIO 250 g"},"content":{"rendered":"<h2><span style=\"color: #000000\">Szerves moringa por<\/span><\/h2>\n<p><span style=\"color: #000000\">A moringa \u00e9vezredek \u00f3ta ismert n\u00f6v\u00e9ny, amelyet a hagyom\u00e1nyos gy\u00f3gy\u00e1szatban is haszn\u00e1ltak. Legal\u00e1bb 100 k\u00fcl\u00f6nb\u00f6z\u0151 neve van ennek a kicsi, de gyorsan n\u00f6v\u0151 tr\u00f3pusi f\u00e1nak, amelynek leveleit az egyik <strong>legt\u00e1panyagd\u00fasabb z\u00f6lds\u00e9gnek<\/strong> tartj\u00e1k.<\/span><\/p>\n<p><span style=\"color: #000000\">A moring\u00e1t<strong> magas \u00e9lelmi rosttartalma \u00e9s magas t\u00e1p\u00e9rt\u00e9ke<\/strong> miatt a z\u00f6lds\u00e9gf\u00e9l\u00e9k k\u00f6z\u00e9 sorolt\u00e1k, 100 gramm moringa ugyanis:<\/span><\/p>\n<p><span style=\"color: #000000\">\ud83d\udc9a ugyanannyi feh\u00e9rj\u00e9t tartalmaz, mint amennyi egy toj\u00e1sban tal\u00e1lhat\u00f3,<\/span><br \/>\n<span style=\"color: #000000\">\ud83d\udc9a ugyanannyi vasat, mint egy steak,<\/span><br \/>\n<span style=\"color: #000000\">\ud83d\udc9a ugyanannyi C-vitamint, mint egy narancs,<\/span><br \/>\n<span style=\"color: #000000\">\ud83d\udc9a ugyanannyi kalcium, mint egy poh\u00e1r tejben.<\/span><\/p>\n<p><span style=\"color: #000000\">Tartalmaz tov\u00e1bb\u00e1 B3-vitamint, A-vitamint, magn\u00e9ziumot, antioxid\u00e1nsokat, esszenci\u00e1lis aminosavakat, flavonoidokat, fenolsavakat \u00e9s egy\u00e9b t\u00e1panyagokat, amelyek a moring\u00e1t term\u00e9szetes multivitaminn\u00e1 teszik.<\/span><\/p>\n<p><span style=\"color: #000000\">Rendk\u00edv\u00fcl sz\u00e9les hat\u00e1sspektruma miatt 2018-ban az <strong>\u00e9v n\u00f6v\u00e9ny\u00e9nek<\/strong> v\u00e1lasztott\u00e1k. Emellett a vil\u00e1g egyik legjobban kutatott n\u00f6v\u00e9nye, az emberi szervezetre gyakorolt egyes hat\u00e1sai tudom\u00e1nyosan bizony\u00edtottak. Ezek k\u00f6z\u00fcl a k\u00f6vetkez\u0151k biztosan kiemelkednek:<\/span><\/p>\n<p><span style=\"color: #000000\">\ud83d\udc9a antioxid\u00e1ns \u00e9s gyullad\u00e1scs\u00f6kkent\u0151 hat\u00e1sa,<\/span><br \/>\n<span style=\"color: #000000\">\ud83d\udc9a hormonszab\u00e1lyoz\u00e1s,<\/span><br \/>\n<span style=\"color: #000000\">a v\u00e9rcukorszint, a ny\u00e1lm\u0171k\u00f6d\u00e9s \u00e9s ez\u00e1ltal az inzulinelv\u00e1laszt\u00e1s szab\u00e1lyoz\u00e1sa,<\/span><br \/>\n<span style=\"color: #000000\">\ud83d\udc9a hormon\u00e1lis egyens\u00faly szab\u00e1lyoz\u00e1sa,<\/span><br \/>\n<span style=\"color: #000000\">jav\u00edtja a v\u00e9rk\u00e9pet (hemoglobin), v\u00e9di a sz\u00edvet \u00e9s az agyat is,<\/span><br \/>\n<span style=\"color: #000000\">\ud83d\udc9a serkenti a m\u00e1jm\u0171k\u00f6d\u00e9st \u00e9s az em\u00e9szt\u00e9st,<\/span><br \/>\n<span style=\"color: #000000\">\ud83d\udc9a jav\u00edtja a b\u0151r \u00e1llapot\u00e1t,<\/span><br \/>\n<span style=\"color: #000000\">\ud83d\udc9a serkenti a boldogs\u00e1ghormon kiv\u00e1laszt\u00e1s\u00e1t, ez\u00e1ltal emeli a hangulatot.<\/span><\/p>\n<h2><span style=\"color: #000000\">Mi\u00e9rt aj\u00e1nlott annyira a moringa?<\/span><\/h2>\n<p><span style=\"color: #000000\">A sz\u00e1r\u00edtott moringa levelek k\u00f6nnyen t\u00e1rolhat\u00f3k \u00e9s felhaszn\u00e1lhat\u00f3k. Napi 30 gramm moringa elfogyaszt\u00e1sa fedezi a napi A-vitamin sz\u00fcks\u00e9gletet, a napi kalciumsz\u00fcks\u00e9glet 80%-\u00e1t, a napi vassz\u00fcks\u00e9glet 60%-\u00e1t \u00e9s a napi feh\u00e9rjesz\u00fcks\u00e9glet k\u00f6zel 40%-\u00e1t. A moringa nagy mennyis\u00e9g\u0171 feh\u00e9rj\u00e9t tartalmaz, bele\u00e9rtve mind a 8 esszenci\u00e1lis aminosavat, vitaminok \u00e9s \u00e1sv\u00e1nyi anyagok sz\u00e9les sk\u00e1l\u00e1j\u00e1t, nagy mennyis\u00e9g\u0171 fitonutrienseket \u00e9s antioxid\u00e1nsokat.<\/span><\/p>\n<p><span style=\"color: #000000\">A Moringa ismert az<strong> alult\u00e1pl\u00e1lts\u00e1g<\/strong> elleni k\u00fczdelemr\u0151l<strong>, a gyullad\u00e1sok cs\u00f6kkent\u00e9s\u00e9r\u0151l, a v\u00e9r\u00e1raml\u00e1s serkent\u00e9s\u00e9r\u0151l \u00e9s a fert\u0151z\u00e9sek megel\u0151z\u00e9s\u00e9r\u0151l.<\/strong> Mivel mind a 8 esszenci\u00e1lis aminosavat tartalmazza (10 egy\u00e9b aminosav mellett),<strong> teljes \u00e9rt\u00e9k\u0171 feh\u00e9rj\u00e9r\u0151l<\/strong> van sz\u00f3, ami igazi ritkas\u00e1g a n\u00f6v\u00e9nyek k\u00f6z\u00f6tt, \u00e9s k\u00f6nnyen \u00f6sszehasonl\u00edthat\u00f3 az \u00e1llati feh\u00e9rj\u00e9kkel. Mivel n\u00f6v\u00e9nyi eredet\u0171, kiv\u00e1l\u00f3 helyettes\u00edt\u0151je mindazoknak, akik nem esznek h\u00fast, \u00e9s a moring\u00e1val p\u00f3tolhatj\u00e1k \u00e9trendj\u00fck feh\u00e9rjehi\u00e1ny\u00e1t.<\/span><br \/>\n<span style=\"color: #000000\">A moringa <strong>er\u0151sen \u00e9s eg\u00e9szs\u00e9gesen<\/strong> tartja <strong>a csontokat<\/strong> (a kalciumnak \u00e9s a magn\u00e9ziumnak k\u00f6sz\u00f6nhet\u0151en),<strong> t\u00e1pl\u00e1lja a b\u0151rt, szab\u00e1lyozza a v\u00e9rnyom\u00e1st, serkenti az em\u00e9szt\u00e9st \u00e9s az immunrendszert<\/strong>, \u00e9s seg\u00edt a felesleges kil\u00f3k lead\u00e1s\u00e1ban (magas a rosttartalma, de alacsony a zs\u00edr- \u00e9s kal\u00f3riatartalma).<\/span><\/p>\n<h2><span style=\"color: #000000\">Biol\u00f3giai termeszt\u00e9sb\u0151l<\/span><\/h2>\n<p><span style=\"color: #000000\">\u00c1tlagos t\u00e1p\u00e9rt\u00e9kek 100 g-ra: Energia: 1280 kJ \/ 307 kcal; Zs\u00edr: 6,7 g, ebb\u0151l tel\u00edtett zs\u00edrsavak: 1,7 g; Sz\u00e9nhidr\u00e1t: 24 g, ebb\u0151l cukrok: 6,1 g; Rost: 27,8 g, Feh\u00e9rje: 23,8 g; S\u00f3: &lt;0,1 g.<\/span><\/p>\n<h2><span style=\"color: #000000\">T\u00e1rol\u00e1s \u00e9s figyelmeztet\u00e9sek<\/span><\/h2>\n<p><span style=\"color: #000000\">H\u0171v\u00f6s, sz\u00e1raz helyen, legfeljebb 25 \u00b0C-on t\u00e1rolja. Az \u00e9trend-kieg\u00e9sz\u00edt\u0151t gyermekek el\u0151l elz\u00e1rva tartand\u00f3!<\/span><\/p>\n<p><span style=\"color: #000000\">Ne feledje a v\u00e1ltozatos \u00e9trend \u00e9s az eg\u00e9szs\u00e9ges \u00e9letm\u00f3d fontoss\u00e1g\u00e1t, az \u00e9trend-kieg\u00e9sz\u00edt\u0151 teh\u00e1t nem helyettes\u00edti a kiegyens\u00falyozott \u00e9s v\u00e1ltozatos \u00e9trendet. Az aj\u00e1nlott napi mennyis\u00e9get vagy adagot nem szabad t\u00fall\u00e9pni. Terhes \u00e9s szoptat\u00f3s n\u0151knek mindig javasolt, hogy haszn\u00e1lat el\u0151tt konzult\u00e1ljanak orvosukkal. Egy\u00e9bk\u00e9nt a moring\u00e1nak nincsenek ismert nemk\u00edv\u00e1natos hat\u00e1sai, \u00e9s terhess\u00e9g \u00e9s szoptat\u00e1s alatt is biztons\u00e1gosan fogyaszthat\u00f3.<\/span><\/p>\n<h2><span style=\"color: #000000\">Csomagol\u00e1s<\/span><\/h2>\n<p><span style=\"color: #000000\">Nem \u00e1tj\u00e1rhat\u00f3 cipz\u00e1ras tasak, amelyben a term\u00e9k meg\u0151rzi teljes frissess\u00e9g\u00e9t \u00e9s arom\u00e1j\u00e1t. A csomagol\u00e1s v\u00e9di a term\u00e9ket a f\u00e9nyt\u0151l \u00e9s a leveg\u0151t\u0151l, mivel t\u00f6bb r\u00e9tegb\u0151l \u00e1ll, amelyek meg\u0151rzik a tartalom tulajdons\u00e1gait.<\/span><\/p>\n<p><span style=\"color: #000000\">A csomagol\u00e1s nagyon praktikus \u00e9s \u00fajrahasznos\u00edthat\u00f3.<\/span><\/p>\n<h2><span style=\"color: #000000\">Sz\u00e1rmaz\u00e1si hely<\/span><\/h2>\n<p><span style=\"color: #000000\">Tanz\u00e1nia<\/span><\/p>\n","protected":false},"excerpt":{"rendered":"<p align=\"JUSTIFY\"><span style=\"color: #000000\">A tr\u00f3pusokon vir\u00e1gzik az apr\u00f3, gyorsan n\u00f6v\u0151 moringa fa, amelynek levelei a leggazdagabb t\u00e1panyagtartalm\u00fa z\u00f6lds\u00e9gek k\u00f6z\u00e9 tartoznak.<\/span><br \/>\n<span style=\"color: #000000\">A moring\u00e1t magas \u00e9lelmi rosttartalma \u00e9s magas t\u00e1p\u00e9rt\u00e9ke miatt a z\u00f6lds\u00e9gf\u00e9l\u00e9k k\u00f6z\u00e9 sorolt\u00e1k. 100 gramm moringa tartalmaz:<\/span><\/p>\n<p align=\"JUSTIFY\"><span style=\"color: #000000\">\ud83d\udc9a ugyanannyi feh\u00e9rj\u00e9t tartalmaz, mint amennyit egy toj\u00e1s tartalmaz,<\/span><br \/>\n<span style=\"color: #000000\">\ud83d\udc9a ugyanannyi vasat tartalmaz, mint egy steak,<\/span><br \/>\n<span style=\"color: #000000\">\ud83d\udc9a ugyanannyi C-vitamint, mint egy narancs, \u00e9s<\/span><br \/>\n<span style=\"color: #000000\">\ud83d\udc9a ugyanannyi kalciumot tartalmaz, mint egy poh\u00e1r tej.<\/span><\/p>\n","protected":false},"featured_media":6030,"comment_status":"open","ping_status":"closed","template":"","meta":{"_acf_changed":false},"product_brand":[],"product_cat":[224,194,225,195],"product_tag":[],"class_list":{"0":"post-6029","1":"product","2":"type-product","3":"status-publish","4":"has-post-thumbnail","6":"product_cat-ajanlat","7":"product_cat-ajurveda","8":"product_cat-minden-termek","9":"product_cat-szuperelelmiszer","11":"first","12":"instock","13":"sale","14":"taxable","15":"shipping-taxable","16":"purchasable","17":"product-type-simple"},"acf":[],"_links":{"self":[{"href":"https:\/\/fengchashop.com\/hu\/wp-json\/wp\/v2\/product\/6029","targetHints":{"allow":["GET"]}}],"collection":[{"href":"https:\/\/fengchashop.com\/hu\/wp-json\/wp\/v2\/product"}],"about":[{"href":"https:\/\/fengchashop.com\/hu\/wp-json\/wp\/v2\/types\/product"}],"replies":[{"embeddable":true,"href":"https:\/\/fengchashop.com\/hu\/wp-json\/wp\/v2\/comments?post=6029"}],"wp:featuredmedia":[{"embeddable":true,"href":"https:\/\/fengchashop.com\/hu\/wp-json\/wp\/v2\/media\/6030"}],"wp:attachment":[{"href":"https:\/\/fengchashop.com\/hu\/wp-json\/wp\/v2\/media?parent=6029"}],"wp:term":[{"taxonomy":"product_brand","embeddable":true,"href":"https:\/\/fengchashop.com\/hu\/wp-json\/wp\/v2\/product_brand?post=6029"},{"taxonomy":"product_cat","embeddable":true,"href":"https:\/\/fengchashop.com\/hu\/wp-json\/wp\/v2\/product_cat?post=6029"},{"taxonomy":"product_tag","embeddable":true,"href":"https:\/\/fengchashop.com\/hu\/wp-json\/wp\/v2\/product_tag?post=6029"}],"curies":[{"name":"wp","href":"https:\/\/api.w.org\/{rel}","templated":true}]}}