{"id":6019,"date":"2022-02-22T16:08:43","date_gmt":"2022-02-22T15:08:43","guid":{"rendered":"https:\/\/fengchashop.com\/hu\/product\/piros-maca-por-bio-250-g\/"},"modified":"2026-04-27T12:21:40","modified_gmt":"2026-04-27T10:21:40","slug":"mac-piros-por-bio","status":"publish","type":"product","link":"https:\/\/fengchashop.com\/hu\/product\/mac-piros-por-bio\/","title":{"rendered":"Maca piros por BIO 250 g"},"content":{"rendered":"<h2><span style=\"color: #000000;\">V\u00f6r\u00f6s maca por BIO<\/span><\/h2>\n<p><span style=\"color: #000000;\">A maca egy gy\u00f6k\u00e9rn\u00f6v\u00e9ny, amely a perui Andok magaslatain vir\u00e1gzik, ellen\u00e1lva a sz\u00e9ls\u0151s\u00e9ges id\u0151j\u00e1r\u00e1si viszonyoknak \u00e9s a nagy h\u0151m\u00e9rs\u00e9klet-v\u00e1ltoz\u00e1soknak a nappalok \u00e9s \u00e9jszak\u00e1k k\u00f6z\u00f6tt. <strong>Perui ginzeng<\/strong> n\u00e9ven is ismert. Mivel a t\u00fal\u00e9l\u00e9s szempontj\u00e1b\u00f3l gyakorlatilag legy\u0151zhetetlen, m\u00e1r az \u00f3kori ink\u00e1k is haszn\u00e1lt\u00e1k hat\u00f3anyagait, amelyek k\u00fcl\u00f6n\u00f6sen <strong>j\u00f3l hatnak a f\u00e9rfi libid\u00f3ra<\/strong> \u00e9s az \u00e1ltal\u00e1nos eg\u00e9szs\u00e9gi \u00e1llapotra. \u00c9ppen ez ut\u00f3bbi miatt tartj\u00e1k rendk\u00edv\u00fcl \u00e9rt\u00e9kes szuper\u00e9lelmiszernek.<\/span><\/p>\n<p><span style=\"color: #000000;\">A maca gy\u00f3gyhat\u00e1s\u00fa r\u00e9sze a gum\u00f3, amelyben nagy mennyis\u00e9gben jelen vannak<strong>a vitaminok, az \u00e1sv\u00e1nyi anyagok \u00e9s az aminosavak<\/strong>. A hormonokhoz hasonl\u00f3an hat\u00f3 anyagoknak k\u00f6sz\u00f6nhet\u0151en szab\u00e1lyozza az \u00f6sztrog\u00e9n, a progeszteron \u00e9s a tesztoszteron szintj\u00e9t, ami j\u00f3t\u00e9kony hat\u00e1ssal van k\u00f6z\u00e9rzet\u00fcnkre, er\u0151t \u00e9s kitart\u00e1st ad. Az olyan fontos vitaminok, mint a B1, B12, C \u00e9s E vitamin, valamint a zs\u00edrsavak, \u00e1sv\u00e1nyi anyagok \u00e9s aminosavak (k\u00f6zt\u00fck 7 esszenci\u00e1lis \u2013 amelyekre szervezet\u00fcnknek felt\u00e9tlen\u00fcl sz\u00fcks\u00e9ge van) tartalma miatt a maca az egyik leghat\u00e9konyabb, legk\u00edv\u00e1natosabb \u00e9s legaj\u00e1nlottabb szuper\u00e9lelmiszer, mely t\u00f6bb ezer \u00e9ves hagyom\u00e1nnyal rendelkezik.<\/span><\/p>\n<p><span style=\"color: #000000;\">Egy <strong>adaptog\u00e9n n\u00f6v\u00e9ny<\/strong>, amely <strong>n\u00f6veli az energiaszintet, az \u00e1ll\u00f3k\u00e9pess\u00e9get, a vitalit\u00e1st \u00e9s a fizikai er\u0151t<\/strong>. Seg\u00edt jobban reag\u00e1lni a stresszre \u00e9s k\u00f6nnyebben alkalmazkodni a v\u00e1ltoz\u00e1sokhoz. Legink\u00e1bb Peru k\u00f6z\u00e9ps\u0151 r\u00e9sz\u00e9n, az Andokban n\u0151l, neh\u00e9z k\u00f6r\u00fclm\u00e9nyek k\u00f6z\u00f6tt \u00e9s nagyon nagy magass\u00e1gban &#8211; 4000 m\u00e9ter felett. Ez egy keresztesvir\u00e1g\u00fa z\u00f6lds\u00e9g, mint a brokkoli, a karfiol, a feh\u00e9rr\u00e9pa, a k\u00e1poszta, a kelk\u00e1poszta \u00e9s a retek. A n\u00f6v\u00e9ny legehet\u0151bb r\u00e9sze a gy\u00f6k\u00e9r (gum\u00f3). T\u00f6bb sz\u00ednben l\u00e9tezik, feh\u00e9rt\u0151l feket\u00e9ig. A legn\u00e9pszer\u0171bbek<strong> a s\u00e1rga, a piros \u00e9s a fekete<\/strong>. A sima s\u00e1rga mac\u00e1t napi rendszeress\u00e9g\u0171 \u00e9s hossz\u00fa t\u00e1v\u00fa fogyaszt\u00e1sra haszn\u00e1lj\u00e1k. A v\u00f6r\u00f6s \u00e9s fekete maca szent fajt\u00e1nak sz\u00e1m\u00edt, \u00e9s kr\u00f3nikus ter\u00e1pi\u00e1s probl\u00e9m\u00e1kra haszn\u00e1lj\u00e1k. A s\u00e1rga maca semleges.<strong> A pirosat<\/strong> a <strong>bels\u0151 n\u0151i energi\u00e1nak tekintik.<\/strong> A fekete viszont a k\u00fcls\u0151 f\u00e9rfi energi\u00e1ra hat. Az ottani s\u00e1m\u00e1nok k\u00fcl\u00f6n\u00f6s figyelmet ford\u00edtanak arra, hogy egy probl\u00e9m\u00e1kkal k\u00fczd\u0151 ember milyen t\u00edpus\u00fa mac\u00e1t fogyasszon \u00e9s milyen mennyis\u00e9gben.<\/span><\/p>\n<p><span style=\"color: #000000;\">Nagyon \u00e9des \u00edz\u0171 \u00e9s sz\u00e9les k\u00f6r\u0171 felhaszn\u00e1l\u00e1si lehet\u0151s\u00e9gei vannak.<\/span><\/p>\n<p><span style=\"color: #000000;\">A v\u00f6r\u00f6s maca<strong> 100% bio<\/strong>. <strong>Perui hegyvid\u00e9ki biogazdas\u00e1gokb\u00f3l sz\u00e1rmazik<\/strong>. Minden t\u00e9telhez elv\u00e9gzett elemz\u00e9sekkel \u00e9s \u00e9rv\u00e9nyes tan\u00fas\u00edtv\u00e1nnyal rendelkez\u00fcnk.<\/span><\/p>\n<h2><span style=\"color: #000000;\">Mi\u00e9rt pont a mi v\u00f6r\u00f6s mac\u00e1nkat v\u00e1lassza?<\/span><\/h2>\n<p><span style=\"color: #000000;\">\u00c1ll\u00edt\u00f3lag a v\u00f6r\u00f6s mac\u00e1nak van a legnagyobb <strong>antioxidat\u00edv ereje<\/strong>. Kutat\u00e1sok meger\u0151s\u00edtett\u00e9k, hogy a v\u00f6r\u00f6s maca seg\u00edthet a prosztatar\u00e1k \u00e9s a csontt\u00f6megveszt\u00e9s megakad\u00e1lyoz\u00e1s\u00e1ban. Ezenk\u00edv\u00fcl a v\u00f6r\u00f6s maca hasznos<strong> a hormonok szab\u00e1lyoz\u00e1s\u00e1ra is, valamint n\u00f6veli az er\u0151t \u00e9s az \u00e1ll\u00f3k\u00e9pess\u00e9get<\/strong>. Seg\u00edt a <strong>depresszi\u00f3 \u00e9s a stressz f\u00e9kbentart\u00e1s\u00e1ban is<\/strong>. Azt is kimutatt\u00e1k, hogy hat\u00e1ssal van a<strong> PMS<\/strong> \u00e9s <strong>a menopauza t\u00fcneteire, a n\u0151i libid\u00f3ra, \u00e9s cs\u00f6kkenti az \u00e1ltal\u00e1nos f\u00e1radts\u00e1got.<\/strong><\/span><\/p>\n<h2><span style=\"color: #000000;\">Mi\u00e9rt pont a mi mac\u00e1nkat v\u00e1lassza?<\/span><\/h2>\n<p><span style=\"color: #000000;\">A macaporunk <strong>ellen\u0151rz\u00f6tt biotermel\u00e9sb\u0151l sz\u00e1rmazik<\/strong>, gondosan meg van sz\u00e1r\u00edtva \u00e9s lisztszer\u0171 porr\u00e1 van \u0151r\u00f6lve. Emellett rendszeresen gondoskodunk arr\u00f3l, hogy maca k\u00e9szleteink<strong> mindig frissek<\/strong> legyenek! Ez\u00e9rt is k\u00e9sz\u00edtj\u00fck gondosan saj\u00e1t magunk a kever\u00e9ket, hiszen csak \u00edgy tudjuk biztos\u00edtani a s\u00e9rtetlens\u00e9g\u00e9t a megfelel\u0151 ar\u00e1ny\u00fa friss alapanyagokkal.<\/span><\/p>\n<p><span style=\"color: #000000;\">A maca perui hegyvid\u00e9ki biogazdas\u00e1gokb\u00f3l sz\u00e1rmazik. Minden t\u00e9telhez elv\u00e9gzett elemz\u00e9sekkel \u00e9s \u00e9rv\u00e9nyes tan\u00fas\u00edtv\u00e1nnyal rendelkez\u00fcnk.<\/span><\/p>\n<h2><span style=\"color: #000000;\">T\u00e1p\u00e9rt\u00e9k<\/span><\/h2>\n<p><span style=\"color: #000000;\">\u00c1tlagos t\u00e1p\u00e9rt\u00e9k 100 g v\u00f6r\u00f6s mac\u00e1ban: energia\u00e9rt\u00e9k: 1448 kJ\/342 kcal; zs\u00edr: 0,6 g, ebb\u0151l tel\u00edtett: 0,2 g; sz\u00e9nhidr\u00e1t: 67 g, ebb\u0151l cukrok: 24 g; feh\u00e9rje: 12 g; rost: 10 g \u00e9s s\u00f3: 0,53 g.<\/span><\/p>\n<h2><span style=\"color: #000000;\">T\u00e1rol\u00e1s \u00e9s figyelmeztet\u00e9sek<\/span><\/h2>\n<p><span style=\"color: #000000;\">Sz\u00e1raz \u00e9s h\u0171v\u00f6s helyen t\u00e1roland\u00f3. A t\u00e1pl\u00e1l\u00e9k-kieg\u00e9sz\u00edt\u0151t gyermekekt\u0151l elz\u00e1rva kell tartani!<\/span><\/p>\n<p><span style=\"color: #000000;\">Ne feledkezz\u00fcnk meg a v\u00e1ltozatos \u00e9trend \u00e9s az eg\u00e9szs\u00e9ges \u00e9letm\u00f3d fontoss\u00e1g\u00e1r\u00f3l, az \u00e9trend-kieg\u00e9sz\u00edt\u0151 ez\u00e9rt nem helyettes\u00edti a kiegyens\u00falyozott \u00e9s v\u00e1ltozatos \u00e9trendet. Az aj\u00e1nlott napi mennyis\u00e9get vagy adagot nem szabad t\u00fall\u00e9pni. Terhes \u00e9s szoptat\u00f3 any\u00e1knak mindig tan\u00e1csos orvoshoz fordulni haszn\u00e1lat el\u0151tt.<\/span><\/p>\n<h2><span style=\"color: #000000;\">J\u00f3 tudni<\/span><\/h2>\n<p><span style=\"color: #000000;\">A term\u00e9k \u00e1llatok sz\u00e1m\u00e1ra is alkalmas. A legt\u00f6bb esetben a gy\u00f3gygomb\u00e1k rendk\u00edv\u00fcl hat\u00e9konynak bizonyulnak az immunrendszer er\u0151s\u00edt\u00e9s\u00e9ben, az allergi\u00e1k \u00e9s b\u0151rbetegs\u00e9gek, valamint a v\u00edrusos \u00e9s bakteri\u00e1lis fert\u0151z\u00e9sek megsz\u00fcntet\u00e9s\u00e9ben. Haszn\u00e1lat el\u0151tt konzult\u00e1ljon \u00e1llatorvos\u00e1val a fogyaszt\u00e1s megfelel\u0151s\u00e9g\u00e9r\u0151l \u00e9s az aj\u00e1nlott napi mennyis\u00e9gr\u0151l.<\/span><\/p>\n<h2><span style=\"color: #000000;\">Sz\u00e1rmaz\u00e1si orsz\u00e1g<\/span><\/h2>\n<p><span style=\"color: #000000;\">Peru<\/span><\/p>\n","protected":false},"excerpt":{"rendered":"<p align=\"JUSTIFY\">A maca egy gy\u00f6k\u00e9rn\u00f6v\u00e9ny, amely a perui Andok magaslatain vir\u00e1gzik, ellen\u00e1lva a <strong>sz\u00e9ls\u0151s\u00e9ges id\u0151j\u00e1r\u00e1si viszonyoknak <\/strong>\u00e9s a nagy h\u0151m\u00e9rs\u00e9klet-v\u00e1ltoz\u00e1soknak a nappalok \u00e9s \u00e9jszak\u00e1k k\u00f6z\u00f6tt. A maca gy\u00f3gyhat\u00e1s\u00fa r\u00e9sze a gum\u00f3, amelyben nagy mennyis\u00e9gben jelen vannak<strong>a vitaminok, az \u00e1sv\u00e1nyi anyagok \u00e9s az aminosavak<\/strong>. Az olyan fontos vitaminok, mint a B1, B12, C \u00e9s E vitamin, valamint a zs\u00edrsavak, \u00e1sv\u00e1nyi anyagok \u00e9s aminosavak tartalma miatt a maca az egyik leghat\u00e9konyabb, legk\u00edv\u00e1natosabb \u00e9s legaj\u00e1nlottabb szuper\u00e9lelmiszer, mely t\u00f6bb ezer \u00e9ves hagyom\u00e1nnyal rendelkezik.<\/p>\n<p align=\"JUSTIFY\">\ud83d\udc9a A bels\u0151 n\u0151i energi\u00e1\u00e9rt.<br \/>\n\ud83d\udc9a Seg\u00edt a depresszi\u00f3, a f\u00e1radts\u00e1g \u00e9s a stressz kezel\u00e9s\u00e9ben.<br \/>\n\ud83d\udc9a N\u00f6veli a n\u0151i libid\u00f3t.<br \/>\n\ud83d\udc9a Szab\u00e1lyozza a hormonokat \u00e9s cs\u00f6kkenti a PMS \u00e9s a menopauza t\u00fcneteit.<\/p>\n","protected":false},"featured_media":6020,"comment_status":"open","ping_status":"closed","template":"","meta":{"_acf_changed":false},"product_brand":[],"product_cat":[224,225,195],"product_tag":[],"class_list":{"0":"post-6019","1":"product","2":"type-product","3":"status-publish","4":"has-post-thumbnail","6":"product_cat-ajanlat","7":"product_cat-minden-termek","8":"product_cat-szuperelelmiszer","10":"first","11":"instock","12":"sale","13":"taxable","14":"shipping-taxable","15":"purchasable","16":"product-type-simple"},"acf":[],"_links":{"self":[{"href":"https:\/\/fengchashop.com\/hu\/wp-json\/wp\/v2\/product\/6019","targetHints":{"allow":["GET"]}}],"collection":[{"href":"https:\/\/fengchashop.com\/hu\/wp-json\/wp\/v2\/product"}],"about":[{"href":"https:\/\/fengchashop.com\/hu\/wp-json\/wp\/v2\/types\/product"}],"replies":[{"embeddable":true,"href":"https:\/\/fengchashop.com\/hu\/wp-json\/wp\/v2\/comments?post=6019"}],"wp:featuredmedia":[{"embeddable":true,"href":"https:\/\/fengchashop.com\/hu\/wp-json\/wp\/v2\/media\/6020"}],"wp:attachment":[{"href":"https:\/\/fengchashop.com\/hu\/wp-json\/wp\/v2\/media?parent=6019"}],"wp:term":[{"taxonomy":"product_brand","embeddable":true,"href":"https:\/\/fengchashop.com\/hu\/wp-json\/wp\/v2\/product_brand?post=6019"},{"taxonomy":"product_cat","embeddable":true,"href":"https:\/\/fengchashop.com\/hu\/wp-json\/wp\/v2\/product_cat?post=6019"},{"taxonomy":"product_tag","embeddable":true,"href":"https:\/\/fengchashop.com\/hu\/wp-json\/wp\/v2\/product_tag?post=6019"}],"curies":[{"name":"wp","href":"https:\/\/api.w.org\/{rel}","templated":true}]}}