{"id":6015,"date":"2022-02-22T11:26:11","date_gmt":"2022-02-22T10:26:11","guid":{"rendered":"https:\/\/fengchashop.com\/hu\/product\/maca-crna-v-prahu-bio-250-g\/"},"modified":"2026-04-18T13:25:52","modified_gmt":"2026-04-18T11:25:52","slug":"mac-fekete-por-bio","status":"publish","type":"product","link":"https:\/\/fengchashop.com\/hu\/product\/mac-fekete-por-bio\/","title":{"rendered":"Maca fekete por BIO 250 g"},"content":{"rendered":"<h2><span style=\"color: #000000;\">Fekete maca por BIO<\/span><\/h2>\n<p><span style=\"color: #000000;\">A maca egy gy\u00f6k\u00e9rn\u00f6v\u00e9ny, amely a perui Andok magaslatain vir\u00e1gzik, ellen\u00e1llva a sz\u00e9ls\u0151s\u00e9ges id\u0151j\u00e1r\u00e1si viszonyoknak \u00e9s a nagy h\u0151m\u00e9rs\u00e9klet-v\u00e1ltoz\u00e1soknak a nappalok \u00e9s \u00e9jszak\u00e1k k\u00f6z\u00f6tt.\u00a0<strong>Perui ginzeng<\/strong>\u00a0n\u00e9ven is ismert. Mivel a t\u00fal\u00e9l\u00e9s szempontj\u00e1b\u00f3l gyakorlatilag legy\u0151zhetetlen, m\u00e1r az \u00f3kori ink\u00e1k is haszn\u00e1lt\u00e1k hat\u00f3anyagait, amelyek k\u00fcl\u00f6n\u00f6sen\u00a0<strong>j\u00f3l hatnak a f\u00e9rfi libid\u00f3ra<\/strong>\u00a0\u00e9s az \u00e1ltal\u00e1nos eg\u00e9szs\u00e9gi \u00e1llapotra. \u00c9ppen ez ut\u00f3bbi miatt tartj\u00e1k rendk\u00edv\u00fcl \u00e9rt\u00e9kes szuper\u00e9lelmiszernek.<\/span><\/p>\n<p><span style=\"color: #000000;\">A maca gy\u00f3gyhat\u00e1s\u00fa r\u00e9sze a gum\u00f3, mely rengeteg\u00a0<strong>vitamint, \u00e1sv\u00e1nyi anyagot \u00e9s aminosavat<\/strong>\u00a0tartalmaz. A hormonokhoz hasonl\u00f3an hat\u00f3 anyagoknak k\u00f6sz\u00f6nhet\u0151en szab\u00e1lyozza az \u00f6sztrog\u00e9n, a progeszteron \u00e9s a tesztoszteron szintj\u00e9t, ami j\u00f3t\u00e9kony hat\u00e1ssal van k\u00f6z\u00e9rzet\u00fcnkre, er\u0151t \u00e9s kitart\u00e1st ad. Az olyan fontos vitaminok, mint a B1, B12, C \u00e9s E vitamin, valamint a zs\u00edrsavak, \u00e1sv\u00e1nyi anyagok \u00e9s aminosavak (k\u00f6zt\u00fck 7 esszenci\u00e1lis \u2013 amelyekre szervezet\u00fcnknek felt\u00e9tlen\u00fcl sz\u00fcks\u00e9ge van) tartalma miatt a maca az egyik leghat\u00e9konyabb, legk\u00edv\u00e1natosabb \u00e9s legaj\u00e1nlottabb szuper\u00e9lelmiszer, mely t\u00f6bb ezer \u00e9ves hagyom\u00e1nnyal rendelkezik.<\/span><\/p>\n<p><span style=\"color: #000000;\">Ez egy<strong>\u00a0adaptog\u00e9n n\u00f6v\u00e9ny,<\/strong>\u00a0ami\u00a0<strong>n\u00f6veli az energiaszintet, az ellen\u00e1ll\u00f3k\u00e9pess\u00e9get, a vitalit\u00e1st \u00e9s a fizikai er\u0151t.\u00a0<\/strong>Seg\u00edt jobban reag\u00e1lni a stresszre \u00e9s k\u00f6nnyebben alkalmazkodni a v\u00e1ltoz\u00e1sokhoz. Legink\u00e1bb Peru k\u00f6z\u00e9ps\u0151 r\u00e9sz\u00e9n, az Andokban n\u0151, neh\u00e9z k\u00f6r\u00fclm\u00e9nyek k\u00f6z\u00f6tt \u00e9s nagyon nagy magass\u00e1gban &#8211; 4000 m\u00e9ter felett. Ez egy keresztesvir\u00e1g\u00fa z\u00f6lds\u00e9g, mint a brokkoli, a karfiol, a feh\u00e9rr\u00e9pa, a k\u00e1poszta, a kelk\u00e1poszta \u00e9s a retek. A n\u00f6v\u00e9ny legehet\u0151bb r\u00e9sze a gy\u00f6k\u00e9r (gum\u00f3). T\u00f6bb sz\u00ednben l\u00e9tezik, feh\u00e9rt\u0151l feket\u00e9ig. A legn\u00e9pszer\u0171bbek\u00a0<strong>a s\u00e1rga, a piros \u00e9s a fekete.<\/strong>\u00a0A sima s\u00e1rga mac\u00e1t napi rendszeress\u00e9g\u0171 \u00e9s hossz\u00fa t\u00e1v\u00fa fogyaszt\u00e1sra haszn\u00e1lj\u00e1k. A v\u00f6r\u00f6s \u00e9s fekete maca szent fajt\u00e1nak sz\u00e1m\u00edt, \u00e9s kr\u00f3nikus ter\u00e1pi\u00e1s probl\u00e9m\u00e1kra haszn\u00e1lj\u00e1k. A s\u00e1rga maca semleges. A v\u00f6r\u00f6set a bels\u0151 n\u0151i energi\u00e1nak tekintik. A feket\u00e9t pedig a\u00a0<strong>k\u00fcls\u0151 f\u00e9rfi energi\u00e1nak.<\/strong>\u00a0Az ottani s\u00e1m\u00e1nok k\u00fcl\u00f6n\u00f6s figyelmet ford\u00edtanak arra, hogy egy probl\u00e9m\u00e1kkal k\u00fczd\u0151 ember milyen t\u00edpus\u00fa mac\u00e1t fogyasszon \u00e9s milyen mennyis\u00e9gben.<\/span><\/p>\n<p><span style=\"color: #000000;\">Nagyon \u00e9des \u00edz\u0171 \u00e9s sokr\u00e9t\u0171 felhaszn\u00e1l\u00e1si k\u00f6re van.<\/span><\/p>\n<p><span style=\"color: #000000;\">A fekete maca termeszt\u00e9se a vil\u00e1gon l\u00e9tez\u0151 \u00f6sszes maca t\u00edpus termeszt\u00e9s\u00e9nek csak k\u00f6r\u00fclbel\u00fcl 10%-\u00e1t teszi ki. Orvosi felhaszn\u00e1l\u00e1sa miatt is nagyra \u00e9rt\u00e9kelik.<\/span><\/p>\n<h2><span style=\"color: #000000;\">Mi\u00e9rt j\u00f3 v\u00e1laszt\u00e1s a fekete maca?<\/span><\/h2>\n<p><span style=\"color: #000000;\">A fekete maca term\u00e9szetes viagr\u00e1nak sz\u00e1m\u00edt. Jelent\u0151sen befoly\u00e1solja a spermiumok sz\u00e1m\u00e1t \u00e9s mozg\u00e9konys\u00e1g\u00e1t. \u00c9ppen ez\u00e9rt k\u00fcl\u00f6n\u00f6sen \u00e9rt\u00e9kes n\u00f6v\u00e9ny azoknak a p\u00e1roknak, akik nem tudnak teherbe esni. Ezen k\u00edv\u00fcl er\u0151t ad, jav\u00edtja a hangulatot, tasz\u00edtja a stresszt \u00e9s a szorong\u00e1st, jav\u00edtja a mem\u00f3ri\u00e1t \u00e9s a koncentr\u00e1ci\u00f3t, term\u00e9szetes antidepressz\u00e1nsk\u00e9nt hat \u00e9s jav\u00edtja az alv\u00e1s min\u0151s\u00e9g\u00e9t.<\/span><\/p>\n<p><span style=\"color: #000000;\">A mi mac\u00e1nk perui hegyvid\u00e9ki \u00f6kol\u00f3giai farmokr\u00f3l sz\u00e1rmazik \u00e9s\u00a0<strong>100% bio.<\/strong>\u00a0Minden t\u00e9telhez elv\u00e9gzett elemz\u00e9sekkel \u00e9s \u00e9rv\u00e9nyes tan\u00fas\u00edtv\u00e1nnyal rendelkez\u00fcnk.<\/span><\/p>\n<h2><span style=\"color: #000000;\">Mi\u00e9rt pont a mi mac\u00e1nkat v\u00e1lassza?<\/span><\/h2>\n<p><span style=\"color: #000000;\">A maca porunk\u00a0<strong>ellen\u0151rz\u00f6tt \u00f6kol\u00f3giai termel\u00e9sb\u0151l<\/strong>\u00a0sz\u00e1rmazik, gondosan meg van sz\u00e1r\u00edtva \u00e9s lisztszer\u0171 porr\u00e1 van \u0151r\u00f6lve. Emellett rendszeresen gondoskodunk arr\u00f3l, hogy maca k\u00e9szleteink\u00a0<strong>mindig frissek<\/strong>\u00a0legyenek! Ez\u00e9rt is k\u00e9sz\u00edtj\u00fck gondosan saj\u00e1t magunk a kever\u00e9ket, hiszen csak \u00edgy tudjuk biztos\u00edtani a s\u00e9rtetlens\u00e9g\u00e9t a megfelel\u0151 ar\u00e1ny\u00fa friss alapanyagokkal.<\/span><\/p>\n<p><span style=\"color: #000000;\">A maca perui hegyvid\u00e9ki \u00f6kol\u00f3giai gazd\u00e1lkod\u00e1sokb\u00f3l sz\u00e1rmazik. Minden t\u00e9telhez elv\u00e9gzett elemz\u00e9sekkel \u00e9s \u00e9rv\u00e9nyes tan\u00fas\u00edtv\u00e1nnyal rendelkez\u00fcnk.<\/span><\/p>\n<h2><span style=\"color: #000000;\">T\u00e1p\u00e9rt\u00e9k<\/span><\/h2>\n<p><span style=\"color: #000000;\">\u00c1tlagos t\u00e1p\u00e9rt\u00e9k 100 g fekete maca porban: energia\u00e9rt\u00e9k: 1448 kJ\/342 kcal; zs\u00edr: 0,6 g, ebb\u0151l tel\u00edtett: 0,2 g; sz\u00e9nhidr\u00e1t: 67 g, ebb\u0151l cukrok: 24 g; feh\u00e9rje: 13 g; rost: 10 g \u00e9s s\u00f3: 0,53 g.<\/span><\/p>\n<h2><span style=\"color: #000000;\">T\u00e1rol\u00e1s \u00e9s figyelmeztet\u00e9sek<\/span><\/h2>\n<p><span style=\"color: #000000;\">Sz\u00e1raz \u00e9s h\u0171v\u00f6s helyen, legfeljebb 25 \u00b0C h\u0151m\u00e9rs\u00e9kleten t\u00e1roland\u00f3. A t\u00e1pl\u00e1l\u00e9k-kieg\u00e9sz\u00edt\u0151t gyermekekt\u0151l elz\u00e1rva kell tartani!<\/span><\/p>\n<p><span style=\"color: #000000;\">Ne feledkezz\u00fcnk meg a v\u00e1ltozatos \u00e9trend \u00e9s az eg\u00e9szs\u00e9ges \u00e9letm\u00f3d fontoss\u00e1g\u00e1r\u00f3l, az \u00e9trend-kieg\u00e9sz\u00edt\u0151 ez\u00e9rt nem helyettes\u00edti a kiegyens\u00falyozott \u00e9s v\u00e1ltozatos \u00e9trendet. Az aj\u00e1nlott napi mennyis\u00e9get vagy adagot nem szabad t\u00fall\u00e9pni. Terhes \u00e9s szoptat\u00f3 any\u00e1knak mindig tan\u00e1csos orvoshoz fordulni haszn\u00e1lat el\u0151tt.<\/span><\/p>\n<h2><span style=\"color: #000000;\">Csomagol\u00e1s<\/span><\/h2>\n<p><span style=\"color: #000000;\">L\u00e9gmentesen z\u00e1rhat\u00f3 tasak, amelyben a term\u00e9k meg\u0151rzi minden frissess\u00e9g\u00e9t \u00e9s arom\u00e1j\u00e1t. A csomagol\u00e1s v\u00e9d a f\u00e9nyt\u0151l \u00e9s a leveg\u0151t\u0151l, mivel t\u00f6bb v\u00e9d\u0151r\u00e9tegb\u0151l \u00e1ll, amelyek meg\u0151rzik a tartalom tulajdons\u00e1gait.<\/span><\/p>\n<p><span style=\"color: #000000;\">A csomagol\u00e1s nagyon praktikus \u00e9s \u00fajrahasznos\u00edthat\u00f3.<\/span><\/p>\n<h2><span style=\"color: #000000;\">Sz\u00e1rmaz\u00e1si orsz\u00e1g<\/span><\/h2>\n<p><span style=\"color: #000000;\">Peru<\/span><\/p>\n","protected":false},"excerpt":{"rendered":"<p>A maca egy gy\u00f6k\u00e9rn\u00f6v\u00e9ny, amely a perui Andok magaslatain vir\u00e1gzik, ellen\u00e1lva a\u00a0<strong>sz\u00e9ls\u0151s\u00e9ges id\u0151j\u00e1r\u00e1si viszonyoknak<\/strong>\u00a0\u00e9s a nagy h\u0151m\u00e9rs\u00e9klet-v\u00e1ltoz\u00e1soknak a nappalok \u00e9s \u00e9jszak\u00e1k k\u00f6z\u00f6tt. A maca gy\u00f3gyhat\u00e1s\u00fa r\u00e9sze a gum\u00f3, mely sok\u00a0<strong>vitamint, \u00e1sv\u00e1nyi anyagot \u00e9s aminosavat<\/strong>\u00a0tartalmaz. Az olyan fontos vitaminok, mint a B1, B12, C \u00e9s E vitamin, valamint a zs\u00edrsavak, \u00e1sv\u00e1nyi anyagok \u00e9s aminosavak tartalma miatt a maca az egyik leghat\u00e9konyabb, legk\u00edv\u00e1natosabb \u00e9s legaj\u00e1nlottabb szuper\u00e9lelmiszer, mely t\u00f6bbezer\u00e9ves hagyom\u00e1nnyal rendelkezik.<\/p>\n<p>\ud83d\udc9a A k\u00fcls\u0151 f\u00e9rfi energi\u00e1\u00e9rt.<\/p>\n<p>\ud83d\udc9a Jav\u00edtja a mem\u00f3ri\u00e1t \u00e9s a koncentr\u00e1ci\u00f3t.<\/p>\n<p>\ud83d\udc9a Jav\u00edtja a hangulatot, oldja a stresszt \u00e9s a szorong\u00e1st.<\/p>\n<p>\ud83d\udc9a N\u00f6veli a vitalit\u00e1st \u00e9s az er\u0151t.<\/p>\n","protected":false},"featured_media":6016,"comment_status":"open","ping_status":"closed","template":"","meta":{"_acf_changed":false},"product_brand":[],"product_cat":[195],"product_tag":[],"class_list":{"0":"post-6015","1":"product","2":"type-product","3":"status-publish","4":"has-post-thumbnail","6":"product_cat-szuperelelmiszer","8":"first","9":"instock","10":"sale","11":"taxable","12":"shipping-taxable","13":"purchasable","14":"product-type-simple"},"acf":[],"_links":{"self":[{"href":"https:\/\/fengchashop.com\/hu\/wp-json\/wp\/v2\/product\/6015","targetHints":{"allow":["GET"]}}],"collection":[{"href":"https:\/\/fengchashop.com\/hu\/wp-json\/wp\/v2\/product"}],"about":[{"href":"https:\/\/fengchashop.com\/hu\/wp-json\/wp\/v2\/types\/product"}],"replies":[{"embeddable":true,"href":"https:\/\/fengchashop.com\/hu\/wp-json\/wp\/v2\/comments?post=6015"}],"wp:featuredmedia":[{"embeddable":true,"href":"https:\/\/fengchashop.com\/hu\/wp-json\/wp\/v2\/media\/6016"}],"wp:attachment":[{"href":"https:\/\/fengchashop.com\/hu\/wp-json\/wp\/v2\/media?parent=6015"}],"wp:term":[{"taxonomy":"product_brand","embeddable":true,"href":"https:\/\/fengchashop.com\/hu\/wp-json\/wp\/v2\/product_brand?post=6015"},{"taxonomy":"product_cat","embeddable":true,"href":"https:\/\/fengchashop.com\/hu\/wp-json\/wp\/v2\/product_cat?post=6015"},{"taxonomy":"product_tag","embeddable":true,"href":"https:\/\/fengchashop.com\/hu\/wp-json\/wp\/v2\/product_tag?post=6015"}],"curies":[{"name":"wp","href":"https:\/\/api.w.org\/{rel}","templated":true}]}}