{"id":6008,"date":"2022-02-22T09:57:12","date_gmt":"2022-02-22T08:57:12","guid":{"rendered":"https:\/\/fengchashop.com\/hu\/product\/agaricus-blazei-bio-125-g\/"},"modified":"2026-04-16T00:39:50","modified_gmt":"2026-04-15T22:39:50","slug":"agaricus-blazei-bio","status":"publish","type":"product","link":"https:\/\/fengchashop.com\/hu\/product\/agaricus-blazei-bio\/","title":{"rendered":"Agaricus blazei BIO 125 g"},"content":{"rendered":"<h2><span style=\"color: #000000\">Agaricus blazei BIO<\/span><\/h2>\n<p><span style=\"color: #000000\">Az Agaricus blazei <strong>az egyik leg\u00fajabb felfedez\u00e9s a gy\u00f3gygomb\u00e1k ter\u00fclet\u00e9n, \u00e9s vil\u00e1gszerte egyre n\u00e9pszer\u0171bb.<\/strong>. A gomba Braz\u00edli\u00e1b\u00f3l sz\u00e1rmazik, \u00e9s mandulagomba n\u00e9ven is ismert. Jap\u00e1nban \u00e9s m\u00e1s \u00e1zsiai orsz\u00e1gokban is fogyasztj\u00e1k, ahol a gy\u00f3gygomb\u00e1kat \u00e9vezredek \u00f3ta haszn\u00e1lj\u00e1k ter\u00e1pi\u00e1s c\u00e9lokra.<\/span><\/p>\n<p><span style=\"color: #000000\">Por form\u00e1j\u00e1ban az Agaricus blazei sz\u00e1mos t\u00e1panyagot tartalmaz, pozit\u00edv hat\u00e1sait pedig tudom\u00e1nyosan is bebizony\u00edtott\u00e1k. A vil\u00e1g k\u00fcl\u00f6nb\u00f6z\u0151 orsz\u00e1gaiban v\u00e9gzett tanulm\u00e1nyok a gy\u00f3gygomba rendszeres fogyaszt\u00e1s\u00e1nak sz\u00e1mos j\u00f3t\u00e9kony hat\u00e1s\u00e1r\u00f3l tan\u00faskodnak. F\u0151k\u00e9nt <strong>immuner\u0151s\u00edt\u0151 \u00e9s v\u00edrusellenes hat\u00e1s\u00fa, valamint megel\u0151zi \u00e9s cs\u00f6kkenti a gyullad\u00e1sokat.<\/strong><\/span><\/p>\n<p><span style=\"color: #000000\">Kicsit kev\u00e9sb\u00e9 ismert \u00e9s az \u00fajabbak k\u00f6z\u00e9 tartozik a gy\u00f3gygomb\u00e1k sor\u00e1ban, de sz\u00e1mos gy\u00f3gyhat\u00e1sa miatt rohamosan n\u00f6vekszik n\u00e9pszer\u0171s\u00e9ge.<\/span><\/p>\n<p><span style=\"color: #000000\">A mi Agaricus blazei gomb\u00e1nk termeszt\u00e9se szigor\u00faan ellen\u0151rz\u00f6tt, vegyszerek vagy n\u00f6v\u00e9nyv\u00e9d\u0151 szerek haszn\u00e1lata n\u00e9lk\u00fcl folyik \u00e9s <strong>100% bio.<\/strong>A gomb\u00e1k min\u0151s\u00e9g\u00e9t pedig Szlov\u00e9ni\u00e1ban \u00e9s az USA-ban l\u00e9v\u0151 f\u00fcggetlen laborat\u00f3riumok ellen\u0151rzik rendszeresen.<\/span><\/p>\n<h2><span style=\"color: #000000\">Mit tartalmaz \u00e9s kinek val\u00f3?<\/span><\/h2>\n<p><span style=\"color: #000000\">Az Agaricus blazei k\u00fcl\u00f6nf\u00e9le <strong>poliszacharidokb\u00f3l, vitaminokb\u00f3l, \u00e1sv\u00e1nyi s\u00f3kb\u00f3l \u00e9s egy\u00e9b antioxid\u00e1nsokb\u0151l \u00e1ll \u00f6ssze.<\/strong> A gomb\u00e1ban tal\u00e1lhat\u00f3 \u00f6sszes elem nagy mennyis\u00e9gben jelen van, \u00e9s nagyon pozit\u00edv hat\u00e1ssal vannak szervezet\u00fcnkre.<\/span><\/p>\n<p><span style=\"color: #000000\"><strong>Az Agaricus blazei gombapor fogyaszt\u00e1s\u00e1val a k\u00f6vetkez\u0151k pozit\u00edv gy\u00f3gyhat\u00e1sokat \u00e9rhetj\u00fck el:<\/strong><\/span><\/p>\n<p><span style=\"color: #000000\"> \ud83d\udc9a daganatellenes \u00e9s immunstimul\u00e1l\u00f3 hat\u00e1s\u00fa, ez\u00e9rt t\u00e1mogat\u00f3 ter\u00e1piak\u00e9nt haszn\u00e1lj\u00e1k a hagyom\u00e1nyos r\u00e1kkezel\u00e9sben,<\/span><br \/>\n<span style=\"color: #000000\"> \ud83d\udc9a v\u00edrusellenes \u00e9s gyullad\u00e1scs\u00f6kkent\u0151,<\/span><br \/>\n<span style=\"color: #000000\"> \ud83d\udc9a j\u00f3t\u00e9kony hat\u00e1ssal van a m\u00e1jra,<\/span><br \/>\n<span style=\"color: #000000\"> \ud83d\udc9a seg\u00edt a b\u0151rprobl\u00e9m\u00e1k kezel\u00e9s\u00e9ben,<\/span><br \/>\n<span style=\"color: #000000\"> \ud83d\udc9a jav\u00edtja a b\u00e9lm\u0171k\u00f6d\u00e9st,<\/span><br \/>\n<span style=\"color: #000000\"> \ud83d\udc9a hat\u00e1sos a cukorbetegs\u00e9g, \u00e9relmeszesed\u00e9s, magas koleszterinszint \u00e9s allergia ellen,<\/span><br \/>\n<span style=\"color: #000000\"> \ud83d\udc9a cs\u00f6kkenti a stresszt,<\/span><br \/>\n<span style=\"color: #000000\"> \ud83d\udc9a hepatitisz, dermatitisz, csontritkul\u00e1s, sz\u00edv- \u00e9s \u00e9rrendszeri betegs\u00e9gek, em\u00e9szt\u0151rendszeri betegs\u00e9gek kezel\u00e9s\u00e9re&#8230;<\/span><\/p>\n<p><span style=\"color: #000000\">Az Agaricus blazei gyakran megtal\u00e1lhat\u00f3<strong> a hagyom\u00e1nyos r\u00e1kkezel\u00e9s sor\u00e1n<\/strong> fogyaszt\u00e1sra aj\u00e1nlott gomb\u00e1k list\u00e1j\u00e1n, mivel enyh\u00edti a kemoter\u00e1pia \u00e9s a sug\u00e1rter\u00e1pia mell\u00e9khat\u00e1sait. R\u00e1ad\u00e1sul \u00f6nmag\u00e1ban is r\u00e1k- \u00e9s daganatellenes hat\u00e1s\u00fa. Jav\u00edtja a r\u00e1kos betegek \u00e9let\u00e9t.<\/span><\/p>\n<p><span style=\"color: #000000\">\u00c9s ami itt rendk\u00edv\u00fcl fontos, hogy az Agaricus blazei egy <strong>100% term\u00e9szetes term\u00e9k<\/strong>, amely term\u00e9szetes m\u00f3don seg\u00edthet nek\u00fcnk. Jav\u00edtja probl\u00e9m\u00e1ink t\u00fcneteit \u00e9s pozit\u00edvan hat az \u00e1ltal\u00e1nos k\u00f6z\u00e9rzetre.<\/span><\/p>\n<h2><span style=\"color: #000000\">Mi\u00e9rt pont a gomb\u00e1k?<\/span><\/h2>\n<p><span style=\"color: #000000\">A gomb\u00e1k nagyon \u00e9rdekesek. Sem n\u00f6v\u00e9nyek, sem \u00e1llatok, de minden bizonnyal hihetetlen organizmusok, amelyeknek m\u00e1r szinte a vil\u00e1g kezdete \u00f3ta siker\u00fclt t\u00fal\u00e9lni\u00fck. Kifejlesztettek egy k\u00fcl\u00f6nleges t\u00fal\u00e9l\u00e9si strat\u00e9gi\u00e1t, amely a mai napig \u00e9letben tartja \u0151ket. Az emberek is profit\u00e1lhatnak ezekb\u0151l az el\u0151ny\u00f6kb\u0151l, ha gy\u00f3gygomb\u00e1kat fogyasztanak. Fizikai szinten egyens\u00falyba hoznak benn\u00fcnket, \u00e9s sz\u00e1mos betegs\u00e9gt\u0151l megv\u00e9denek. Lehetnek<strong> prevent\u00edvek<\/strong>, de <strong> t\u00e1mogathatj\u00e1k is<\/strong> sz\u00e1mos modern betegs\u00e9g hagyom\u00e1nyos vagy m\u00e1s nem hagyom\u00e1nyos kezel\u00e9s\u00e9t. A gomb\u00e1k a r\u00e1kos megbeteged\u00e9sekre, az autoimmun betegs\u00e9gekre \u00e9s az allergi\u00e1k kezel\u00e9s\u00e9re gyakorolt hat\u00e1sukr\u00f3l ismertek. J\u00f3 hat\u00e1ssal vannak az immunrendszer eg\u00e9szs\u00e9ges \u00e9s er\u0151s reag\u00e1l\u00f3k\u00e9pess\u00e9g\u00e9re is. Az elm\u00falt \u00e9vtizedekben, amikor a gomb\u00e1k a nyugati vil\u00e1gban \u00e9rdekess\u00e9 v\u00e1ltak, az orvosi kutat\u00e1sok sz\u00e1mos ter\u00e1pi\u00e1s hat\u00e1st igazoltak.<\/span><\/p>\n<p><span style=\"color: #000000\">Mivel bizonyos term\u00e9szetes hat\u00f3anyagok em\u00e9szthetetlenek vagy nehezen em\u00e9szthet\u0151k sz\u00e1munkra, nagyon fontos, hogy csak a legjobb gombaport fogyasszuk. A gomb\u00e1t megfelel\u0151en kell termeszteni, sz\u00e1r\u00edtani \u00e9s el\u0151k\u00e9sz\u00edteni. Finom, csom\u00f3mentes porr\u00e1 kell \u0151ket \u0151r\u00f6lni. A por sz\u00edne vil\u00e1gosabb, de ez att\u00f3l is f\u00fcgg, hogy milyen gomb\u00e1t fogyasztunk. Mivel a gomb\u00e1k \u00e9ppen az\u00e9rt olyan hat\u00e9konyak, mert k\u00e9pesek mindent \u2013 j\u00f3t \u00e9s rosszat \u2013 felsz\u00edvni a k\u00f6rnyezetb\u0151l, ez\u00e9rt fontos, hogy csak biotermeszt\u00e9s\u0171eket fogyasszunk.<\/span><\/p>\n<h2><span style=\"color: #000000\">Csomagol\u00e1s<\/span><\/h2>\n<p><span style=\"color: #000000\">L\u00e9gmentesen z\u00e1rhat\u00f3 tasak, amelyben a term\u00e9k meg\u0151rzi minden frissess\u00e9g\u00e9t \u00e9s arom\u00e1j\u00e1t. A csomagol\u00e1s v\u00e9d a f\u00e9nyt\u0151l \u00e9s a leveg\u0151t\u0151l, mivel t\u00f6bb v\u00e9d\u0151r\u00e9tegb\u0151l \u00e1ll, amelyek meg\u0151rzik a tartalom tulajdons\u00e1gait.<\/span><\/p>\n<p><span style=\"color: #000000\">A csomagol\u00e1s nagyon praktikus \u00e9s \u00fajrahasznos\u00edthat\u00f3.<\/span><\/p>\n<h2><span style=\"color: #000000\">T\u00e1rol\u00e1s \u00e9s figyelmeztet\u00e9sek<\/span><\/h2>\n<p><span style=\"color: #000000\">Sz\u00e1raz \u00e9s h\u0171v\u00f6s helyen t\u00e1roland\u00f3. A t\u00e1pl\u00e1l\u00e9k-kieg\u00e9sz\u00edt\u0151t gyermekekt\u0151l elz\u00e1rva kell tartani!<\/span><\/p>\n<p><span style=\"color: #000000\">Ne feledkezz\u00fcnk meg a v\u00e1ltozatos \u00e9trend \u00e9s az eg\u00e9szs\u00e9ges \u00e9letm\u00f3d fontoss\u00e1g\u00e1r\u00f3l, az \u00e9trend-kieg\u00e9sz\u00edt\u0151 ez\u00e9rt nem helyettes\u00edti a kiegyens\u00falyozott \u00e9s v\u00e1ltozatos \u00e9trendet. Az aj\u00e1nlott napi mennyis\u00e9get vagy adagot nem szabad t\u00fall\u00e9pni. Terhes \u00e9s szoptat\u00f3 any\u00e1knak mindig tan\u00e1csos orvoshoz fordulni haszn\u00e1lat el\u0151tt.<\/span><\/p>\n<h2><span style=\"color: #000000\">J\u00f3 tudni<\/span><\/h2>\n<p><span style=\"color: #000000\">A term\u00e9k \u00e1llatok sz\u00e1m\u00e1ra is alkalmas. A legt\u00f6bb esetben a gy\u00f3gygomb\u00e1k rendk\u00edv\u00fcl hat\u00e9konynak bizonyulnak az immunrendszer er\u0151s\u00edt\u00e9s\u00e9ben, az allergi\u00e1k \u00e9s b\u0151rbetegs\u00e9gek, valamint a v\u00edrusos \u00e9s bakteri\u00e1lis fert\u0151z\u00e9sek megsz\u00fcntet\u00e9s\u00e9ben. Haszn\u00e1lat el\u0151tt konzult\u00e1ljon \u00e1llatorvos\u00e1val a fogyaszt\u00e1s megfelel\u0151s\u00e9g\u00e9r\u0151l \u00e9s az aj\u00e1nlott napi mennyis\u00e9gr\u0151l.<\/span><\/p>\n<h2><span style=\"color: #000000\">Sz\u00e1rmaz\u00e1si orsz\u00e1g<\/span><\/h2>\n<p><span style=\"color: #000000\">Szlov\u00e9nia<\/span><\/p>\n","protected":false},"excerpt":{"rendered":"<p align=\"JUSTIFY\">Az Agaricus blazei <strong>az egyik leg\u00fajabb felfedez\u00e9s a gy\u00f3gygomb\u00e1k ter\u00fclet\u00e9n, \u00e9s vil\u00e1gszerte egyre n\u00e9pszer\u0171bb<\/strong>. A gomba Braz\u00edli\u00e1b\u00f3l sz\u00e1rmazik, \u00e9s mandulagomba n\u00e9ven is ismert. Jap\u00e1nban \u00e9s m\u00e1s \u00e1zsiai orsz\u00e1gokban is fogyasztj\u00e1k, ahol a gy\u00f3gygomb\u00e1kat \u00e9vezredek \u00f3ta haszn\u00e1lj\u00e1k ter\u00e1pi\u00e1s c\u00e9lokra, hisz:<\/p>\n<p><span style=\"color: #000000\"> \ud83d\udc9a daganatellenes \u00e9s immunstimul\u00e1l\u00f3 hat\u00e1s\u00fa,<br \/>\n\ud83d\udc9a j\u00f3t\u00e9kony hat\u00e1ssal van a m\u00e1jra,<br \/>\n\ud83d\udc9a v\u00edrusellenes \u00e9s gyullad\u00e1scs\u00f6kkent\u0151,<br \/>\n\ud83d\udc9a Szab\u00e1lyozza a v\u00e9rcukorszintet.<\/span><\/p>\n","protected":false},"featured_media":6009,"comment_status":"open","ping_status":"closed","template":"","meta":{"_acf_changed":false},"product_brand":[],"product_cat":[224,229,225],"product_tag":[],"class_list":{"0":"post-6008","1":"product","2":"type-product","3":"status-publish","4":"has-post-thumbnail","6":"product_cat-ajanlat","7":"product_cat-gyogygombak","8":"product_cat-minden-termek","10":"first","11":"instock","12":"sale","13":"taxable","14":"shipping-taxable","15":"purchasable","16":"product-type-simple"},"acf":[],"_links":{"self":[{"href":"https:\/\/fengchashop.com\/hu\/wp-json\/wp\/v2\/product\/6008","targetHints":{"allow":["GET"]}}],"collection":[{"href":"https:\/\/fengchashop.com\/hu\/wp-json\/wp\/v2\/product"}],"about":[{"href":"https:\/\/fengchashop.com\/hu\/wp-json\/wp\/v2\/types\/product"}],"replies":[{"embeddable":true,"href":"https:\/\/fengchashop.com\/hu\/wp-json\/wp\/v2\/comments?post=6008"}],"wp:featuredmedia":[{"embeddable":true,"href":"https:\/\/fengchashop.com\/hu\/wp-json\/wp\/v2\/media\/6009"}],"wp:attachment":[{"href":"https:\/\/fengchashop.com\/hu\/wp-json\/wp\/v2\/media?parent=6008"}],"wp:term":[{"taxonomy":"product_brand","embeddable":true,"href":"https:\/\/fengchashop.com\/hu\/wp-json\/wp\/v2\/product_brand?post=6008"},{"taxonomy":"product_cat","embeddable":true,"href":"https:\/\/fengchashop.com\/hu\/wp-json\/wp\/v2\/product_cat?post=6008"},{"taxonomy":"product_tag","embeddable":true,"href":"https:\/\/fengchashop.com\/hu\/wp-json\/wp\/v2\/product_tag?post=6008"}],"curies":[{"name":"wp","href":"https:\/\/api.w.org\/{rel}","templated":true}]}}