{"id":6006,"date":"2022-02-22T09:44:00","date_gmt":"2022-02-22T08:44:00","guid":{"rendered":"https:\/\/fengchashop.com\/hu\/product\/onca-mix-bio-125-g\/"},"modified":"2026-05-10T22:33:17","modified_gmt":"2026-05-10T20:33:17","slug":"onca-mix-bio","status":"publish","type":"product","link":"https:\/\/fengchashop.com\/hu\/product\/onca-mix-bio\/","title":{"rendered":"Onca mix BIO 125 g"},"content":{"rendered":"<h2><span style=\"color: #000000\">Onca mix gy\u00f3gygomba-kever\u00e9k BIO por<\/span><\/h2>\n<p><span style=\"color: #000000\">Az Onca mix gy\u00f3gygomba-kever\u00e9k <strong>az agressz\u00edv hagyom\u00e1nyos kezel\u00e9sek \u00e9s beavatkoz\u00e1sok t\u00e1mogat\u00f3jak\u00e9nt, valamint a s\u00falyosabb kr\u00f3nikus probl\u00e9m\u00e1k megsz\u00fcntet\u00e9s\u00e9re szolg\u00e1l.<\/strong> Az Onca mix kever\u00e9k a t\u00f6bb sz\u00e1z k\u00fcl\u00f6nf\u00e9le akt\u00edv komponens\u00e9nek k\u00f6sz\u00f6nhet\u0151en a legkiegyens\u00falyozottab hat\u00e1st tudja kifejteni. Az Onca mix n\u00e9gyf\u00e9le gomba kever\u00e9ke, nevezetesen Ganoderma lucidum (Reishi vagy pecs\u00e9tviaszgomba), Lentinula edodes (Shiitake), Coriolus (Lepketapl\u00f3) \u00e9s Agaricus blazei (Mandulagomba).<\/span><\/p>\n<p><span style=\"color: #000000\">A felhaszn\u00e1lt gombafajt\u00e1k ilyen sz\u00e9les spektrum\u00e1val az \u00e1ltal\u00e1nos gyenges\u00e9g elleni felgyors\u00edtott prevent\u00edv hat\u00e1s \u00e9rhet\u0151 el.<\/span><\/p>\n<p><span style=\"color: #000000\">A term\u00e9k haszn\u00e1lata teljesen egyszer\u0171, nem ig\u00e9nyel semmilyen el\u0151k\u00e9sz\u00fcletet vagy k\u00e9szs\u00e9geket. A gomb\u00e1k finom porr\u00e1 vannak \u0151r\u00f6lve, amely nem tartalmaz darabokat. \u00cdgy a term\u00e9k haszn\u00e1latra k\u00e9sz. Adagolja a csomagol\u00e1sb\u00f3l k\u00f6zvetlen\u00fcl a kedvenc ital\u00e1ba, keverje \u00f6ssze \u00e9s igya meg.<\/span><\/p>\n<h2><span style=\"color: #000000\">Mi\u00e9rt pont a mi Onca mix kever\u00e9k\u00fcnket v\u00e1lassza?<\/span><\/h2>\n<p><span style=\"color: #000000\">A kever\u00e9k gondosan elk\u00e9sz\u00edtett recept\u00fara alapj\u00e1n k\u00e9sz\u00fcl a gy\u00f3gygomb\u00e1kat \u00e9s kever\u00e9ket fogyaszt\u00f3k megfigyel\u00e9sei \u00e9s meg\u00e1llap\u00edt\u00e1sai alapj\u00e1n. Ennek a speci\u00e1lis kever\u00e9knek az elk\u00e9sz\u00edt\u00e9s\u00e9hez sz\u00e1mos szlov\u00e9n \u00e9s k\u00fclf\u00f6ldi kutat\u00e1s \u00e9s kutat\u00f3int\u00e9zet eredm\u00e9nyeit is figyelembe vett\u00e9k. \u00c9s b\u00e1r a gy\u00f3gygomb\u00e1knak nagyon \u00f6sszetett hat\u00e1smechanizmusai vannak, amelyeket a tudom\u00e1nynak m\u00e9g nem siker\u00fclt megmagyar\u00e1zni, tudjuk, hogy <strong>j\u00f3t\u00e9kony hat\u00e1ssal vannak immunrendszer\u00fcnkre, k\u00f6z\u00e9rzet\u00fcnkre \u00e9s a szervezet\u00fcnkben nap mint nap v\u00e9gbemen\u0151 term\u00e9szetes folyamatokra.<\/strong> Az immunrendszer felel\u0151s a szervezet\u00fcnkben l\u00e9v\u0151 idegen anyagok elleni k\u00fczdelem\u00e9rt. Legyen sz\u00f3 egyszer\u0171 v\u00edrusr\u00f3l, amely megf\u00e1z\u00e1st okoz, vagy olyan sejtcsoportr\u00f3l, amely r\u00e1kos megbeteged\u00e9snek tekinthet\u0151. Ez\u00e9rt olyan fontos az eg\u00e9szs\u00e9ges \u00e9s er\u0151s immunrendszer. Az antioxid\u00e1nsok is fontosak, hisz megv\u00e9denek minket az oxidat\u00edv stresszt\u0151l, amely sz\u00e1mos betegs\u00e9g \u00e9s a korai \u00f6reged\u00e9s okoz\u00f3ja.<\/span><\/p>\n<p><span style=\"color: #000000\">Gy\u00f3gygomb\u00e1ink termeszt\u00e9se szigor\u00faan ellen\u0151rz\u00f6tt, vegyszerek vagy n\u00f6v\u00e9nyv\u00e9d\u0151 szerek haszn\u00e1lata n\u00e9lk\u00fcl folyik \u00e9s <strong>100% bio<\/strong>. Minden gomb\u00e1t Szlov\u00e9ni\u00e1ban termesztenek.<\/span><\/p>\n<h2><span style=\"color: #000000\">Kinek val\u00f3 az Onca mix kever\u00e9k \u00e9s milyen hat\u00e1sai vannak?<\/span><\/h2>\n<p><span style=\"color: #000000\">Az Onca mix els\u0151sorban a hagyom\u00e1nyos orvosl\u00e1s m\u00f3dszer\u00e9vel kezelt kr\u00f3nikus betegek t\u00e1mogat\u00f3 ter\u00e1pi\u00e1jak\u00e9nt szolg\u00e1l. Olyan betegek sz\u00e1m\u00e1ra k\u00e9sz\u00fclt, akik s\u00falyosabb betegs\u00e9gekben szendvednek, \u00e9s agressz\u00edv kezel\u00e9sekkel gy\u00f3gy\u00edtj\u00e1k \u0151ket. De azoknak is megfelel\u0151 v\u00e1laszt\u00e1s, akik szeretn\u00e9k kipr\u00f3b\u00e1lni a gy\u00f3gygomb\u00e1k hat\u00e9konys\u00e1g\u00e1t \u00e9s term\u00e9szetes m\u00f3don hozz\u00e1j\u00e1rulni az eg\u00e9szs\u00e9g\u00fck jav\u00edt\u00e1s\u00e1hoz. Kiv\u00e1l\u00f3 term\u00e9szetes t\u00e1pl\u00e1l\u00e9k-kieg\u00e9sz\u00edt\u0151, mivel a gomb\u00e1k magas t\u00e1p\u00e9rt\u00e9kkel rendelkeznek \u2013 \u00e9rt\u00e9kes t\u00e1p\u00e9rt\u00e9kek, nyomelemek, vitaminok, makro \u00e1sv\u00e1nyi anyagok, rostok, feh\u00e9rj\u00e9k. A gy\u00f3gygomb\u00e1k gazdag m\u00faltra tekintenek vissza a k\u00ednai orvosl\u00e1sban \u00e9s gy\u00f3gy\u00edt\u00e1sban, \u00e9s az emberek egyre gyakrabban fordulnak a term\u00e9szethez, ha az eg\u00e9szs\u00e9g\u00fckr\u0151l van sz\u00f3. Javasoljuk, hogy a gy\u00f3gygomb\u00e1k kezel\u00e9sek alatti fogyaszt\u00e1sa el\u0151tt mindig konzult\u00e1ljon szakorvos\u00e1val vagy h\u00e1ziorvos\u00e1val.<\/span><\/p>\n<h2><span style=\"color: #000000\">T\u00e1rol\u00e1s \u00e9s figyelmeztet\u00e9sek<\/span><\/h2>\n<p><span style=\"color: #000000\">Sz\u00e1raz \u00e9s h\u0171v\u00f6s helyen t\u00e1roland\u00f3. A t\u00e1pl\u00e1l\u00e9k-kieg\u00e9sz\u00edt\u0151t gyermekekt\u0151l elz\u00e1rva kell tartani!<\/span><\/p>\n<p><span style=\"color: #000000\">Ne feledkezz\u00fcnk meg a v\u00e1ltozatos \u00e9trend \u00e9s az eg\u00e9szs\u00e9ges \u00e9letm\u00f3d fontoss\u00e1g\u00e1r\u00f3l, az \u00e9trend-kieg\u00e9sz\u00edt\u0151 ez\u00e9rt nem helyettes\u00edti a kiegyens\u00falyozott \u00e9s v\u00e1ltozatos \u00e9trendet. Az aj\u00e1nlott napi mennyis\u00e9get vagy adagot nem szabad t\u00fall\u00e9pni. Terhes \u00e9s szoptat\u00f3 any\u00e1knak mindig tan\u00e1csos orvoshoz fordulni haszn\u00e1lat el\u0151tt.<\/span><\/p>\n<h2><span style=\"color: #000000\">J\u00f3 tudni<\/span><\/h2>\n<p><span style=\"color: #000000\">A term\u00e9k \u00e1llatok sz\u00e1m\u00e1ra is alkalmas. A legt\u00f6bb esetben a gy\u00f3gygomb\u00e1k rendk\u00edv\u00fcl hat\u00e9konynak bizonyulnak az immunrendszer er\u0151s\u00edt\u00e9s\u00e9ben, az allergi\u00e1k \u00e9s b\u0151rbetegs\u00e9gek, valamint a v\u00edrusos \u00e9s bakteri\u00e1lis fert\u0151z\u00e9sek megsz\u00fcntet\u00e9s\u00e9ben. Haszn\u00e1lat el\u0151tt konzult\u00e1ljon \u00e1llatorvos\u00e1val a fogyaszt\u00e1s megfelel\u0151s\u00e9g\u00e9r\u0151l \u00e9s az aj\u00e1nlott napi mennyis\u00e9gr\u0151l.<\/span><\/p>\n<h2><span style=\"color: #000000\">Sz\u00e1rmaz\u00e1si orsz\u00e1g<\/span><\/h2>\n<p><span style=\"color: #000000\">Szlov\u00e9nia<\/span><\/p>\n","protected":false},"excerpt":{"rendered":"<p align=\"JUSTIFY\">Az Onca mix gy\u00f3gygomba-kever\u00e9k az agressz\u00edv hagyom\u00e1nyos kezel\u00e9sek \u00e9s beavatkoz\u00e1sok t\u00e1mogat\u00e1s\u00e1ra, valamint a s\u00falyosabb kr\u00f3nikus betegs\u00e9gek megsz\u00fcntet\u00e9s\u00e9re szolg\u00e1l. Az Onca mix kever\u00e9k a t\u00f6bb sz\u00e1z k\u00fcl\u00f6nf\u00e9le akt\u00edv komponens\u00e9nek k\u00f6sz\u00f6nhet\u0151en a legkiegyens\u00falyozottab hat\u00e1st tudja kifejteni.<\/p>\n<p>\ud83d\udc9a Er\u0151s\u00edti az immunrendszert.<br \/>\n\ud83d\udc9a J\u00f3t\u00e9kony hat\u00e1ssal van k\u00f6z\u00e9rzet\u00fcnkre.<br \/>\n\ud83d\udc9a Gyullad\u00e1scs\u00f6kkent\u0151.<br \/>\n\ud83d\udc9a Antioxid\u00e1ns hat\u00e1s\u00fa.<\/p>\n","protected":false},"featured_media":6007,"comment_status":"open","ping_status":"closed","template":"","meta":{"_acf_changed":false},"product_brand":[],"product_cat":[224,229,225],"product_tag":[],"class_list":{"0":"post-6006","1":"product","2":"type-product","3":"status-publish","4":"has-post-thumbnail","6":"product_cat-ajanlat","7":"product_cat-gyogygombak","8":"product_cat-minden-termek","10":"first","11":"instock","12":"sale","13":"taxable","14":"shipping-taxable","15":"purchasable","16":"product-type-simple"},"acf":[],"_links":{"self":[{"href":"https:\/\/fengchashop.com\/hu\/wp-json\/wp\/v2\/product\/6006","targetHints":{"allow":["GET"]}}],"collection":[{"href":"https:\/\/fengchashop.com\/hu\/wp-json\/wp\/v2\/product"}],"about":[{"href":"https:\/\/fengchashop.com\/hu\/wp-json\/wp\/v2\/types\/product"}],"replies":[{"embeddable":true,"href":"https:\/\/fengchashop.com\/hu\/wp-json\/wp\/v2\/comments?post=6006"}],"wp:featuredmedia":[{"embeddable":true,"href":"https:\/\/fengchashop.com\/hu\/wp-json\/wp\/v2\/media\/6007"}],"wp:attachment":[{"href":"https:\/\/fengchashop.com\/hu\/wp-json\/wp\/v2\/media?parent=6006"}],"wp:term":[{"taxonomy":"product_brand","embeddable":true,"href":"https:\/\/fengchashop.com\/hu\/wp-json\/wp\/v2\/product_brand?post=6006"},{"taxonomy":"product_cat","embeddable":true,"href":"https:\/\/fengchashop.com\/hu\/wp-json\/wp\/v2\/product_cat?post=6006"},{"taxonomy":"product_tag","embeddable":true,"href":"https:\/\/fengchashop.com\/hu\/wp-json\/wp\/v2\/product_tag?post=6006"}],"curies":[{"name":"wp","href":"https:\/\/api.w.org\/{rel}","templated":true}]}}