{"id":6000,"date":"2022-02-22T08:17:03","date_gmt":"2022-02-22T07:17:03","guid":{"rendered":"https:\/\/fengchashop.com\/hu\/product\/pleurotus-ostreatus-oyster-mushroom-bio-125-g\/"},"modified":"2026-05-11T12:36:34","modified_gmt":"2026-05-11T10:36:34","slug":"pleurotus-ostreatus-oyster-mushroom-bio","status":"publish","type":"product","link":"https:\/\/fengchashop.com\/hu\/product\/pleurotus-ostreatus-oyster-mushroom-bio\/","title":{"rendered":"Pleurotus ostreatus (Oyster Mushroom) BIO 125 g"},"content":{"rendered":"<h2><span style=\"color: #000000\">Pleurotus ostreatus (Oyster Mushroom) BIO por <\/span><\/h2>\n<p><span style=\"color: #000000\">A Pleurotus ostreatus (Oyster Mushroom) egy alaposan tanulm\u00e1nyozott gy\u00f3gygomba. <strong>K\u00e9s\u0151i laskagomba<\/strong> n\u00e9ven is ismert, \u00e9s egy ehet\u0151 gomb\u00e1r\u00f3l van sz\u00f3, amely n\u00e1lunk is terem. Val\u00f3j\u00e1ban a Ganoderma lucidum \u00e9s a Cordyceps mellett a <strong>6 legismertebb gy\u00f3gygomba k\u00f6z\u00e9 tartozik<\/strong>.<\/span><\/p>\n<p><span style=\"color: #000000\">A sp\u00f3r\u00e1kb\u00f3l \u00e9s a mic\u00e9liumb\u00f3l sz\u00e1mos t\u00e1panyagot nyerhet\u00fcnk. A kutat\u00e1sok pedig kimutatt\u00e1k a Gram-pozit\u00edv \u00e9s Gram-negat\u00edv bakt\u00e9riumokkal szembeni antimikrobi\u00e1lis hat\u00e1s\u00e1t, valamint sz\u00e1mos gomb\u00e1s betegs\u00e9g elleni gy\u00f3gy\u00edt\u00f3 hat\u00e1s\u00e1t is.<\/span><\/p>\n<p><span style=\"color: #000000\">Mivel <strong>antioxid\u00e1nsok<\/strong> \u00e9s m\u00e1s hat\u00f3anyagok gazdag forr\u00e1sa, a daganatellenes, immunmodul\u00e1l\u00f3, genoprotekt\u00edv, gyullad\u00e1scs\u00f6kkent\u0151, v\u00edrusellenes, plazmaellenes, hipokoleszterin\u00e9mi\u00e1s, v\u00e9rnyom\u00e1scs\u00f6kkent\u0151 \u00e9s antihiperglik\u00e9mi\u00e1s hat\u00e1sa t\u00f6bb mint garant\u00e1lt. Nemr\u00e9g kider\u00fclt a kutat\u00e1sok sor\u00e1n, hogy a k\u00e9s\u0151i laskagomb\u00e1nak <strong>bifidog\u00e9n hat\u00e1sa van<\/strong>, ami azt jelenti, hogy el\u0151seg\u00edtheti a Bifidobacterium bifidum, a B. breve, a B. animalis \u00e9s a B. longum n\u00f6veked\u00e9s\u00e9t. Teh\u00e1t egyben <strong>prebiotikum is,<\/strong> amely jav\u00edtja a b\u00e9l mikrobi\u00f3t\u00e1j\u00e1t a gazda (ember) eg\u00e9szs\u00e9ge \u00e9rdek\u00e9ben. A beleinkben l\u00e9v\u0151 mikroorganizmusok eg\u00e9szs\u00e9ges ar\u00e1nya hozz\u00e1j\u00e1rul a t\u00e1panyagok jobb \u00e9s k\u00f6nnyebb kinyer\u00e9s\u00e9hez az elfogyasztott \u00e9telekb\u0151l, valamint az energiaszab\u00e1lyoz\u00e1shoz. Ezek fontos szerepet t\u00f6ltenek be az em\u00e9szt\u0151rendszer eg\u00e9szs\u00e9g\u00e9nek fenntart\u00e1s\u00e1ban, \u00e9s az immunrendszerre is hatnak \u2013 az immunrendszer leg\u00f6sszetettebb r\u00e9sze a belekben tal\u00e1lhat\u00f3, ez\u00e9rt gyakran hallani, hogy a belek eg\u00e9szs\u00e9ge az egyik legfontosabb eleme a j\u00f3 immunv\u00e1lasz, \u00e9s ez\u00e1ltal a j\u00f3 \u00e1ltal\u00e1nos eg\u00e9szs\u00e9g biztos\u00edt\u00e1s\u00e1nak.<\/span><\/p>\n<p><span style=\"color: #000000\">A gy\u00f3gygomb\u00e1t a hagyom\u00e1nyos k\u00ednai orvosl\u00e1sban sz\u00e1mos betegs\u00e9g kezel\u00e9s\u00e9re haszn\u00e1lj\u00e1k.<\/span><\/p>\n<p><span style=\"color: #000000\">A Pleurotus ostreatusunk termeszt\u00e9se szigor\u00faan ellen\u0151rz\u00f6tt, vegyszerek vagy n\u00f6v\u00e9nyv\u00e9d\u0151 szerek haszn\u00e1lata n\u00e9lk\u00fcl folyik \u00e9s <strong>100% bio.<\/strong>A gomb\u00e1k min\u0151s\u00e9g\u00e9t pedig Szlov\u00e9ni\u00e1ban \u00e9s az USA-ban l\u00e9v\u0151 f\u00fcggetlen laborat\u00f3riumok ellen\u0151rzik rendszeresen.<\/span><\/p>\n<h2><span style=\"color: #000000\">Mit tartalmaz \u00e9s kinek val\u00f3?<\/span><\/h2>\n<p><span style=\"color: #000000\">A Pleurotus ostreatus sokf\u00e9le t\u00e1panyagb\u00f3l \u00e1ll, mint a<strong> poliszacharidok, feh\u00e9rj\u00e9k, flavonoidok, fenolok, b\u00e9ta-gl\u00fck\u00e1nok<\/strong> stb. Az akt\u00edv poliszacharidok \u00e9s fenolok biol\u00f3giailag \u00e9rt\u00e9kes organizmusok. A k\u00e9s\u0151i laskagomba, amely \u00e1ltal\u00e1ban b\u00fckkf\u00e1n n\u0151, gazdag B-, C- \u00e9s D-vitaminban, \u00e1sv\u00e1nyi s\u00f3kban, antioxid\u00e1nsokban \u00e9s szel\u00e9nben is.<\/span><\/p>\n<p><span style=\"color: #000000\">A<strong> lovasztatin<\/strong> miatt, amely az endog\u00e9n koleszterin szint\u00e9zis g\u00e1tl\u00e1s\u00e1nak kulcsfontoss\u00e1g\u00fa hat\u00f3anyaga, j\u00f3t\u00e9kony hat\u00e1ssal van a v\u00e9r \u00f6sszkoleszterin szintj\u00e9nek szab\u00e1lyoz\u00e1s\u00e1ra.<\/span><\/p>\n<p><span style=\"color: #000000\">A k\u00e9s\u0151i laskagomba alacsony zs\u00edrtartalm\u00fa (ezek f\u0151k\u00e9nt tel\u00edtetlen zs\u00edrsavak) \u00e9s D2-vitaminban gazdag, \u00e9lelmi rostokban gazdag, \u00e9s j\u00f3 feh\u00e9rje- \u00e9s esszenci\u00e1lis aminosavforr\u00e1s. Emellett farmakol\u00f3giailag akt\u00edv hat\u00f3anyagokat is tartalmaz, amelyekkel:<\/span><\/p>\n<p><span style=\"color: #000000\"> \ud83d\udc9a szab\u00e1lyozza az \u00f6sszkoleszterin szintet (emeli a j\u00f3 HDL koleszterin szintet \u00e9s cs\u00f6kkenti a rossz LDL koleszterin szintet), a v\u00e9rnyom\u00e1st \u00e9s a v\u00e9rcukorszintet,<\/span><br \/>\n<span style=\"color: #000000\"> \ud83d\udc9a megakad\u00e1lyozza a v\u00e9rr\u00f6gk\u00e9pz\u0151d\u00e9st,<\/span><br \/>\n<span style=\"color: #000000\"> \ud83d\udc9a v\u00e9d a szabad gy\u00f6k\u00f6k ellen,<\/span><br \/>\n<span style=\"color: #000000\"> \ud83d\udc9a gy\u00f3gy\u00edtja \u00e9s g\u00e1tolja a gyullad\u00e1sokat,<\/span><br \/>\n<span style=\"color: #000000\"> \ud83d\udc9a n\u00f6veli az ellen\u00e1ll\u00f3k\u00e9pess\u00e9get az immunrendszer er\u0151s\u00edt\u00e9s\u00e9vel,<\/span><br \/>\n<span style=\"color: #000000\"> \ud83d\udc9a megel\u0151zi az \u00e9letkorral \u00f6sszef\u00fcgg\u0151 betegs\u00e9geket,<\/span><br \/>\n<span style=\"color: #000000\"> \ud83d\udc9a v\u00e9d a l\u00e9g\u00fati gyullad\u00e1sok ellen,<\/span><br \/>\n<span style=\"color: #000000\"> \ud83d\udc9a lass\u00edtja az \u00f6reged\u00e9st,<\/span><br \/>\n<span style=\"color: #000000\"> \ud83d\udc9a megakad\u00e1lyozza a daganatok kialakul\u00e1s\u00e1t.<\/span><\/p>\n<p><span style=\"color: #000000\">A gomb\u00e1ban tal\u00e1lhat\u00f3 \u00f6sszes elem nagy mennyis\u00e9gben jelen van, \u00e9s nagyon pozit\u00edv hat\u00e1ssal vannak szervezet\u00fcnkre.<\/span><\/p>\n<p><span style=\"color: #000000\">\u00c9s ami itt rendk\u00edv\u00fcl fontos, hogy a Pleurotus ostreatus egy 100%-ban term\u00e9szetes term\u00e9k, amely term\u00e9szetes m\u00f3don seg\u00edthet nek\u00fcnk. Jav\u00edtja probl\u00e9m\u00e1ink t\u00fcneteit \u00e9s pozit\u00edvan hat az \u00e1ltal\u00e1nos k\u00f6z\u00e9rzetre.<\/span><\/p>\n<h2><span style=\"color: #000000\">Mi\u00e9rt pont a gomb\u00e1k?<\/span><\/h2>\n<p><span style=\"color: #000000\">A gomb\u00e1k nagyon \u00e9rdekesek. Sem n\u00f6v\u00e9nyek, sem \u00e1llatok, de minden bizonnyal hihetetlen organizmusok, amelyeknek m\u00e1r szinte a vil\u00e1g kezdete \u00f3ta siker\u00fclt t\u00fal\u00e9lni\u00fck. Kifejlesztettek egy k\u00fcl\u00f6nleges t\u00fal\u00e9l\u00e9si strat\u00e9gi\u00e1t, amely a mai napig \u00e9letben tartja \u0151ket. Az emberek is profit\u00e1lhatnak ezekb\u0151l az el\u0151ny\u00f6kb\u0151l, ha gy\u00f3gygomb\u00e1kat fogyasztanak. Fizikai szinten egyens\u00falyba hoznak benn\u00fcnket, \u00e9s sz\u00e1mos betegs\u00e9gt\u0151l megv\u00e9denek. Lehetnek<strong> prevent\u00edvek<\/strong>, de <strong> t\u00e1mogathatj\u00e1k is<\/strong> sz\u00e1mos modern betegs\u00e9g hagyom\u00e1nyos vagy m\u00e1s nem hagyom\u00e1nyos kezel\u00e9s\u00e9t. A gomb\u00e1k a r\u00e1kos megbeteged\u00e9sekre, az autoimmun betegs\u00e9gekre \u00e9s az allergi\u00e1k kezel\u00e9s\u00e9re gyakorolt hat\u00e1sukr\u00f3l ismertek. J\u00f3 hat\u00e1ssal vannak az immunrendszer eg\u00e9szs\u00e9ges \u00e9s er\u0151s reag\u00e1l\u00f3k\u00e9pess\u00e9g\u00e9re is. Az elm\u00falt \u00e9vtizedekben, amikor a gomb\u00e1k a nyugati vil\u00e1gban \u00e9rdekess\u00e9 v\u00e1ltak, az orvosi kutat\u00e1sok sz\u00e1mos ter\u00e1pi\u00e1s hat\u00e1st igazoltak.<\/span><\/p>\n<p><span style=\"color: #000000\">Mivel bizonyos term\u00e9szetes hat\u00f3anyagok em\u00e9szthetetlenek vagy nehezen em\u00e9szthet\u0151k sz\u00e1munkra, nagyon fontos, hogy csak a legjobb gombaport fogyasszuk. A gomb\u00e1t megfelel\u0151en kell termeszteni, sz\u00e1r\u00edtani \u00e9s el\u0151k\u00e9sz\u00edteni. Finom, csom\u00f3mentes porr\u00e1 kell \u0151ket \u0151r\u00f6lni. A por sz\u00edne vil\u00e1gosabb, de ez att\u00f3l is f\u00fcgg, hogy milyen gomb\u00e1t fogyasztunk. Mivel a gomb\u00e1k \u00e9ppen az\u00e9rt olyan hat\u00e9konyak, mert k\u00e9pesek mindent \u2013 j\u00f3t \u00e9s rosszat \u2013 felsz\u00edvni a k\u00f6rnyezetb\u0151l, ez\u00e9rt fontos, hogy csak biotermeszt\u00e9s\u0171eket fogyasszunk.<\/span><\/p>\n<h2><span style=\"color: #000000\">T\u00e1rol\u00e1s \u00e9s figyelmeztet\u00e9sek<\/span><\/h2>\n<p><span style=\"color: #000000\">Sz\u00e1raz \u00e9s h\u0171v\u00f6s helyen t\u00e1roland\u00f3. A t\u00e1pl\u00e1l\u00e9k-kieg\u00e9sz\u00edt\u0151t gyermekekt\u0151l elz\u00e1rva kell tartani!<\/span><\/p>\n<p><span style=\"color: #000000\">Ne feledkezz\u00fcnk meg a v\u00e1ltozatos \u00e9trend \u00e9s az eg\u00e9szs\u00e9ges \u00e9letm\u00f3d fontoss\u00e1g\u00e1r\u00f3l, az \u00e9trend-kieg\u00e9sz\u00edt\u0151 ez\u00e9rt nem helyettes\u00edti a kiegyens\u00falyozott \u00e9s v\u00e1ltozatos \u00e9trendet. Az aj\u00e1nlott napi mennyis\u00e9get vagy adagot nem szabad t\u00fall\u00e9pni. Terhes \u00e9s szoptat\u00f3 any\u00e1knak mindig tan\u00e1csos orvoshoz fordulni haszn\u00e1lat el\u0151tt.<\/span><\/p>\n<h2><span style=\"color: #000000\">J\u00f3 tudni<\/span><\/h2>\n<p><span style=\"color: #000000\">A term\u00e9k \u00e1llatok sz\u00e1m\u00e1ra is alkalmas. A legt\u00f6bb esetben a gy\u00f3gygomb\u00e1k rendk\u00edv\u00fcl hat\u00e9konynak bizonyulnak az immunrendszer er\u0151s\u00edt\u00e9s\u00e9ben, az allergi\u00e1k \u00e9s b\u0151rbetegs\u00e9gek, valamint a v\u00edrusos \u00e9s bakteri\u00e1lis fert\u0151z\u00e9sek megsz\u00fcntet\u00e9s\u00e9ben. Haszn\u00e1lat el\u0151tt konzult\u00e1ljon \u00e1llatorvos\u00e1val a fogyaszt\u00e1s megfelel\u0151s\u00e9g\u00e9r\u0151l \u00e9s az aj\u00e1nlott napi mennyis\u00e9gr\u0151l.<\/span><\/p>\n<h2><span style=\"color: #000000\">Sz\u00e1rmaz\u00e1si orsz\u00e1g<\/span><\/h2>\n<p><span style=\"color: #000000\">Szlov\u00e9nia<\/span><\/p>\n","protected":false},"excerpt":{"rendered":"<p align=\"JUSTIFY\"><span style=\"color: #000000\">A Pleurotus ostreatus (Oyster Mushroom) egy alaposan tanulm\u00e1nyozott gy\u00f3gygomba. K\u00e9s\u0151i laskagomba n\u00e9ven is ismert, \u00e9s egy ehet\u0151 gomb\u00e1r\u00f3l van sz\u00f3, amely n\u00e1lunk is terem. Val\u00f3j\u00e1ban a Ganoderma lucidum \u00e9s a Cordyceps mellett a 6 legismertebb gy\u00f3gygomba k\u00f6z\u00e9 tartozik, hisz:<\/span><\/p>\n<p><span style=\"color: #000000\"> \ud83d\udc9a szab\u00e1lyozza az \u00f6sszkoleszterin szintet (emeli a j\u00f3 HDL koleszterin szintet \u00e9s cs\u00f6kkenti a rossz LDL koleszterin szintet), a v\u00e9rnyom\u00e1st \u00e9s a v\u00e9rcukorszintet,<br \/>\n\ud83d\udc9a v\u00e9d a szabad gy\u00f6k\u00f6k ellen,<br \/>\n\ud83d\udc9a gy\u00f3gy\u00edtja \u00e9s g\u00e1tolja a gyullad\u00e1sokat,<br \/>\n\ud83d\udc9a n\u00f6veli az ellen\u00e1ll\u00f3k\u00e9pess\u00e9get az immunrendszer er\u0151s\u00edt\u00e9s\u00e9vel.<\/span><\/p>\n","protected":false},"featured_media":6001,"comment_status":"open","ping_status":"closed","template":"","meta":{"_acf_changed":false},"product_brand":[],"product_cat":[224,229,225],"product_tag":[],"class_list":{"0":"post-6000","1":"product","2":"type-product","3":"status-publish","4":"has-post-thumbnail","6":"product_cat-ajanlat","7":"product_cat-gyogygombak","8":"product_cat-minden-termek","10":"first","11":"instock","12":"taxable","13":"shipping-taxable","14":"purchasable","15":"product-type-simple"},"acf":[],"_links":{"self":[{"href":"https:\/\/fengchashop.com\/hu\/wp-json\/wp\/v2\/product\/6000","targetHints":{"allow":["GET"]}}],"collection":[{"href":"https:\/\/fengchashop.com\/hu\/wp-json\/wp\/v2\/product"}],"about":[{"href":"https:\/\/fengchashop.com\/hu\/wp-json\/wp\/v2\/types\/product"}],"replies":[{"embeddable":true,"href":"https:\/\/fengchashop.com\/hu\/wp-json\/wp\/v2\/comments?post=6000"}],"wp:featuredmedia":[{"embeddable":true,"href":"https:\/\/fengchashop.com\/hu\/wp-json\/wp\/v2\/media\/6001"}],"wp:attachment":[{"href":"https:\/\/fengchashop.com\/hu\/wp-json\/wp\/v2\/media?parent=6000"}],"wp:term":[{"taxonomy":"product_brand","embeddable":true,"href":"https:\/\/fengchashop.com\/hu\/wp-json\/wp\/v2\/product_brand?post=6000"},{"taxonomy":"product_cat","embeddable":true,"href":"https:\/\/fengchashop.com\/hu\/wp-json\/wp\/v2\/product_cat?post=6000"},{"taxonomy":"product_tag","embeddable":true,"href":"https:\/\/fengchashop.com\/hu\/wp-json\/wp\/v2\/product_tag?post=6000"}],"curies":[{"name":"wp","href":"https:\/\/api.w.org\/{rel}","templated":true}]}}