{"id":5995,"date":"2022-02-11T22:23:40","date_gmt":"2022-02-11T21:23:40","guid":{"rendered":"https:\/\/fengchashop.com\/hu\/product\/sziberiai-ginzeng-por-bio-250-g\/"},"modified":"2026-04-30T09:56:54","modified_gmt":"2026-04-30T07:56:54","slug":"sziberiai-ginzeng-por-bio","status":"publish","type":"product","link":"https:\/\/fengchashop.com\/hu\/product\/sziberiai-ginzeng-por-bio\/","title":{"rendered":"Szib\u00e9riai ginzeng por BIO 250 g"},"content":{"rendered":"<h2><span style=\"color: #000000\">Szib\u00e9riai ginzeng por biotermeszt\u00e9sb\u0151l<\/span><\/h2>\n<p><span style=\"color: #000000\">A szib\u00e9riai ginzeng els\u0151sorban \u00c9szak-K\u00edn\u00e1ban \u00e9s Szib\u00e9ri\u00e1ban (Oroszorsz\u00e1gban) terem. Kore\u00e1ban \u00e9s Jap\u00e1nban is megtal\u00e1lhat\u00f3. \u00c9vel\u0151 n\u00f6v\u00e9ny, amely \u00e1ltal\u00e1ban h\u0171v\u00f6sebb \u00e9ghajlaton n\u0151. F\u00e1s csonka gy\u00f6k\u00e9rrel rendelkezik, \u00e9s magas hegyvid\u00e9ki ter\u00fcleteken, vagy napos, v\u00e9dett v\u00f6lgyekben is n\u0151. Szib\u00e9riai ginzeng vagy eleuthero (Eleutherococcus senticosus) n\u00e9ven is ismert.<\/span><\/p>\n<p><span style=\"color: #000000\">A ginzenggy\u00f6k\u00e9r az egyik <strong>legfontosabb n\u00f6v\u00e9ny<\/strong> a hagyom\u00e1nyos k\u00ednai \u00e9s orosz gy\u00f3gyn\u00f6v\u00e9nytanban. \u00c9vsz\u00e1zadok, ha nem \u00e9vezredek \u00f3ta haszn\u00e1lj\u00e1k \u00e9trend-kieg\u00e9sz\u00edt\u0151k\u00e9nt. K\u00edn\u00e1ban k\u00f6ztudott, hogy a ginzeng j\u00f3t tesz az eg\u00e9szs\u00e9gnek a<strong>hossz\u00fa \u00e9letet ny\u00fajt <\/strong>(lass\u00edtja az \u00f6reged\u00e9si folyamatokat), <strong>az immunrendszer er\u0151s\u00edt\u00e9s\u00e9t, a f\u00e1radts\u00e1g \u00e9s a stressz elleni k\u00fczdelmet, valamint a jav\u00edtja a szexu\u00e1lis potenci\u00e1lt<\/strong>.<\/span><\/p>\n<p><span style=\"color: #000000\">A ginzeng akt\u00edv vegy\u00fcletei, az \u00fagynevezett eleutherozidok (7 k\u00fcl\u00f6nb\u00f6z\u0151t tartalmaz), a szteroidokhoz hasonl\u00f3an hatnak. A ginzeng szint\u00e9n<strong> adaptog\u00e9n gy\u00f3gyn\u00f6v\u00e9ny.<\/strong> Ezek olyan n\u00f6v\u00e9nyek, amelyek seg\u00edtenek a szervezetnek alkalmazkodni a k\u00fcl\u00f6nb\u00f6z\u0151 negat\u00edv k\u00f6rnyezeti t\u00e9nyez\u0151kh\u00f6z. K\u00e9pes szab\u00e1lyozni \u00e9s ir\u00e1ny\u00edtani a mirigy- \u00e9s hormonrendszert, az ideg- \u00e9s sz\u00edv- \u00e9s \u00e9rrendszert, valamint az izmokat. Az adaptog\u00e9nek hat\u00e9konyan seg\u00edtik a szervezetet a fizikai, k\u00e9miai \u00e9s biol\u00f3giai stresszel val\u00f3 megbirk\u00f3z\u00e1sban.\u00a0<\/span><\/p>\n<p><span style=\"color: #000000\">Szib\u00e9riai ginzeng\u00fcnk <strong>biogazd\u00e1lkod\u00e1sb\u00f3l sz\u00e1rmazik<\/strong>, \u00e9s <strong>nem tartalmaz kieg\u00e9sz\u00edt\u0151 vagy adal\u00e9kanyagokat<\/strong>. A betakar\u00edt\u00e1s ut\u00e1n a ginzenggy\u00f6kereket megsz\u00e1r\u00edtj\u00e1k, majd finom porr\u00e1 \u0151rlik.<\/span><br \/>\n<span style=\"color: #000000\">A szib\u00e9riai ginzeng (Eleutherozid) nem t\u00e9vesztend\u0151 \u00f6ssze az ismertebb \u00e1zsiai ginzenggel (Ginsenozid), b\u00e1r hasonl\u00f3 adaptog\u00e9n tulajdons\u00e1gokkal rendelkeznek.<\/span><\/p>\n<h2><span style=\"color: #000000\">Mi\u00e9rt j\u00f3 \u00f6tlet fogyasztani?<\/span><\/h2>\n<p><span style=\"color: #000000\">A ginzeng seg\u00edthet<strong> lek\u00fczdeni a stresszt, j\u00f3 energi\u00e1t teremthet a szervezetben \u00e9s hozz\u00e1j\u00e1rulhat az \u00e1ltal\u00e1nos vitalit\u00e1shoz<\/strong>. Mivel komplex poliszacharidokat tartalmaz, gyakran t\u00e1rs\u00edtj\u00e1k az immunrendszer er\u0151s\u00edt\u00e9s\u00e9vel. A kutat\u00f3k meg\u00e1llap\u00edtott\u00e1k, hogy a ginzeng hat\u00e1sa tov\u00e1bb <strong>fokozhat\u00f3<\/strong>, ha m\u00e1s hagyom\u00e1nyos k\u00ednai gy\u00f3gyn\u00f6v\u00e9nyekkel kombin\u00e1lj\u00e1k. A ginzeng <strong>gyullad\u00e1scs\u00f6kkent\u0151, szabadgy\u00f6k-ellenes, jav\u00edtja a v\u00e9rkering\u00e9st \u00e9s cs\u00f6kkenti a v\u00e9rnyom\u00e1st<\/strong>.\u00a0Serkenti az agyalapi mirigyet \u00e9s <strong>n\u00f6veli a libid\u00f3t<\/strong>.<\/span><br \/>\n<span style=\"color: #000000\">Rendk\u00edv\u00fcl n\u00e9pszer\u0171 a sportol\u00f3k k\u00f6r\u00e9ben, mivel n\u00f6veli az \u00e1ll\u00f3k\u00e9pess\u00e9get \u00e9s cs\u00f6kkenti a f\u00e1radts\u00e1got, mik\u00f6zben seg\u00edti a gyorsabb regener\u00e1l\u00f3d\u00e1st.<\/span><br \/>\n<span style=\"color: #000000\">Seg\u00edt tov\u00e1bb\u00e1 jav\u00edtani az agy ment\u00e1lis \u00e9s kognit\u00edv funkci\u00f3it. Hat\u00e1ssal van a tanul\u00e1sra, a mem\u00f3ri\u00e1ra \u00e9s a kogn\u00edci\u00f3ra. Mindez azt jelenti, hogy k\u00f6zvetlen hat\u00e1ssal lehet az\u00a0<strong>agy roml\u00e1s\u00e1nak<\/strong> megel\u0151z\u00e9s\u00e9re.\u00a0Mindemellett jav\u00edtja az alv\u00e1st is \u00e9s megszabad\u00edt a depresszi\u00f3t\u00f3l.<\/span><br \/>\n<span style=\"color: #000000\">Hagyom\u00e1nyosan megf\u00e1z\u00e1s \u00e9s influenza eset\u00e9n is haszn\u00e1lj\u00e1k, mivel egyes tanulm\u00e1nyok szerint seg\u00edthet az ezeket a betegs\u00e9geket okoz\u00f3 v\u00edrusok lek\u00fczd\u00e9s\u00e9ben. <\/span><br \/>\n<span style=\"color: #000000\">Seg\u00edthet tov\u00e1bb\u00e1 enyh\u00edteni a menopauz\u00e1ba val\u00f3 \u00e1tmenet sor\u00e1n jellemz\u0151en a n\u0151kn\u00e9l jelentkez\u0151 tipikus probl\u00e9m\u00e1kon, ugyanakkor v\u00e9delmet ny\u00fajt a csontveszt\u00e9s (csontritkul\u00e1s) ellen, amely ebben az id\u0151szakban a hormon\u00e1lis v\u00e1ltoz\u00e1sok miatt gyakran s\u00falyosbodik.<\/span><\/p>\n<h2><span style=\"color: #000000\">T\u00e1rol\u00e1s \u00e9s figyelmeztet\u00e9sek<\/span><\/h2>\n<p><span style=\"color: #000000\">H\u0171v\u00f6s, sz\u00e1raz helyen t\u00e1roland\u00f3. Gyermekek el\u0151l elz\u00e1rva tartand\u00f3 \u00e9trend-kieg\u00e9sz\u00edt\u0151!<\/span><br \/>\n<span style=\"color: #000000\">Ne feledje a v\u00e1ltozatos \u00e9trend \u00e9s az eg\u00e9szs\u00e9ges \u00e9letm\u00f3d fontoss\u00e1g\u00e1t, az \u00e9trend-kieg\u00e9sz\u00edt\u0151 nem helyettes\u00edti a kiegyens\u00falyozott \u00e9s v\u00e1ltozatos \u00e9trendet. Az aj\u00e1nlott napi mennyis\u00e9get vagy adagot nem szabad t\u00fall\u00e9pni. Terhes n\u0151knek, szoptat\u00f3s any\u00e1knak \u00e9s gy\u00f3gyszereket szed\u0151knek a haszn\u00e1lat el\u0151tt mindig tan\u00e1csos orvoshoz fordulni.<\/span><\/p>\n<h2><span style=\"color: #000000\">Csomagol\u00e1s<\/span><\/h2>\n<p><span style=\"color: #000000\">L\u00e9gmentesen z\u00e1rhat\u00f3 tasak, amelyben a term\u00e9k meg\u0151rzi minden frissess\u00e9g\u00e9t \u00e9s arom\u00e1j\u00e1t. A csomagol\u00e1s v\u00e9d a f\u00e9nyt\u0151l \u00e9s a leveg\u0151t\u0151l, mivel t\u00f6bb v\u00e9d\u0151r\u00e9tegb\u0151l \u00e1ll, amelyek meg\u0151rzik a tartalom tulajdons\u00e1gait.<\/span><\/p>\n<p><span style=\"color: #000000\">A csomagol\u00e1s nagyon praktikus \u00e9s \u00fajrahasznos\u00edthat\u00f3.<\/span><\/p>\n<h2><span style=\"color: #000000\">Sz\u00e1rmaz\u00e1s<\/span><\/h2>\n<p><span style=\"color: #000000\">K\u00edna. K\u00fcl\u00f6n\u00f6sen megb\u00edzhat\u00f3 besz\u00e1ll\u00edt\u00f3kkal rendelkez\u00fcnk, akik minden egyes t\u00e9telr\u0151l r\u00e9szletes k\u00e9miai elemz\u00e9st k\u00fcldenek nek\u00fcnk. T\u00f6bb mint 10 \u00e9v alatt soha nem volt reklam\u00e1ci\u00f3 vagy b\u00e1rmilyen m\u00e1s probl\u00e9m\u00e1nk ezzel a term\u00e9kkel, sem m\u00e1s term\u00e9kkel ugyanatt\u00f3l a besz\u00e1ll\u00edt\u00f3t\u00f3l. A term\u00e9k 100%-ban bio min\u0151s\u00edt\u00e9s\u0171.<\/span><\/p>\n","protected":false},"excerpt":{"rendered":"<p align=\"JUSTIFY\"><span style=\"color: #000000\">A ginzenggy\u00f6k\u00e9r az egyik legfontosabb n\u00f6v\u00e9ny a hagyom\u00e1nyos k\u00ednai \u00e9s orosz gy\u00f3gyn\u00f6v\u00e9nytanban. \u00c9vsz\u00e1zadok, ha nem \u00e9vezredek \u00f3ta haszn\u00e1lj\u00e1k \u00e9trend-kieg\u00e9sz\u00edt\u0151k\u00e9nt. K\u00edn\u00e1ban k\u00f6ztudott, hogy a ginzeng az al\u00e1bbi hat\u00e1sokkal tesz j\u00f3t az eg\u00e9szs\u00e9gnek:<\/span><\/p>\n<p align=\"JUSTIFY\"><span style=\"color: #000000\">\ud83d\udc9a hossz\u00fa \u00e9letet ny\u00fajt (lass\u00edtja az \u00f6reged\u00e9si folyamatokat),<\/span><br \/>\n<span style=\"color: #000000\">\ud83d\udc9a er\u0151s\u00edti az immunrendszert,<\/span><br \/>\n<span style=\"color: #000000\">\ud83d\udc9a cs\u00f6kkenti a f\u00e1radts\u00e1got \u00e9s a stresszt,<\/span><br \/>\n<span style=\"color: #000000\">\ud83d\udc9a jav\u00edtja a szexu\u00e1lis potenci\u00e1lt.<\/span><\/p>\n","protected":false},"featured_media":5894,"comment_status":"open","ping_status":"closed","template":"","meta":{"_acf_changed":false},"product_brand":[],"product_cat":[224,225,195],"product_tag":[],"class_list":{"0":"post-5995","1":"product","2":"type-product","3":"status-publish","4":"has-post-thumbnail","6":"product_cat-ajanlat","7":"product_cat-minden-termek","8":"product_cat-szuperelelmiszer","10":"first","11":"instock","12":"sale","13":"taxable","14":"shipping-taxable","15":"purchasable","16":"product-type-simple"},"acf":[],"_links":{"self":[{"href":"https:\/\/fengchashop.com\/hu\/wp-json\/wp\/v2\/product\/5995","targetHints":{"allow":["GET"]}}],"collection":[{"href":"https:\/\/fengchashop.com\/hu\/wp-json\/wp\/v2\/product"}],"about":[{"href":"https:\/\/fengchashop.com\/hu\/wp-json\/wp\/v2\/types\/product"}],"replies":[{"embeddable":true,"href":"https:\/\/fengchashop.com\/hu\/wp-json\/wp\/v2\/comments?post=5995"}],"wp:featuredmedia":[{"embeddable":true,"href":"https:\/\/fengchashop.com\/hu\/wp-json\/wp\/v2\/media\/5894"}],"wp:attachment":[{"href":"https:\/\/fengchashop.com\/hu\/wp-json\/wp\/v2\/media?parent=5995"}],"wp:term":[{"taxonomy":"product_brand","embeddable":true,"href":"https:\/\/fengchashop.com\/hu\/wp-json\/wp\/v2\/product_brand?post=5995"},{"taxonomy":"product_cat","embeddable":true,"href":"https:\/\/fengchashop.com\/hu\/wp-json\/wp\/v2\/product_cat?post=5995"},{"taxonomy":"product_tag","embeddable":true,"href":"https:\/\/fengchashop.com\/hu\/wp-json\/wp\/v2\/product_tag?post=5995"}],"curies":[{"name":"wp","href":"https:\/\/api.w.org\/{rel}","templated":true}]}}