{"id":5993,"date":"2022-02-11T22:15:52","date_gmt":"2022-02-11T21:15:52","guid":{"rendered":"https:\/\/fengchashop.com\/hu\/product\/ashwagandha-v-prahu-bio-250-g\/"},"modified":"2026-04-18T03:44:17","modified_gmt":"2026-04-18T01:44:17","slug":"ashwagandha-por-bio","status":"publish","type":"product","link":"https:\/\/fengchashop.com\/hu\/product\/ashwagandha-por-bio\/","title":{"rendered":"Ashwagandha por BIO 250 g"},"content":{"rendered":"<h2><span style=\"color: #000000\">BIO Ashwagandha por<\/span><\/h2>\n<p><span style=\"color: #000000\">Az Ashwagandha az Ayurveda egyik alapvet\u0151 gy\u00f3gyn\u00f6v\u00e9nye \u00e9s az egyik legtiszteltebb n\u00f6v\u00e9ny, amelyet <strong>indiai ginzengnek<\/strong> is neveznek, mivel az Ayurveda a hagyom\u00e1nyos k\u00ednai orvosl\u00e1sban a ginzenghez hasonl\u00f3an haszn\u00e1lja. Botanikai szempontb\u00f3l viszont a k\u00e9t n\u00f6v\u00e9ny nincs rokons\u00e1gban.\u00a0Gy\u00f3gy\u00e1szati c\u00e9lokra \u00e9vezredek \u00f3ta haszn\u00e1lj\u00e1k, mivel<strong> pozit\u00edv hat\u00e1ssal van az \u00e1ltal\u00e1nos k\u00f6z\u00e9rzetre<\/strong> \u00e9s energi\u00e1val t\u00f6lt fel. Szuper\u00e9lelmiszernek tekintik vil\u00e1gszerte, amely seg\u00edt a hormon\u00e1lis egyens\u00faly helyre\u00e1ll\u00edt\u00e1s\u00e1ban. Pozit\u00edv hat\u00e1ssal van a hormonokra \u00e9s a nemi szervekre. Helyre\u00e1ll\u00edtja a mell\u00e9kvese \u00e9s a pajzsmirigy m\u0171k\u00f6d\u00e9s\u00e9t. Adaptog\u00e9n hat\u00e1sa miatt az Ayurv\u00e9d\u00e1ban t\u00fal- \u00e9s alulm\u0171k\u00f6d\u0151 pajzsmirigyek kezel\u00e9s\u00e9re haszn\u00e1lj\u00e1k.<\/span><\/p>\n<h2><span style=\"color: #000000\">Milyen el\u0151nyei lehetnek az ashwagandha szed\u00e9s\u00e9nek?<\/span><\/h2>\n<p><span style=\"color: #000000\">Az Ashwagandh\u00e1r\u00f3l \u00fagy tartj\u00e1k, hogy pozit\u00edv hat\u00e1ssal van a k\u00f6vetkez\u0151kre:<\/span><br \/>\n<span style=\"color: #000000\">\ud83d\udc9a megn\u00f6vekedett <strong>agyi teljes\u00edtm\u00e9ny<\/strong>, <\/span><br \/>\n<span style=\"color: #000000\">\ud83d\udc9a <strong>n\u00f6veli az energi\u00e1t \u00e9s az \u00e1ll\u00f3k\u00e9pess\u00e9get<\/strong>, <\/span><br \/>\n<span style=\"color: #000000\">\ud83d\udc9a seg\u00edt lek\u00fczdeni a <strong>mindennapi<\/strong> stresszt, valamint a szorong\u00e1s \u00e9s a depresszi\u00f3 t\u00fcneteinek enyh\u00edt\u00e9se, <\/span><br \/>\n<span style=\"color: #000000\">\ud83d\udc9a cs\u00f6kkenti az \u00e1lmatlans\u00e1got, <\/span><br \/>\n<span style=\"color: #000000\">\ud83d\udc9a enyh\u00edti a <strong>f\u00e1jdalmat \u00e9s a gyullad\u00e1st<\/strong>, <\/span><br \/>\n<span style=\"color: #000000\">\ud83d\udc9a a <strong>nemi v\u00e1gy<\/strong> \u00e9s a term\u00e9kenys\u00e9g n\u00f6vel\u00e9se mindk\u00e9t nemn\u00e9l, <\/span><br \/>\n<span style=\"color: #000000\">\ud83d\udc9a lass\u00edtja a <strong>szervezet \u00f6reged\u00e9si<\/strong> folyamat\u00e1t. <\/span><br \/>\n<span style=\"color: #000000\">\u00a0<\/span><br \/>\n<span style=\"color: #000000\">A n\u00f6v\u00e9ny gy\u00f6kere tartalmazza a legt\u00f6bb hat\u00f3anyagot, amelyek pozit\u00edv hat\u00e1ssal vannak a k\u00fcl\u00f6nb\u00f6z\u0151 eg\u00e9szs\u00e9g\u00fcgyi probl\u00e9m\u00e1kra. Lenyelhet\u0151 vagy felvihet\u0151 a b\u0151rre vagy a probl\u00e9m\u00e1s ter\u00fcletre. Rendk\u00edv\u00fcl sokoldal\u00fa, ez\u00e9rt h\u00e1rom k\u00fcl\u00f6nb\u00f6z\u0151 hagyom\u00e1nyos gy\u00f3gy\u00e1szatban is nagyra \u00e9rt\u00e9kelik.<\/span><br \/>\n<span style=\"color: #000000\">Indiai ginzengk\u00e9nt is ismert, mert a ginzenghez hasonl\u00f3an rendk\u00edv\u00fcl hat\u00e1sos a gondolkod\u00e1si k\u00e9pess\u00e9g \u00e9s az agym\u0171k\u00f6d\u00e9s serkent\u00e9s\u00e9ben, \u00e9s v\u00e9di az agyat a modern \u00e9let hat\u00e1sait\u00f3l. Kiv\u00e1l\u00f3 hat\u00e1ssal van az eg\u00e9sz idegrendszerre, ez\u00e9rt gyakran haszn\u00e1lj\u00e1k a <strong>stressz, a szorong\u00e1s \u00e9s a depresszi\u00f3<\/strong> lek\u00fczd\u00e9s\u00e9re. A k\u00f6zelm\u00faltban sz\u00e1mos kutat\u00e1s t\u00e1rgy\u00e1t k\u00e9pezte, t\u00f6bbek k\u00f6z\u00f6tt az Alzheimer-k\u00f3r \u00e9s a demencia kezel\u00e9s\u00e9vel kapcsolatban.<\/span><\/p>\n<h2><span style=\"color: #000000\">Kinek aj\u00e1nlott az ashwagandha fogyaszt\u00e1sa<\/span><\/h2>\n<p><span style=\"color: #000000\">B\u00e1r az ashwagandh\u00e1t nagyon sz\u00e9les hat\u00e1sspektrummal rendelkezik, fogyaszt\u00e1sa els\u0151sorban azoknak aj\u00e1nlott, akik term\u00e9szetes m\u00f3don szeretn\u00e9nek seg\u00edteni az olyan probl\u00e9m\u00e1kon, mint a t\u00falzott <strong>stressz<\/strong>, a nemi v\u00e1gy hi\u00e1nya \u00e9s a <strong>klimax<\/strong> okozta probl\u00e9m\u00e1k. Fogyaszthat\u00f3 a<strong> mem\u00f3ria, a koncentr\u00e1ci\u00f3 \u00e9s a teljes\u00edtm\u00e9ny<\/strong>, a v\u00e9rk\u00e9p <strong>jav\u00edt\u00e1s\u00e1ra,<\/strong> valamint a fogy\u00e1s el\u0151seg\u00edt\u00e9se \u00e9s a megf\u00e1z\u00e1ssal \u00e9s m\u00e1s fert\u0151z\u00e9sekkel szembeni ellen\u00e1ll\u00f3k\u00e9pess\u00e9g n\u00f6vel\u00e9se \u00e9rdek\u00e9ben is. Figyelemre m\u00e9lt\u00f3 gyullad\u00e1scs\u00f6kkent\u0151 hat\u00e1sa miatt mindenf\u00e9le<strong> reumatikus betegs\u00e9g<\/strong> \u00e9s gyulladt \u00edz\u00fclet enyh\u00edt\u00e9s\u00e9re is haszn\u00e1lj\u00e1k. Emellett seg\u00edt fenntartani az izomt\u00f3nust \u00e9s rugalmasan tartja az \u00edz\u00fcleteket. Haszn\u00e1lata alacsony pajzsmirigyhormon szintre is aj\u00e1nlott. B\u00e1r az ashwagandha biztons\u00e1gos \u00e9lelmiszer, \u00e9s s\u00falyos eg\u00e9szs\u00e9g\u00fcgyi \u00e1llapotok eset\u00e9n alternat\u00edvak\u00e9nt haszn\u00e1lhat\u00f3, haszn\u00e1lat el\u0151tt aj\u00e1nlott orvoshoz fordulni.<\/span><\/p>\n<h2><span style=\"color: #000000\">T\u00e1rol\u00e1s \u00e9s figyelmeztet\u00e9sek<\/span><\/h2>\n<p><span style=\"color: #000000\">H\u0171v\u00f6s, sz\u00e1raz helyen, legfeljebb 25 \u00b0C h\u0151m\u00e9rs\u00e9kleten t\u00e1rolja. Gyermekek el\u0151l elz\u00e1rva tartand\u00f3 \u00e9trend-kieg\u00e9sz\u00edt\u0151!<\/span><br \/>\n<span style=\"color: #000000\">Ne feledje a v\u00e1ltozatos \u00e9trend \u00e9s az eg\u00e9szs\u00e9ges \u00e9letm\u00f3d fontoss\u00e1g\u00e1t, az \u00e9trend-kieg\u00e9sz\u00edt\u0151 nem helyettes\u00edti a kiegyens\u00falyozott \u00e9s v\u00e1ltozatos \u00e9trendet. Az aj\u00e1nlott napi mennyis\u00e9get vagy adagot nem szabad t\u00fall\u00e9pni. Terhes \u00e9s szoptat\u00f3 n\u0151knek, valamint pajzsmirigy-t\u00falm\u0171k\u00f6d\u00e9sben szenved\u0151knek nem aj\u00e1nlott a k\u00e9sz\u00edtm\u00e9ny haszn\u00e1lata.<\/span><\/p>\n<h2><span style=\"color: #000000\">Csomagol\u00e1s<\/span><\/h2>\n<p><span style=\"color: #000000\">L\u00e9gmentesen z\u00e1rhat\u00f3 tasak, amelyben a term\u00e9k meg\u0151rzi minden frissess\u00e9g\u00e9t \u00e9s arom\u00e1j\u00e1t. A csomagol\u00e1s v\u00e9d a f\u00e9nyt\u0151l \u00e9s a leveg\u0151t\u0151l, mivel t\u00f6bb v\u00e9d\u0151r\u00e9tegb\u0151l \u00e1ll, amelyek meg\u0151rzik a tartalom tulajdons\u00e1gait.<\/span><\/p>\n<p><span style=\"color: #000000\">A csomagol\u00e1s nagyon praktikus \u00e9s \u00fajrahasznos\u00edthat\u00f3.<\/span><\/p>\n<h2><span style=\"color: #000000\">Sz\u00e1rmaz\u00e1s<\/span><\/h2>\n<p><span style=\"color: #000000\">India<\/span><\/p>\n","protected":false},"excerpt":{"rendered":"<p align=\"JUSTIFY\"><span style=\"color: #000000\"><span lang=\"hu-HU\">Az Ashwagandha az Ayurveda egyik alapvet\u0151 gy\u00f3gyn\u00f6v\u00e9nye \u00e9s az egyik legtiszteltebb n\u00f6v\u00e9ny, amelyet <strong>indiai ginzengnek<\/strong> is neveznek, mivel az Ayurveda a hagyom\u00e1nyos k\u00ednai orvosl\u00e1sban a ginzenghez hasonl\u00f3an haszn\u00e1lja. Botanikai szempontb\u00f3l viszont a k\u00e9t n\u00f6v\u00e9ny nincs rokons\u00e1gban. Gy\u00f3gy\u00e1szati c\u00e9lokra \u00e9vezredek \u00f3ta haszn\u00e1lj\u00e1k, mivel <\/span><span lang=\"hu-HU\"><b>pozit\u00edv hat\u00e1ssal van az \u00e1ltal\u00e1nos k\u00f6z\u00e9rzetre<\/b><\/span><span lang=\"hu-HU\"> \u00e9s energi\u00e1val t\u00f6lt fel. <\/span>Az Ashwagandh\u00e1r\u00f3l \u00fagy tartj\u00e1k, hogy pozit\u00edv hat\u00e1ssal van a k\u00f6vetkez\u0151kre:<\/span><\/p>\n<p align=\"JUSTIFY\"><span style=\"color: #000000\">\ud83d\udc9a megn\u00f6vekedett agyi teljes\u00edtm\u00e9ny,<\/span><br \/>\n<span style=\"color: #000000\">\ud83d\udc9a n\u00f6veli az energi\u00e1t \u00e9s az \u00e1ll\u00f3k\u00e9pess\u00e9get,<\/span><br \/>\n<span style=\"color: #000000\">\ud83d\udc9a seg\u00edt lek\u00fczdeni a mindennapi stresszt,<\/span><br \/>\n<span style=\"color: #000000\">\ud83d\udc9a cs\u00f6kkenti az \u00e1lmatlans\u00e1got.<\/span><\/p>\n","protected":false},"featured_media":5994,"comment_status":"open","ping_status":"closed","template":"","meta":{"_acf_changed":false},"product_brand":[],"product_cat":[224,194,242,228,225,195],"product_tag":[],"class_list":{"0":"post-5993","1":"product","2":"type-product","3":"status-publish","4":"has-post-thumbnail","6":"product_cat-ajanlat","7":"product_cat-ajurveda","8":"product_cat-jo-ajanlatok","9":"product_cat-legkeresettebb","10":"product_cat-minden-termek","11":"product_cat-szuperelelmiszer","13":"first","14":"instock","15":"sale","16":"taxable","17":"shipping-taxable","18":"purchasable","19":"product-type-simple"},"acf":[],"_links":{"self":[{"href":"https:\/\/fengchashop.com\/hu\/wp-json\/wp\/v2\/product\/5993","targetHints":{"allow":["GET"]}}],"collection":[{"href":"https:\/\/fengchashop.com\/hu\/wp-json\/wp\/v2\/product"}],"about":[{"href":"https:\/\/fengchashop.com\/hu\/wp-json\/wp\/v2\/types\/product"}],"replies":[{"embeddable":true,"href":"https:\/\/fengchashop.com\/hu\/wp-json\/wp\/v2\/comments?post=5993"}],"wp:featuredmedia":[{"embeddable":true,"href":"https:\/\/fengchashop.com\/hu\/wp-json\/wp\/v2\/media\/5994"}],"wp:attachment":[{"href":"https:\/\/fengchashop.com\/hu\/wp-json\/wp\/v2\/media?parent=5993"}],"wp:term":[{"taxonomy":"product_brand","embeddable":true,"href":"https:\/\/fengchashop.com\/hu\/wp-json\/wp\/v2\/product_brand?post=5993"},{"taxonomy":"product_cat","embeddable":true,"href":"https:\/\/fengchashop.com\/hu\/wp-json\/wp\/v2\/product_cat?post=5993"},{"taxonomy":"product_tag","embeddable":true,"href":"https:\/\/fengchashop.com\/hu\/wp-json\/wp\/v2\/product_tag?post=5993"}],"curies":[{"name":"wp","href":"https:\/\/api.w.org\/{rel}","templated":true}]}}