{"id":5992,"date":"2022-11-02T22:07:00","date_gmt":"2022-11-02T21:07:00","guid":{"rendered":"https:\/\/fengchashop.com\/hu\/product\/psilium-v-prahu-bio-250-g\/"},"modified":"2026-02-19T00:20:05","modified_gmt":"2026-02-18T23:20:05","slug":"psilium-utifumaghej-por-99-tisztasaggal-bio","status":"publish","type":"product","link":"https:\/\/fengchashop.com\/hu\/product\/psilium-utifumaghej-por-99-tisztasaggal-bio\/","title":{"rendered":"Psilium \u00fatif\u0171magh\u00e9j por 99% tisztas\u00e1ggal BIO 250 g"},"content":{"rendered":"<h2>BIO Psilium \u00fatif\u0171magh\u00e9j por 99% tisztas\u00e1ggal<\/h2>\n<p>A Psyllium vagy \u00fatif\u0171magh\u00e9j a plantago nev\u0171 n\u00f6v\u00e9ny magh\u00e9ja. Az \u00fatif\u0171magh\u00e9jat t\u00e1pl\u00e1l\u00e9kkieg\u00e9sz\u00edt\u0151k\u00e9nt haszn\u00e1lj\u00e1k em\u00e9szt\u0151rendszeri probl\u00e9m\u00e1kra, amelyek els\u0151sorban a belekben jelentkeznek. Rendk\u00edv\u00fcl magas rosttartalma <strong>seg\u00edt sz\u00e9kreked\u00e9s eset\u00e9n, megsz\u00fcnteti a puffad\u00e1st \u00e9s telts\u00e9g\u00e9rzetet biztos\u00edt<\/strong>. A 99%-os tisztas\u00e1g azt jelenti, hogy k\u00fcl\u00f6n\u00f6s odafigyel\u00e9ssel tiszt\u00edtott term\u00e9k. R\u00f6viden, ez egy <strong>pr\u00e9mium kateg\u00f3ri\u00e1s \u00fatif\u0171magh\u00e9j<\/strong>.<br \/>\nMindenki tudja, hogy az \u00e1ltal\u00e1nos eg\u00e9szs\u00e9g \u00e9s a j\u00f3l\u00e9t nagym\u00e9rt\u00e9kben f\u00fcgg b\u00e9lrendszer\u00fcnk m\u0171k\u00f6d\u00e9s\u00e9t\u0151l \u00e9s eg\u00e9szs\u00e9g\u00e9t\u0151l. Azonban az eg\u00e9szs\u00e9ges b\u00e9lrendszer, mint test\u00fcnk kulcsfontoss\u00e1g\u00fa szerv\u00e9nek fontoss\u00e1g\u00e1ra csak akkor \u00e9bred\u00fcnk r\u00e1, amikor sz\u00e9kreked\u00e9s, hasmen\u00e9s, puffad\u00e1s vagy m\u00e1s s\u00falyosabb eg\u00e9szs\u00e9g\u00fcgyi probl\u00e9m\u00e1ink jelentkeznek.<br \/>\nEz\u00e9rt a <strong>rendszeres rostbevitel<\/strong> elengedhetetlen a b\u00e9lmozg\u00e1s t\u00e1mogat\u00e1s\u00e1hoz. Az \u00fatif\u0171magh\u00e9j fontos szerepet j\u00e1tszik ebben, mivel a magh\u00e9j gyorsan megduzzad \u00e9s g\u00e9lt k\u00e9pez amint v\u00edzzel \u00e9rintkezik, ez a beleket \u00f6sszeh\u00faz\u00f3d\u00e1sra serkenti, \u00edgy lehet\u0151v\u00e9 teszi a norm\u00e1l b\u00e9lmozg\u00e1st. Ez term\u00e9szetes m\u00f3don tiszt\u00edtja a beleket, \u00e9s megsz\u00fcnteti az elz\u00e1r\u00f3d\u00e1sokat, amelyek egy\u00e9bk\u00e9nt gyullad\u00e1st vagy a rossz bakt\u00e9riumok elszaporod\u00e1s\u00e1t okozhatj\u00e1k.<br \/>\nEz az \u00fatif\u0171magh\u00e9j:<br \/>\n\ud83d\udc9a <strong>99%-os<\/strong> tisztas\u00e1g\u00fa<br \/>\n\ud83d\udc9a<strong> k\u00f6nnyebben em\u00e9szthet\u0151<\/strong><br \/>\n\ud83d\udc9a pr\u00e9mium<strong> min\u0151s\u00e9g\u0171<\/strong><br \/>\n\ud83d\udc9a<strong> tan\u00fas\u00edtottan bio<\/strong><\/p>\n<h2>Hogyan m\u0171k\u00f6dik az \u00fatif\u0171magh\u00e9j \u00e9s milyen probl\u00e9m\u00e1kon seg\u00edt?<\/h2>\n<p>Mivel val\u00f3ban figyelemre m\u00e9lt\u00f3 tulajdons\u00e1gokkal rendelkezik, mindazoknak aj\u00e1nlott, akik szeretn\u00e9nek vigy\u00e1zni az eg\u00e9szs\u00e9g\u00fckre \u00e9s az \u00e1ltal\u00e1nos j\u00f3l\u00e9t\u00fckre, \u00e9s k\u00fcl\u00f6n\u00f6sen aj\u00e1nlott:<br \/>\n\ud83d\udc9a Azok sz\u00e1m\u00e1ra, akik gyakori \u00e9s visszat\u00e9r\u0151<strong> sz\u00e9kreked\u00e9st \u00e9s puffad\u00e1st<\/strong> tapasztalnak.<br \/>\n\ud83d\udc9a A jobb \u00e1ltal\u00e1nos k\u00f6z\u00e9rzet\u00e9rt \u00e9s a f\u00e1radts\u00e1g megel\u0151z\u00e9s\u00e9\u00e9rt.<br \/>\n\ud83d\udc9a \u00c9trend-kieg\u00e9sz\u00edt\u0151k\u00e9nt <strong>seg\u00edti a fogy\u00e1st<\/strong>, hiszen j\u00f3llakotts\u00e1g \u00e9rz\u00e9st ad, \u00e9s term\u00e9szetesen serkenti az anyagcser\u00e9t.<br \/>\n\ud83d\udc9a Mindazok sz\u00e1m\u00e1ra, akik term\u00e9szetes hashajt\u00f3t szeretn\u00e9nek az \u00e1ltal\u00e1nos nemk\u00edv\u00e1natos hat\u00e1sok, p\u00e9ld\u00e1ul puffad\u00e1s \u00e9s felf\u00fav\u00f3d\u00e1s n\u00e9lk\u00fcl.<br \/>\n\ud83d\udc9a Orvosi fel\u00fcgyelet mellett<strong> magas koleszterinszint<\/strong>, cukorbetegs\u00e9g, arany\u00e9r, irrit\u00e1bilis b\u00e9l, Crohn-betegs\u00e9g stb. eset\u00e9n is alkalmazhat\u00f3.<br \/>\n\ud83d\udc9a Alkalmas veg\u00e1nok \u00e9s veget\u00e1ri\u00e1nusok sz\u00e1m\u00e1ra.<br \/>\n\ud83d\udc9a Glut\u00e9nmentes.<br \/>\n\ud83d\udc9a Univerz\u00e1lisan haszn\u00e1lhat\u00f3 s\u00fct\u00e9shez \u00e9s f\u0151z\u00e9shez.<\/p>\n<h2>Csomagol\u00e1s<\/h2>\n<p>L\u00e9gmentesen z\u00e1rhat\u00f3 tasak, amelyben a term\u00e9k meg\u0151rzi minden frissess\u00e9g\u00e9t \u00e9s arom\u00e1j\u00e1t. A csomagol\u00e1s v\u00e9d a f\u00e9nyt\u0151l \u00e9s a leveg\u0151t\u0151l, mivel t\u00f6bb v\u00e9d\u0151r\u00e9tegb\u0151l \u00e1ll, amelyek meg\u0151rzik a tartalom tulajdons\u00e1gait.<\/p>\n<p>A csomagol\u00e1s nagyon praktikus \u00e9s \u00fajrahasznos\u00edthat\u00f3.<\/p>\n<h2>Sz\u00e1rmaz\u00e1s<\/h2>\n<p>India<\/p>\n","protected":false},"excerpt":{"rendered":"<p align=\"JUSTIFY\">A Psyllium vagy \u00fatif\u0171magh\u00e9j a plantago nev\u0171 n\u00f6v\u00e9ny magh\u00e9ja. Az \u00fatif\u0171magh\u00e9jat t\u00e1pl\u00e1l\u00e9kkieg\u00e9sz\u00edt\u0151k\u00e9nt haszn\u00e1lj\u00e1k em\u00e9szt\u0151rendszeri probl\u00e9m\u00e1kra, amelyek els\u0151sorban a belekben jelentkeznek. Mivel val\u00f3ban figyelemre m\u00e9lt\u00f3 tulajdons\u00e1gokkal rendelkezik, mindazoknak aj\u00e1nlott, akik szeretn\u00e9nek vigy\u00e1zni az eg\u00e9szs\u00e9g\u00fckre \u00e9s az \u00e1ltal\u00e1nos j\u00f3l\u00e9t\u00fckre, \u00e9s k\u00fcl\u00f6n\u00f6sen aj\u00e1nlott:<\/p>\n<p align=\"JUSTIFY\">\ud83d\udc9a Azok sz\u00e1m\u00e1ra, akik gyakori \u00e9s visszat\u00e9r\u0151 sz\u00e9kreked\u00e9st \u00e9s puffad\u00e1st tapasztalnak.<br \/>\n\ud83d\udc9a A jobb \u00e1ltal\u00e1nos k\u00f6z\u00e9rzet\u00e9rt \u00e9s a f\u00e1radts\u00e1g megel\u0151z\u00e9s\u00e9\u00e9rt.<br \/>\n\ud83d\udc9a \u00c9trend-kieg\u00e9sz\u00edt\u0151k\u00e9nt seg\u00edti a fogy\u00e1st, hiszen j\u00f3llakotts\u00e1g \u00e9rz\u00e9st ad, \u00e9s term\u00e9szetesen serkenti az anyagcser\u00e9t.<\/p>\n","protected":false},"featured_media":5925,"comment_status":"open","ping_status":"closed","template":"","meta":{"_acf_changed":false},"product_brand":[],"product_cat":[224,194,225,195],"product_tag":[],"class_list":{"0":"post-5992","1":"product","2":"type-product","3":"status-publish","4":"has-post-thumbnail","6":"product_cat-ajanlat","7":"product_cat-ajurveda","8":"product_cat-minden-termek","9":"product_cat-szuperelelmiszer","11":"first","12":"instock","13":"sale","14":"taxable","15":"shipping-taxable","16":"purchasable","17":"product-type-simple"},"acf":[],"_links":{"self":[{"href":"https:\/\/fengchashop.com\/hu\/wp-json\/wp\/v2\/product\/5992","targetHints":{"allow":["GET"]}}],"collection":[{"href":"https:\/\/fengchashop.com\/hu\/wp-json\/wp\/v2\/product"}],"about":[{"href":"https:\/\/fengchashop.com\/hu\/wp-json\/wp\/v2\/types\/product"}],"replies":[{"embeddable":true,"href":"https:\/\/fengchashop.com\/hu\/wp-json\/wp\/v2\/comments?post=5992"}],"wp:featuredmedia":[{"embeddable":true,"href":"https:\/\/fengchashop.com\/hu\/wp-json\/wp\/v2\/media\/5925"}],"wp:attachment":[{"href":"https:\/\/fengchashop.com\/hu\/wp-json\/wp\/v2\/media?parent=5992"}],"wp:term":[{"taxonomy":"product_brand","embeddable":true,"href":"https:\/\/fengchashop.com\/hu\/wp-json\/wp\/v2\/product_brand?post=5992"},{"taxonomy":"product_cat","embeddable":true,"href":"https:\/\/fengchashop.com\/hu\/wp-json\/wp\/v2\/product_cat?post=5992"},{"taxonomy":"product_tag","embeddable":true,"href":"https:\/\/fengchashop.com\/hu\/wp-json\/wp\/v2\/product_tag?post=5992"}],"curies":[{"name":"wp","href":"https:\/\/api.w.org\/{rel}","templated":true}]}}