{"id":5991,"date":"2022-02-11T21:55:28","date_gmt":"2022-02-11T20:55:28","guid":{"rendered":"https:\/\/fengchashop.com\/hu\/product\/maca-tabletta-bio-125-g\/"},"modified":"2026-05-03T17:00:42","modified_gmt":"2026-05-03T15:00:42","slug":"mac-tabletta-bio-125-g","status":"publish","type":"product","link":"https:\/\/fengchashop.com\/hu\/product\/mac-tabletta-bio-125-g\/","title":{"rendered":"Maca tabletta BIO 125 g"},"content":{"rendered":"<h2><span style=\"color: #000000;\">BIO Maca tabletta<\/span><\/h2>\n<p><span style=\"color: #000000;\">A maca egy olyan n\u00f6v\u00e9ny, amely az ut\u00f3bbi \u00e9vekben az \u00e9trend-kieg\u00e9sz\u00edt\u0151k egyik f\u0151szerepl\u0151j\u00e9v\u00e9 v\u00e1lt, \u00e9s n\u00e9pszer\u0171s\u00e9ge miatt sok polcra felker\u00fclt. <strong>Perui ginzengnek<\/strong> is nevezik. \u00c9s b\u00e1r hagyom\u00e1nyosan a term\u00e9kenys\u00e9g \u00e9s a nemi v\u00e1gy n\u00f6vel\u00e9s\u00e9re, a kimer\u00fclts\u00e9g megsz\u00fcntet\u00e9s\u00e9re \u00e9s a fizikai er\u0151 er\u0151s\u00edt\u00e9s\u00e9re haszn\u00e1lj\u00e1k, a maca fogyaszt\u00e1sa enn\u00e9l sokkal t\u00f6bbet is ny\u00fajthat.<\/span><br \/>\n<span style=\"color: #000000;\">Olyan adaptog\u00e9n gy\u00f3gyn\u00f6v\u00e9ny, amely <strong>n\u00f6veli az energiaszintet, az \u00e1ll\u00f3k\u00e9pess\u00e9get, a vitalit\u00e1st \u00e9s a fizikai er\u0151t<\/strong>. Seg\u00edt a stresszre val\u00f3 reag\u00e1l\u00e1sban \u00e9s a v\u00e1ltoz\u00e1sokhoz val\u00f3 k\u00f6nnyebb alkalmazkod\u00e1sban. F\u0151k\u00e9nt a k\u00f6z\u00e9p-perui Andokban n\u0151 zord k\u00f6r\u00fclm\u00e9nyek k\u00f6z\u00f6tt, 4000 m\u00e9ter feletti magass\u00e1gban. Keresztesvir\u00e1g\u00fa z\u00f6lds\u00e9g, olyan mint a brokkoli, a karfiol, a feh\u00e9rr\u00e9pa, a k\u00e1poszta, a kelk\u00e1poszta \u00e9s a retek. A n\u00f6v\u00e9ny legt\u00e1pl\u00e1l\u00f3bb r\u00e9sze a gy\u00f6k\u00e9r vagy gum\u00f3. T\u00f6bbf\u00e9le sz\u00ednben kaphat\u00f3, a feh\u00e9rt\u0151l a feket\u00e9ig. A legn\u00e9pszer\u0171bb a<strong> s\u00e1rga, a piros \u00e9s a fekete<\/strong>. A k\u00f6z\u00f6ns\u00e9ges s\u00e1rga mac\u00e1t mindennapi \u00e9s hossz\u00fa t\u00e1v\u00fa fogyaszt\u00e1sra haszn\u00e1lj\u00e1k. A v\u00f6r\u00f6s \u00e9s a fekete maca szent fajt\u00e1knak sz\u00e1m\u00edtanak, \u00e9s kr\u00f3nikus ter\u00e1pi\u00e1s probl\u00e9m\u00e1kra haszn\u00e1lj\u00e1k \u0151ket.<\/span><br \/>\n<span style=\"color: #000000;\">A mac\u00e1t leggyakrabban por form\u00e1j\u00e1ban fogyasztj\u00e1k. A Maca tabletta form\u00e1j\u00e1ban k\u00f6nnyebben haszn\u00e1lhat\u00f3 \u00e9s adagolhat\u00f3. Maca tablett\u00e1ink bio el\u0151\u00e1ll\u00edt\u00e1ssal k\u00e9sz\u00fclnek.<\/span><\/p>\n<h2><span style=\"color: #000000;\">Milyen probl\u00e9m\u00e1k eset\u00e9n seg\u00edthet, \u00e9s kinek aj\u00e1nljuk?<\/span><\/h2>\n<p><span style=\"color: #000000;\">A maca adaptog\u00e9n n\u00f6v\u00e9ny, ami azt jelenti, hogy valamilyen m\u00f3don alkalmazkodik az egy\u00e9n test\u00e9nek ig\u00e9nyeihez. Az adaptog\u00e9nek an\u00e9lk\u00fcl er\u0151s\u00edtik a szervrendszereket (l\u00e9gz\u0151szervi, em\u00e9szt\u0151rendszeri, vizeletkiv\u00e1laszt\u00f3 stb.), hogy t\u00falstimul\u00e1ln\u00e1k vagy m\u00e1s m\u00f3don befoly\u00e1soln\u00e1k a m\u0171k\u00f6d\u00e9s\u00fcket. Azoknak javasoljuk, akiknek az al\u00e1bbiak eset\u00e9ben van sz\u00fcks\u00e9g\u00fck seg\u00edts\u00e9gre:<\/span><br \/>\n<span style=\"color: #000000;\">\ud83d\udc9a a <strong>hangulatingadoz\u00e1sokkal<\/strong> kapcsolatos probl\u00e9m\u00e1k lek\u00fczd\u00e9s\u00e9ben, <\/span><br \/>\n<span style=\"color: #000000;\">\ud83d\udc9a medd\u0151s\u00e9g \u00e9s <strong>klimaxos<\/strong> probl\u00e9m\u00e1k, <\/span><br \/>\n<span style=\"color: #000000;\">\ud83d\udc9a nagyobb <strong>szellemi \u00e9s fizikai teljes\u00edtm\u00e9ny<\/strong>, <\/span><br \/>\n<span style=\"color: #000000;\">\ud83d\udc9a a <strong>szexu\u00e1lis potenci\u00e1l<\/strong> n\u00f6vel\u00e9se, \u00e9s <\/span><br \/>\n<span style=\"color: #000000;\">\ud83d\udc9a sz\u00e1mos m\u00e1s eg\u00e9szs\u00e9g\u00fcgyi probl\u00e9ma.<\/span><\/p>\n<h2><span style=\"color: #000000;\">Melyek azok legfontosabb tulajdons\u00e1gai?<\/span><\/h2>\n<p><span style=\"color: #000000;\"><strong>Nagyon t\u00e1pl\u00e1l\u00f3<\/strong><\/span><br \/>\n<span style=\"color: #000000;\">A maca sz\u00e1mos fontos vitamin \u00e9s \u00e1sv\u00e1nyi anyag kiv\u00e1l\u00f3 forr\u00e1sa, mint p\u00e9ld\u00e1ul a C-, A-, E-, B2-, B6-, B12-vitamin, r\u00e9z, magn\u00e9zium, szel\u00e9n, kalcium, k\u00e1lium, n\u00e1trium, foszfor, mang\u00e1n \u00e9s vas. Kiv\u00e1l\u00f3 sz\u00e9nhidr\u00e1t-, aminosav- \u00e9s zs\u00edrforr\u00e1s, valamint magas a rost- \u00e9s egy\u00e9b fitonutriens-tartalma is. K\u00fcl\u00f6nb\u00f6z\u0151 n\u00f6v\u00e9nyi vegy\u00fcleteket, p\u00e9ld\u00e1ul gl\u00fckozinol\u00e1tokat, polifenolokat \u00e9s fitoszterolokat is tartalmaz, amelyek g\u00e1tat k\u00e9peznek a koleszterin felsz\u00edv\u00f3d\u00e1s\u00e1nak, s\u0151t cs\u00f6kkenthetik is a koleszterin szintj\u00e9t a v\u00e9rben.<\/span><\/p>\n<p><span style=\"color: #000000;\"><strong>N\u00f6veli a libid\u00f3t<\/strong><\/span><br \/>\n<span style=\"color: #000000;\">F\u00e9rfiakn\u00e1l \u00e9s n\u0151kn\u00e9l egyar\u00e1nt fokozza a nemi v\u00e1gyat. Term\u00e9szetes afrodizi\u00e1kum. Megsz\u00fcnteti a mereved\u00e9si zavarokat. A Maca hat\u00e9konyan fokozza a szexu\u00e1lis v\u00e1gyat, \u00e9s ezt k\u00fcl\u00f6nb\u00f6z\u0151 tanulm\u00e1nyok is al\u00e1t\u00e1masztj\u00e1k. N\u00e9gy klinikai vizsg\u00e1latot \u00e1t\u00f6lel\u0151 \u00e9s \u00f6sszesen 131 r\u00e9sztvev\u0151vel b\u00edr\u00f3 2010-es tanulm\u00e1ny szerint a maca legal\u00e1bb hat h\u00e9tig tart\u00f3 fogyaszt\u00e1sa fokozza a szexu\u00e1lis v\u00e1gyat. Egy m\u00e1sik tanulm\u00e1ny szerint a maca cs\u00f6kkenti a depresszi\u00f3 kezel\u00e9s\u00e9re haszn\u00e1lt gy\u00f3gyszerek \u00e1ltal okozott szexu\u00e1lis diszfunkci\u00f3t.<\/span><\/p>\n<p><span style=\"color: #000000;\"><strong>N\u00f6veli a term\u00e9kenys\u00e9get<\/strong><\/span><br \/>\n<span style=\"color: #000000;\">A maca n\u00f6veli a term\u00e9kenys\u00e9get a f\u00e9rfiakn\u00e1l \u00e9s a n\u0151kn\u00e9l egyar\u00e1nt. \u00d6t kisebb tanulm\u00e1ny szerint a maca fokozza a spermiumtermel\u00e9st \u00e9s jav\u00edtja a min\u0151s\u00e9g\u00e9t a term\u00e9ketlen, de egy\u00e9bk\u00e9nt eg\u00e9szs\u00e9ges f\u00e9rfiakn\u00e1l. A maca 4 h\u00f3napos szed\u00e9se ut\u00e1n a spermiumok mennyis\u00e9ge, sz\u00e1ma \u00e9s mozg\u00e1sa fokoz\u00f3dik. N\u0151kn\u00e9l szab\u00e1lyozza a menstru\u00e1ci\u00f3s ciklust, \u00e9s enyh\u00edti a PMS \u00e9s a menstru\u00e1ci\u00f3s f\u00e1jdalom t\u00fcneteit.<\/span><\/p>\n<p><span style=\"color: #000000;\"><strong>Cs\u00f6kkenti a prosztata m\u00e9ret\u00e9t<\/strong><\/span><br \/>\n<span style=\"color: #000000;\">Egyes tanulm\u00e1nyok kimutatt\u00e1k, hogy a v\u00f6r\u00f6s maca cs\u00f6kkenti a prosztata m\u00e9ret\u00e9t, mivel nagy mennyis\u00e9g\u0171 gl\u00fckozinol\u00e1tot tartalmaz. A prosztatar\u00e1k alacsonyabb kock\u00e1zat\u00e1val \u00e9s eg\u00e9szs\u00e9gesebb prosztat\u00e1val is \u00f6sszef\u00fcgg\u00e9sbe hozhat\u00f3.<\/span><\/p>\n<p><span style=\"color: #000000;\"><strong>Hormon\u00e1lis egyens\u00faly<\/strong><\/span><br \/>\n<span style=\"color: #000000;\">T\u00e1mogatja az endokrin rendszert, amely t\u00f6bbek k\u00f6z\u00f6tt az oxig\u00e9n sz\u00e1ll\u00edt\u00e1s\u00e1\u00e9rt felel\u0151s a szervezetben. Serkenti a mirigyek (hipotalamusz, agyalapi mirigy, mell\u00e9kvese, pajzsmirigy) megfelel\u0151 m\u0171k\u00f6d\u00e9s\u00e9t, ez\u00e1ltal serkenti a hormonok (progeszteron, tesztoszteron, DHEA) termel\u00e9s\u00e9t \u00e9s szab\u00e1lyozza az eg\u00e9sz hormonrendszer m\u0171k\u00f6d\u00e9s\u00e9t. Az endokrin rendszer megfelel\u0151 m\u0171k\u00f6d\u00e9se az immunrendszer megfelel\u0151 m\u0171k\u00f6d\u00e9s\u00e9vel f\u00fcgg \u00f6ssze. Ha az endokrin rendszerben megbomlik az egyens\u00faly, cs\u00f6kken a v\u00e9dekez\u0151 mechanizmusunk k\u00e9pess\u00e9ge.<\/span><\/p>\n<p><span style=\"color: #000000;\"><strong>Enyh\u00edti a menopauza \u00e9s az andropauza (f\u00e9rfi menopauza) t\u00fcneteit<\/strong><\/span><span style=\"color: #000000;\">A menopauza sor\u00e1n bek\u00f6vetkez\u0151 term\u00e9szetes \u00f6sztrog\u00e9ncs\u00f6kken\u00e9s sz\u00e1mos kellemetlen t\u00fcnetet okozhat, p\u00e9ld\u00e1ul h\u0151hull\u00e1mokat, h\u00fcvelysz\u00e1razs\u00e1got, hangulatingadoz\u00e1st, alv\u00e1szavarokat \u00e9s ingerl\u00e9kenys\u00e9get. Egy klimaxos n\u0151k\u00f6n v\u00e9gzett vizsg\u00e1lat szerint a maca seg\u00edtett enyh\u00edteni a klimaxos t\u00fcneteket, bele\u00e9rtve a h\u0151hull\u00e1mokat \u00e9s az alv\u00e1si probl\u00e9m\u00e1kat. A maca seg\u00edt a csontok eg\u00e9szs\u00e9g\u00e9nek v\u00e9delm\u00e9ben \u00e9s cs\u00f6kkenti a csontritkul\u00e1s kock\u00e1zat\u00e1t. Lass\u00edtja az \u00f6reged\u00e9si folyamatokat.<\/span><\/p>\n<p><span style=\"color: #000000;\"><strong>Jav\u00edtja a hangulatot<\/strong><\/span><br \/>\n<span style=\"color: #000000;\">Sz\u00e1mos tanulm\u00e1ny kimutatta m\u00e1r, hogy a maca jav\u00edthatja a hangulatot \u00e9s a ment\u00e1lis j\u00f3l\u00e9tet, mivel flavonidokat tartalmaz. Cs\u00f6kkenti a szorong\u00e1s \u00e9s a depresszi\u00f3 t\u00fcneteit is, k\u00fcl\u00f6n\u00f6sen a menopauz\u00e1ban l\u00e9v\u0151 n\u0151kn\u00e9l. Seg\u00edt cs\u00f6kkenteni a stresszt \u00e9s az idegi fesz\u00fclts\u00e9get, ugyanis n\u00f6veli a v\u00e9rben l\u00e9v\u0151 oxig\u00e9n mennyis\u00e9g\u00e9t.<\/span><\/p>\n<p><span style=\"color: #000000;\"><strong>Fokozza az energi\u00e1t \u00e9s a sportteljes\u00edtm\u00e9nyt<\/strong><\/span><br \/>\n<span style=\"color: #000000;\">A mac\u00e1t sportol\u00f3k is haszn\u00e1lj\u00e1k. Seg\u00edt az izomt\u00f6meg megszerz\u00e9s\u00e9ben, n\u00f6veli az er\u0151t, az energi\u00e1t, az \u00e1ll\u00f3k\u00e9pess\u00e9get \u00e9s jav\u00edtja az edz\u00e9steljes\u00edtm\u00e9nyt. A maca fogyaszt\u00e1sa jav\u00edthatja a fizikai teljes\u00edtm\u00e9nyt, k\u00fcl\u00f6n\u00f6sen az \u00e1ll\u00f3k\u00e9pess\u00e9gi edz\u00e9seken. Seg\u00edt a kr\u00f3nikus f\u00e1radts\u00e1gon. N\u00f6veli a szervezet vitalit\u00e1s\u00e1t, valamint a szellemi \u00e9s fizikai energi\u00e1t.<\/span><\/p>\n<p><span style=\"color: #000000;\"><strong>J\u00f3t tesz a tanul\u00e1snak \u00e9s a mem\u00f3ri\u00e1nak<\/strong><\/span><br \/>\n<span style=\"color: #000000;\">A maca jav\u00edthatja az agym\u0171k\u00f6d\u00e9st, \u00e9s j\u00f3t\u00e9kony hat\u00e1ssal van a tanul\u00e1sra, a koncentr\u00e1ci\u00f3ra \u00e9s a mem\u00f3ri\u00e1ra. A perui \u0151slakosok hagyom\u00e1nyosan a gyermekek iskolai teljes\u00edtm\u00e9ny\u00e9nek jav\u00edt\u00e1s\u00e1ra haszn\u00e1lj\u00e1k. Erre a c\u00e9lra a fekete maca bizonyult a leghat\u00e9konyabbnak.<\/span><\/p>\n<h2><span style=\"color: #000000;\">T\u00e1rol\u00e1s \u00e9s figyelmeztet\u00e9sek<\/span><\/h2>\n<p><span style=\"color: #000000;\">H\u0171v\u00f6s, sz\u00e1raz helyen, legfeljebb 25 \u00b0C h\u0151m\u00e9rs\u00e9kleten t\u00e1rolja. Gyermekek el\u0151l elz\u00e1rva tartand\u00f3 \u00e9trend-kieg\u00e9sz\u00edt\u0151!<\/span><br \/>\n<span style=\"color: #000000;\">Ne feledje a v\u00e1ltozatos \u00e9trend \u00e9s az eg\u00e9szs\u00e9ges \u00e9letm\u00f3d fontoss\u00e1g\u00e1t, az \u00e9trend-kieg\u00e9sz\u00edt\u0151 nem helyettes\u00edti a kiegyens\u00falyozott \u00e9s v\u00e1ltozatos \u00e9trendet. Az aj\u00e1nlott napi mennyis\u00e9get vagy adagot nem szabad t\u00fall\u00e9pni. Terhes \u00e9s szoptat\u00f3 n\u0151k haszn\u00e1lat el\u0151tt k\u00e9rjenek tan\u00e1csot az orvosukt\u00f3l.<\/span><\/p>\n<h2><span style=\"color: #000000;\">Csomagol\u00e1s<\/span><\/h2>\n<p><span style=\"color: #000000;\">L\u00e9gmentesen z\u00e1rhat\u00f3 tasak, amelyben a term\u00e9k meg\u0151rzi minden frissess\u00e9g\u00e9t \u00e9s arom\u00e1j\u00e1t. A csomagol\u00e1s v\u00e9d a f\u00e9nyt\u0151l \u00e9s a leveg\u0151t\u0151l, mivel t\u00f6bb v\u00e9d\u0151r\u00e9tegb\u0151l \u00e1ll, amelyek meg\u0151rzik a tartalom tulajdons\u00e1gait.<\/span><\/p>\n<p><span style=\"color: #000000;\">A csomagol\u00e1s nagyon praktikus \u00e9s \u00fajrahasznos\u00edthat\u00f3.<\/span><\/p>\n<h2><span style=\"color: #000000;\">Sz\u00e1rmaz\u00e1s<\/span><\/h2>\n<p><span style=\"color: #000000;\">Peru<\/span><\/p>\n","protected":false},"excerpt":{"rendered":"<p align=\"JUSTIFY\"><span style=\"color: #000000;\"><span lang=\"hu-HU\">A maca egy olyan n\u00f6v\u00e9ny, amely az ut\u00f3bbi \u00e9vekben az \u00e9trend-kieg\u00e9sz\u00edt\u0151k egyik f\u0151szerepl\u0151j\u00e9v\u00e9 v\u00e1lt, \u00e9s n\u00e9pszer\u0171s\u00e9ge miatt sok polcra felker\u00fclt. <\/span><strong><span lang=\"hu-HU\">Perui ginzengnek<\/span><\/strong><span lang=\"hu-HU\"> is nevezik. \u00c9s b\u00e1r hagyom\u00e1nyosan a term\u00e9kenys\u00e9g \u00e9s a nemi v\u00e1gy n\u00f6vel\u00e9s\u00e9re, a kimer\u00fclts\u00e9g megsz\u00fcntet\u00e9s\u00e9re \u00e9s a fizikai er\u0151 er\u0151s\u00edt\u00e9s\u00e9re haszn\u00e1lj\u00e1k, a maca fogyaszt\u00e1sa enn\u00e9l sokkal t\u00f6bbet is ny\u00fajthat. Azoknak javasoljuk, akiknek az al\u00e1bbiak eset\u00e9ben van sz\u00fcks\u00e9g\u00fck seg\u00edts\u00e9gre:<\/span><\/span><\/p>\n<p align=\"JUSTIFY\"><span style=\"color: #000000;\">\ud83d\udc9a a hangulatingadoz\u00e1sokkal kapcsolatos probl\u00e9m\u00e1k lek\u00fczd\u00e9se,<\/span><br \/>\n<span style=\"color: #000000;\">\ud83d\udc9a medd\u0151s\u00e9g \u00e9s klimaxos probl\u00e9m\u00e1k,<\/span><br \/>\n<span style=\"color: #000000;\">\ud83d\udc9a nagyobb szellemi \u00e9s fizikai teljes\u00edtm\u00e9ny,<\/span><br \/>\n<span style=\"color: #000000;\">\ud83d\udc9a a szexu\u00e1lis potenci\u00e1l n\u00f6vel\u00e9se, \u00e9s<\/span><br \/>\n<span style=\"color: #000000;\">\ud83d\udc9a sz\u00e1mos m\u00e1s eg\u00e9szs\u00e9g\u00fcgyi probl\u00e9ma.<\/span><\/p>\n","protected":false},"featured_media":5974,"comment_status":"open","ping_status":"closed","template":"","meta":{"_acf_changed":false},"product_brand":[],"product_cat":[224,225,195],"product_tag":[],"class_list":{"0":"post-5991","1":"product","2":"type-product","3":"status-publish","4":"has-post-thumbnail","6":"product_cat-ajanlat","7":"product_cat-minden-termek","8":"product_cat-szuperelelmiszer","10":"first","11":"instock","12":"sale","13":"taxable","14":"shipping-taxable","15":"purchasable","16":"product-type-simple"},"acf":[],"_links":{"self":[{"href":"https:\/\/fengchashop.com\/hu\/wp-json\/wp\/v2\/product\/5991","targetHints":{"allow":["GET"]}}],"collection":[{"href":"https:\/\/fengchashop.com\/hu\/wp-json\/wp\/v2\/product"}],"about":[{"href":"https:\/\/fengchashop.com\/hu\/wp-json\/wp\/v2\/types\/product"}],"replies":[{"embeddable":true,"href":"https:\/\/fengchashop.com\/hu\/wp-json\/wp\/v2\/comments?post=5991"}],"wp:featuredmedia":[{"embeddable":true,"href":"https:\/\/fengchashop.com\/hu\/wp-json\/wp\/v2\/media\/5974"}],"wp:attachment":[{"href":"https:\/\/fengchashop.com\/hu\/wp-json\/wp\/v2\/media?parent=5991"}],"wp:term":[{"taxonomy":"product_brand","embeddable":true,"href":"https:\/\/fengchashop.com\/hu\/wp-json\/wp\/v2\/product_brand?post=5991"},{"taxonomy":"product_cat","embeddable":true,"href":"https:\/\/fengchashop.com\/hu\/wp-json\/wp\/v2\/product_cat?post=5991"},{"taxonomy":"product_tag","embeddable":true,"href":"https:\/\/fengchashop.com\/hu\/wp-json\/wp\/v2\/product_tag?post=5991"}],"curies":[{"name":"wp","href":"https:\/\/api.w.org\/{rel}","templated":true}]}}