{"id":5988,"date":"2022-02-11T21:27:43","date_gmt":"2022-02-11T20:27:43","guid":{"rendered":"https:\/\/fengchashop.com\/hu\/product\/triphala-v-prahu-bio-250-g\/"},"modified":"2026-04-29T10:21:49","modified_gmt":"2026-04-29T08:21:49","slug":"triphala-v-prahu-bio","status":"publish","type":"product","link":"https:\/\/fengchashop.com\/hu\/product\/triphala-v-prahu-bio\/","title":{"rendered":"Triphala por BIO 250 g"},"content":{"rendered":"<h2><span style=\"color: #000000\">Triphala por<\/span><\/h2>\n<p><span style=\"color: #000000\">A Triphala egy \u0151si, nagyra becs\u00fclt ayurv\u00e9dikus gy\u00f3gyn\u00f6v\u00e9nykever\u00e9k, amely h\u00e1rom indiai szupergy\u00fcm\u00f6lcsb\u0151l \u00e1ll: amalaki, bibhitaki \u00e9s haritaki. T\u00f6bb mint 5000 \u00e9ve haszn\u00e1lj\u00e1k, els\u0151sorban a test tiszt\u00edt\u00e1s\u00e1ra \u00e9s m\u00e9regtelen\u00edt\u00e9s\u00e9re.\u00a0<\/span><\/p>\n<p><span style=\"color: #000000\"><strong>A triphala az ayurv\u00e9dikus gy\u00f3gy\u00e1szat egyik sarokk\u00f6ve, mivel sz\u00e1mos hat\u00e9kony gy\u00f3gy\u00edt\u00f3 tulajdons\u00e1ggal rendelkezik:<\/strong><\/span><br \/>\n<span style=\"color: #000000\">\ud83d\udc9a j\u00f3t\u00e9kony hat\u00e1ssal van az em\u00e9szt\u0151rendszerre, <\/span><br \/>\n<span style=\"color: #000000\">\ud83d\udc9a elt\u00e1vol\u00edtja a felesleges zs\u00edrt a szervezetb\u0151l, <\/span><br \/>\n<span style=\"color: #000000\">\ud83d\udc9a magas C-vitamin-tartalm\u00e1val hat\u00e9konyan er\u0151s\u00edti az immunrendszert, <\/span><br \/>\n<span style=\"color: #000000\">\ud83d\udc9a t\u00e1pl\u00e1lja \u00e9s er\u0151s\u00edti a l\u00e9gutakat, <\/span><br \/>\n<span style=\"color: #000000\">\ud83d\udc9a megfiatal\u00edtja a testet.<\/span><\/p>\n<h2><span style=\"color: #000000\">Tudta, hogy a Triphala \u00fagy gondoskodik a bels\u0151 szervekr\u0151l, ak\u00e1r egy anya a gyermekeir\u0151l?<\/span><\/h2>\n<p><span style=\"color: #000000\">A Triphala egy rendk\u00edv\u00fcl t\u00e1pl\u00e1l\u00f3, k\u00edm\u00e9letes kever\u00e9k, magas C-vitamin-, bioflavanoid- \u00e9s omega-3 linol\u00e9nsavtartalommal. Kiv\u00e9teles feh\u00e9rje-, olaj- \u00e9s antioxid\u00e1nsforr\u00e1s, amely antimikrobi\u00e1lis \u00e9s antibakteri\u00e1lis tulajdons\u00e1gaival hozz\u00e1j\u00e1rul a szervezet immunit\u00e1s\u00e1nak fokoz\u00e1s\u00e1hoz. Kiv\u00e1l\u00f3 hashajt\u00f3 hat\u00e1s\u00fa, ez\u00e9rt alkalmas a belek \u00e9s a b\u00e9lfalak tiszt\u00edt\u00e1s\u00e1ra, \u00e9s seg\u00edt a t\u00fals\u00faly cs\u00f6kkent\u00e9s\u00e9ben. Hat\u00e9konyan m\u00e9regtelen\u00edt.<\/span><br \/>\n<span style=\"color: #000000\">A Triphala formula mindh\u00e1rom gy\u00fcm\u00f6lcsfajt\u00e1ja t\u00e1pl\u00e1lja, er\u0151s\u00edti, tiszt\u00edtja, helyre\u00e1ll\u00edtja \u00e9s megfiatal\u00edtja a testet.\u00a0 A Triphala rendszeres fogyaszt\u00e1sa cs\u00f6kkenti a f\u00e1radts\u00e1got \u00e9s a kimer\u00fclts\u00e9get \u00e9s t\u00e1mogatja az immunrendszert.<\/span><\/p>\n<h2><span style=\"color: #000000\">Csomagol\u00e1s<\/span><\/h2>\n<p><span style=\"color: #000000\">L\u00e9gmentesen z\u00e1rhat\u00f3 tasak, amelyben a term\u00e9k meg\u0151rzi minden frissess\u00e9g\u00e9t \u00e9s arom\u00e1j\u00e1t. A csomagol\u00e1s v\u00e9d a f\u00e9nyt\u0151l \u00e9s a leveg\u0151t\u0151l, mivel t\u00f6bb v\u00e9d\u0151r\u00e9tegb\u0151l \u00e1ll, amelyek meg\u0151rzik a tartalom tulajdons\u00e1gait.<\/span><\/p>\n<p><span style=\"color: #000000\">A csomagol\u00e1s nagyon praktikus \u00e9s \u00fajrahasznos\u00edthat\u00f3.<\/span><\/p>\n<h2><span style=\"color: #000000\">Sz\u00e1rmaz\u00e1s<\/span><\/h2>\n<p><span style=\"color: #000000\">India<\/span><\/p>\n","protected":false},"excerpt":{"rendered":"<p><span style=\"color: #000000\">A Triphala egy \u0151si, nagyra becs\u00fclt ayurv\u00e9dikus gy\u00f3gyn\u00f6v\u00e9nykever\u00e9k, amely h\u00e1rom indiai szupergy\u00fcm\u00f6lcsb\u0151l \u00e1ll: amalaki, bibhitaki \u00e9s haritaki. T\u00f6bb mint 5000 \u00e9ve haszn\u00e1lj\u00e1k, els\u0151sorban a test tiszt\u00edt\u00e1s\u00e1ra \u00e9s m\u00e9regtelen\u00edt\u00e9s\u00e9re.\u00a0A triphala az ayurv\u00e9dikus gy\u00f3gy\u00e1szat egyik sarokk\u00f6ve, mivel sz\u00e1mos hat\u00e9kony gy\u00f3gy\u00edt\u00f3 tulajdons\u00e1ggal rendelkezik:<\/span><\/p>\n<p align=\"JUSTIFY\"><span style=\"color: #000000\">\ud83d\udc9a j\u00f3t\u00e9kony hat\u00e1ssal van az em\u00e9szt\u0151rendszerre,<\/span><br \/>\n<span style=\"color: #000000\">\ud83d\udc9a elt\u00e1vol\u00edtja a felesleges zs\u00edrt a szervezetb\u0151l,<\/span><br \/>\n<span style=\"color: #000000\">\ud83d\udc9a magas C-vitamin-tartalm\u00e1val hat\u00e9konyan er\u0151s\u00edti az immunrendszert,<\/span><br \/>\n<span style=\"color: #000000\">\ud83d\udc9a t\u00e1pl\u00e1lja \u00e9s er\u0151s\u00edti a l\u00e9gutakat,<\/span><br \/>\n<span style=\"color: #000000\">\ud83d\udc9a megfiatal\u00edtja a testet.<\/span><\/p>\n","protected":false},"featured_media":5978,"comment_status":"open","ping_status":"closed","template":"","meta":{"_acf_changed":false},"product_brand":[],"product_cat":[224,194,225,195],"product_tag":[],"class_list":{"0":"post-5988","1":"product","2":"type-product","3":"status-publish","4":"has-post-thumbnail","6":"product_cat-ajanlat","7":"product_cat-ajurveda","8":"product_cat-minden-termek","9":"product_cat-szuperelelmiszer","11":"first","12":"instock","13":"sale","14":"taxable","15":"shipping-taxable","16":"purchasable","17":"product-type-simple"},"acf":[],"_links":{"self":[{"href":"https:\/\/fengchashop.com\/hu\/wp-json\/wp\/v2\/product\/5988","targetHints":{"allow":["GET"]}}],"collection":[{"href":"https:\/\/fengchashop.com\/hu\/wp-json\/wp\/v2\/product"}],"about":[{"href":"https:\/\/fengchashop.com\/hu\/wp-json\/wp\/v2\/types\/product"}],"replies":[{"embeddable":true,"href":"https:\/\/fengchashop.com\/hu\/wp-json\/wp\/v2\/comments?post=5988"}],"wp:featuredmedia":[{"embeddable":true,"href":"https:\/\/fengchashop.com\/hu\/wp-json\/wp\/v2\/media\/5978"}],"wp:attachment":[{"href":"https:\/\/fengchashop.com\/hu\/wp-json\/wp\/v2\/media?parent=5988"}],"wp:term":[{"taxonomy":"product_brand","embeddable":true,"href":"https:\/\/fengchashop.com\/hu\/wp-json\/wp\/v2\/product_brand?post=5988"},{"taxonomy":"product_cat","embeddable":true,"href":"https:\/\/fengchashop.com\/hu\/wp-json\/wp\/v2\/product_cat?post=5988"},{"taxonomy":"product_tag","embeddable":true,"href":"https:\/\/fengchashop.com\/hu\/wp-json\/wp\/v2\/product_tag?post=5988"}],"curies":[{"name":"wp","href":"https:\/\/api.w.org\/{rel}","templated":true}]}}