{"id":5987,"date":"2022-02-11T21:16:38","date_gmt":"2022-02-11T20:16:38","guid":{"rendered":"https:\/\/fengchashop.com\/hu\/product\/astragalus-por-bio-250-g\/"},"modified":"2026-05-08T17:07:17","modified_gmt":"2026-05-08T15:07:17","slug":"astragalus-por-bio","status":"publish","type":"product","link":"https:\/\/fengchashop.com\/hu\/product\/astragalus-por-bio\/","title":{"rendered":"Astragalus por BIO 250 g"},"content":{"rendered":"<h2><span style=\"color: #000000\">Astragalus por BIO<\/span><\/h2>\n<p><span style=\"color: #000000\">Az Astragalus egy cserje, amely a <strong>h\u00fcvelyesek csal\u00e1dj\u00e1ba<\/strong> tartozik. M\u00e1sn\u00e9ven cs\u00fcdf\u0171nek nevezik. K\u00edn\u00e1ban <strong>t\u00f6bb mint 2000 \u00e9ve haszn\u00e1lj\u00e1k gy\u00f3gyn\u00f6v\u00e9nyk\u00e9nt<\/strong> a hagyom\u00e1nyos k\u00ednai orvosl\u00e1sban. A n\u00f6v\u00e9ny hasznos r\u00e9sze nem a term\u00e9s vagy a levelek, hanem a napon sz\u00e1r\u00edtott gy\u00f6kerei. A legjobb min\u0151s\u00e9g\u0171ek azok, amelyek vastagabbak, kem\u00e9nyebben \u00e9s \u00e9desek.<\/span><br \/>\n<span style=\"color: #000000\">K\u00edn\u00e1ban hagyom\u00e1nyosan <strong>eg\u00e9sz testre hat\u00f3 friss\u00edt\u0151szerk\u00e9nt<\/strong> haszn\u00e1lj\u00e1k, rendk\u00edv\u00fcl er\u0151s antioxid\u00e1ns, \u00e9s sikeresen k\u00fczd mindenf\u00e9le gyullad\u00e1s ellen. \u00a0Adaptog\u00e9n gy\u00f3gyn\u00f6v\u00e9nynek is tekinthet\u0151, ami azt jelenti, hogy er\u0151s\u00edti a szervezet \u00f6sszes szervrendszer\u00e9t, \u00e9s nem zavarja term\u00e9szetes m\u0171k\u00f6d\u00e9s\u00fcket. Emellett nem stimul\u00e1lja t\u00fal a szerveket, valamint helyre\u00e1ll\u00edtja a szervezet egyens\u00falyhi\u00e1ny\u00e1t. Ez\u00e9rt nevezik n\u00e9ha \u201e<strong>az \u00e9leter\u0151 forr\u00e1s\u00e1nak<\/strong>\u201d.<\/span><br \/>\n<span style=\"color: #000000\">Az Astragalus specifikus antioxid\u00e1nsok \u00e9s a szel\u00e9n rendk\u00edv\u00fcl gazdag forr\u00e1sa. Adaptog\u00e9n hat\u00e1sa miatt k\u00fcl\u00f6nb\u00f6z\u0151, egyens\u00falyhi\u00e1nyra utal\u00f3 testi \u00e1llapotok eset\u00e9n alkalmazz\u00e1k. Az Astragalust gyakran haszn\u00e1lj\u00e1k \u00f6reged\u00e9sg\u00e1tl\u00f3 gy\u00f3gyn\u00f6v\u00e9nyk\u00e9nt is. Szab\u00e1lyozza a v\u00e9rnyom\u00e1st, a v\u00e9rcukorszintet \u00e9s a koleszterinszintet is. Er\u0151s\u00edti az immunrendszert, \u00e9s megel\u0151zi az influenz\u00e1t \u00e9s a megf\u00e1z\u00e1st.<\/span><\/p>\n<p><span style=\"color: #000000\">Haszn\u00e1lhat\u00f3<strong> \u00e9jszakai izzad\u00e1s<\/strong> \u00e9s<strong> klimaxos t\u00fcnetek<\/strong> eset\u00e9n is, energetiz\u00e1lja a sejteket, er\u0151s\u00edti az izmokat \u00e9s jav\u00edtja az anyagcser\u00e9t, t\u00e1mogatja a mell\u00e9kves\u00e9ket \u00e9s h\u00edg\u00edtja a v\u00e9rt (az aszpirinhez hasonl\u00f3an). Bizonyos esetekben, az orvossal konzult\u00e1lva, a sug\u00e1rkezel\u00e9sen \u00e9s kemoter\u00e1pi\u00e1n \u00e1tesett r\u00e1kos betegek \u00e9s AIDS-betegek seg\u00edts\u00e9g\u00e9re is alkalmazhat\u00f3.<\/span><br \/>\n<span style=\"color: #000000\">A porb\u00f3l te\u00e1t is k\u00e9sz\u00edthet\u00fcnk, ha egy ev\u0151kan\u00e1l asztragaluszport egy cs\u00e9sze v\u00edzzel felforralunk. Hagyjuk \u00e1llni 1 \u00f3r\u00e1n \u00e1t, majd sz\u0171rj\u00fck le. Fogyassza kortyonk\u00e9nt a nap folyam\u00e1n.<\/span><br \/>\n<span style=\"color: #000000\">Az astragalust gyakran haszn\u00e1lj\u00e1k m\u00e1s gy\u00f3gyn\u00f6v\u00e9nyekkel \u00e9s n\u00f6v\u00e9nyekkel, p\u00e9ld\u00e1ul angyalgy\u00f6k\u00e9rrel, kurkum\u00e1val, ginzenggel, ashwagandh\u00e1val \u00e9s spirulin\u00e1val kombin\u00e1lva .<\/span><\/p>\n<h2><span style=\"color: #000000\">Az Astragalust a hossz\u00fa \u00e9let titk\u00e1nak tartj\u00e1k, hisz:<\/span><\/h2>\n<p><span style=\"color: #000000\">\ud83d\udc9a adaptog\u00e9n &#8211; seg\u00edt lek\u00fczdeni mindenf\u00e9le stresszt (fizikai, \u00e9rzelmi \u00e9s ment\u00e1lis),<\/span><br \/>\n<span style=\"color: #000000\">\ud83d\udc9a kiv\u00e1l\u00f3 antioxid\u00e1ns, \u00e9s seg\u00edt felgyors\u00edtani a gy\u00f3gyul\u00e1st, valamint er\u0151s\u00edti az elm\u00e9t \u00e9s a testet,<\/span><br \/>\n<span style=\"color: #000000\">\ud83d\udc9a v\u00e9di a szervezetet az \u00faj betegs\u00e9gek kialakul\u00e1sa ellen,<\/span><br \/>\n<span style=\"color: #000000\">\ud83d\udc9a serkenti az \u00e9tv\u00e1gyat \u00e9s seg\u00edt a f\u00e1radts\u00e1g lek\u00fczd\u00e9s\u00e9ben,<\/span><br \/>\n<span style=\"color: #000000\">\ud83d\udc9a serkenti az immunrendszert \u00e9s ez\u00e1ltal a feh\u00e9rv\u00e9rsejteket,<\/span><br \/>\n<span style=\"color: #000000\">\ud83d\udc9a er\u0151s\u00edti a l\u00e9tfontoss\u00e1g\u00fa szervek, p\u00e9ld\u00e1ul a ves\u00e9k \u00e9s a sz\u00edv m\u0171k\u00f6d\u00e9s\u00e9t,<\/span><br \/>\n<span style=\"color: #000000\">\ud83d\udc9a er\u0151s\u00edti az izmokat \u00e9s el\u0151seg\u00edti a szervek term\u00e9szetes helyzet\u00e9t, \u00edgy egyens\u00falyban tart<\/span><br \/>\n<span style=\"color: #000000\">\ud83d\udc9a felgyors\u00edtja a m\u00e9reganyagok kiv\u00e1laszt\u00e1s\u00e1t a b\u0151r\u00f6n kereszt\u00fcl, enyhe v\u00edzhajt\u00f3k\u00e9nt hat \u00e9s szab\u00e1lyozza a t\u00falzott izzad\u00e1st.<\/span><\/p>\n<h2><span style=\"color: #000000\">T\u00e1rol\u00e1s \u00e9s figyelmeztet\u00e9sek<\/span><\/h2>\n<p><span style=\"color: #000000\">H\u0171v\u00f6s, sz\u00e1raz helyen t\u00e1roland\u00f3. Gyermekek el\u0151l elz\u00e1rva tartand\u00f3 \u00e9trend-kieg\u00e9sz\u00edt\u0151!<\/span><br \/>\n<span style=\"color: #000000\">Ne feledje a v\u00e1ltozatos \u00e9trend \u00e9s az eg\u00e9szs\u00e9ges \u00e9letm\u00f3d fontoss\u00e1g\u00e1t, az \u00e9trend-kieg\u00e9sz\u00edt\u0151 nem helyettes\u00edti a kiegyens\u00falyozott \u00e9s v\u00e1ltozatos \u00e9trendet. Az aj\u00e1nlott napi mennyis\u00e9get vagy adagot nem szabad t\u00fall\u00e9pni. Terhes \u00e9s szoptat\u00f3 n\u0151k haszn\u00e1lat el\u0151tt k\u00e9rjenek tan\u00e1csot az orvosukt\u00f3l.<\/span><\/p>\n<h2><span style=\"color: #000000\">Csomagol\u00e1s<\/span><\/h2>\n<p><span style=\"color: #000000\">L\u00e9gmentesen z\u00e1rhat\u00f3 tasak, amelyben a term\u00e9k meg\u0151rzi minden frissess\u00e9g\u00e9t \u00e9s arom\u00e1j\u00e1t. A csomagol\u00e1s v\u00e9d a f\u00e9nyt\u0151l \u00e9s a leveg\u0151t\u0151l, mivel t\u00f6bb v\u00e9d\u0151r\u00e9tegb\u0151l \u00e1ll, amelyek meg\u0151rzik a tartalom tulajdons\u00e1gait.<\/span><\/p>\n<p><span style=\"color: #000000\">A csomagol\u00e1s nagyon praktikus \u00e9s \u00fajrahasznos\u00edthat\u00f3.<\/span><\/p>\n<h2><span style=\"color: #000000\">Sz\u00e1rmaz\u00e1s<\/span><\/h2>\n<p><span style=\"color: #000000\">K\u00edna. K\u00fcl\u00f6n\u00f6sen megb\u00edzhat\u00f3 besz\u00e1ll\u00edt\u00f3kkal rendelkez\u00fcnk, akik minden egyes t\u00e9telr\u0151l r\u00e9szletes k\u00e9miai elemz\u00e9st k\u00fcldenek nek\u00fcnk. T\u00f6bb mint 10 \u00e9v alatt soha nem volt reklam\u00e1ci\u00f3 vagy b\u00e1rmilyen m\u00e1s probl\u00e9m\u00e1nk ezzel a term\u00e9kkel, sem m\u00e1s term\u00e9kkel ugyanatt\u00f3l a besz\u00e1ll\u00edt\u00f3t\u00f3l.<\/span><\/p>\n","protected":false},"excerpt":{"rendered":"<p align=\"JUSTIFY\"><span style=\"color: #000000\">K\u00edn\u00e1ban hagyom\u00e1nyosan eg\u00e9sz testre hat\u00f3 tonikak\u00e9nt haszn\u00e1lj\u00e1k, <strong>rendk\u00edv\u00fcl er\u0151s antioxid\u00e1ns<\/strong>, amely sikeresen k\u00fczd a gyullad\u00e1sok minden fajt\u00e1ja ellen. A\u00a0Adaptog\u00e9n gy\u00f3gyn\u00f6v\u00e9nynek is tekinthet\u0151, ami azt jelenti, hogy er\u0151s\u00edti a szervezet \u00f6sszes szervrendszer\u00e9t, \u00e9s nem zavarja term\u00e9szetes m\u0171k\u00f6d\u00e9s\u00fcket. Emellett nem stimul\u00e1lja t\u00fal a szerveket, \u00e9s helyre\u00e1ll\u00edtja a szervezet kiegyens\u00falyozatlan \u00e1llapot\u00e1t. Ez\u00e9rt nevezik n\u00e9ha <strong>&#8222;nagy v\u00e9delmez\u0151nek&#8221;<\/strong>.<\/span><\/p>\n<p align=\"JUSTIFY\"><span style=\"color: #000000\">\ud83d\udc9a adaptog\u00e9n &#8211; seg\u00edt lek\u00fczdeni mindenf\u00e9le stresszt (fizikai, \u00e9rzelmi \u00e9s ment\u00e1lis),<\/span><br \/>\n<span style=\"color: #000000\">\ud83d\udc9a kiv\u00e1l\u00f3 antioxid\u00e1ns, \u00e9s seg\u00edt felgyors\u00edtani a gy\u00f3gyul\u00e1st, valamint er\u0151s\u00edti az elm\u00e9t \u00e9s a testet,<\/span><br \/>\n<span style=\"color: #000000\">\ud83d\udc9a v\u00e9di a szervezetet az \u00faj betegs\u00e9gek kialakul\u00e1sa ellen,<\/span><br \/>\n<span style=\"color: #000000\">\ud83d\udc9a serkenti az \u00e9tv\u00e1gyat \u00e9s seg\u00edt a f\u00e1radts\u00e1g lek\u00fczd\u00e9s\u00e9ben,<\/span><br \/>\n<span style=\"color: #000000\">\ud83d\udc9a serkenti az immunrendszert \u00e9s ez\u00e1ltal a feh\u00e9rv\u00e9rsejteket.<\/span><\/p>\n","protected":false},"featured_media":5859,"comment_status":"open","ping_status":"closed","template":"","meta":{"_acf_changed":false},"product_brand":[],"product_cat":[224,225,195],"product_tag":[],"class_list":{"0":"post-5987","1":"product","2":"type-product","3":"status-publish","4":"has-post-thumbnail","6":"product_cat-ajanlat","7":"product_cat-minden-termek","8":"product_cat-szuperelelmiszer","10":"first","11":"instock","12":"sale","13":"taxable","14":"shipping-taxable","15":"purchasable","16":"product-type-simple"},"acf":[],"_links":{"self":[{"href":"https:\/\/fengchashop.com\/hu\/wp-json\/wp\/v2\/product\/5987","targetHints":{"allow":["GET"]}}],"collection":[{"href":"https:\/\/fengchashop.com\/hu\/wp-json\/wp\/v2\/product"}],"about":[{"href":"https:\/\/fengchashop.com\/hu\/wp-json\/wp\/v2\/types\/product"}],"replies":[{"embeddable":true,"href":"https:\/\/fengchashop.com\/hu\/wp-json\/wp\/v2\/comments?post=5987"}],"wp:featuredmedia":[{"embeddable":true,"href":"https:\/\/fengchashop.com\/hu\/wp-json\/wp\/v2\/media\/5859"}],"wp:attachment":[{"href":"https:\/\/fengchashop.com\/hu\/wp-json\/wp\/v2\/media?parent=5987"}],"wp:term":[{"taxonomy":"product_brand","embeddable":true,"href":"https:\/\/fengchashop.com\/hu\/wp-json\/wp\/v2\/product_brand?post=5987"},{"taxonomy":"product_cat","embeddable":true,"href":"https:\/\/fengchashop.com\/hu\/wp-json\/wp\/v2\/product_cat?post=5987"},{"taxonomy":"product_tag","embeddable":true,"href":"https:\/\/fengchashop.com\/hu\/wp-json\/wp\/v2\/product_tag?post=5987"}],"curies":[{"name":"wp","href":"https:\/\/api.w.org\/{rel}","templated":true}]}}